{"id":4228,"date":"2022-11-11T16:58:26","date_gmt":"2022-11-11T15:58:26","guid":{"rendered":"https:\/\/www.alpacacamping.de\/content\/?page_id=4228"},"modified":"2022-11-15T11:06:58","modified_gmt":"2022-11-15T10:06:58","slug":"faq-unterstellplatz","status":"publish","type":"page","link":"https:\/\/www.alpacacamping.de\/content\/faq-unterstellplatz\/","title":{"rendered":"FAQ Unterstellplatz"},"content":{"rendered":"\n<div class=\"wp-block-getwid-section alignfull getwid-section-content-full-width\" style=\"margin-bottom:120px\"><div class=\"wp-block-getwid-section__wrapper getwid-padding-bottom-large\" style=\"padding-top:186px\"><div class=\"wp-block-getwid-section__divider is-bottom-divider\"><svg x=\"0px\" y=\"0px\" viewbox=\"0 0 1000 20\" preserveaspectratio=\"xMidYMax slice\" class=\"wp-block-getwid-section__divider-svg\"><path fill=\"white\" class=\"wp-block-getwid-section__divider-svg-fill\" d=\"M0,0v3h484c8.8,0,16,7.2,16,16c0-8.8,7.2-16,16-16h484V0H0z\"><\/path><\/svg><\/div><div class=\"wp-block-getwid-section__inner-wrapper\"><div class=\"wp-block-getwid-section__background-holder\"><div class=\"wp-block-getwid-section__background\" style=\"background-image:url('https:\/\/www.alpacacamping.de\/content\/wp-content\/uploads\/2022\/11\/joe-gomez-fl07Ecu8jEw-unsplash-min-scaled.jpg');background-position:center center\"><div class=\"wp-block-getwid-section__background-image-wrapper\"><img class=\"wp-block-getwid-section__background-image\" src=\"https:\/\/www.alpacacamping.de\/content\/wp-content\/uploads\/2022\/11\/joe-gomez-fl07Ecu8jEw-unsplash-min-scaled.jpg\" alt=\"FAQ Unterstellplatz\"><\/div><\/div><div class=\"wp-block-getwid-section__foreground\" style=\"opacity:0.2;background-color:#2c3847\"><\/div><\/div><div class=\"wp-block-getwid-section__content\"><div class=\"wp-block-getwid-section__inner-content\">\n<div class=\"wp-block-getwid-section\"><div class=\"wp-block-getwid-section__wrapper\"><div class=\"wp-block-getwid-section__inner-wrapper\"><div class=\"wp-block-getwid-section__background-holder\"><div class=\"wp-block-getwid-section__background\"><\/div><div class=\"wp-block-getwid-section__foreground\"><\/div><\/div><div class=\"wp-block-getwid-section__content\"><div class=\"wp-block-getwid-section__inner-content\">\n<h1 class=\"has-light-blue-color has-text-color\">H&auml;ufige Fragen zum Thema Unterstellplatz<\/h1>\n\n\n\n<h2 class=\"has-light-blue-color has-text-color\">Das solltest du wissen!<\/h2>\n<\/div><\/div><\/div><\/div><\/div>\n<\/div><\/div><\/div><\/div><\/div>\n\n\n\n<div class=\"wp-block-getwid-section alignfull alignfull getwid-section-content-custom-width\"><div class=\"wp-block-getwid-section__wrapper getwid-padding-left-medium getwid-padding-right-medium\"><div class=\"wp-block-getwid-section__inner-wrapper\" style=\"max-width:1140px\"><div class=\"wp-block-getwid-section__background-holder\"><div class=\"wp-block-getwid-section__background\"><\/div><div class=\"wp-block-getwid-section__foreground\"><\/div><\/div><div class=\"wp-block-getwid-section__content\"><div class=\"wp-block-getwid-section__inner-content\">\n<div class=\"wp-container-3 wp-block-columns alignwide has-2-columns\">\n<div class=\"wp-container-1 wp-block-column\">\n<div class=\"wp-block-getwid-accordion\" data-active-element=\"0\">\n<div class=\"wp-block-getwid-accordion__header-wrapper\"><h6 class=\"wp-block-getwid-accordion__header\"><a href=\"#\"><span class=\"wp-block-getwid-accordion__header-title\"><strong>Was ist ein Unterstellplatz f&uuml;r Wohnmobile &amp; Wohnwagen?<\/strong><\/span><span class=\"wp-block-getwid-accordion__icon is-active\"><i class=\"fas fa-chevron-down\"><\/i><\/span><span class=\"wp-block-getwid-accordion__icon is-passive\"><i class=\"fas fa-chevron-up\"><\/i><\/span><\/a><\/h6><\/div><div class=\"wp-block-getwid-accordion__content-wrapper\"><div class=\"wp-block-getwid-accordion__content\">\n<p>Ein Unterstellplatz, ist ein Ort, an dem dein Campingfahrzeug &uuml;ber mehrere Monate hinweg abgestellt werden darf. In den Wintermonaten das Wohnmobil oder den Wohnwagen an einem Platz zum &Uuml;berwintern abstellen und im n&auml;chsten Fr&uuml;hjahr wieder abholen und losfahren &ndash; ein Bed&uuml;rfnis jedes Campingfahrzeugbesitzers. Da oft Platz und M&ouml;glichkeiten fehlen, bieten wir dir jetzt auch verschiedene Unterstellpl&auml;tze deutschlandweit an! Diese k&ouml;nnen &uuml;berdacht, beispielsweise in einer Halle oder auf einem privaten Grundst&uuml;ck im Freien sein.<\/p>\n<\/div><\/div>\n\n\n\n<div class=\"wp-block-getwid-accordion__header-wrapper\"><h6 class=\"wp-block-getwid-accordion__header\"><a href=\"#\"><span class=\"wp-block-getwid-accordion__header-title\"><strong>Wie kann ich einen Unterstellplatz f&uuml;r Wohnmobile &amp; Wohnwagen mieten?<\/strong><\/span><span class=\"wp-block-getwid-accordion__icon is-active\"><i class=\"fas fa-chevron-down\"><\/i><\/span><span class=\"wp-block-getwid-accordion__icon is-passive\"><i class=\"fas fa-chevron-up\"><\/i><\/span><\/a><\/h6><\/div><div class=\"wp-block-getwid-accordion__content-wrapper\"><div class=\"wp-block-getwid-accordion__content\">\n<p>Einen Unterstellplatz f&uuml;r Wohnmobile und Wohnwagen in deiner N&auml;he kannst du ganz einfach &uuml;ber AlpacaCamping mieten. Du findest ganz oben einen Reiter &ldquo;Unterstellpl&auml;tze&rdquo;. Hier werden dir alle unsere Pl&auml;tze angezeigt und du kannst gezielt nach einem Ab-\/ Unterstellplatz in deiner N&auml;he und nach deinen Bed&uuml;rfnissen suchen.<\/p>\n<\/div><\/div>\n\n\n\n<div class=\"wp-block-getwid-accordion__header-wrapper\"><h6 class=\"wp-block-getwid-accordion__header\"><a href=\"#\"><span class=\"wp-block-getwid-accordion__header-title\"><strong>Wie kann ich die Informationen zum Unterstellplatz einsehen?<\/strong><\/span><span class=\"wp-block-getwid-accordion__icon is-active\"><i class=\"fas fa-chevron-down\"><\/i><\/span><span class=\"wp-block-getwid-accordion__icon is-passive\"><i class=\"fas fa-chevron-up\"><\/i><\/span><\/a><\/h6><\/div><div class=\"wp-block-getwid-accordion__content-wrapper\"><div class=\"wp-block-getwid-accordion__content\">\n<p>Alle Informationen zu einem Unterstellplatz findest du in der Stellplatzbeschreibung. Hier kannst du sehen, wie gro&szlig; der Platz ist, ob er sich im Freien oder in einer Halle befindet und welche Ausstattung er sonst noch f&uuml;r dich bereit h&auml;lt.<\/p>\n<\/div><\/div>\n\n\n\n<div class=\"wp-block-getwid-accordion__header-wrapper\"><h6 class=\"wp-block-getwid-accordion__header\"><a href=\"#\"><span class=\"wp-block-getwid-accordion__header-title\"><strong>Woher wei&szlig; ich, wo Genau sich der Unterstellplatz befindet?<\/strong><\/span><span class=\"wp-block-getwid-accordion__icon is-active\"><i class=\"fas fa-chevron-down\"><\/i><\/span><span class=\"wp-block-getwid-accordion__icon is-passive\"><i class=\"fas fa-chevron-up\"><\/i><\/span><\/a><\/h6><\/div><div class=\"wp-block-getwid-accordion__content-wrapper\"><div class=\"wp-block-getwid-accordion__content\">\n<p>In der Beschreibung jedes Unterstellplatzes kannst du sehen, wo sich der Stellplatz befindet. Eine genaue Adresse und Koordinaten bekommst du dann nach der Buchung von uns zugesendet.<\/p>\n<\/div><\/div>\n\n\n\n<div class=\"wp-block-getwid-accordion__header-wrapper\"><h6 class=\"wp-block-getwid-accordion__header\"><a href=\"#\"><span class=\"wp-block-getwid-accordion__header-title\"><strong>Wie bekomme ich Zugang zum Unterstellplatz?<\/strong><\/span><span class=\"wp-block-getwid-accordion__icon is-active\"><i class=\"fas fa-chevron-down\"><\/i><\/span><span class=\"wp-block-getwid-accordion__icon is-passive\"><i class=\"fas fa-chevron-up\"><\/i><\/span><\/a><\/h6><\/div><div class=\"wp-block-getwid-accordion__content-wrapper\"><div class=\"wp-block-getwid-accordion__content\">\n<p>In der Anzeige f&uuml;r jeden Ab-\/Unterstellplatz findest du unter &bdquo;Sonstiges&ldquo; Informationen zu Zugangsbeschr&auml;nkungen. Alle weiteren Informationen erh&auml;ltst du nach der Buchung.<\/p>\n<\/div><\/div>\n\n\n\n<div class=\"wp-block-getwid-accordion__header-wrapper\"><h6 class=\"wp-block-getwid-accordion__header\"><a href=\"#\"><span class=\"wp-block-getwid-accordion__header-title\"><strong>Muss ich einen Mietvertrag abschlie&szlig;en?<\/strong><\/span><span class=\"wp-block-getwid-accordion__icon is-active\"><i class=\"fas fa-chevron-down\"><\/i><\/span><span class=\"wp-block-getwid-accordion__icon is-passive\"><i class=\"fas fa-chevron-up\"><\/i><\/span><\/a><\/h6><\/div><div class=\"wp-block-getwid-accordion__content-wrapper\"><div class=\"wp-block-getwid-accordion__content\">\n<p>Ja, zwischen Fahrzeugbesitzer und Vermieter muss ein Mietvertrag abgeschlossen werden. Dieser Vertrag l&auml;uft nicht &uuml;ber AlpacaCamping und muss selbstst&auml;ndig verfasst werden. Wir dienen hier nur als Marktplatz f&uuml;r die Vermittlung. <a href=\"https:\/\/www.alpacacamping.de\/content\/wp-content\/uploads\/2022\/11\/Mietvertrag-u%CC%88ber-einen-Einstellplatz-min.pdf\">Hier<\/a> findest du ein Beispiel, wie so ein Vertrag aussehen kann.<\/p>\n<\/div><\/div>\n<\/div>\n<\/div>\n\n\n\n<div class=\"wp-container-2 wp-block-column\">\n<div class=\"wp-block-getwid-accordion\" data-active-element=\"none\">\n<div class=\"wp-block-getwid-accordion__header-wrapper\"><h6 class=\"wp-block-getwid-accordion__header\"><a href=\"#\"><span class=\"wp-block-getwid-accordion__header-title\"><strong>Was passiert, wenn die Mietzeit abl&auml;uft?<\/strong><\/span><span class=\"wp-block-getwid-accordion__icon is-active\"><i class=\"fas fa-chevron-down\"><\/i><\/span><span class=\"wp-block-getwid-accordion__icon is-passive\"><i class=\"fas fa-chevron-up\"><\/i><\/span><\/a><\/h6><\/div><div class=\"wp-block-getwid-accordion__content-wrapper\"><div class=\"wp-block-getwid-accordion__content\">\n<p>Nach deiner gebuchten Unterstellplatz Laufzeit, l&auml;uft der Mietvertrag automatisch aus und muss bei Bedarf selbstst&auml;ndig mittels einer Neubuchung &uuml;ber AlpacaCamping verl&auml;ngert werden.<\/p>\n<\/div><\/div>\n\n\n\n<div class=\"wp-block-getwid-accordion__header-wrapper\"><h6 class=\"wp-block-getwid-accordion__header\"><a href=\"#\"><span class=\"wp-block-getwid-accordion__header-title\"><strong>Wer vermietet meinen Unterstellplatz?<\/strong><\/span><span class=\"wp-block-getwid-accordion__icon is-active\"><i class=\"fas fa-chevron-down\"><\/i><\/span><span class=\"wp-block-getwid-accordion__icon is-passive\"><i class=\"fas fa-chevron-up\"><\/i><\/span><\/a><\/h6><\/div><div class=\"wp-block-getwid-accordion__content-wrapper\"><div class=\"wp-block-getwid-accordion__content\">\n<p>Wie auch die Stellpl&auml;tze von AlpacaCamping, werden die Ab-\/Unterstellpl&auml;tze von Privatanbietern vermietet.<\/p>\n<\/div><\/div>\n\n\n\n<div class=\"wp-block-getwid-accordion__header-wrapper\"><h6 class=\"wp-block-getwid-accordion__header\"><a href=\"#\"><span class=\"wp-block-getwid-accordion__header-title\"><strong>Wie wird der Unterstellplatz bezahlt?<\/strong><\/span><span class=\"wp-block-getwid-accordion__icon is-active\"><i class=\"fas fa-chevron-down\"><\/i><\/span><span class=\"wp-block-getwid-accordion__icon is-passive\"><i class=\"fas fa-chevron-up\"><\/i><\/span><\/a><\/h6><\/div><div class=\"wp-block-getwid-accordion__content-wrapper\"><div class=\"wp-block-getwid-accordion__content\">\n<p>Den Unterstellplatz bezahlst du einmalig beim Buchen deines Platzes.&nbsp; Der Zahlungsvorgang ist in den Buchungsprozess integriert. Es stehen dir Paypal und Kreditkartenzahlung zur Verf&uuml;gung, eine Barzahlung vor Ort ist nicht m&ouml;glich.<\/p>\n<\/div><\/div>\n\n\n\n<div class=\"wp-block-getwid-accordion__header-wrapper\"><h6 class=\"wp-block-getwid-accordion__header\"><a href=\"#\"><span class=\"wp-block-getwid-accordion__header-title\"><strong>Was ist, wenn ich meine Unterstellzeit verk&uuml;rzen m&ouml;chte?<\/strong><\/span><span class=\"wp-block-getwid-accordion__icon is-active\"><i class=\"fas fa-chevron-down\"><\/i><\/span><span class=\"wp-block-getwid-accordion__icon is-passive\"><i class=\"fas fa-chevron-up\"><\/i><\/span><\/a><\/h6><\/div><div class=\"wp-block-getwid-accordion__content-wrapper\"><div class=\"wp-block-getwid-accordion__content\">\n<p>Das Verk&uuml;rzen der Unterstellzeit ist nicht m&ouml;glich. Der gebuchte Zeitraum muss wahrgenommen und bezahlt werden.<\/p>\n<\/div><\/div>\n\n\n\n<div class=\"wp-block-getwid-accordion__header-wrapper\"><h6 class=\"wp-block-getwid-accordion__header\"><a href=\"#\"><span class=\"wp-block-getwid-accordion__header-title\"><strong>Gibt es eine K&uuml;ndigungsfrist?<\/strong><\/span><span class=\"wp-block-getwid-accordion__icon is-active\"><i class=\"fas fa-chevron-down\"><\/i><\/span><span class=\"wp-block-getwid-accordion__icon is-passive\"><i class=\"fas fa-chevron-up\"><\/i><\/span><\/a><\/h6><\/div><div class=\"wp-block-getwid-accordion__content-wrapper\"><div class=\"wp-block-getwid-accordion__content\">\n<p>Der gebuchte Mietzeitraum ist bindend und kann nicht gek&uuml;ndigt werden.<\/p>\n<\/div><\/div>\n\n\n\n<div class=\"wp-block-getwid-accordion__header-wrapper\"><h6 class=\"wp-block-getwid-accordion__header\"><a href=\"#\"><span class=\"wp-block-getwid-accordion__header-title\"><strong>Was muss ich tun, wenn ich selbst einen Unterstellplatz anbieten m&ouml;chte?<\/strong><\/span><span class=\"wp-block-getwid-accordion__icon is-active\"><i class=\"fas fa-chevron-down\"><\/i><\/span><span class=\"wp-block-getwid-accordion__icon is-passive\"><i class=\"fas fa-chevron-up\"><\/i><\/span><\/a><\/h6><\/div><div class=\"wp-block-getwid-accordion__content-wrapper\"><div class=\"wp-block-getwid-accordion__content\">\n<p>Du hast selbst eine Halle oder eine Fl&auml;che, in\/auf der Campingfahrzeuge &uuml;berwintern k&ouml;nnen? Super, dann immer her damit! Bei uns kannst du ganz einfach und kostenlos &uuml;ber Stellplatz anlegen einen Unterstellplatzanzeige aufgeben. Gerne stehen wir dir bei Fragen zur Verf&uuml;gung, wende dich hierf&uuml;r an den Support.<\/p>\n<\/div><\/div>\n<\/div>\n\n\n\n<p><\/p>\n<\/div>\n<\/div>\n<\/div><\/div><\/div><\/div><\/div>\n","protected":false},"excerpt":{"rendered":"","protected":false},"author":1,"featured_media":0,"parent":0,"menu_order":0,"comment_status":"closed","ping_status":"closed","template":"","meta":[],"categories":[],"acf":[],"yoast_head":"<!-- This site is optimized with the Yoast SEO plugin v19.1 - https:\/\/yoast.com\/wordpress\/plugins\/seo\/ -->\n<title>FAQ Unterstellpl\u00e4tz | AlpacaCamping ?<\/title>\n<meta name=\"description\" content=\"Du m\u00f6chtest einen Unterstellplatz f\u00fcr dein Campingfahrzeug buchen? ? Hier findest du die Antworten zu deinen Fragen zu diesem Thema ?\" \/>\n<meta name=\"robots\" content=\"index, follow, max-snippet:-1, max-image-preview:large, max-video-preview:-1\" \/>\n<link rel=\"canonical\" href=\"https:\/\/www.alpacacamping.de\/content\/faq-unterstellplatz\/\" \/>\n<meta property=\"og:locale\" content=\"de_DE\" \/>\n<meta property=\"og:type\" content=\"article\" \/>\n<meta property=\"og:title\" content=\"FAQ Unterstellpl\u00e4tz | AlpacaCamping ?\" \/>\n<meta property=\"og:description\" content=\"Du m\u00f6chtest einen Unterstellplatz f\u00fcr dein Campingfahrzeug buchen? ? Hier findest du die Antworten zu deinen Fragen zu diesem Thema ?\" \/>\n<meta property=\"og:url\" content=\"https:\/\/www.alpacacamping.de\/content\/faq-unterstellplatz\/\" \/>\n<meta property=\"og:site_name\" content=\"AlpacaCamping\" \/>\n<meta property=\"article:modified_time\" content=\"2022-11-15T10:06:58+00:00\" \/>\n<meta property=\"og:image\" content=\"https:\/\/www.alpacacamping.de\/content\/wp-content\/uploads\/2022\/11\/joe-gomez-fl07Ecu8jEw-unsplash-min-scaled.jpg\" \/>\n<meta name=\"twitter:card\" content=\"summary_large_image\" \/>\n<meta name=\"twitter:label1\" content=\"Gesch\u00e4tzte Lesezeit\" \/>\n\t<meta name=\"twitter:data1\" content=\"3\u00a0Minuten\" \/>\n<script type=\"application\/ld+json\" class=\"yoast-schema-graph\">{\"@context\":\"https:\/\/schema.org\",\"@graph\":[{\"@type\":\"WebSite\",\"@id\":\"https:\/\/www.alpacacamping.de\/content\/#website\",\"url\":\"https:\/\/www.alpacacamping.de\/content\/\",\"name\":\"AlpacaCamping\",\"description\":\"Camping Stellpl\u00e4tze \u00fcberall buchen.\",\"potentialAction\":[{\"@type\":\"SearchAction\",\"target\":{\"@type\":\"EntryPoint\",\"urlTemplate\":\"https:\/\/www.alpacacamping.de\/content\/?s={search_term_string}\"},\"query-input\":\"required name=search_term_string\"}],\"inLanguage\":\"de\"},{\"@type\":\"ImageObject\",\"inLanguage\":\"de\",\"@id\":\"https:\/\/www.alpacacamping.de\/content\/faq-unterstellplatz\/#primaryimage\",\"url\":\"https:\/\/www.alpacacamping.de\/content\/wp-content\/uploads\/2022\/11\/joe-gomez-fl07Ecu8jEw-unsplash-min-scaled.jpg\",\"contentUrl\":\"https:\/\/www.alpacacamping.de\/content\/wp-content\/uploads\/2022\/11\/joe-gomez-fl07Ecu8jEw-unsplash-min-scaled.jpg\",\"width\":2560,\"height\":1707,\"caption\":\"FAQ Unterstellplatz\"},{\"@type\":\"WebPage\",\"@id\":\"https:\/\/www.alpacacamping.de\/content\/faq-unterstellplatz\/#webpage\",\"url\":\"https:\/\/www.alpacacamping.de\/content\/faq-unterstellplatz\/\",\"name\":\"FAQ Unterstellpl\u00e4tz | AlpacaCamping ?\",\"isPartOf\":{\"@id\":\"https:\/\/www.alpacacamping.de\/content\/#website\"},\"primaryImageOfPage\":{\"@id\":\"https:\/\/www.alpacacamping.de\/content\/faq-unterstellplatz\/#primaryimage\"},\"datePublished\":\"2022-11-11T15:58:26+00:00\",\"dateModified\":\"2022-11-15T10:06:58+00:00\",\"description\":\"Du m\u00f6chtest einen Unterstellplatz f\u00fcr dein Campingfahrzeug buchen? ? Hier findest du die Antworten zu deinen Fragen zu diesem Thema ?\",\"breadcrumb\":{\"@id\":\"https:\/\/www.alpacacamping.de\/content\/faq-unterstellplatz\/#breadcrumb\"},\"inLanguage\":\"de\",\"potentialAction\":[{\"@type\":\"ReadAction\",\"target\":[\"https:\/\/www.alpacacamping.de\/content\/faq-unterstellplatz\/\"]}]},{\"@type\":\"BreadcrumbList\",\"@id\":\"https:\/\/www.alpacacamping.de\/content\/faq-unterstellplatz\/#breadcrumb\",\"itemListElement\":[{\"@type\":\"ListItem\",\"position\":1,\"name\":\"Home\",\"item\":\"https:\/\/www.alpacacamping.de\/content\/\"},{\"@type\":\"ListItem\",\"position\":2,\"name\":\"FAQ Unterstellplatz\"}]}]}<\/script>\n<!-- \/ Yoast SEO plugin. -->","yoast_head_json":{"title":"FAQ Unterstellpl\u00e4tz | AlpacaCamping ?","description":"Du m\u00f6chtest einen Unterstellplatz f\u00fcr dein Campingfahrzeug buchen? ? Hier findest du die Antworten zu deinen Fragen zu diesem Thema ?","robots":{"index":"index","follow":"follow","max-snippet":"max-snippet:-1","max-image-preview":"max-image-preview:large","max-video-preview":"max-video-preview:-1"},"canonical":"https:\/\/www.alpacacamping.de\/content\/faq-unterstellplatz\/","og_locale":"de_DE","og_type":"article","og_title":"FAQ Unterstellpl\u00e4tz | AlpacaCamping ?","og_description":"Du m\u00f6chtest einen Unterstellplatz f\u00fcr dein Campingfahrzeug buchen? ? Hier findest du die Antworten zu deinen Fragen zu diesem Thema ?","og_url":"https:\/\/www.alpacacamping.de\/content\/faq-unterstellplatz\/","og_site_name":"AlpacaCamping","article_modified_time":"2022-11-15T10:06:58+00:00","og_image":[{"url":"https:\/\/www.alpacacamping.de\/content\/wp-content\/uploads\/2022\/11\/joe-gomez-fl07Ecu8jEw-unsplash-min-scaled.jpg"}],"twitter_card":"summary_large_image","twitter_misc":{"Gesch\u00e4tzte Lesezeit":"3\u00a0Minuten"},"schema":{"@context":"https:\/\/schema.org","@graph":[{"@type":"WebSite","@id":"https:\/\/www.alpacacamping.de\/content\/#website","url":"https:\/\/www.alpacacamping.de\/content\/","name":"AlpacaCamping","description":"Camping Stellpl\u00e4tze \u00fcberall buchen.","potentialAction":[{"@type":"SearchAction","target":{"@type":"EntryPoint","urlTemplate":"https:\/\/www.alpacacamping.de\/content\/?s={search_term_string}"},"query-input":"required name=search_term_string"}],"inLanguage":"de"},{"@type":"ImageObject","inLanguage":"de","@id":"https:\/\/www.alpacacamping.de\/content\/faq-unterstellplatz\/#primaryimage","url":"https:\/\/www.alpacacamping.de\/content\/wp-content\/uploads\/2022\/11\/joe-gomez-fl07Ecu8jEw-unsplash-min-scaled.jpg","contentUrl":"https:\/\/www.alpacacamping.de\/content\/wp-content\/uploads\/2022\/11\/joe-gomez-fl07Ecu8jEw-unsplash-min-scaled.jpg","width":2560,"height":1707,"caption":"FAQ Unterstellplatz"},{"@type":"WebPage","@id":"https:\/\/www.alpacacamping.de\/content\/faq-unterstellplatz\/#webpage","url":"https:\/\/www.alpacacamping.de\/content\/faq-unterstellplatz\/","name":"FAQ Unterstellpl\u00e4tz | AlpacaCamping ?","isPartOf":{"@id":"https:\/\/www.alpacacamping.de\/content\/#website"},"primaryImageOfPage":{"@id":"https:\/\/www.alpacacamping.de\/content\/faq-unterstellplatz\/#primaryimage"},"datePublished":"2022-11-11T15:58:26+00:00","dateModified":"2022-11-15T10:06:58+00:00","description":"Du m\u00f6chtest einen Unterstellplatz f\u00fcr dein Campingfahrzeug buchen? ? Hier findest du die Antworten zu deinen Fragen zu diesem Thema ?","breadcrumb":{"@id":"https:\/\/www.alpacacamping.de\/content\/faq-unterstellplatz\/#breadcrumb"},"inLanguage":"de","potentialAction":[{"@type":"ReadAction","target":["https:\/\/www.alpacacamping.de\/content\/faq-unterstellplatz\/"]}]},{"@type":"BreadcrumbList","@id":"https:\/\/www.alpacacamping.de\/content\/faq-unterstellplatz\/#breadcrumb","itemListElement":[{"@type":"ListItem","position":1,"name":"Home","item":"https:\/\/www.alpacacamping.de\/content\/"},{"@type":"ListItem","position":2,"name":"FAQ Unterstellplatz"}]}]}},"_links":{"self":[{"href":"https:\/\/www.alpacacamping.de\/content\/wp-json\/wp\/v2\/pages\/4228"}],"collection":[{"href":"https:\/\/www.alpacacamping.de\/content\/wp-json\/wp\/v2\/pages"}],"about":[{"href":"https:\/\/www.alpacacamping.de\/content\/wp-json\/wp\/v2\/types\/page"}],"author":[{"embeddable":true,"href":"https:\/\/www.alpacacamping.de\/content\/wp-json\/wp\/v2\/users\/1"}],"replies":[{"embeddable":true,"href":"https:\/\/www.alpacacamping.de\/content\/wp-json\/wp\/v2\/comments?post=4228"}],"version-history":[{"count":3,"href":"https:\/\/www.alpacacamping.de\/content\/wp-json\/wp\/v2\/pages\/4228\/revisions"}],"predecessor-version":[{"id":4262,"href":"https:\/\/www.alpacacamping.de\/content\/wp-json\/wp\/v2\/pages\/4228\/revisions\/4262"}],"wp:attachment":[{"href":"https:\/\/www.alpacacamping.de\/content\/wp-json\/wp\/v2\/media?parent=4228"}],"wp:term":[{"taxonomy":"category","embeddable":true,"href":"https:\/\/www.alpacacamping.de\/content\/wp-json\/wp\/v2\/categories?post=4228"}],"curies":[{"name":"wp","href":"https:\/\/api.w.org\/{rel}","templated":true}]}}