{"id":3753,"date":"2022-10-20T17:14:26","date_gmt":"2022-10-20T15:14:26","guid":{"rendered":"https:\/\/www.alpacacamping.de\/content\/?page_id=3753"},"modified":"2022-10-20T17:14:27","modified_gmt":"2022-10-20T15:14:27","slug":"unterstellplatz-anbieten","status":"publish","type":"page","link":"https:\/\/www.alpacacamping.de\/content\/unterstellplatz-anbieten\/","title":{"rendered":"Unterstellplatz anbieten"},"content":{"rendered":"\n<div class=\"wp-block-getwid-section alignfull alignfull getwid-section-content-full-width\" style=\"margin-top:1px;margin-bottom:100px\"><div class=\"wp-block-getwid-section__wrapper getwid-align-items-mobile-center getwid-justify-content-mobile-center\" style=\"padding-top:93px;padding-bottom:162px\"><div class=\"wp-block-getwid-section__divider is-bottom-divider\"><svg x=\"0px\" y=\"0px\" viewbox=\"0 0 1000 20\" preserveaspectratio=\"xMidYMax slice\" class=\"wp-block-getwid-section__divider-svg\"><path fill=\"white\" class=\"wp-block-getwid-section__divider-svg-fill\" d=\"M0,0v3h484c8.8,0,16,7.2,16,16c0-8.8,7.2-16,16-16h484V0H0z\"><\/path><\/svg><\/div><div class=\"wp-block-getwid-section__inner-wrapper\"><div class=\"wp-block-getwid-section__background-holder\"><div class=\"wp-block-getwid-section__background has-background has-primary-background-color\" style=\"background-image:url('https:\/\/www.alpacacamping.de\/content\/wp-content\/uploads\/2022\/10\/ivhan-syarif-mNtwkNRLLD0-unsplash-min-scaled-e1666274732858.jpg')\"><div class=\"wp-block-getwid-section__background-image-wrapper\"><img class=\"wp-block-getwid-section__background-image\" src=\"https:\/\/www.alpacacamping.de\/content\/wp-content\/uploads\/2022\/10\/ivhan-syarif-mNtwkNRLLD0-unsplash-min-scaled-e1666274732858.jpg\" alt=\"Unterstellplatz anbieten\"><\/div><\/div><div class=\"wp-block-getwid-section__foreground\" style=\"opacity:0.2;background-color:#2c3847\"><\/div><\/div><div class=\"wp-block-getwid-section__content\"><div class=\"wp-block-getwid-section__inner-content\">\n<div class=\"wp-block-getwid-section\"><div class=\"wp-block-getwid-section__wrapper\"><div class=\"wp-block-getwid-section__inner-wrapper\"><div class=\"wp-block-getwid-section__background-holder\"><div class=\"wp-block-getwid-section__background\"><\/div><div class=\"wp-block-getwid-section__foreground\"><\/div><\/div><div class=\"wp-block-getwid-section__content\"><div class=\"wp-block-getwid-section__inner-content\">\n<h1 class=\"has-light-blue-color has-text-color\" style=\"font-size:40px\">Informationen: Unterstellplatz anbieten<\/h1>\n\n\n\n<h2 class=\"has-light-blue-color has-text-color\" style=\"font-size:28px\">So kannst Du einen Unterstellplatz f&uuml;r Wohnwagen oder Wohnmobil &uuml;ber AlpacaCamping anbieten<\/h2>\n<\/div><\/div><\/div><\/div><\/div>\n<\/div><\/div><\/div><\/div><\/div>\n\n\n\n<p>Warum einen <strong>Unterstellplatz anbieten<\/strong>? Die meisten Camper reisen nur w&auml;hrend der Sommermonate und besitzen Saisonfahrzeuge. Diejenigen, die keinen eigenen Parkplatz f&uuml;r Wohnwagen oder Wohnmobil haben, suchen bereits gegen Ende des Sommers nach einen Ab-\/Unterstellplatz f&uuml;r den Winter. Au&szlig;erdem d&uuml;rfen Wohnmobile oder Wohnwagen nicht dauerhaft auf &ouml;ffentlichen Parkpl&auml;tzen oder in Wohnsiedlungen abgestellt werden. Jeder Camper muss sein Fahrzeug in den kalten Monaten abstellen. Und so kannst Du als Anbieter eines Unterstellplatz f&uuml;r Wohnmobile Geld verdienen:<\/p>\n\n\n<div class=\"wp-block-image\">\n<figure class=\"aligncenter size-full is-resized\"><img loading=\"lazy\" src=\"https:\/\/www.alpacacamping.de\/content\/wp-content\/uploads\/2022\/10\/U%CC%88berschrift-hinzufu%CC%88gen.jpg\" alt=\"Mit Unterstellplatz Geld verdienen\" class=\"wp-image-3767\" width=\"222\" height=\"222\" srcset=\"https:\/\/www.alpacacamping.de\/content\/wp-content\/uploads\/2022\/10\/U&#776;berschrift-hinzufu&#776;gen.jpg 756w, https:\/\/www.alpacacamping.de\/content\/wp-content\/uploads\/2022\/10\/U&#776;berschrift-hinzufu&#776;gen-300x300.jpg 300w, https:\/\/www.alpacacamping.de\/content\/wp-content\/uploads\/2022\/10\/U&#776;berschrift-hinzufu&#776;gen-150x150.jpg 150w\" sizes=\"(max-width: 222px) 100vw, 222px\"><\/figure><\/div>\n\n\n<h2 class=\"has-light-gray-color has-primary-background-color has-text-color has-background has-large-font-size\">Verdiene bis zu 1.000 Euro im Monat* &ndash; Im Handumdrehen!<\/h2>\n\n\n\n<p class=\"has-text-align-right has-small-font-size\">*beim Anbieten von mehreren Unterstellpl&auml;tzen<\/p>\n\n\n\n<p>Durch die Vermietung einer ungenutzten Fl&auml;che als Abstellplatz f&uuml;r Wohnwagen oder Wohnmobile, kannst Du ein zus&auml;tzliches Einkommen generieren. Ohne gro&szlig;en Aufwand. Ein solcher Platz wird <strong>zwischen 25 und 100 Euro pro Monat<\/strong> vermietet. Der Preis richtet sich nach den Grundvoraussetzungen des Platzes. Es gibt Einstellpl&auml;tze mit Bewachung, abgeschlossene Hallen oder Fl&auml;chen unter Freiem Himmel. Monatlich kannst Du mit mehreren Unterstellpl&auml;tzen also bis zu 1.000 Euro verdienen.<\/p>\n\n\n\n<div class=\"wp-container-1 is-content-justification-center wp-block-buttons\">\n<div class=\"wp-block-button\"><a class=\"wp-block-button__link\">Unterstellplatz Anbieten<\/a><\/div>\n<\/div>\n\n\n\n<div class=\"wp-container-3 wp-block-columns\">\n<div class=\"wp-container-2 wp-block-column\" style=\"flex-basis:100%\">\n<div class=\"wp-block-getwid-icon is-aligned-center\"><div class=\"wp-block-getwid-icon__wrapper has-text-color has-primary-color\" style=\"font-size:40px\"><i class=\"fas fa-question-circle\"><\/i><\/div><\/div>\n<\/div>\n<\/div>\n\n\n\n<h2>Wer kann einen Einstellplatz f&uuml;r Wohnmobile anbieten?<\/h2>\n\n\n\n<p><strong>Jeder!<\/strong> Landwirtschaftliche Betriebe, Winzer oder Private Anbieter: Du hast eine freie Fl&auml;che, um ein Wohnmobil oder Wohnwagen &uuml;ber mehrere Wochen unter- oder abzustellen? Dann kannst Du diese als <strong>Unterstellplatz anbieten<\/strong>. &Uuml;ber unsere Buchungsplattform geht das unkompliziert online. So generierst Du ein zus&auml;tzliches Einkommen. Unterstellpl&auml;tze k&ouml;nnen im Freien, auf einem festen Untergrund oder &uuml;berdacht in einer Halle, Scheune, Garage oder unter einem Carport sein.<\/p>\n\n\n\n<div class=\"wp-block-getwid-icon is-aligned-center\"><div class=\"wp-block-getwid-icon__wrapper has-text-color has-primary-color\" style=\"font-size:40px\"><i class=\"fas fa-question-circle\"><\/i><\/div><\/div>\n\n\n\n<h2>Was macht einen Abstell-\/Unterstellplatz f&uuml;r Wohnmobile aus?<\/h2>\n\n\n\n<p>Ideale Bedingungen bieten eine abgeschlossene Halle, ein &uuml;berdachter Stellplatz, eine Garage f&uuml;r Wohnwagen oder Wohnmobile oder eine kleine Scheune. Bei schlechter Witterung steht das Fahrzeug gesch&uuml;tzt. Aber auch ein Platz unter freiem Himmel kann als <strong>Abstellplatz angeboten<\/strong> werden. Da das dauerhafte Parken auf &ouml;ffentlichen Pl&auml;tzen in den meisten F&auml;llen untersagt ist, sind die Besitzer froh, ihr Wohnmobil oder den Wohnwagen Unterstellplatz in der N&auml;he zu wissen. Auch ohne Schutz vor Wind und Wetter &ndash; hierf&uuml;r gen&uuml;gt meist eine Plane.<\/p>\n\n\n\n<h2 class=\"has-light-gray-color has-primary-background-color has-text-color has-background\">So kannst Du Deinen Unterstellplatz f&uuml;r Wohnmobile und Wohnwagen anbieten:<\/h2>\n\n\n\n<div class=\"wp-container-6 wp-block-columns\">\n<div class=\"wp-container-4 wp-block-column\">\n<h2 style=\"font-size:30px\">Wir unterst&uuml;tzen Dich:<\/h2>\n\n\n\n<p>Melde Dich bei uns, helfen beim Inserieren<\/p>\n\n\n\n<p>Tel.: +49(0)152-23174439<br>E-Mail: <a href=\"mailto:silvia@alpacacamping.de\">silvia@alpacacamping.de<\/a><\/p>\n<\/div>\n\n\n\n<div class=\"wp-container-5 wp-block-column\">\n<h2 style=\"font-size:30px\">In 5 Schritten selbst anbieten:<\/h2>\n\n\n\n<ol id=\"block-38ec3b7c-bcfb-4bee-bd21-efa284e7ff2b\"><li>Registriere Dich bei AlpacaCamping<\/li><li>Neuen Eintrag f&uuml;r Unterstellpl&auml;tze anlegen<\/li><li>Bilder hochladen <\/li><li>Regeln bestimmen<\/li><li>Preis festlegen<\/li><\/ol>\n<\/div>\n<\/div>\n\n\n\n<div class=\"wp-container-7 is-content-justification-center wp-block-buttons\">\n<div class=\"wp-block-button\"><a class=\"wp-block-button__link\">Unterstellplatz Anbieten<\/a><\/div>\n<\/div>\n\n\n\n<figure class=\"wp-block-image size-large\"><img loading=\"lazy\" width=\"1024\" height=\"484\" src=\"https:\/\/www.alpacacamping.de\/content\/wp-content\/uploads\/2022\/10\/camping-gae6532a90_1920-min-1024x484.jpg\" alt=\"Unterstellplatz Wohnwagen\" class=\"wp-image-3783\" srcset=\"https:\/\/www.alpacacamping.de\/content\/wp-content\/uploads\/2022\/10\/camping-gae6532a90_1920-min-1024x484.jpg 1024w, https:\/\/www.alpacacamping.de\/content\/wp-content\/uploads\/2022\/10\/camping-gae6532a90_1920-min-300x142.jpg 300w, https:\/\/www.alpacacamping.de\/content\/wp-content\/uploads\/2022\/10\/camping-gae6532a90_1920-min-768x363.jpg 768w, https:\/\/www.alpacacamping.de\/content\/wp-content\/uploads\/2022\/10\/camping-gae6532a90_1920-min-1536x726.jpg 1536w, https:\/\/www.alpacacamping.de\/content\/wp-content\/uploads\/2022\/10\/camping-gae6532a90_1920-min-938x444.jpg 938w, https:\/\/www.alpacacamping.de\/content\/wp-content\/uploads\/2022\/10\/camping-gae6532a90_1920-min-1130x534.jpg 1130w, https:\/\/www.alpacacamping.de\/content\/wp-content\/uploads\/2022\/10\/camping-gae6532a90_1920-min.jpg 1920w\" sizes=\"(max-width: 1024px) 100vw, 1024px\"><\/figure>\n\n\n\n<div class=\"wp-container-10 wp-block-columns\">\n<div class=\"wp-container-8 wp-block-column\">\n<h2>Dein Unterstellplatz, Deine Regeln!<\/h2>\n\n\n\n<p>Du entscheidest selbst, wie viele Fahrzeuge Du unterstellen m&ouml;chtest. Ebenfalls bestimmst Du den Preis pro Monat. Dein Platz ist nur mit Schl&uuml;ssel oder Code zug&auml;ngig und Du m&ouml;chtest immer vor Ort sein, wenn das Fahrzeug abgestellt wird? Kein Problem, die Regeln f&uuml;r Deinen <strong>Wohnmobil Unterstellplatz<\/strong> legst Du selbst fest.<\/p>\n<\/div>\n\n\n\n<div class=\"wp-container-9 wp-block-column\">\n<h2>Wir &uuml;bernehmen f&uuml;r Dich!<\/h2>\n\n\n\n<p>Die Nachfrage nach Ab-\/Unterstellpl&auml;tzen ist gro&szlig;. Camper sind dankbar f&uuml;r jede M&ouml;glichkeit, um ihr Fahrzeug unterstellen zu k&ouml;nnen. Indem Du Deine vorhandenen Fl&auml;chen anbietest, generierst ein zus&auml;tzliches Einkommen. Wir stellen f&uuml;r Dich den Kontakt zum Camper her und wickeln alle Buchungs- und Zahlungsvorg&auml;nge ab. Wir &uuml;berweisen Dir Deine Einnahmen und Du musst Dich um nichts k&uuml;mmern musst.<\/p>\n<\/div>\n<\/div>\n\n\n\n<div class=\"wp-block-getwid-icon is-aligned-center\"><div class=\"wp-block-getwid-icon__wrapper has-text-color has-primary-color\" style=\"font-size:40px\"><i class=\"fas fa-question-circle\"><\/i><\/div><\/div>\n\n\n\n<h2>Darf ich einen Unterstellplatz f&uuml;r Wohnmobile &amp; Wohnwagen anbieten?<\/h2>\n\n\n\n<p>Das vermieten von Unterstellpl&auml;tzen ist in Deutschland erlaubt. Hier greifen die Regeln des BGB. Informiere Dich vorab, welche Richtlinien Du beachten musst. <\/p>\n\n\n\n<div class=\"wp-container-11 wp-block-buttons\">\n<div class=\"wp-block-button\"><a class=\"wp-block-button__link\" href=\"https:\/\/www.buergerliches-gesetzbuch.info\/bgb\/535.html\">Infos Im BGB<\/a><\/div>\n<\/div>\n","protected":false},"excerpt":{"rendered":"<p>Warum einen Unterstellplatz anbieten? Die meisten Camper reisen nur w\u00e4hrend der Sommermonate und besitzen Saisonfahrzeuge. Diejenigen, die keinen eigenen Parkplatz f\u00fcr Wohnwagen oder Wohnmobil haben, [&hellip;]<\/p>\n","protected":false},"author":1,"featured_media":0,"parent":0,"menu_order":0,"comment_status":"closed","ping_status":"closed","template":"","meta":[],"categories":[],"acf":[],"yoast_head":"<!-- This site is optimized with the Yoast SEO plugin v19.1 - https:\/\/yoast.com\/wordpress\/plugins\/seo\/ -->\n<title>Unterstellplatz f\u00fcr Wohnmobil &amp; Wohnwagen anbieten<\/title>\n<meta name=\"description\" content=\"Du m\u00f6chtest einen Unterstellplatz f\u00fcr Wohnmobil &amp; Wohnwagen anbieten? Wir zeigen Dir wie&#039;s mit wenigen Klicks geht!\" \/>\n<meta name=\"robots\" content=\"index, follow, max-snippet:-1, max-image-preview:large, max-video-preview:-1\" \/>\n<link rel=\"canonical\" href=\"https:\/\/www.alpacacamping.de\/content\/unterstellplatz-anbieten\/\" \/>\n<meta property=\"og:locale\" content=\"de_DE\" \/>\n<meta property=\"og:type\" content=\"article\" \/>\n<meta property=\"og:title\" content=\"Unterstellplatz f\u00fcr Wohnmobil &amp; Wohnwagen anbieten\" \/>\n<meta property=\"og:description\" content=\"Du m\u00f6chtest einen Unterstellplatz f\u00fcr Wohnmobil &amp; Wohnwagen anbieten? Wir zeigen Dir wie&#039;s mit wenigen Klicks geht!\" \/>\n<meta property=\"og:url\" content=\"https:\/\/www.alpacacamping.de\/content\/unterstellplatz-anbieten\/\" \/>\n<meta property=\"og:site_name\" content=\"AlpacaCamping\" \/>\n<meta property=\"article:modified_time\" content=\"2022-10-20T15:14:27+00:00\" \/>\n<meta property=\"og:image\" content=\"https:\/\/www.alpacacamping.de\/content\/wp-content\/uploads\/2022\/10\/ivhan-syarif-mNtwkNRLLD0-unsplash-min-scaled-e1666274732858.jpg\" \/>\n<meta name=\"twitter:card\" content=\"summary_large_image\" \/>\n<meta name=\"twitter:label1\" content=\"Gesch\u00e4tzte Lesezeit\" \/>\n\t<meta name=\"twitter:data1\" content=\"4\u00a0Minuten\" \/>\n<script type=\"application\/ld+json\" class=\"yoast-schema-graph\">{\"@context\":\"https:\/\/schema.org\",\"@graph\":[{\"@type\":\"WebSite\",\"@id\":\"https:\/\/www.alpacacamping.de\/content\/#website\",\"url\":\"https:\/\/www.alpacacamping.de\/content\/\",\"name\":\"AlpacaCamping\",\"description\":\"Camping Stellpl\u00e4tze \u00fcberall buchen.\",\"potentialAction\":[{\"@type\":\"SearchAction\",\"target\":{\"@type\":\"EntryPoint\",\"urlTemplate\":\"https:\/\/www.alpacacamping.de\/content\/?s={search_term_string}\"},\"query-input\":\"required name=search_term_string\"}],\"inLanguage\":\"de\"},{\"@type\":\"ImageObject\",\"inLanguage\":\"de\",\"@id\":\"https:\/\/www.alpacacamping.de\/content\/unterstellplatz-anbieten\/#primaryimage\",\"url\":\"https:\/\/www.alpacacamping.de\/content\/wp-content\/uploads\/2022\/10\/ivhan-syarif-mNtwkNRLLD0-unsplash-min-scaled-e1666274732858.jpg\",\"contentUrl\":\"https:\/\/www.alpacacamping.de\/content\/wp-content\/uploads\/2022\/10\/ivhan-syarif-mNtwkNRLLD0-unsplash-min-scaled-e1666274732858.jpg\",\"width\":2560,\"height\":1707,\"caption\":\"Unterstellplatz anbieten\"},{\"@type\":\"WebPage\",\"@id\":\"https:\/\/www.alpacacamping.de\/content\/unterstellplatz-anbieten\/#webpage\",\"url\":\"https:\/\/www.alpacacamping.de\/content\/unterstellplatz-anbieten\/\",\"name\":\"Unterstellplatz f\u00fcr Wohnmobil & Wohnwagen anbieten\",\"isPartOf\":{\"@id\":\"https:\/\/www.alpacacamping.de\/content\/#website\"},\"primaryImageOfPage\":{\"@id\":\"https:\/\/www.alpacacamping.de\/content\/unterstellplatz-anbieten\/#primaryimage\"},\"datePublished\":\"2022-10-20T15:14:26+00:00\",\"dateModified\":\"2022-10-20T15:14:27+00:00\",\"description\":\"Du m\u00f6chtest einen Unterstellplatz f\u00fcr Wohnmobil & Wohnwagen anbieten? Wir zeigen Dir wie's mit wenigen Klicks geht!\",\"breadcrumb\":{\"@id\":\"https:\/\/www.alpacacamping.de\/content\/unterstellplatz-anbieten\/#breadcrumb\"},\"inLanguage\":\"de\",\"potentialAction\":[{\"@type\":\"ReadAction\",\"target\":[\"https:\/\/www.alpacacamping.de\/content\/unterstellplatz-anbieten\/\"]}]},{\"@type\":\"BreadcrumbList\",\"@id\":\"https:\/\/www.alpacacamping.de\/content\/unterstellplatz-anbieten\/#breadcrumb\",\"itemListElement\":[{\"@type\":\"ListItem\",\"position\":1,\"name\":\"Home\",\"item\":\"https:\/\/www.alpacacamping.de\/content\/\"},{\"@type\":\"ListItem\",\"position\":2,\"name\":\"Unterstellplatz anbieten\"}]}]}<\/script>\n<!-- \/ Yoast SEO plugin. -->","yoast_head_json":{"title":"Unterstellplatz f\u00fcr Wohnmobil & Wohnwagen anbieten","description":"Du m\u00f6chtest einen Unterstellplatz f\u00fcr Wohnmobil & Wohnwagen anbieten? Wir zeigen Dir wie's mit wenigen Klicks geht!","robots":{"index":"index","follow":"follow","max-snippet":"max-snippet:-1","max-image-preview":"max-image-preview:large","max-video-preview":"max-video-preview:-1"},"canonical":"https:\/\/www.alpacacamping.de\/content\/unterstellplatz-anbieten\/","og_locale":"de_DE","og_type":"article","og_title":"Unterstellplatz f\u00fcr Wohnmobil & Wohnwagen anbieten","og_description":"Du m\u00f6chtest einen Unterstellplatz f\u00fcr Wohnmobil & Wohnwagen anbieten? Wir zeigen Dir wie's mit wenigen Klicks geht!","og_url":"https:\/\/www.alpacacamping.de\/content\/unterstellplatz-anbieten\/","og_site_name":"AlpacaCamping","article_modified_time":"2022-10-20T15:14:27+00:00","og_image":[{"url":"https:\/\/www.alpacacamping.de\/content\/wp-content\/uploads\/2022\/10\/ivhan-syarif-mNtwkNRLLD0-unsplash-min-scaled-e1666274732858.jpg"}],"twitter_card":"summary_large_image","twitter_misc":{"Gesch\u00e4tzte Lesezeit":"4\u00a0Minuten"},"schema":{"@context":"https:\/\/schema.org","@graph":[{"@type":"WebSite","@id":"https:\/\/www.alpacacamping.de\/content\/#website","url":"https:\/\/www.alpacacamping.de\/content\/","name":"AlpacaCamping","description":"Camping Stellpl\u00e4tze \u00fcberall buchen.","potentialAction":[{"@type":"SearchAction","target":{"@type":"EntryPoint","urlTemplate":"https:\/\/www.alpacacamping.de\/content\/?s={search_term_string}"},"query-input":"required name=search_term_string"}],"inLanguage":"de"},{"@type":"ImageObject","inLanguage":"de","@id":"https:\/\/www.alpacacamping.de\/content\/unterstellplatz-anbieten\/#primaryimage","url":"https:\/\/www.alpacacamping.de\/content\/wp-content\/uploads\/2022\/10\/ivhan-syarif-mNtwkNRLLD0-unsplash-min-scaled-e1666274732858.jpg","contentUrl":"https:\/\/www.alpacacamping.de\/content\/wp-content\/uploads\/2022\/10\/ivhan-syarif-mNtwkNRLLD0-unsplash-min-scaled-e1666274732858.jpg","width":2560,"height":1707,"caption":"Unterstellplatz anbieten"},{"@type":"WebPage","@id":"https:\/\/www.alpacacamping.de\/content\/unterstellplatz-anbieten\/#webpage","url":"https:\/\/www.alpacacamping.de\/content\/unterstellplatz-anbieten\/","name":"Unterstellplatz f\u00fcr Wohnmobil & Wohnwagen anbieten","isPartOf":{"@id":"https:\/\/www.alpacacamping.de\/content\/#website"},"primaryImageOfPage":{"@id":"https:\/\/www.alpacacamping.de\/content\/unterstellplatz-anbieten\/#primaryimage"},"datePublished":"2022-10-20T15:14:26+00:00","dateModified":"2022-10-20T15:14:27+00:00","description":"Du m\u00f6chtest einen Unterstellplatz f\u00fcr Wohnmobil & Wohnwagen anbieten? Wir zeigen Dir wie's mit wenigen Klicks geht!","breadcrumb":{"@id":"https:\/\/www.alpacacamping.de\/content\/unterstellplatz-anbieten\/#breadcrumb"},"inLanguage":"de","potentialAction":[{"@type":"ReadAction","target":["https:\/\/www.alpacacamping.de\/content\/unterstellplatz-anbieten\/"]}]},{"@type":"BreadcrumbList","@id":"https:\/\/www.alpacacamping.de\/content\/unterstellplatz-anbieten\/#breadcrumb","itemListElement":[{"@type":"ListItem","position":1,"name":"Home","item":"https:\/\/www.alpacacamping.de\/content\/"},{"@type":"ListItem","position":2,"name":"Unterstellplatz anbieten"}]}]}},"_links":{"self":[{"href":"https:\/\/www.alpacacamping.de\/content\/wp-json\/wp\/v2\/pages\/3753"}],"collection":[{"href":"https:\/\/www.alpacacamping.de\/content\/wp-json\/wp\/v2\/pages"}],"about":[{"href":"https:\/\/www.alpacacamping.de\/content\/wp-json\/wp\/v2\/types\/page"}],"author":[{"embeddable":true,"href":"https:\/\/www.alpacacamping.de\/content\/wp-json\/wp\/v2\/users\/1"}],"replies":[{"embeddable":true,"href":"https:\/\/www.alpacacamping.de\/content\/wp-json\/wp\/v2\/comments?post=3753"}],"version-history":[{"count":9,"href":"https:\/\/www.alpacacamping.de\/content\/wp-json\/wp\/v2\/pages\/3753\/revisions"}],"predecessor-version":[{"id":3809,"href":"https:\/\/www.alpacacamping.de\/content\/wp-json\/wp\/v2\/pages\/3753\/revisions\/3809"}],"wp:attachment":[{"href":"https:\/\/www.alpacacamping.de\/content\/wp-json\/wp\/v2\/media?parent=3753"}],"wp:term":[{"taxonomy":"category","embeddable":true,"href":"https:\/\/www.alpacacamping.de\/content\/wp-json\/wp\/v2\/categories?post=3753"}],"curies":[{"name":"wp","href":"https:\/\/api.w.org\/{rel}","templated":true}]}}