{"id":3495,"date":"2022-06-28T14:30:48","date_gmt":"2022-06-28T12:30:48","guid":{"rendered":"https:\/\/www.alpacacamping.de\/content\/?page_id=3495"},"modified":"2025-04-24T09:54:43","modified_gmt":"2025-04-24T07:54:43","slug":"app","status":"publish","type":"page","link":"https:\/\/www.alpacacamping.de\/content\/app\/","title":{"rendered":"AlpacaCamping App"},"content":{"rendered":"\n<p><\/p>\n\n\n\n<div class=\"wp-block-getwid-section alignfull alignfull getwid-section-content-full-width\" style=\"margin-top:1px;margin-bottom:100px\"><div class=\"wp-block-getwid-section__wrapper getwid-align-items-mobile-center getwid-justify-content-mobile-center\" style=\"padding-top:50px;padding-bottom:26px\"><div class=\"wp-block-getwid-section__divider is-bottom-divider\"><svg x=\"0px\" y=\"0px\" viewbox=\"0 0 1000 20\" preserveaspectratio=\"xMidYMax slice\" class=\"wp-block-getwid-section__divider-svg\"><path fill=\"white\" class=\"wp-block-getwid-section__divider-svg-fill\" d=\"M0,0v3h484c8.8,0,16,7.2,16,16c0-8.8,7.2-16,16-16h484V0H0z\"><\/path><\/svg><\/div><div class=\"wp-block-getwid-section__inner-wrapper\"><div class=\"wp-block-getwid-section__background-holder\"><div class=\"wp-block-getwid-section__background has-background has-primary-background-color\"><\/div><div class=\"wp-block-getwid-section__foreground\" style=\"opacity:0.2;background-color:#2c3847\"><\/div><\/div><div class=\"wp-block-getwid-section__content\"><div class=\"wp-block-getwid-section__inner-content\">\n<div class=\"wp-block-getwid-section\"><div class=\"wp-block-getwid-section__wrapper\"><div class=\"wp-block-getwid-section__inner-wrapper\"><div class=\"wp-block-getwid-section__background-holder\"><div class=\"wp-block-getwid-section__background\"><\/div><div class=\"wp-block-getwid-section__foreground\"><\/div><\/div><div class=\"wp-block-getwid-section__content\"><div class=\"wp-block-getwid-section__inner-content\">\n<h1 class=\"has-light-blue-color has-text-color\" style=\"font-size:40px\">Hurra, unsere AlpacaCamping-App ist da!<\/h1>\n\n\n\n<h2 class=\"has-light-blue-color has-text-color\" style=\"font-size:28px\">Hol dir die AlpacaApp und finde noch leichter die sch&ouml;nsten Stellpl&auml;tze im Gr&uuml;nen<\/h2>\n<\/div><\/div><\/div><\/div><\/div>\n<\/div><\/div><\/div><\/div><\/div>\n\n\n\n<div class=\"wp-block-getwid-section alignfull alignfull\"><div class=\"wp-block-getwid-section__wrapper\"><div class=\"wp-block-getwid-section__inner-wrapper\"><div class=\"wp-block-getwid-section__background-holder\"><div class=\"wp-block-getwid-section__background\"><\/div><div class=\"wp-block-getwid-section__foreground\"><\/div><\/div><div class=\"wp-block-getwid-section__content\"><div class=\"wp-block-getwid-section__inner-content\">\n<h2 class=\"has-text-align-center\">Hier kannst du unsere App herunterladen:<\/h2>\n\n\n\n<div class=\"wp-container-1 is-content-justification-center wp-block-buttons\">\n<div class=\"wp-block-button\"><a class=\"wp-block-button__link\" href=\"https:\/\/apps.apple.com\/de\/app\/alpacacamping-stellplatz-suche\/id1631184043\">App Store (iOS)<\/a><\/div>\n<\/div>\n\n\n\n<div style=\"height:43px\" aria-hidden=\"true\" class=\"wp-block-spacer\"><\/div>\n\n\n\n<div class=\"wp-container-2 is-content-justification-center wp-block-buttons\">\n<div class=\"wp-block-button\"><a class=\"wp-block-button__link\" href=\"https:\/\/play.google.com\/store\/apps\/details?id=com.campingapp&amp;gl=DE\">Google Playstore (Android)<\/a><\/div>\n<\/div>\n<\/div><\/div><\/div><\/div><\/div>\n\n\n\n<div class=\"wp-block-getwid-section alignfull alignfull\" style=\"margin-top:5px\"><div class=\"wp-block-getwid-section__wrapper\" style=\"padding-top:2px\"><div class=\"wp-block-getwid-section__inner-wrapper\"><div class=\"wp-block-getwid-section__background-holder\"><div class=\"wp-block-getwid-section__background\"><\/div><div class=\"wp-block-getwid-section__foreground\"><\/div><\/div><div class=\"wp-block-getwid-section__content\"><div class=\"wp-block-getwid-section__inner-content\">\n<div class=\"wp-block-getwid-image-box getwid-animation has-image-right has-text-center has-mobile-layout-column-reverse has-mobile-alignment-default\" data-animation=\"zoomSmall\"><div class=\"wp-block-getwid-image-box__image-container is-position-top\"><div class=\"wp-block-getwid-image-box__image-wrapper\"><img loading=\"lazy\" width=\"339\" height=\"632\" src=\"https:\/\/www.alpacacamping.de\/content\/wp-content\/uploads\/2025\/04\/Elegant-Floral-Woman-Book-Mockup-Instagram-Post-4.png\" alt=\"Screenshot Premium App\" class=\"wp-block-getwid-image-box__image wp-image-26504\" srcset=\"https:\/\/www.alpacacamping.de\/content\/wp-content\/uploads\/2025\/04\/Elegant-Floral-Woman-Book-Mockup-Instagram-Post-4.png 339w, https:\/\/www.alpacacamping.de\/content\/wp-content\/uploads\/2025\/04\/Elegant-Floral-Woman-Book-Mockup-Instagram-Post-4-161x300.png 161w\" sizes=\"(max-width: 339px) 100vw, 339px\"><\/div><\/div><div class=\"wp-block-getwid-image-box__content\">\n<h3 class=\"has-text-align-center\"><strong><br><\/strong>Mach&rsquo;s Premium &amp; werde Clubmitglied<\/h3>\n\n\n\n<p class=\"has-text-align-left\">&#9989; Premium App mit exklusiven Vorteilen<br>&#9989; Stellplatz-Listen speichern (z.B. Favoriten an der Nordsee, Pl&auml;tze f&uuml;r einen Wochenendtrip in deiner N&auml;he o.&auml;.)<br>&#9989; Speichere deine Routen mit Zwischenstopps<br>&#9989; Alle Filterfunktionen verf&uuml;gbar<br>&#9989; Unterschiedliche Karten (z.B. Satellit)<\/p>\n\n\n\n<p class=\"has-text-align-left\">Nur AlpacaClub Mitgleider erhalten Zugang zur Premium App.  Und nicht nur das: Mitglieder erwartet eine umfangreiche Vorteilswelt: <br>&#9989; 10% Buchungsrabatt bei Alpaca<br>&#9989; 20% im AlpacaShop<br>&#9989; exklusive Rabatte bei Partnern (Dometic, Reimo, Silwy etc.)<br>&#9989; Willkommensgeschenk<\/p>\n\n\n\n<div class=\"wp-container-3 is-content-justification-center wp-block-buttons\">\n<div class=\"wp-block-button\"><a class=\"wp-block-button__link\" href=\"https:\/\/www.alpacacamping.de\/club\">zum club<\/a><\/div>\n<\/div>\n<\/div><\/div>\n\n\n\n<div style=\"height:142px\" aria-hidden=\"true\" class=\"wp-block-spacer\"><\/div>\n\n\n\n<div class=\"wp-block-getwid-image-box getwid-animation has-image-right has-text-center has-mobile-layout-column-reverse has-mobile-alignment-default\" data-animation=\"zoomSmall\"><div class=\"wp-block-getwid-image-box__image-container is-position-top\"><div class=\"wp-block-getwid-image-box__image-wrapper\"><img loading=\"lazy\" width=\"317\" height=\"640\" src=\"https:\/\/www.alpacacamping.de\/content\/wp-content\/uploads\/2025\/04\/Elegant-Floral-Woman-Book-Mockup-Instagram-Post-3.png\" alt=\"Screenshot gratis App\" class=\"wp-block-getwid-image-box__image wp-image-26503\" srcset=\"https:\/\/www.alpacacamping.de\/content\/wp-content\/uploads\/2025\/04\/Elegant-Floral-Woman-Book-Mockup-Instagram-Post-3.png 317w, https:\/\/www.alpacacamping.de\/content\/wp-content\/uploads\/2025\/04\/Elegant-Floral-Woman-Book-Mockup-Instagram-Post-3-149x300.png 149w\" sizes=\"(max-width: 317px) 100vw, 317px\"><\/div><\/div><div class=\"wp-block-getwid-image-box__content\">\n<h3 class=\"has-text-align-center\"><strong><br><\/strong>Deine Vorteile in der gratis AlpacaApp<\/h3>\n\n\n\n<p class=\"has-text-align-left\">&#9989; Finde deinen Traumstellplatz &amp; echte Campingerlebnisse<br>&#9989; Plane deine Urlaubsrouten mit Zwischenstopps<br>&#9989; Einfache Anwendung von Suche und Filtern<br>&#9989; Speichere deine Favoriten f&uuml;r unterwegs<br>&#9989; Profitiere von den Bewertungen der Alpaca-Community<br>&#9989; Bewerte deinen Stellplatz-Aufenthalt<br>&#9989; Keine nervige Werbung, versprochen!<br><\/p>\n\n\n\n<p class=\"has-text-align-left\"><\/p>\n\n\n\n<p class=\"has-text-align-left\"><\/p>\n\n\n\n<p class=\"has-text-align-left\"><\/p>\n\n\n\n<p class=\"has-text-align-left\"><\/p>\n\n\n\n<p class=\"has-text-align-left\"><\/p>\n\n\n\n<p class=\"has-text-align-left\"><\/p>\n<\/div><\/div>\n<\/div><\/div><\/div><\/div><\/div>\n\n\n\n<h3>Stellpl&auml;tze in der AlpacaApp<\/h3>\n\n\n\n<p>Die <strong>Stellplatz-App von AlpacaCamping<\/strong> ist dein zuverl&auml;ssiger Begleiter f&uuml;r die n&auml;chste Campingreise. Mit der App findest du schnell und unkompliziert den perfekten Stellplatz &ndash; egal, ob du einen idyllischen Ort mitten in der Natur suchst, einen Platz mit umfassender Ausstattung oder eine spontane &Uuml;bernachtungsm&ouml;glichkeit auf deinem Roadtrip. Dank einer &uuml;bersichtlichen und intuitiven Bedienung kannst du in Sekundenschnelle nach Stellpl&auml;tzen suchen, diese anhand von Filtern wie Standort, Ausstattung oder Preis vergleichen und direkt buchen.<\/p>\n\n\n\n<h4>Features der AlpacaCamping App:<\/h4>\n\n\n\n<ul><li><strong>Interaktive Kartenansicht<\/strong>: Entdecke Camping- und Stellpl&auml;tze in deiner N&auml;he oder an deinem gew&uuml;nschten Ziel.<br><\/li><li><strong>Individuelle Filter<\/strong>: Suche nach speziellen Kriterien, beispielsweise ob Hunde willkommen sind, einer Feuerstelle oder Sanit&auml;ranlagen.<br><\/li><li><strong>Direktbuchung<\/strong>: Reserviere deinen Platz einfach und sicher direkt &uuml;ber die App.<br><\/li><li><strong>Bewertungen und Fotos<\/strong>: Profitiere von Erfahrungsberichten und Bildern anderer Camper, um den perfekten Stellplatz zu finden.<br><\/li><li><strong>Favoritenliste<\/strong>: Speichere deine Lieblingspl&auml;tze f&uuml;r die n&auml;chste Reise.<\/li><\/ul>\n\n\n\n<h3>Warum du die Stellplatz-App von AlpacaCamping brauchst<\/h3>\n\n\n\n<p>Mit der <strong>AlpacaCamping App<\/strong> bist du immer bestens ausgestattet &ndash; egal, wohin dein Abenteuer f&uuml;hrt. Kein m&uuml;hsames Recherchieren, keine langen Anrufe bei Campingpl&auml;tzen: Die App bringt dir alle wichtigen Infos direkt aufs Smartphone. Du findest nicht nur die besten Stellpl&auml;tze f&uuml;r deinen Camper oder dein Zelt, sondern sparst auch Zeit und planst deine Reise stressfrei. Besonders f&uuml;r spontane Campingtrips ist die App ein Must-Have, um immer flexibel zu bleiben und die sch&ouml;nsten Pl&auml;tze zu entdecken. Hol dir die App und erlebe Camping so unkompliziert wie noch nie!<\/p>\n\n\n\n<p><\/p>\n","protected":false},"excerpt":{"rendered":"<p>Stellpl\u00e4tze in der AlpacaApp Die Stellplatz-App von AlpacaCamping ist dein zuverl\u00e4ssiger Begleiter f\u00fcr die n\u00e4chste Campingreise. Mit der App findest du schnell und unkompliziert den [&hellip;]<\/p>\n","protected":false},"author":1,"featured_media":0,"parent":0,"menu_order":0,"comment_status":"closed","ping_status":"closed","template":"","meta":[],"categories":[],"acf":[],"yoast_head":"<!-- This site is optimized with the Yoast SEO plugin v19.1 - https:\/\/yoast.com\/wordpress\/plugins\/seo\/ -->\n<title>AlpacaCaming App - jetzt gratis downloaden<\/title>\n<meta name=\"description\" content=\"Hol&#039; dir jetzt unsere App ?Dank der AlpacaCamping App, hast du den perfekten Begleiter f\u00fcr deine Stellplatzsuche - Unterwegs &amp; Zuhause ?\" \/>\n<meta name=\"robots\" content=\"index, follow, max-snippet:-1, max-image-preview:large, max-video-preview:-1\" \/>\n<link rel=\"canonical\" href=\"https:\/\/www.alpacacamping.de\/content\/app\/\" \/>\n<meta property=\"og:locale\" content=\"de_DE\" \/>\n<meta property=\"og:type\" content=\"article\" \/>\n<meta property=\"og:title\" content=\"AlpacaCaming App - jetzt gratis downloaden\" \/>\n<meta property=\"og:description\" content=\"Hol&#039; dir jetzt unsere App ?Dank der AlpacaCamping App, hast du den perfekten Begleiter f\u00fcr deine Stellplatzsuche - Unterwegs &amp; Zuhause ?\" \/>\n<meta property=\"og:url\" content=\"https:\/\/www.alpacacamping.de\/content\/app\/\" \/>\n<meta property=\"og:site_name\" content=\"AlpacaCamping\" \/>\n<meta property=\"article:modified_time\" content=\"2025-04-24T07:54:43+00:00\" \/>\n<meta property=\"og:image\" content=\"https:\/\/www.alpacacamping.de\/content\/wp-content\/uploads\/2025\/04\/Elegant-Floral-Woman-Book-Mockup-Instagram-Post-4.png\" \/>\n<meta name=\"twitter:card\" content=\"summary_large_image\" \/>\n<meta name=\"twitter:label1\" content=\"Gesch\u00e4tzte Lesezeit\" \/>\n\t<meta name=\"twitter:data1\" content=\"3\u00a0Minuten\" \/>\n<script type=\"application\/ld+json\" class=\"yoast-schema-graph\">{\"@context\":\"https:\/\/schema.org\",\"@graph\":[{\"@type\":\"WebSite\",\"@id\":\"https:\/\/www.alpacacamping.de\/content\/#website\",\"url\":\"https:\/\/www.alpacacamping.de\/content\/\",\"name\":\"AlpacaCamping\",\"description\":\"Camping Stellpl\u00e4tze \u00fcberall buchen.\",\"potentialAction\":[{\"@type\":\"SearchAction\",\"target\":{\"@type\":\"EntryPoint\",\"urlTemplate\":\"https:\/\/www.alpacacamping.de\/content\/?s={search_term_string}\"},\"query-input\":\"required name=search_term_string\"}],\"inLanguage\":\"de\"},{\"@type\":\"ImageObject\",\"inLanguage\":\"de\",\"@id\":\"https:\/\/www.alpacacamping.de\/content\/app\/#primaryimage\",\"url\":\"https:\/\/www.alpacacamping.de\/content\/wp-content\/uploads\/2025\/04\/Elegant-Floral-Woman-Book-Mockup-Instagram-Post-4.png\",\"contentUrl\":\"https:\/\/www.alpacacamping.de\/content\/wp-content\/uploads\/2025\/04\/Elegant-Floral-Woman-Book-Mockup-Instagram-Post-4.png\",\"width\":339,\"height\":632,\"caption\":\"Screenshot Premium App\"},{\"@type\":\"WebPage\",\"@id\":\"https:\/\/www.alpacacamping.de\/content\/app\/#webpage\",\"url\":\"https:\/\/www.alpacacamping.de\/content\/app\/\",\"name\":\"AlpacaCaming App - jetzt gratis downloaden\",\"isPartOf\":{\"@id\":\"https:\/\/www.alpacacamping.de\/content\/#website\"},\"primaryImageOfPage\":{\"@id\":\"https:\/\/www.alpacacamping.de\/content\/app\/#primaryimage\"},\"datePublished\":\"2022-06-28T12:30:48+00:00\",\"dateModified\":\"2025-04-24T07:54:43+00:00\",\"description\":\"Hol' dir jetzt unsere App ?Dank der AlpacaCamping App, hast du den perfekten Begleiter f\u00fcr deine Stellplatzsuche - Unterwegs & Zuhause ?\",\"breadcrumb\":{\"@id\":\"https:\/\/www.alpacacamping.de\/content\/app\/#breadcrumb\"},\"inLanguage\":\"de\",\"potentialAction\":[{\"@type\":\"ReadAction\",\"target\":[\"https:\/\/www.alpacacamping.de\/content\/app\/\"]}]},{\"@type\":\"BreadcrumbList\",\"@id\":\"https:\/\/www.alpacacamping.de\/content\/app\/#breadcrumb\",\"itemListElement\":[{\"@type\":\"ListItem\",\"position\":1,\"name\":\"Home\",\"item\":\"https:\/\/www.alpacacamping.de\/content\/\"},{\"@type\":\"ListItem\",\"position\":2,\"name\":\"AlpacaCamping App\"}]}]}<\/script>\n<!-- \/ Yoast SEO plugin. -->","yoast_head_json":{"title":"AlpacaCaming App - jetzt gratis downloaden","description":"Hol' dir jetzt unsere App ?Dank der AlpacaCamping App, hast du den perfekten Begleiter f\u00fcr deine Stellplatzsuche - Unterwegs & Zuhause ?","robots":{"index":"index","follow":"follow","max-snippet":"max-snippet:-1","max-image-preview":"max-image-preview:large","max-video-preview":"max-video-preview:-1"},"canonical":"https:\/\/www.alpacacamping.de\/content\/app\/","og_locale":"de_DE","og_type":"article","og_title":"AlpacaCaming App - jetzt gratis downloaden","og_description":"Hol' dir jetzt unsere App ?Dank der AlpacaCamping App, hast du den perfekten Begleiter f\u00fcr deine Stellplatzsuche - Unterwegs & Zuhause ?","og_url":"https:\/\/www.alpacacamping.de\/content\/app\/","og_site_name":"AlpacaCamping","article_modified_time":"2025-04-24T07:54:43+00:00","og_image":[{"url":"https:\/\/www.alpacacamping.de\/content\/wp-content\/uploads\/2025\/04\/Elegant-Floral-Woman-Book-Mockup-Instagram-Post-4.png"}],"twitter_card":"summary_large_image","twitter_misc":{"Gesch\u00e4tzte Lesezeit":"3\u00a0Minuten"},"schema":{"@context":"https:\/\/schema.org","@graph":[{"@type":"WebSite","@id":"https:\/\/www.alpacacamping.de\/content\/#website","url":"https:\/\/www.alpacacamping.de\/content\/","name":"AlpacaCamping","description":"Camping Stellpl\u00e4tze \u00fcberall buchen.","potentialAction":[{"@type":"SearchAction","target":{"@type":"EntryPoint","urlTemplate":"https:\/\/www.alpacacamping.de\/content\/?s={search_term_string}"},"query-input":"required name=search_term_string"}],"inLanguage":"de"},{"@type":"ImageObject","inLanguage":"de","@id":"https:\/\/www.alpacacamping.de\/content\/app\/#primaryimage","url":"https:\/\/www.alpacacamping.de\/content\/wp-content\/uploads\/2025\/04\/Elegant-Floral-Woman-Book-Mockup-Instagram-Post-4.png","contentUrl":"https:\/\/www.alpacacamping.de\/content\/wp-content\/uploads\/2025\/04\/Elegant-Floral-Woman-Book-Mockup-Instagram-Post-4.png","width":339,"height":632,"caption":"Screenshot Premium App"},{"@type":"WebPage","@id":"https:\/\/www.alpacacamping.de\/content\/app\/#webpage","url":"https:\/\/www.alpacacamping.de\/content\/app\/","name":"AlpacaCaming App - jetzt gratis downloaden","isPartOf":{"@id":"https:\/\/www.alpacacamping.de\/content\/#website"},"primaryImageOfPage":{"@id":"https:\/\/www.alpacacamping.de\/content\/app\/#primaryimage"},"datePublished":"2022-06-28T12:30:48+00:00","dateModified":"2025-04-24T07:54:43+00:00","description":"Hol' dir jetzt unsere App ?Dank der AlpacaCamping App, hast du den perfekten Begleiter f\u00fcr deine Stellplatzsuche - Unterwegs & Zuhause ?","breadcrumb":{"@id":"https:\/\/www.alpacacamping.de\/content\/app\/#breadcrumb"},"inLanguage":"de","potentialAction":[{"@type":"ReadAction","target":["https:\/\/www.alpacacamping.de\/content\/app\/"]}]},{"@type":"BreadcrumbList","@id":"https:\/\/www.alpacacamping.de\/content\/app\/#breadcrumb","itemListElement":[{"@type":"ListItem","position":1,"name":"Home","item":"https:\/\/www.alpacacamping.de\/content\/"},{"@type":"ListItem","position":2,"name":"AlpacaCamping App"}]}]}},"_links":{"self":[{"href":"https:\/\/www.alpacacamping.de\/content\/wp-json\/wp\/v2\/pages\/3495"}],"collection":[{"href":"https:\/\/www.alpacacamping.de\/content\/wp-json\/wp\/v2\/pages"}],"about":[{"href":"https:\/\/www.alpacacamping.de\/content\/wp-json\/wp\/v2\/types\/page"}],"author":[{"embeddable":true,"href":"https:\/\/www.alpacacamping.de\/content\/wp-json\/wp\/v2\/users\/1"}],"replies":[{"embeddable":true,"href":"https:\/\/www.alpacacamping.de\/content\/wp-json\/wp\/v2\/comments?post=3495"}],"version-history":[{"count":16,"href":"https:\/\/www.alpacacamping.de\/content\/wp-json\/wp\/v2\/pages\/3495\/revisions"}],"predecessor-version":[{"id":26505,"href":"https:\/\/www.alpacacamping.de\/content\/wp-json\/wp\/v2\/pages\/3495\/revisions\/26505"}],"wp:attachment":[{"href":"https:\/\/www.alpacacamping.de\/content\/wp-json\/wp\/v2\/media?parent=3495"}],"wp:term":[{"taxonomy":"category","embeddable":true,"href":"https:\/\/www.alpacacamping.de\/content\/wp-json\/wp\/v2\/categories?post=3495"}],"curies":[{"name":"wp","href":"https:\/\/api.w.org\/{rel}","templated":true}]}}