{"id":3446,"date":"2022-06-28T11:54:08","date_gmt":"2022-06-28T09:54:08","guid":{"rendered":"https:\/\/www.alpacacamping.de\/content\/?page_id=3446"},"modified":"2022-06-28T12:10:43","modified_gmt":"2022-06-28T10:10:43","slug":"wohnwagen-fuehrerschein-b96","status":"publish","type":"page","link":"https:\/\/www.alpacacamping.de\/content\/wohnwagen-fuehrerschein-b96\/","title":{"rendered":"Wohnwagen F\u00fchrerschein B96"},"content":{"rendered":"\n<div class=\"wp-block-getwid-section alignfull getwid-section-content-full-width\" style=\"margin-bottom:100px\"><div class=\"wp-block-getwid-section__wrapper getwid-align-items-mobile-center getwid-justify-content-mobile-center\" style=\"padding-top:50px;padding-bottom:140.99px\"><div class=\"wp-block-getwid-section__divider is-bottom-divider\"><svg x=\"0px\" y=\"0px\" viewbox=\"0 0 1000 20\" preserveaspectratio=\"xMidYMax slice\" class=\"wp-block-getwid-section__divider-svg\"><path fill=\"white\" class=\"wp-block-getwid-section__divider-svg-fill\" d=\"M0,0v3h484c8.8,0,16,7.2,16,16c0-8.8,7.2-16,16-16h484V0H0z\"><\/path><\/svg><\/div><div class=\"wp-block-getwid-section__inner-wrapper\"><div class=\"wp-block-getwid-section__background-holder\"><div class=\"wp-block-getwid-section__background\" style=\"background-image:url('https:\/\/www.alpacacamping.de\/content\/wp-content\/uploads\/2022\/06\/pexels-shane-aldendorff-4666673-scaled.jpg');background-position:49% 72%\"><div class=\"wp-block-getwid-section__background-image-wrapper\"><img class=\"wp-block-getwid-section__background-image\" src=\"https:\/\/www.alpacacamping.de\/content\/wp-content\/uploads\/2022\/06\/pexels-shane-aldendorff-4666673-scaled.jpg\" alt=\"\"><\/div><\/div><div class=\"wp-block-getwid-section__foreground\" style=\"opacity:0.2;background-color:#2c3847\"><\/div><\/div><div class=\"wp-block-getwid-section__content\"><div class=\"wp-block-getwid-section__inner-content\">\n<div class=\"wp-block-getwid-section\"><div class=\"wp-block-getwid-section__wrapper\"><div class=\"wp-block-getwid-section__inner-wrapper\"><div class=\"wp-block-getwid-section__background-holder\"><div class=\"wp-block-getwid-section__background\"><\/div><div class=\"wp-block-getwid-section__foreground\"><\/div><\/div><div class=\"wp-block-getwid-section__content\"><div class=\"wp-block-getwid-section__inner-content\">\n<h2 class=\"has-light-blue-color has-text-color\" id=\"5d588d52e8f7\" style=\"font-size:45px\"><strong>Wohnwagen F&uuml;hrerschein B96 <\/strong><\/h2>\n\n\n\n<h3 class=\"has-light-blue-color has-text-color\" id=\"c4598d62877f\" style=\"font-size:28px\"> &ndash; oder vielmehr Erweiterung B96: Was Du dar&uuml;ber wissen solltest<\/h3>\n<\/div><\/div><\/div><\/div><\/div>\n<\/div><\/div><\/div><\/div><\/div>\n\n\n\n<p>Interessant ist der <strong>Wohnwagen F&uuml;hrerschein B96<\/strong> f&uuml;r alle Camper, die mit einem Anh&auml;nger &uuml;ber 750 Kilogramm unterwegs sein wollen. Die Summe deines Wohnwagens oder Anh&auml;ngers mit der deines Zugfahrzeugs darf jedoch das Gewicht von 4.250 Kilogramm nicht &uuml;bersteigen.<\/p>\n\n\n\n<p>Das stellt aber im Normalfall kein Problem dar, denn damit kannst du locker 90 Prozent aller Wohnwagen aus europ&auml;ischen Produktionen ziehen.&nbsp;<\/p>\n\n\n\n<div class=\"wp-block-getwid-section\" style=\"margin-bottom:52px\"><div class=\"wp-block-getwid-section__wrapper\"><div class=\"wp-block-getwid-section__inner-wrapper\"><div class=\"wp-block-getwid-section__background-holder\"><div class=\"wp-block-getwid-section__background has-background has-light-violet-background-color\"><\/div><div class=\"wp-block-getwid-section__foreground\"><\/div><\/div><div class=\"wp-block-getwid-section__content\"><div class=\"wp-block-getwid-section__inner-content\">\n<h4 class=\"has-text-align-center\"><strong>Rechenbeispiel:<\/strong> <\/h4>\n\n\n\n<div class=\"wp-container-4 wp-block-columns\">\n<div class=\"wp-container-1 wp-block-column\">\n<p class=\"has-text-align-center\"><strong>4.250 kg<br><\/strong>(erlaubtes Gewicht deines Gespanns)<\/p>\n<\/div>\n\n\n\n<div class=\"wp-container-2 wp-block-column\">\n<p class=\"has-text-align-center\"><strong>&ndash; 2.050 kg <\/strong><br>deines Zugfahrzeugs<\/p>\n<\/div>\n\n\n\n<div class=\"wp-container-3 wp-block-column\">\n<p class=\"has-text-align-center\"><strong>= 2.200 kg<\/strong><br>max. Gewicht deines Wohnwagens<\/p>\n<\/div>\n<\/div>\n<\/div><\/div><\/div><\/div><\/div>\n\n\n\n<p>Bei B96 handelt es sich um eine Erweiterung des F&uuml;hrerscheins Klasse B und erm&ouml;glicht dir das Ziehen schwerer Anh&auml;nger. Oft wird hierbei von dem B96-F&uuml;hrerschein gesprochen, es handelt sich aber hierbei &ndash; wie schon erw&auml;hnt, nur um eine Erweiterung des bestehenden F&uuml;hrerscheins. Die Zahl 96 ist dann auf deinem F&uuml;hrerschein vermerkt. Hierf&uuml;r ist es notwendig, dass du in der Fahrschule Theorie- und Praxisstunden nimmst.<\/p>\n\n\n\n<p><strong>Wichtig: <\/strong>Pr&uuml;fe grunds&auml;tzlich immer, was du mit deinem F&uuml;hrerschein fahren darfst. In den Fahrzeugpapieren deines Fahrzeugs findest du das zul&auml;ssige Gesamtgewicht des Fahrzeugs.&nbsp;<\/p>\n\n\n\n<h3><strong>Was ist der Unterschied von Klasse B, BE oder B96?<\/strong><\/h3>\n\n\n\n<p><strong>Klasse B:<\/strong><\/p>\n\n\n\n<ul><li>erlaubt sind alle Kraftfahrzeuge mit einer zul&auml;ssigen Gesamtmasse bis 3.500 Kilogramm<\/li><li>nicht mehr als acht Personen, ausschlie&szlig;lich des Fahrers d&uuml;rfen mitfahren<\/li><li>du darfst auch auch Anh&auml;nger bis 750 Kilogramm ziehen &ndash; aber nur, wenn dein Gespann insgesamt nicht &uuml;ber 3.500 Kilogramm schwer ist.<\/li><\/ul>\n\n\n\n<p><strong>Erweiterung B96:<\/strong><\/p>\n\n\n\n<ul><li>Dein Anh&auml;nger darf mehr als 750 Kilogramm wiegen, aber die Gesamtmasse deines Gespanns &ndash; also Zugfahrzeug &amp; Anh&auml;nger nicht mehr als 4.250 Kilogramm &uuml;bersteigt. <\/li><\/ul>\n\n\n\n<p><strong>Klasse BE:&nbsp;<\/strong><\/p>\n\n\n\n<ul><li>Hier darfst du Anh&auml;nger mit einer zul&auml;ssigen Gesamtmasse zwischen 750 und 3500 Kilogramm liegt.<\/li><\/ul>\n\n\n\n<figure class=\"wp-block-image size-large\"><img loading=\"lazy\" width=\"1024\" height=\"683\" src=\"https:\/\/www.alpacacamping.de\/content\/wp-content\/uploads\/2022\/06\/pexels-engin-akyurt-3927311-1024x683.jpg\" alt=\"Anh&auml;ngerf&uuml;hrerschein B96\" class=\"wp-image-3451\" srcset=\"https:\/\/www.alpacacamping.de\/content\/wp-content\/uploads\/2022\/06\/pexels-engin-akyurt-3927311-1024x683.jpg 1024w, https:\/\/www.alpacacamping.de\/content\/wp-content\/uploads\/2022\/06\/pexels-engin-akyurt-3927311-300x200.jpg 300w, https:\/\/www.alpacacamping.de\/content\/wp-content\/uploads\/2022\/06\/pexels-engin-akyurt-3927311-768x512.jpg 768w, https:\/\/www.alpacacamping.de\/content\/wp-content\/uploads\/2022\/06\/pexels-engin-akyurt-3927311-1536x1024.jpg 1536w, https:\/\/www.alpacacamping.de\/content\/wp-content\/uploads\/2022\/06\/pexels-engin-akyurt-3927311-2048x1365.jpg 2048w, https:\/\/www.alpacacamping.de\/content\/wp-content\/uploads\/2022\/06\/pexels-engin-akyurt-3927311-938x625.jpg 938w, https:\/\/www.alpacacamping.de\/content\/wp-content\/uploads\/2022\/06\/pexels-engin-akyurt-3927311-1130x753.jpg 1130w\" sizes=\"(max-width: 1024px) 100vw, 1024px\"><\/figure>\n\n\n\n<h3><strong>Wohnwagen F&uuml;hrerschein B96: <\/strong>Wie erhalte ich die Erweiterung meines F&uuml;hrerscheins?&nbsp;<\/h3>\n\n\n\n<p><strong>Das Beste zuerst:&nbsp;<\/strong><br>Damit du die Schl&uuml;sselzahl B96 erh&auml;ltst, musst du nicht mal eine theoretische oder praktische Pr&uuml;fung absolvieren. Du musst lediglich nur einen Kurs oder eine Schulung in der Fahrschule zu absolvieren, welcher sich aus einem Theorie- und einem Praxisteil zusammensetzt. In manchen Fahrschulen dauert so eine Schulung sogar nur einen Tag.&nbsp;<\/p>\n\n\n\n<h3 class=\"has-medium-font-size\">Hier eine kleine &Uuml;bersicht, wie ein Tageskurs normalerweise abl&auml;uft:<\/h3>\n\n\n\n<p class=\"has-light-blue-background-color has-background\"><strong>Phase 1:<\/strong><br>2,5 Stunden Theorie, in der zum Beispiel die zul&auml;ssige Geschwindigkeit und Anh&auml;ngergewicht thematisiert wird.<\/p>\n\n\n\n<p class=\"has-light-blue-background-color has-background\"><strong>Phase 2: <br><\/strong>3,5 Stunden praktische &Uuml;bungen mit dem Anh&auml;nger wie beispielsweise An- und Abkuppeln, Einparken, R&uuml;ckw&auml;rtsfahren etc.&nbsp;<\/p>\n\n\n\n<p class=\"has-light-blue-background-color has-background\"><strong>Phase 3:<br><\/strong>Eine einst&uuml;ndige Fahr&uuml;bung im Stra&szlig;enverkehr.<\/p>\n\n\n\n<p><\/p>\n\n\n\n<h3><strong>Wie viel Kostet mich die B96 Erweiterung?<\/strong><\/h3>\n\n\n\n<p>Die Kosten k&ouml;nnen sich je nach Bundesland und Fahrschule unterscheiden. <br><strong>Oftmals liegen sie jedoch zwischen 250 und 600 Euro.<\/strong><\/p>\n\n\n<div class=\"wp-block-image is-style-default\">\n<figure class=\"alignleft size-large is-resized\"><img loading=\"lazy\" src=\"https:\/\/www.alpacacamping.de\/content\/wp-content\/uploads\/2022\/06\/pexels-cesar-fonseca-8454757-1024x683.jpg\" alt=\"Wohnwagenf&uuml;hrerschein \" class=\"wp-image-3449\" width=\"512\" height=\"342\" srcset=\"https:\/\/www.alpacacamping.de\/content\/wp-content\/uploads\/2022\/06\/pexels-cesar-fonseca-8454757-1024x683.jpg 1024w, https:\/\/www.alpacacamping.de\/content\/wp-content\/uploads\/2022\/06\/pexels-cesar-fonseca-8454757-300x200.jpg 300w, https:\/\/www.alpacacamping.de\/content\/wp-content\/uploads\/2022\/06\/pexels-cesar-fonseca-8454757-768x512.jpg 768w, https:\/\/www.alpacacamping.de\/content\/wp-content\/uploads\/2022\/06\/pexels-cesar-fonseca-8454757-1536x1024.jpg 1536w, https:\/\/www.alpacacamping.de\/content\/wp-content\/uploads\/2022\/06\/pexels-cesar-fonseca-8454757-2048x1365.jpg 2048w, https:\/\/www.alpacacamping.de\/content\/wp-content\/uploads\/2022\/06\/pexels-cesar-fonseca-8454757-938x625.jpg 938w, https:\/\/www.alpacacamping.de\/content\/wp-content\/uploads\/2022\/06\/pexels-cesar-fonseca-8454757-1130x753.jpg 1130w\" sizes=\"(max-width: 512px) 100vw, 512px\"><\/figure><\/div>\n\n\n<h3><br><strong>Was du sonst noch wissen solltest&hellip;<\/strong><\/h3>\n\n\n\n<ul><li>Mit der Teilnahmebescheinigung deiner Fahrschule beantragst du dann bei deiner F&uuml;hrerscheinstelle die Eintragung in dein F&uuml;hrerschein.<\/li><li><strong>Achtung<\/strong>: Du darfst noch keinen Wohnwagen ziehen, solange dein neuer F&uuml;hrerschein noch nicht da ist &ndash; falls du es aber eilig hast, kannst du dir einen vorl&auml;ufigen F&uuml;hrerschein ausstellen lassen, damit du sofort losfahren kannst.&nbsp;<\/li><li>Ein neuer Erste-Hilfe-Kurs wird nicht ben&ouml;tigt.<\/li><li>Mit deinem <strong>Wohnwagen F&uuml;hrerschein B96<\/strong> kannst du alle europ&auml;ischen Campingpl&auml;tze anfahren &ndash;&nbsp; er gilt in ganz Europa.<\/li><li>Die B96 Erweiterung kannst du sogar schon mit 17 Jahren machen, aber nat&uuml;rlich nur mit begleitendem Fahren.<\/li><\/ul>\n\n\n\n<h2><strong>Fazit: Sinnvolle Erweiterung<\/strong><\/h2>\n\n\n\n<p>Der <strong>Anh&auml;ngerf&uuml;hrerschein B96<\/strong> wird nicht umsonst auch <strong>Wohnwagenf&uuml;hrerschein<\/strong> genannt, da er vor allem f&uuml;r Camper sinnvoll ist. Vor allem, wenn deine Kombination aus Zugfahrzeug und Wohnwagen zusammen mehr als 3.500 Kilogramm wiegt &ndash; aber eben nicht viel mehr als dieses Gewicht.&nbsp;<\/p>\n\n\n\n<p>Lohnenswert ist die Erweiterung B96, wenn du mit dem Wohnwagen in den Urlaub fahren willst und keinen extra F&uuml;hrerschein mit Pr&uuml;fung machen willst.&nbsp;<\/p>\n\n\n\n<div class=\"wp-container-8 wp-block-columns\">\n<div class=\"wp-container-5 wp-block-column\">\n<figure class=\"wp-block-image size-large is-style-default\"><img loading=\"lazy\" width=\"683\" height=\"1024\" src=\"https:\/\/www.alpacacamping.de\/content\/wp-content\/uploads\/2022\/06\/pexels-joao-amorim-11113256-683x1024.jpg\" alt=\"Wohnwagen F&uuml;hrerschein B96\" class=\"wp-image-3453\" srcset=\"https:\/\/www.alpacacamping.de\/content\/wp-content\/uploads\/2022\/06\/pexels-joao-amorim-11113256-683x1024.jpg 683w, https:\/\/www.alpacacamping.de\/content\/wp-content\/uploads\/2022\/06\/pexels-joao-amorim-11113256-200x300.jpg 200w, https:\/\/www.alpacacamping.de\/content\/wp-content\/uploads\/2022\/06\/pexels-joao-amorim-11113256-768x1152.jpg 768w, https:\/\/www.alpacacamping.de\/content\/wp-content\/uploads\/2022\/06\/pexels-joao-amorim-11113256-1024x1536.jpg 1024w, https:\/\/www.alpacacamping.de\/content\/wp-content\/uploads\/2022\/06\/pexels-joao-amorim-11113256-1365x2048.jpg 1365w, https:\/\/www.alpacacamping.de\/content\/wp-content\/uploads\/2022\/06\/pexels-joao-amorim-11113256-938x1407.jpg 938w, https:\/\/www.alpacacamping.de\/content\/wp-content\/uploads\/2022\/06\/pexels-joao-amorim-11113256-1130x1695.jpg 1130w, https:\/\/www.alpacacamping.de\/content\/wp-content\/uploads\/2022\/06\/pexels-joao-amorim-11113256-scaled.jpg 1707w\" sizes=\"(max-width: 683px) 100vw, 683px\"><\/figure>\n<\/div>\n\n\n\n<div class=\"wp-container-6 wp-block-column\">\n<figure class=\"wp-block-image size-large\"><img loading=\"lazy\" width=\"683\" height=\"1024\" src=\"https:\/\/www.alpacacamping.de\/content\/wp-content\/uploads\/2022\/06\/pexels-s-migaj-1237528-683x1024.jpg\" alt=\"Anh&auml;ngerf&uuml;hrerschein B96\" class=\"wp-image-3455\" srcset=\"https:\/\/www.alpacacamping.de\/content\/wp-content\/uploads\/2022\/06\/pexels-s-migaj-1237528-683x1024.jpg 683w, https:\/\/www.alpacacamping.de\/content\/wp-content\/uploads\/2022\/06\/pexels-s-migaj-1237528-200x300.jpg 200w, https:\/\/www.alpacacamping.de\/content\/wp-content\/uploads\/2022\/06\/pexels-s-migaj-1237528-768x1151.jpg 768w, https:\/\/www.alpacacamping.de\/content\/wp-content\/uploads\/2022\/06\/pexels-s-migaj-1237528-1025x1536.jpg 1025w, https:\/\/www.alpacacamping.de\/content\/wp-content\/uploads\/2022\/06\/pexels-s-migaj-1237528-1366x2048.jpg 1366w, https:\/\/www.alpacacamping.de\/content\/wp-content\/uploads\/2022\/06\/pexels-s-migaj-1237528-938x1406.jpg 938w, https:\/\/www.alpacacamping.de\/content\/wp-content\/uploads\/2022\/06\/pexels-s-migaj-1237528-1130x1694.jpg 1130w, https:\/\/www.alpacacamping.de\/content\/wp-content\/uploads\/2022\/06\/pexels-s-migaj-1237528-scaled.jpg 1708w\" sizes=\"(max-width: 683px) 100vw, 683px\"><\/figure>\n<\/div>\n\n\n\n<div class=\"wp-container-7 wp-block-column\">\n<figure class=\"wp-block-image size-large\"><img loading=\"lazy\" width=\"683\" height=\"1024\" src=\"https:\/\/www.alpacacamping.de\/content\/wp-content\/uploads\/2022\/06\/pexels-cottonbro-6187660-683x1024.jpg\" alt=\"Wohnwagen F&uuml;hrerschein B96\" class=\"wp-image-3452\" srcset=\"https:\/\/www.alpacacamping.de\/content\/wp-content\/uploads\/2022\/06\/pexels-cottonbro-6187660-683x1024.jpg 683w, https:\/\/www.alpacacamping.de\/content\/wp-content\/uploads\/2022\/06\/pexels-cottonbro-6187660-200x300.jpg 200w, https:\/\/www.alpacacamping.de\/content\/wp-content\/uploads\/2022\/06\/pexels-cottonbro-6187660-768x1152.jpg 768w, https:\/\/www.alpacacamping.de\/content\/wp-content\/uploads\/2022\/06\/pexels-cottonbro-6187660-1024x1536.jpg 1024w, https:\/\/www.alpacacamping.de\/content\/wp-content\/uploads\/2022\/06\/pexels-cottonbro-6187660-1365x2048.jpg 1365w, https:\/\/www.alpacacamping.de\/content\/wp-content\/uploads\/2022\/06\/pexels-cottonbro-6187660-938x1407.jpg 938w, https:\/\/www.alpacacamping.de\/content\/wp-content\/uploads\/2022\/06\/pexels-cottonbro-6187660-1130x1695.jpg 1130w, https:\/\/www.alpacacamping.de\/content\/wp-content\/uploads\/2022\/06\/pexels-cottonbro-6187660-scaled.jpg 1707w\" sizes=\"(max-width: 683px) 100vw, 683px\"><\/figure>\n<\/div>\n<\/div>\n\n\n\n<p>Das k&ouml;nnte Dich interessieren:<\/p>\n\n\n\n<div class=\"wp-container-9 wp-block-buttons\">\n<div class=\"wp-block-button\"><a class=\"wp-block-button__link\" href=\"https:\/\/www.alpacacamping.de\/content\/gaspruefung-wohnnmobil\/\">Gaspr&uuml;gung Wohnmobil<\/a><\/div>\n<\/div>\n","protected":false},"excerpt":{"rendered":"<p>Interessant ist der Wohnwagen F\u00fchrerschein B96 f\u00fcr alle Camper, die mit einem Anh\u00e4nger \u00fcber 750 Kilogramm unterwegs sein wollen. Die Summe deines Wohnwagens oder Anh\u00e4ngers [&hellip;]<\/p>\n","protected":false},"author":2,"featured_media":0,"parent":0,"menu_order":0,"comment_status":"closed","ping_status":"closed","template":"","meta":[],"categories":[],"acf":[],"yoast_head":"<!-- This site is optimized with the Yoast SEO plugin v19.1 - https:\/\/yoast.com\/wordpress\/plugins\/seo\/ -->\n<title>Wohnwagen F\u00fchrerschein B96 f\u00fcr Anh\u00e4nger | AlpacaCamping ?<\/title>\n<meta name=\"description\" content=\"Informiere dich jetzt \u00fcber den Wohnwagen F\u00fchrerschein B96\u2757\ufe0f Hier erf\u00e4hrst du mehr \u00fcber den Anh\u00e4ngerf\u00fchrerschein und die Besonderheiten ?\" \/>\n<meta name=\"robots\" content=\"index, follow, max-snippet:-1, max-image-preview:large, max-video-preview:-1\" \/>\n<link rel=\"canonical\" href=\"https:\/\/www.alpacacamping.de\/content\/wohnwagen-fuehrerschein-b96\/\" \/>\n<meta property=\"og:locale\" content=\"de_DE\" \/>\n<meta property=\"og:type\" content=\"article\" \/>\n<meta property=\"og:title\" content=\"Wohnwagen F\u00fchrerschein B96 f\u00fcr Anh\u00e4nger | AlpacaCamping ?\" \/>\n<meta property=\"og:description\" content=\"Informiere dich jetzt \u00fcber den Wohnwagen F\u00fchrerschein B96\u2757\ufe0f Hier erf\u00e4hrst du mehr \u00fcber den Anh\u00e4ngerf\u00fchrerschein und die Besonderheiten ?\" \/>\n<meta property=\"og:url\" content=\"https:\/\/www.alpacacamping.de\/content\/wohnwagen-fuehrerschein-b96\/\" \/>\n<meta property=\"og:site_name\" content=\"AlpacaCamping\" \/>\n<meta property=\"article:modified_time\" content=\"2022-06-28T10:10:43+00:00\" \/>\n<meta property=\"og:image\" content=\"https:\/\/www.alpacacamping.de\/content\/wp-content\/uploads\/2022\/06\/pexels-shane-aldendorff-4666673-scaled.jpg\" \/>\n<meta name=\"twitter:card\" content=\"summary_large_image\" \/>\n<meta name=\"twitter:label1\" content=\"Gesch\u00e4tzte Lesezeit\" \/>\n\t<meta name=\"twitter:data1\" content=\"5\u00a0Minuten\" \/>\n<script type=\"application\/ld+json\" class=\"yoast-schema-graph\">{\"@context\":\"https:\/\/schema.org\",\"@graph\":[{\"@type\":\"WebSite\",\"@id\":\"https:\/\/www.alpacacamping.de\/content\/#website\",\"url\":\"https:\/\/www.alpacacamping.de\/content\/\",\"name\":\"AlpacaCamping\",\"description\":\"Camping Stellpl\u00e4tze \u00fcberall buchen.\",\"potentialAction\":[{\"@type\":\"SearchAction\",\"target\":{\"@type\":\"EntryPoint\",\"urlTemplate\":\"https:\/\/www.alpacacamping.de\/content\/?s={search_term_string}\"},\"query-input\":\"required name=search_term_string\"}],\"inLanguage\":\"de\"},{\"@type\":\"ImageObject\",\"inLanguage\":\"de\",\"@id\":\"https:\/\/www.alpacacamping.de\/content\/wohnwagen-fuehrerschein-b96\/#primaryimage\",\"url\":\"https:\/\/www.alpacacamping.de\/content\/wp-content\/uploads\/2022\/06\/pexels-shane-aldendorff-4666673-scaled.jpg\",\"contentUrl\":\"https:\/\/www.alpacacamping.de\/content\/wp-content\/uploads\/2022\/06\/pexels-shane-aldendorff-4666673-scaled.jpg\",\"width\":2560,\"height\":1440},{\"@type\":\"WebPage\",\"@id\":\"https:\/\/www.alpacacamping.de\/content\/wohnwagen-fuehrerschein-b96\/#webpage\",\"url\":\"https:\/\/www.alpacacamping.de\/content\/wohnwagen-fuehrerschein-b96\/\",\"name\":\"Wohnwagen F\u00fchrerschein B96 f\u00fcr Anh\u00e4nger | AlpacaCamping ?\",\"isPartOf\":{\"@id\":\"https:\/\/www.alpacacamping.de\/content\/#website\"},\"primaryImageOfPage\":{\"@id\":\"https:\/\/www.alpacacamping.de\/content\/wohnwagen-fuehrerschein-b96\/#primaryimage\"},\"datePublished\":\"2022-06-28T09:54:08+00:00\",\"dateModified\":\"2022-06-28T10:10:43+00:00\",\"description\":\"Informiere dich jetzt \u00fcber den Wohnwagen F\u00fchrerschein B96\u2757\ufe0f Hier erf\u00e4hrst du mehr \u00fcber den Anh\u00e4ngerf\u00fchrerschein und die Besonderheiten ?\",\"breadcrumb\":{\"@id\":\"https:\/\/www.alpacacamping.de\/content\/wohnwagen-fuehrerschein-b96\/#breadcrumb\"},\"inLanguage\":\"de\",\"potentialAction\":[{\"@type\":\"ReadAction\",\"target\":[\"https:\/\/www.alpacacamping.de\/content\/wohnwagen-fuehrerschein-b96\/\"]}]},{\"@type\":\"BreadcrumbList\",\"@id\":\"https:\/\/www.alpacacamping.de\/content\/wohnwagen-fuehrerschein-b96\/#breadcrumb\",\"itemListElement\":[{\"@type\":\"ListItem\",\"position\":1,\"name\":\"Home\",\"item\":\"https:\/\/www.alpacacamping.de\/content\/\"},{\"@type\":\"ListItem\",\"position\":2,\"name\":\"Wohnwagen F\u00fchrerschein B96\"}]}]}<\/script>\n<!-- \/ Yoast SEO plugin. -->","yoast_head_json":{"title":"Wohnwagen F\u00fchrerschein B96 f\u00fcr Anh\u00e4nger | AlpacaCamping ?","description":"Informiere dich jetzt \u00fcber den Wohnwagen F\u00fchrerschein B96\u2757\ufe0f Hier erf\u00e4hrst du mehr \u00fcber den Anh\u00e4ngerf\u00fchrerschein und die Besonderheiten ?","robots":{"index":"index","follow":"follow","max-snippet":"max-snippet:-1","max-image-preview":"max-image-preview:large","max-video-preview":"max-video-preview:-1"},"canonical":"https:\/\/www.alpacacamping.de\/content\/wohnwagen-fuehrerschein-b96\/","og_locale":"de_DE","og_type":"article","og_title":"Wohnwagen F\u00fchrerschein B96 f\u00fcr Anh\u00e4nger | AlpacaCamping ?","og_description":"Informiere dich jetzt \u00fcber den Wohnwagen F\u00fchrerschein B96\u2757\ufe0f Hier erf\u00e4hrst du mehr \u00fcber den Anh\u00e4ngerf\u00fchrerschein und die Besonderheiten ?","og_url":"https:\/\/www.alpacacamping.de\/content\/wohnwagen-fuehrerschein-b96\/","og_site_name":"AlpacaCamping","article_modified_time":"2022-06-28T10:10:43+00:00","og_image":[{"url":"https:\/\/www.alpacacamping.de\/content\/wp-content\/uploads\/2022\/06\/pexels-shane-aldendorff-4666673-scaled.jpg"}],"twitter_card":"summary_large_image","twitter_misc":{"Gesch\u00e4tzte Lesezeit":"5\u00a0Minuten"},"schema":{"@context":"https:\/\/schema.org","@graph":[{"@type":"WebSite","@id":"https:\/\/www.alpacacamping.de\/content\/#website","url":"https:\/\/www.alpacacamping.de\/content\/","name":"AlpacaCamping","description":"Camping Stellpl\u00e4tze \u00fcberall buchen.","potentialAction":[{"@type":"SearchAction","target":{"@type":"EntryPoint","urlTemplate":"https:\/\/www.alpacacamping.de\/content\/?s={search_term_string}"},"query-input":"required name=search_term_string"}],"inLanguage":"de"},{"@type":"ImageObject","inLanguage":"de","@id":"https:\/\/www.alpacacamping.de\/content\/wohnwagen-fuehrerschein-b96\/#primaryimage","url":"https:\/\/www.alpacacamping.de\/content\/wp-content\/uploads\/2022\/06\/pexels-shane-aldendorff-4666673-scaled.jpg","contentUrl":"https:\/\/www.alpacacamping.de\/content\/wp-content\/uploads\/2022\/06\/pexels-shane-aldendorff-4666673-scaled.jpg","width":2560,"height":1440},{"@type":"WebPage","@id":"https:\/\/www.alpacacamping.de\/content\/wohnwagen-fuehrerschein-b96\/#webpage","url":"https:\/\/www.alpacacamping.de\/content\/wohnwagen-fuehrerschein-b96\/","name":"Wohnwagen F\u00fchrerschein B96 f\u00fcr Anh\u00e4nger | AlpacaCamping ?","isPartOf":{"@id":"https:\/\/www.alpacacamping.de\/content\/#website"},"primaryImageOfPage":{"@id":"https:\/\/www.alpacacamping.de\/content\/wohnwagen-fuehrerschein-b96\/#primaryimage"},"datePublished":"2022-06-28T09:54:08+00:00","dateModified":"2022-06-28T10:10:43+00:00","description":"Informiere dich jetzt \u00fcber den Wohnwagen F\u00fchrerschein B96\u2757\ufe0f Hier erf\u00e4hrst du mehr \u00fcber den Anh\u00e4ngerf\u00fchrerschein und die Besonderheiten ?","breadcrumb":{"@id":"https:\/\/www.alpacacamping.de\/content\/wohnwagen-fuehrerschein-b96\/#breadcrumb"},"inLanguage":"de","potentialAction":[{"@type":"ReadAction","target":["https:\/\/www.alpacacamping.de\/content\/wohnwagen-fuehrerschein-b96\/"]}]},{"@type":"BreadcrumbList","@id":"https:\/\/www.alpacacamping.de\/content\/wohnwagen-fuehrerschein-b96\/#breadcrumb","itemListElement":[{"@type":"ListItem","position":1,"name":"Home","item":"https:\/\/www.alpacacamping.de\/content\/"},{"@type":"ListItem","position":2,"name":"Wohnwagen F\u00fchrerschein B96"}]}]}},"_links":{"self":[{"href":"https:\/\/www.alpacacamping.de\/content\/wp-json\/wp\/v2\/pages\/3446"}],"collection":[{"href":"https:\/\/www.alpacacamping.de\/content\/wp-json\/wp\/v2\/pages"}],"about":[{"href":"https:\/\/www.alpacacamping.de\/content\/wp-json\/wp\/v2\/types\/page"}],"author":[{"embeddable":true,"href":"https:\/\/www.alpacacamping.de\/content\/wp-json\/wp\/v2\/users\/2"}],"replies":[{"embeddable":true,"href":"https:\/\/www.alpacacamping.de\/content\/wp-json\/wp\/v2\/comments?post=3446"}],"version-history":[{"count":16,"href":"https:\/\/www.alpacacamping.de\/content\/wp-json\/wp\/v2\/pages\/3446\/revisions"}],"predecessor-version":[{"id":3525,"href":"https:\/\/www.alpacacamping.de\/content\/wp-json\/wp\/v2\/pages\/3446\/revisions\/3525"}],"wp:attachment":[{"href":"https:\/\/www.alpacacamping.de\/content\/wp-json\/wp\/v2\/media?parent=3446"}],"wp:term":[{"taxonomy":"category","embeddable":true,"href":"https:\/\/www.alpacacamping.de\/content\/wp-json\/wp\/v2\/categories?post=3446"}],"curies":[{"name":"wp","href":"https:\/\/api.w.org\/{rel}","templated":true}]}}