{"id":3263,"date":"2022-05-13T14:51:15","date_gmt":"2022-05-13T12:51:15","guid":{"rendered":"https:\/\/www.alpacacamping.de\/content\/?page_id=3263"},"modified":"2022-05-13T14:52:13","modified_gmt":"2022-05-13T12:52:13","slug":"gaspruefung-wohnnmobil","status":"publish","type":"page","link":"https:\/\/www.alpacacamping.de\/content\/gaspruefung-wohnnmobil\/","title":{"rendered":"Gaspr\u00fcfung Wohnnmobil"},"content":{"rendered":"\n<div class=\"wp-block-getwid-section alignfull getwid-section-content-full-width\" style=\"margin-bottom:100px\"><div class=\"wp-block-getwid-section__wrapper getwid-align-items-mobile-center getwid-justify-content-mobile-center\" style=\"padding-top:50px;padding-bottom:100px\"><div class=\"wp-block-getwid-section__divider is-bottom-divider\"><svg x=\"0px\" y=\"0px\" viewbox=\"0 0 1000 20\" preserveaspectratio=\"xMidYMax slice\" class=\"wp-block-getwid-section__divider-svg\"><path fill=\"white\" class=\"wp-block-getwid-section__divider-svg-fill\" d=\"M0,0v3h484c8.8,0,16,7.2,16,16c0-8.8,7.2-16,16-16h484V0H0z\"><\/path><\/svg><\/div><div class=\"wp-block-getwid-section__inner-wrapper\"><div class=\"wp-block-getwid-section__background-holder\"><div class=\"wp-block-getwid-section__background\" style=\"background-image:url('https:\/\/www.alpacacamping.de\/content\/wp-content\/uploads\/2022\/05\/AhornCamp_AlaskaTD_Wohnmobil_Allga&#776;u-2-scaled.jpg');background-position:50% 65%\"><div class=\"wp-block-getwid-section__background-image-wrapper\"><img class=\"wp-block-getwid-section__background-image\" src=\"https:\/\/www.alpacacamping.de\/content\/wp-content\/uploads\/2022\/05\/AhornCamp_AlaskaTD_Wohnmobil_Allga%CC%88u-2-scaled.jpg\" alt=\"\"><\/div><\/div><div class=\"wp-block-getwid-section__foreground\" style=\"opacity:0.2;background-color:#2c3847\"><\/div><\/div><div class=\"wp-block-getwid-section__content\"><div class=\"wp-block-getwid-section__inner-content\">\n<div class=\"wp-block-getwid-section\"><div class=\"wp-block-getwid-section__wrapper\"><div class=\"wp-block-getwid-section__inner-wrapper\"><div class=\"wp-block-getwid-section__background-holder\"><div class=\"wp-block-getwid-section__background\"><\/div><div class=\"wp-block-getwid-section__foreground\"><\/div><\/div><div class=\"wp-block-getwid-section__content\"><div class=\"wp-block-getwid-section__inner-content\">\n<h2 class=\"has-light-blue-color has-text-color\" id=\"5d588d52e8f7\" style=\"font-size:32px\"><strong>Gaspr&uuml;fung beim Wohnmobil <br><\/strong>&ndash; Sichtpr&uuml;fung<strong>, <\/strong>Dichtheitspr&uuml;fung und Brennprobe<\/h2>\n\n\n\n<h2 class=\"has-light-blue-color has-text-color\" id=\"c4598d62877f\" style=\"font-size:28px\">Was Du f&uuml;r den Ablauf wissen musst<\/h2>\n<\/div><\/div><\/div><\/div><\/div>\n<\/div><\/div><\/div><\/div><\/div>\n\n\n\n<div class=\"wp-block-getwid-section alignfull alignfull\"><div class=\"wp-block-getwid-section__wrapper\"><div class=\"wp-block-getwid-section__inner-wrapper\"><div class=\"wp-block-getwid-section__background-holder\"><div class=\"wp-block-getwid-section__background\"><\/div><div class=\"wp-block-getwid-section__foreground\"><\/div><\/div><div class=\"wp-block-getwid-section__content\"><div class=\"wp-block-getwid-section__inner-content\">\n<p><strong>Gaspr&uuml;fung Wohnmobil<\/strong>: Das ist eine Investition in deine Sicherheit. Hier erf&auml;hrst Du wichtige Infos zur Gaspr&uuml;fung beim Wohnmobil und Wohnwagen. Welche Schritte f&uuml;r eine Gaspr&uuml;fung notwendig sind, damit Du problemlos auf alle Campingpl&auml;tze fahren kannst &ndash; Der Pr&uuml;fablauf gibt Dir einen &Uuml;berblick. &nbsp;<\/p>\n\n\n\n<p class=\"has-text-align-center has-dark-blue-color has-gray-background-color has-text-color has-background has-medium-font-size\"><em><strong>Neue Regelung: ab 1. April 2022<\/strong><br>Sie gilt f&uuml;r alle Beteiligten &ndash; das hei&szlig;t Wohnmobile und auch Wohnwagen:<strong><br>Die Gaspr&uuml;fung ist Pflicht! <br><\/strong>Eine Gaspr&uuml;fung kannst du zum Beispiel beim T&Uuml;V durchf&uuml;hren lassen. Sie muss alle zwei Jahre verpflichtend neu durchgef&uuml;hrt werden.<\/em><\/p>\n\n\n\n<div class=\"wp-container-1 wp-block-group\"><div class=\"wp-block-group__inner-container\">\n<div class=\"wp-block-getwid-table-of-contents is-style-default\"><ul class=\"wp-block-getwid-table-of-contents__list\"><li><a href=\"#5d588d52e8f7\">Gaspr&uuml;fung beim Wohnmobil &ndash; Sichtpr&uuml;fung, Dichtheitspr&uuml;fung und Brennprobe<\/a><\/li><li><a href=\"#c4598d62877f\">Was Du f&uuml;r den Ablauf wissen musst<\/a><\/li><li><a href=\"#90668f57b518\">Kurz und Knapp<\/a><ul><li><a href=\"#d0be22f75627\">Ist eine Gaspr&uuml;fung beim Wohnmobil Pflicht?<\/a><\/li><li><a href=\"#385992fcb2b1\">Was kostet eine Gaspr&uuml;fung beim Wohnmobil\/Wohnwagen?<\/a><\/li><li><a href=\"#385992fcb2b1\">Was wird bei der Gaspr&uuml;fung am Wohnmobil gepr&uuml;ft?<\/a><\/li><\/ul><\/li><li><a href=\"#90668f57b518\">Zum Ablauf der Gaspr&uuml;fung eines Wohnmobils\/Wohnwagens<\/a><ul><li><a href=\"#977c283b487f\">1. Sichtpr&uuml;fung der Fl&uuml;ssiggas-Anlage&nbsp;<\/a><\/li><li><a href=\"#977c283b487f\">2. Dichtheitspr&uuml;fung<\/a><\/li><li><a href=\"#977c283b487f\">3. Brennprobe (Ger&auml;tepr&uuml;fung)<\/a><\/li><li><a href=\"#977c283b487f\">4. Die Plakette<\/a><\/li><\/ul><\/li><li><a href=\"#48259592b3cb\">Ein Tipp zum Schluss zur Gaspr&uuml;fung Deines Fahrzeugs<\/a><\/li><\/ul><\/div>\n<\/div><\/div>\n\n\n\n<h2 id=\"90668f57b518\" style=\"font-size:28px\"><strong>Kurz und Knapp<\/strong><\/h2>\n\n\n\n<h3 id=\"d0be22f75627\" style=\"font-size:24px\">Ist eine Gaspr&uuml;fung beim Wohnmobil Pflicht?<\/h3>\n\n\n\n<p>Ja, verf&uuml;gt Dein Wohnmobil\/Wohnwagen &uuml;ber eine Gasanlage, muss diese gepr&uuml;ft werden. Und das, noch bevor sie das erste Mal in Betrieb genommen wird! Nach dieser ersten Pr&uuml;fung durch einen Sachverst&auml;ndigen, musst Du folglich alle zwei Jahre eine Pr&uuml;fung bei deinem Wohnmobil\/Wohnwagen durchf&uuml;hren. Damit garantierst Du die Sicherheit deiner Gasanlage.<\/p>\n\n\n\n<p>Ohne Gaspr&uuml;fung erh&auml;lt Dein Wohnmobil\/Wohnwagen au&szlig;erdem keinen T&Uuml;V<strong>. Die Gaspr&uuml;fung ist seit dem 1. April 2022 verpflichtend!<\/strong><\/p>\n\n\n\n<h3 id=\"385992fcb2b1\" style=\"font-size:24px\">Was kostet eine Gaspr&uuml;fung beim Wohnmobil\/Wohnwagen?<\/h3>\n\n\n\n<p>Eine <strong>Gaspr&uuml;fung beim Wohnmobil<\/strong> kann zwischen 20 und 60 Euro kosten. Du kannst sie bei Pr&uuml;forganisationen, wie beispielsweise dem T&Uuml;V-Verband oder der DEKRA durchf&uuml;hren.&nbsp;<\/p>\n\n\n\n<h3 id=\"385992fcb2b1\" style=\"font-size:24px\">Was wird bei der Gaspr&uuml;fung am Wohnmobil gepr&uuml;ft?<\/h3>\n\n\n\n<p>Bei der Gaspr&uuml;fung Deines Wohnmobils\/Wohnwagens werden Halterung, Dichtung, Luft&ouml;ffnungen und weitere Dinge &uuml;berpr&uuml;ft. Zus&auml;tzlich ist die Funktionalit&auml;t der Ger&auml;te und Abgasrohre wichtig. Zum genauen Ablauf der Pr&uuml;fung Deines Wohnmobils\/Wohnwagens, erf&auml;hrst Du jedoch in den n&auml;chsten Abschnitten mehr.<\/p>\n\n\n\n<div class=\"wp-block-image\"><figure class=\"alignleft size-large is-resized\"><img loading=\"lazy\" src=\"https:\/\/www.alpacacamping.de\/content\/wp-content\/uploads\/2022\/05\/IMG_1574-1024x683.jpg\" alt=\"\" class=\"wp-image-3281\" width=\"512\" height=\"342\" srcset=\"https:\/\/www.alpacacamping.de\/content\/wp-content\/uploads\/2022\/05\/IMG_1574-1024x683.jpg 1024w, https:\/\/www.alpacacamping.de\/content\/wp-content\/uploads\/2022\/05\/IMG_1574-300x200.jpg 300w, https:\/\/www.alpacacamping.de\/content\/wp-content\/uploads\/2022\/05\/IMG_1574-768x512.jpg 768w, https:\/\/www.alpacacamping.de\/content\/wp-content\/uploads\/2022\/05\/IMG_1574-1536x1024.jpg 1536w, https:\/\/www.alpacacamping.de\/content\/wp-content\/uploads\/2022\/05\/IMG_1574-2048x1365.jpg 2048w, https:\/\/www.alpacacamping.de\/content\/wp-content\/uploads\/2022\/05\/IMG_1574-938x625.jpg 938w, https:\/\/www.alpacacamping.de\/content\/wp-content\/uploads\/2022\/05\/IMG_1574-1130x753.jpg 1130w\" sizes=\"(max-width: 512px) 100vw, 512px\"><\/figure><\/div>\n\n\n\n<div class=\"wp-block-image\"><figure class=\"alignleft size-large is-resized\"><img loading=\"lazy\" src=\"https:\/\/www.alpacacamping.de\/content\/wp-content\/uploads\/2022\/05\/IMG_1485-1024x683.jpg\" alt=\"Wohnmobil\" class=\"wp-image-3289\" width=\"512\" height=\"342\" srcset=\"https:\/\/www.alpacacamping.de\/content\/wp-content\/uploads\/2022\/05\/IMG_1485-1024x683.jpg 1024w, https:\/\/www.alpacacamping.de\/content\/wp-content\/uploads\/2022\/05\/IMG_1485-300x200.jpg 300w, https:\/\/www.alpacacamping.de\/content\/wp-content\/uploads\/2022\/05\/IMG_1485-768x512.jpg 768w, https:\/\/www.alpacacamping.de\/content\/wp-content\/uploads\/2022\/05\/IMG_1485-1536x1024.jpg 1536w, https:\/\/www.alpacacamping.de\/content\/wp-content\/uploads\/2022\/05\/IMG_1485-2048x1365.jpg 2048w, https:\/\/www.alpacacamping.de\/content\/wp-content\/uploads\/2022\/05\/IMG_1485-938x625.jpg 938w, https:\/\/www.alpacacamping.de\/content\/wp-content\/uploads\/2022\/05\/IMG_1485-1130x753.jpg 1130w\" sizes=\"(max-width: 512px) 100vw, 512px\"><\/figure><\/div>\n\n\n\n<h2 id=\"90668f57b518\" style=\"font-size:28px\"><strong>Zum Ablauf der Gaspr&uuml;fung eines Wohnmobils\/Wohnwagens<\/strong><\/h2>\n\n\n\n<h4 class=\"has-medium-font-size\" id=\"977c283b487f\"><strong>1. Sichtpr&uuml;fung der Fl&uuml;ssiggas-Anlage&nbsp;<\/strong><\/h4>\n\n\n\n<ul><li>Bei der Hauptuntersuchung der Gaspr&uuml;fung wird der <strong>Druckminderer <\/strong>und der <strong>Anschlussschlauch <\/strong>auf Besch&auml;digungen gepr&uuml;ft. Des Weiteren spielt das Alter eine Rolle, denn Druckminderer und Anschlussschlauch d&uuml;rfen maximal 10 Jahre lang verwendet werden. Danach m&uuml;ssen sie mit Neuen ausgetauscht werden.<\/li><\/ul>\n\n\n\n<ul><li>Zus&auml;tzlich ist verpflichtend die <strong>Halterung <\/strong>der Gasflasche zu &uuml;berpr&uuml;fen.<\/li><\/ul>\n\n\n\n<ul><li>Anschlie&szlig;end finden weitere Pr&uuml;fungen im Gaskasten statt &ndash; denn die <strong>L&uuml;ftungs&ouml;ffnung <\/strong>wird &uuml;berpr&uuml;ft, da auch sie Pflicht ist.<\/li><\/ul>\n\n\n\n<ul><li><strong>Achtung<\/strong>: Es ist nicht erlaubt Z&uuml;ndquellen wie Steckdosen, elektronische Ger&auml;te, Schalter usw. im Gaskasten zu verstauen.<\/li><\/ul>\n\n\n\n<ul><li>Die <strong>Abgasrohre<\/strong> werden nun<strong> <\/strong>ebenfalls auf Besch&auml;digung untersucht.<\/li><\/ul>\n\n\n\n<h4 class=\"has-medium-font-size\" id=\"977c283b487f\"><strong>2. Dichtheitspr&uuml;fung<\/strong><\/h4>\n\n\n\n<p>Unter die <strong>Gaspr&uuml;fung des Wohnmobils<\/strong>\/Wohnwagens f&auml;llt auch die Dichtungspr&uuml;fung. Hierbei werden durch eine Druckerh&ouml;hung und mit Hilfe eines Dichtpr&uuml;fger&auml;ts die <strong>Dichtungen <\/strong>der Gasanlage gepr&uuml;ft.&nbsp;<\/p>\n\n\n\n<p>Zudem wird hierbei der Gasregler vom Schlauch getrennt und durch das Dichtpr&uuml;fger&auml;t ersetzt. Danach erh&ouml;ht ein Pr&uuml;fger&auml;t den Druck der ganzen Gasanlage auf 150 Millibar.&nbsp;Nach diesem Vorgang darf der Druck innerhalb von f&uuml;nf Minuten nur minimal sinken.&nbsp;<\/p>\n\n\n\n<h4 class=\"has-medium-font-size\" id=\"977c283b487f\"><strong>3. Brennprobe (Ger&auml;tepr&uuml;fung)<\/strong><\/h4>\n\n\n\n<p>In diesem Schritt werden die einzelnen Gasger&auml;te und <strong>Sicherheitsventile <\/strong>auf korrekte Funktion &uuml;berpr&uuml;ft. Um die Ger&auml;te und die Z&uuml;ndsicherung zu &uuml;berpr&uuml;fen, wird nach der im Schritt 2 beschriebenen Dichtheitspr&uuml;fung, wieder eine Gasflasche mit Fl&uuml;ssiggas angeschlossen.&nbsp;<br><strong><em>Was &uuml;berpr&uuml;ft die Brennprobe am Wohnmobil\/Wohnwagen?<\/em><\/strong><\/p>\n\n\n\n<ul><li><strong>Flammen und Ventile:<\/strong> Brennen alle Flammen und schalten die Ventile richtig ab?<\/li><li><strong>Ger&auml;te<\/strong>: Z&uuml;nden die Ger&auml;te richtig?<\/li><li><strong>Heizung<\/strong>: Die Heizung wird gez&uuml;ndet und &uuml;berpr&uuml;ft<\/li><\/ul>\n\n\n\n<h4 class=\"has-medium-font-size\" id=\"977c283b487f\"><strong>4. Die Plakette<\/strong><\/h4>\n\n\n\n<p>Wenn alle dieser Punkte keine Probleme aufweisen, erh&auml;lt das Wohnmobil\/Wohnwagen f&uuml;r die Gaspr&uuml;fung die gelbe Pr&uuml;fbescheinigung und eine neue Pr&uuml;fplakette.&nbsp;<\/p>\n\n\n\n<div class=\"wp-block-image\"><figure class=\"alignleft size-large is-resized\"><img loading=\"lazy\" src=\"https:\/\/www.alpacacamping.de\/content\/wp-content\/uploads\/2022\/05\/IMG_1504-1024x683.jpg\" alt=\"\" class=\"wp-image-3283\" width=\"512\" height=\"342\" srcset=\"https:\/\/www.alpacacamping.de\/content\/wp-content\/uploads\/2022\/05\/IMG_1504-1024x683.jpg 1024w, https:\/\/www.alpacacamping.de\/content\/wp-content\/uploads\/2022\/05\/IMG_1504-300x200.jpg 300w, https:\/\/www.alpacacamping.de\/content\/wp-content\/uploads\/2022\/05\/IMG_1504-768x512.jpg 768w, https:\/\/www.alpacacamping.de\/content\/wp-content\/uploads\/2022\/05\/IMG_1504-1536x1024.jpg 1536w, https:\/\/www.alpacacamping.de\/content\/wp-content\/uploads\/2022\/05\/IMG_1504-2048x1365.jpg 2048w, https:\/\/www.alpacacamping.de\/content\/wp-content\/uploads\/2022\/05\/IMG_1504-938x625.jpg 938w, https:\/\/www.alpacacamping.de\/content\/wp-content\/uploads\/2022\/05\/IMG_1504-1130x753.jpg 1130w\" sizes=\"(max-width: 512px) 100vw, 512px\"><\/figure><\/div>\n\n\n\n<div class=\"wp-block-image\"><figure class=\"alignleft size-large is-resized\"><img loading=\"lazy\" src=\"https:\/\/www.alpacacamping.de\/content\/wp-content\/uploads\/2022\/05\/IMG_2011-1024x683.jpg\" alt=\"\" class=\"wp-image-3294\" width=\"512\" height=\"342\" srcset=\"https:\/\/www.alpacacamping.de\/content\/wp-content\/uploads\/2022\/05\/IMG_2011-1024x683.jpg 1024w, https:\/\/www.alpacacamping.de\/content\/wp-content\/uploads\/2022\/05\/IMG_2011-300x200.jpg 300w, https:\/\/www.alpacacamping.de\/content\/wp-content\/uploads\/2022\/05\/IMG_2011-768x512.jpg 768w, https:\/\/www.alpacacamping.de\/content\/wp-content\/uploads\/2022\/05\/IMG_2011-1536x1024.jpg 1536w, https:\/\/www.alpacacamping.de\/content\/wp-content\/uploads\/2022\/05\/IMG_2011-2048x1365.jpg 2048w, https:\/\/www.alpacacamping.de\/content\/wp-content\/uploads\/2022\/05\/IMG_2011-938x625.jpg 938w, https:\/\/www.alpacacamping.de\/content\/wp-content\/uploads\/2022\/05\/IMG_2011-1130x753.jpg 1130w\" sizes=\"(max-width: 512px) 100vw, 512px\"><\/figure><\/div>\n<\/div><\/div><\/div><\/div><\/div>\n\n\n\n<div class=\"wp-block-getwid-section alignfull getwid-section-content-full-width\"><div class=\"wp-block-getwid-section__wrapper getwid-padding-top-large getwid-padding-bottom-large\"><div class=\"wp-block-getwid-section__inner-wrapper\"><div class=\"wp-block-getwid-section__background-holder\"><div class=\"wp-block-getwid-section__background\" style=\"background-image:url('https:\/\/www.alpacacamping.de\/content\/wp-content\/uploads\/2021\/06\/pexels-cottonbro-5994384-scaled.jpg')\"><div class=\"wp-block-getwid-section__background-image-wrapper\"><img class=\"wp-block-getwid-section__background-image\" src=\"https:\/\/www.alpacacamping.de\/content\/wp-content\/uploads\/2021\/06\/pexels-cottonbro-5994384-scaled.jpg\" alt=\"Campingplatz er&ouml;ffnen\"><\/div><\/div><div class=\"wp-block-getwid-section__foreground\" style=\"opacity:0.3;background-color:#2c3847\"><\/div><\/div><div class=\"wp-block-getwid-section__content\"><div class=\"wp-block-getwid-section__inner-content\">\n<div class=\"wp-block-getwid-section\"><div class=\"wp-block-getwid-section__wrapper\"><div class=\"wp-block-getwid-section__inner-wrapper\"><div class=\"wp-block-getwid-section__background-holder\"><div class=\"wp-block-getwid-section__background\"><\/div><div class=\"wp-block-getwid-section__foreground\"><\/div><\/div><div class=\"wp-block-getwid-section__content\"><div class=\"wp-block-getwid-section__inner-content\">\n<h2 id=\"48259592b3cb\" style=\"font-size:28px\">Ein <strong>Tipp <\/strong>zum Schluss zur Gaspr&uuml;fung Deines Fahrzeugs<\/h2>\n\n\n\n<p class=\"has-light-blue-color has-text-color\" style=\"font-size:25px\"><strong>Bedenke bitte: Ohne gef&uuml;llte Gasflasche gibt es keine Gaspr&uuml;fung! <\/strong><br><strong>Pr&uuml;fe also unbedingt, ob gen&uuml;gend Fl&uuml;ssiggas in deiner Flasche ist. Denn, kein Gas &ndash; keine Gaspr&uuml;fung &ndash; und somit keine Pr&uuml;fplakette.<\/strong><\/p>\n<\/div><\/div><\/div><\/div><\/div>\n<\/div><\/div><\/div><\/div><\/div>\n","protected":false},"excerpt":{"rendered":"","protected":false},"author":1,"featured_media":0,"parent":0,"menu_order":0,"comment_status":"closed","ping_status":"closed","template":"","meta":[],"categories":[],"acf":[],"yoast_head":"<!-- This site is optimized with the Yoast SEO plugin v19.1 - https:\/\/yoast.com\/wordpress\/plugins\/seo\/ -->\n<title>Gaspr\u00fcfung Wohnmobil: Das MUSST du wissen! | AlpacaCamping ?<\/title>\n<meta name=\"description\" content=\"Was bei der Gaspr\u00fcfung am Wohnmobil zu beachten ist? ? Wir kl\u00e4ren dich auf: Hier erf\u00e4hrst du alles rund um die Pr\u00fcfung des Gasstands! ?\" \/>\n<meta name=\"robots\" content=\"index, follow, max-snippet:-1, max-image-preview:large, max-video-preview:-1\" \/>\n<link rel=\"canonical\" href=\"https:\/\/www.alpacacamping.de\/content\/gaspruefung-wohnnmobil\/\" \/>\n<meta property=\"og:locale\" content=\"de_DE\" \/>\n<meta property=\"og:type\" content=\"article\" \/>\n<meta property=\"og:title\" content=\"Gaspr\u00fcfung Wohnmobil: Das MUSST du wissen! | AlpacaCamping ?\" \/>\n<meta property=\"og:description\" content=\"Was bei der Gaspr\u00fcfung am Wohnmobil zu beachten ist? ? Wir kl\u00e4ren dich auf: Hier erf\u00e4hrst du alles rund um die Pr\u00fcfung des Gasstands! ?\" \/>\n<meta property=\"og:url\" content=\"https:\/\/www.alpacacamping.de\/content\/gaspruefung-wohnnmobil\/\" \/>\n<meta property=\"og:site_name\" content=\"AlpacaCamping\" \/>\n<meta property=\"article:modified_time\" content=\"2022-05-13T12:52:13+00:00\" \/>\n<meta property=\"og:image\" content=\"https:\/\/www.alpacacamping.de\/content\/wp-content\/uploads\/2022\/05\/IMG_1574-1024x683.jpg\" \/>\n<meta name=\"twitter:card\" content=\"summary_large_image\" \/>\n<meta name=\"twitter:label1\" content=\"Gesch\u00e4tzte Lesezeit\" \/>\n\t<meta name=\"twitter:data1\" content=\"4\u00a0Minuten\" \/>\n<script type=\"application\/ld+json\" class=\"yoast-schema-graph\">{\"@context\":\"https:\/\/schema.org\",\"@graph\":[{\"@type\":\"WebSite\",\"@id\":\"https:\/\/www.alpacacamping.de\/content\/#website\",\"url\":\"https:\/\/www.alpacacamping.de\/content\/\",\"name\":\"AlpacaCamping\",\"description\":\"Camping Stellpl\u00e4tze \u00fcberall buchen.\",\"potentialAction\":[{\"@type\":\"SearchAction\",\"target\":{\"@type\":\"EntryPoint\",\"urlTemplate\":\"https:\/\/www.alpacacamping.de\/content\/?s={search_term_string}\"},\"query-input\":\"required name=search_term_string\"}],\"inLanguage\":\"de\"},{\"@type\":\"ImageObject\",\"inLanguage\":\"de\",\"@id\":\"https:\/\/www.alpacacamping.de\/content\/gaspruefung-wohnnmobil\/#primaryimage\",\"url\":\"https:\/\/www.alpacacamping.de\/content\/wp-content\/uploads\/2022\/05\/IMG_1574-1024x683.jpg\",\"contentUrl\":\"https:\/\/www.alpacacamping.de\/content\/wp-content\/uploads\/2022\/05\/IMG_1574-1024x683.jpg\"},{\"@type\":\"WebPage\",\"@id\":\"https:\/\/www.alpacacamping.de\/content\/gaspruefung-wohnnmobil\/#webpage\",\"url\":\"https:\/\/www.alpacacamping.de\/content\/gaspruefung-wohnnmobil\/\",\"name\":\"Gaspr\u00fcfung Wohnmobil: Das MUSST du wissen! | AlpacaCamping ?\",\"isPartOf\":{\"@id\":\"https:\/\/www.alpacacamping.de\/content\/#website\"},\"primaryImageOfPage\":{\"@id\":\"https:\/\/www.alpacacamping.de\/content\/gaspruefung-wohnnmobil\/#primaryimage\"},\"datePublished\":\"2022-05-13T12:51:15+00:00\",\"dateModified\":\"2022-05-13T12:52:13+00:00\",\"description\":\"Was bei der Gaspr\u00fcfung am Wohnmobil zu beachten ist? ? Wir kl\u00e4ren dich auf: Hier erf\u00e4hrst du alles rund um die Pr\u00fcfung des Gasstands! ?\",\"breadcrumb\":{\"@id\":\"https:\/\/www.alpacacamping.de\/content\/gaspruefung-wohnnmobil\/#breadcrumb\"},\"inLanguage\":\"de\",\"potentialAction\":[{\"@type\":\"ReadAction\",\"target\":[\"https:\/\/www.alpacacamping.de\/content\/gaspruefung-wohnnmobil\/\"]}]},{\"@type\":\"BreadcrumbList\",\"@id\":\"https:\/\/www.alpacacamping.de\/content\/gaspruefung-wohnnmobil\/#breadcrumb\",\"itemListElement\":[{\"@type\":\"ListItem\",\"position\":1,\"name\":\"Home\",\"item\":\"https:\/\/www.alpacacamping.de\/content\/\"},{\"@type\":\"ListItem\",\"position\":2,\"name\":\"Gaspr\u00fcfung Wohnnmobil\"}]}]}<\/script>\n<!-- \/ Yoast SEO plugin. -->","yoast_head_json":{"title":"Gaspr\u00fcfung Wohnmobil: Das MUSST du wissen! | AlpacaCamping ?","description":"Was bei der Gaspr\u00fcfung am Wohnmobil zu beachten ist? ? Wir kl\u00e4ren dich auf: Hier erf\u00e4hrst du alles rund um die Pr\u00fcfung des Gasstands! ?","robots":{"index":"index","follow":"follow","max-snippet":"max-snippet:-1","max-image-preview":"max-image-preview:large","max-video-preview":"max-video-preview:-1"},"canonical":"https:\/\/www.alpacacamping.de\/content\/gaspruefung-wohnnmobil\/","og_locale":"de_DE","og_type":"article","og_title":"Gaspr\u00fcfung Wohnmobil: Das MUSST du wissen! | AlpacaCamping ?","og_description":"Was bei der Gaspr\u00fcfung am Wohnmobil zu beachten ist? ? Wir kl\u00e4ren dich auf: Hier erf\u00e4hrst du alles rund um die Pr\u00fcfung des Gasstands! ?","og_url":"https:\/\/www.alpacacamping.de\/content\/gaspruefung-wohnnmobil\/","og_site_name":"AlpacaCamping","article_modified_time":"2022-05-13T12:52:13+00:00","og_image":[{"url":"https:\/\/www.alpacacamping.de\/content\/wp-content\/uploads\/2022\/05\/IMG_1574-1024x683.jpg"}],"twitter_card":"summary_large_image","twitter_misc":{"Gesch\u00e4tzte Lesezeit":"4\u00a0Minuten"},"schema":{"@context":"https:\/\/schema.org","@graph":[{"@type":"WebSite","@id":"https:\/\/www.alpacacamping.de\/content\/#website","url":"https:\/\/www.alpacacamping.de\/content\/","name":"AlpacaCamping","description":"Camping Stellpl\u00e4tze \u00fcberall buchen.","potentialAction":[{"@type":"SearchAction","target":{"@type":"EntryPoint","urlTemplate":"https:\/\/www.alpacacamping.de\/content\/?s={search_term_string}"},"query-input":"required name=search_term_string"}],"inLanguage":"de"},{"@type":"ImageObject","inLanguage":"de","@id":"https:\/\/www.alpacacamping.de\/content\/gaspruefung-wohnnmobil\/#primaryimage","url":"https:\/\/www.alpacacamping.de\/content\/wp-content\/uploads\/2022\/05\/IMG_1574-1024x683.jpg","contentUrl":"https:\/\/www.alpacacamping.de\/content\/wp-content\/uploads\/2022\/05\/IMG_1574-1024x683.jpg"},{"@type":"WebPage","@id":"https:\/\/www.alpacacamping.de\/content\/gaspruefung-wohnnmobil\/#webpage","url":"https:\/\/www.alpacacamping.de\/content\/gaspruefung-wohnnmobil\/","name":"Gaspr\u00fcfung Wohnmobil: Das MUSST du wissen! | AlpacaCamping ?","isPartOf":{"@id":"https:\/\/www.alpacacamping.de\/content\/#website"},"primaryImageOfPage":{"@id":"https:\/\/www.alpacacamping.de\/content\/gaspruefung-wohnnmobil\/#primaryimage"},"datePublished":"2022-05-13T12:51:15+00:00","dateModified":"2022-05-13T12:52:13+00:00","description":"Was bei der Gaspr\u00fcfung am Wohnmobil zu beachten ist? ? Wir kl\u00e4ren dich auf: Hier erf\u00e4hrst du alles rund um die Pr\u00fcfung des Gasstands! ?","breadcrumb":{"@id":"https:\/\/www.alpacacamping.de\/content\/gaspruefung-wohnnmobil\/#breadcrumb"},"inLanguage":"de","potentialAction":[{"@type":"ReadAction","target":["https:\/\/www.alpacacamping.de\/content\/gaspruefung-wohnnmobil\/"]}]},{"@type":"BreadcrumbList","@id":"https:\/\/www.alpacacamping.de\/content\/gaspruefung-wohnnmobil\/#breadcrumb","itemListElement":[{"@type":"ListItem","position":1,"name":"Home","item":"https:\/\/www.alpacacamping.de\/content\/"},{"@type":"ListItem","position":2,"name":"Gaspr\u00fcfung Wohnnmobil"}]}]}},"_links":{"self":[{"href":"https:\/\/www.alpacacamping.de\/content\/wp-json\/wp\/v2\/pages\/3263"}],"collection":[{"href":"https:\/\/www.alpacacamping.de\/content\/wp-json\/wp\/v2\/pages"}],"about":[{"href":"https:\/\/www.alpacacamping.de\/content\/wp-json\/wp\/v2\/types\/page"}],"author":[{"embeddable":true,"href":"https:\/\/www.alpacacamping.de\/content\/wp-json\/wp\/v2\/users\/1"}],"replies":[{"embeddable":true,"href":"https:\/\/www.alpacacamping.de\/content\/wp-json\/wp\/v2\/comments?post=3263"}],"version-history":[{"count":39,"href":"https:\/\/www.alpacacamping.de\/content\/wp-json\/wp\/v2\/pages\/3263\/revisions"}],"predecessor-version":[{"id":3335,"href":"https:\/\/www.alpacacamping.de\/content\/wp-json\/wp\/v2\/pages\/3263\/revisions\/3335"}],"wp:attachment":[{"href":"https:\/\/www.alpacacamping.de\/content\/wp-json\/wp\/v2\/media?parent=3263"}],"wp:term":[{"taxonomy":"category","embeddable":true,"href":"https:\/\/www.alpacacamping.de\/content\/wp-json\/wp\/v2\/categories?post=3263"}],"curies":[{"name":"wp","href":"https:\/\/api.w.org\/{rel}","templated":true}]}}