{"id":30508,"date":"2026-03-25T14:16:44","date_gmt":"2026-03-25T13:16:44","guid":{"rendered":"https:\/\/www.alpacacamping.de\/content\/?page_id=30508"},"modified":"2026-03-26T09:44:16","modified_gmt":"2026-03-26T08:44:16","slug":"obelink-gutschein","status":"publish","type":"page","link":"https:\/\/www.alpacacamping.de\/content\/obelink-gutschein\/","title":{"rendered":"Obelink Gutschein"},"content":{"rendered":"\n<div class=\"wp-block-getwid-section alignfull alignfull getwid-section-content-full-width\" style=\"margin-top:1px;margin-bottom:34px\"><div class=\"wp-block-getwid-section__wrapper getwid-align-items-mobile-center getwid-justify-content-mobile-center\" style=\"padding-top:50px;padding-bottom:26px\"><div class=\"wp-block-getwid-section__divider is-bottom-divider\"><svg x=\"0px\" y=\"0px\" viewbox=\"0 0 1000 20\" preserveaspectratio=\"xMidYMax slice\" class=\"wp-block-getwid-section__divider-svg\"><path fill=\"white\" class=\"wp-block-getwid-section__divider-svg-fill\" d=\"M0,0v3h484c8.8,0,16,7.2,16,16c0-8.8,7.2-16,16-16h484V0H0z\"><\/path><\/svg><\/div><div class=\"wp-block-getwid-section__inner-wrapper\"><div class=\"wp-block-getwid-section__background-holder\"><div class=\"wp-block-getwid-section__background has-background has-primary-background-color\"><\/div><div class=\"wp-block-getwid-section__foreground\" style=\"opacity:0.2;background-color:#2c3847\"><\/div><\/div><div class=\"wp-block-getwid-section__content\"><div class=\"wp-block-getwid-section__inner-content\">\n<div class=\"wp-block-getwid-section\"><div class=\"wp-block-getwid-section__wrapper\"><div class=\"wp-block-getwid-section__inner-wrapper\"><div class=\"wp-block-getwid-section__background-holder\"><div class=\"wp-block-getwid-section__background\"><\/div><div class=\"wp-block-getwid-section__foreground\"><\/div><\/div><div class=\"wp-block-getwid-section__content\"><div class=\"wp-block-getwid-section__inner-content\">\n<h1 class=\"has-light-blue-color has-text-color\" style=\"font-size:40px\"><strong><strong><strong>Obelink Gutschein &amp; Rabattcode 2026 <\/strong><\/strong><\/strong>&ndash; Aktuelle Codes &amp; Spartipps<\/h1>\n<\/div><\/div><\/div><\/div><\/div>\n<\/div><\/div><\/div><\/div><\/div>\n\n\n\n<p>Wer nach einem <strong>Obelink Gutschein<\/strong> oder Rabattcode sucht, m&ouml;chte beim Kauf von Camping-Zubeh&ouml;r, M&ouml;beln oder Outdoor-Ausr&uuml;stung sparen. Schnell zeigt sich jedoch, dass viele der im Internet kursierenden Codes nicht funktionieren oder bereits abgelaufen sind. Gleichzeitig bietet Obelink selbst regelm&auml;&szlig;ig Aktionen und Deals, &uuml;ber die sich zuverl&auml;ssig sparen l&auml;sst.<br>Hier erf&auml;hrst du, welche Rabatte aktuell realistisch sind und wie du dir die besten Angebote sicherst, ohne auf unsichere Gutscheincodes angewiesen zu sein.<\/p>\n\n\n\n<h2><strong><strong>Gibt es aktuell einen Obelink Rabattcode?<\/strong><\/strong><\/h2>\n\n\n\n<p>F&uuml;r Obelink sind zahlreiche Gutscheincodes online zu finden, allerdings sind nur wenige davon tats&auml;chlich g&uuml;ltig. Viele stammen von externen Gutscheinseiten und sind entweder abgelaufen oder nie offiziell verf&uuml;gbar gewesen. Verl&auml;sslicher sind daher direkte Aktionen und Angebote, die Obelink selbst bereitstellt.<\/p>\n\n\n\n<p>Ganz offiziell sparst du &uuml;brigens mit dem AlpacaClub bei Obelink. Wenn du<strong> Mitglied im AlpacaClub wirst, bekommst du einen aktiven Rabattcode bei Obelink und &uuml;ber 50 <strong>weitere<\/strong><\/strong> <strong>Rabatte bei Partnershops, ein gratis Camping-Reisef&uuml;hrer und vieles mehr!<\/strong> Wenn du regelm&auml;&szlig;ig Angebote rund um Camping, Outdoor und Vanlife nutzen m&ouml;chtest, lohnt sich ein Blick auf exklusive Vorteile und Aktionen innerhalb dieser Community.<\/p>\n\n\n\n<div class=\"wp-block-getwid-section alignfull alignfull\"><div class=\"wp-block-getwid-section__wrapper\"><div class=\"wp-block-getwid-section__inner-wrapper\"><div class=\"wp-block-getwid-section__background-holder\"><div class=\"wp-block-getwid-section__background\"><\/div><div class=\"wp-block-getwid-section__foreground\"><\/div><\/div><div class=\"wp-block-getwid-section__content\"><div class=\"wp-block-getwid-section__inner-content\">\n<div class=\"wp-block-getwid-section\"><div class=\"wp-block-getwid-section__wrapper\" style=\"padding-top:1px\"><div class=\"wp-block-getwid-section__inner-wrapper\"><div class=\"wp-block-getwid-section__background-holder\"><div class=\"wp-block-getwid-section__background\"><\/div><div class=\"wp-block-getwid-section__foreground\"><\/div><\/div><div class=\"wp-block-getwid-section__content\"><div class=\"wp-block-getwid-section__inner-content\"><div class=\"wp-block-image\">\n<figure class=\"aligncenter size-full is-resized\"><img loading=\"lazy\" src=\"https:\/\/www.alpacacamping.de\/content\/wp-content\/uploads\/2026\/03\/Obelink_.png\" alt=\"\" class=\"wp-image-30511\" width=\"224\" height=\"224\" srcset=\"https:\/\/www.alpacacamping.de\/content\/wp-content\/uploads\/2026\/03\/Obelink_.png 500w, https:\/\/www.alpacacamping.de\/content\/wp-content\/uploads\/2026\/03\/Obelink_-300x300.png 300w, https:\/\/www.alpacacamping.de\/content\/wp-content\/uploads\/2026\/03\/Obelink_-150x150.png 150w, https:\/\/www.alpacacamping.de\/content\/wp-content\/uploads\/2026\/03\/Obelink_-12x12.png 12w\" sizes=\"(max-width: 224px) 100vw, 224px\"><\/figure><\/div>\n\n<div class=\"wp-block-image\">\n<figure class=\"aligncenter size-full is-resized\"><a href=\"https:\/\/www.alpacacamping.de\/club\"><img loading=\"lazy\" src=\"https:\/\/www.alpacacamping.de\/content\/wp-content\/uploads\/2025\/02\/Club-Rabattcode-Button-Code-anzeigen-3.png\" alt=\"Dometic Rabattcode\" class=\"wp-image-25603\" width=\"236\" height=\"55\" srcset=\"https:\/\/www.alpacacamping.de\/content\/wp-content\/uploads\/2025\/02\/Club-Rabattcode-Button-Code-anzeigen-3.png 945w, https:\/\/www.alpacacamping.de\/content\/wp-content\/uploads\/2025\/02\/Club-Rabattcode-Button-Code-anzeigen-3-300x70.png 300w, https:\/\/www.alpacacamping.de\/content\/wp-content\/uploads\/2025\/02\/Club-Rabattcode-Button-Code-anzeigen-3-768x178.png 768w, https:\/\/www.alpacacamping.de\/content\/wp-content\/uploads\/2025\/02\/Club-Rabattcode-Button-Code-anzeigen-3-938x219.png 938w\" sizes=\"(max-width: 236px) 100vw, 236px\"><\/a><\/figure><\/div>\n\n\n<p class=\"has-text-align-center has-primary-color has-text-color has-large-font-size\"><strong>10 &euro; <\/strong><\/p>\n\n\n\n<p class=\"has-text-align-center has-primary-color has-text-color has-medium-font-size\"><strong>Obelink Rabattcode<\/strong>: 10 &euro; Rabatt auf den gesamten Warenkorb!<\/p>\n\n\n\n<p class=\"has-text-align-center\"><strong>Exklusiv f&uuml;r AlpacaClub Mitglieder!<\/strong> <br>Jetzt Clubmitgliedschaft freischalten, gratis Reisef&uuml;hrer im Wert von 39 &euro; und exklusive Rabatte bei &uuml;ber 50 Partnershops wie Obelink sichern:<\/p>\n\n\n\n<div class=\"wp-container-1 is-content-justification-center wp-block-buttons\">\n<div class=\"wp-block-button\"><a class=\"wp-block-button__link\" href=\"https:\/\/www.alpacacamping.de\/club\" target=\"_blank\" rel=\"noreferrer noopener\">zum Alpaca Club<\/a><\/div>\n<\/div>\n\n\n\n<div class=\"wp-container-2 is-content-justification-center wp-block-buttons\"><\/div>\n<\/div><\/div><\/div><\/div><\/div>\n<\/div><\/div><\/div><\/div><\/div>\n\n\n\n<h2><strong>So sparst du bei <strong>Obelink<\/strong><\/strong><\/h2>\n\n\n\n<p>Die besten Einsparm&ouml;glichkeiten ergeben sich h&auml;ufig durch saisonale Sales, insbesondere vor und nach der Campingsaison. In diesen Zeitr&auml;umen werden verschiedene Produktkategorien reduziert angeboten.<br>Zus&auml;tzlich gibt es regelm&auml;&szlig;ig zeitlich begrenzte Deals, bei denen ausgew&auml;hlte Artikel oder Sortimente g&uuml;nstiger erh&auml;ltlich sind. Auch gr&ouml;&szlig;ere Rabattaktionen auf ganze Produktbereiche kommen vor und bieten oft bessere Preisvorteile als einzelne Gutscheincodes.<br>Dar&uuml;ber hinaus k&ouml;nnen exklusive Angebote f&uuml;r registrierte Nutzer oder Newsletter-Abonnenten eine Rolle spielen.<\/p>\n\n\n\n<h2><strong>Alternativen zu Gutscheinen<\/strong><\/h2>\n\n\n\n<p>Wenn kein funktionierender Rabattcode verf&uuml;gbar ist, lohnt sich ein Blick auf Aktionsseiten, Sale-Kategorien oder Restposten. Diese bieten in vielen F&auml;llen die zuverl&auml;ssigsten Einsparm&ouml;glichkeiten und sind direkt verf&uuml;gbar.<\/p>\n\n\n\n<h2><strong>Marken-Context<\/strong><\/h2>\n\n\n\n<p>Obelink ist ein gro&szlig;er Anbieter f&uuml;r Camping-Zubeh&ouml;r und Outdoor-Ausr&uuml;stung mit breitem Sortiment. Die Marke ist besonders bekannt f&uuml;r eine gro&szlig;e Produktauswahl und regelm&auml;&szlig;ig wechselnde Angebote, wodurch Preisvorteile h&auml;ufig &uuml;ber Aktionen statt &uuml;ber Gutscheine entstehen.<\/p>\n\n\n\n<h2><strong>FAQ<\/strong><\/h2>\n\n\n\n<div class=\"schema-faq wp-block-yoast-faq-block\"><div class=\"schema-faq-section\" id=\"faq-question-1774367399379\"><strong class=\"schema-faq-question\"><strong><strong>Gibt es funktionierende Obelink Gutscheine?<\/strong><\/strong><\/strong> <p class=\"schema-faq-answer\">Ja, allerdings sind viele &ouml;ffentlich verf&uuml;gbare Codes nicht mehr g&uuml;ltig. Mit der Mitgliedschaft im <a href=\"http:\/\/www.alpacacamping.de\/club\" target=\"_blank\" rel=\"noreferrer noopener\">AlpacaClub<\/a>, hast du Zugang zu einem Obelink Rabatt und &uuml;ber 50 weiteren Rabattpartnern in der Campingwelt + bekommst einen gratis Camping-Reisef&uuml;hrer geschenkt und sparst ordentlich in der Campingwelt. <\/p> <\/div> <div class=\"schema-faq-section\" id=\"faq-question-1774367483170\"><strong class=\"schema-faq-question\"><strong><strong>Warum funktionieren viele Codes nicht?<\/strong><\/strong><\/strong> <p class=\"schema-faq-answer\">Oft handelt es sich um abgelaufene oder nicht offiziell ver&ouml;ffentlichte Gutscheine.<\/p> <\/div> <div class=\"schema-faq-section\" id=\"faq-question-1774367500939\"><strong class=\"schema-faq-question\"><strong><strong>Wann sind die besten Angebote verf&uuml;gbar?<\/strong><\/strong><\/strong> <p class=\"schema-faq-answer\">H&auml;ufig rund um Saisonwechsel oder gr&ouml;&szlig;ere Verkaufsaktionen.<\/p> <\/div> <\/div>\n","protected":false},"excerpt":{"rendered":"<p>Wer nach einem Obelink Gutschein oder Rabattcode sucht, m\u00f6chte beim Kauf von Camping-Zubeh\u00f6r, M\u00f6beln oder Outdoor-Ausr\u00fcstung sparen. Schnell zeigt sich jedoch, dass viele der im [&hellip;]<\/p>\n","protected":false},"author":2,"featured_media":0,"parent":0,"menu_order":0,"comment_status":"closed","ping_status":"closed","template":"","meta":[],"categories":[25],"acf":[],"yoast_head":"<!-- This site is optimized with the Yoast SEO plugin v19.1 - https:\/\/yoast.com\/wordpress\/plugins\/seo\/ -->\n<title>Obelink Gutschein &amp; Rabattcode 2026 |\u00a0AlpacaCamping<\/title>\n<meta name=\"description\" content=\"Obelink Gutschein und Rabattcode sichern: Spare 10 \u20ac auf deinen gesamten Warenkorb! Jetzt Rabatt nutze und Vorteile sichern!\" \/>\n<meta name=\"robots\" content=\"index, follow, max-snippet:-1, max-image-preview:large, max-video-preview:-1\" \/>\n<link rel=\"canonical\" href=\"https:\/\/www.alpacacamping.de\/content\/obelink-gutschein\/\" \/>\n<meta property=\"og:locale\" content=\"de_DE\" \/>\n<meta property=\"og:type\" content=\"article\" \/>\n<meta property=\"og:title\" content=\"Obelink Gutschein &amp; Rabattcode 2026 |\u00a0AlpacaCamping\" \/>\n<meta property=\"og:description\" content=\"Obelink Gutschein und Rabattcode sichern: Spare 10 \u20ac auf deinen gesamten Warenkorb! Jetzt Rabatt nutze und Vorteile sichern!\" \/>\n<meta property=\"og:url\" content=\"https:\/\/www.alpacacamping.de\/content\/obelink-gutschein\/\" \/>\n<meta property=\"og:site_name\" content=\"AlpacaCamping\" \/>\n<meta property=\"article:modified_time\" content=\"2026-03-26T08:44:16+00:00\" \/>\n<meta property=\"og:image\" content=\"https:\/\/www.alpacacamping.de\/content\/wp-content\/uploads\/2026\/03\/Obelink_.png\" \/>\n<meta name=\"twitter:card\" content=\"summary_large_image\" \/>\n<meta name=\"twitter:label1\" content=\"Gesch\u00e4tzte Lesezeit\" \/>\n\t<meta name=\"twitter:data1\" content=\"3\u00a0Minuten\" \/>\n<script type=\"application\/ld+json\" class=\"yoast-schema-graph\">{\"@context\":\"https:\/\/schema.org\",\"@graph\":[{\"@type\":\"WebSite\",\"@id\":\"https:\/\/www.alpacacamping.de\/content\/#website\",\"url\":\"https:\/\/www.alpacacamping.de\/content\/\",\"name\":\"AlpacaCamping\",\"description\":\"Camping Stellpl\u00e4tze \u00fcberall buchen.\",\"potentialAction\":[{\"@type\":\"SearchAction\",\"target\":{\"@type\":\"EntryPoint\",\"urlTemplate\":\"https:\/\/www.alpacacamping.de\/content\/?s={search_term_string}\"},\"query-input\":\"required name=search_term_string\"}],\"inLanguage\":\"de\"},{\"@type\":\"ImageObject\",\"inLanguage\":\"de\",\"@id\":\"https:\/\/www.alpacacamping.de\/content\/obelink-gutschein\/#primaryimage\",\"url\":\"https:\/\/www.alpacacamping.de\/content\/wp-content\/uploads\/2026\/03\/Obelink_.png\",\"contentUrl\":\"https:\/\/www.alpacacamping.de\/content\/wp-content\/uploads\/2026\/03\/Obelink_.png\",\"width\":500,\"height\":500},{\"@type\":[\"WebPage\",\"FAQPage\"],\"@id\":\"https:\/\/www.alpacacamping.de\/content\/obelink-gutschein\/#webpage\",\"url\":\"https:\/\/www.alpacacamping.de\/content\/obelink-gutschein\/\",\"name\":\"Obelink Gutschein & Rabattcode 2026 |\u00a0AlpacaCamping\",\"isPartOf\":{\"@id\":\"https:\/\/www.alpacacamping.de\/content\/#website\"},\"primaryImageOfPage\":{\"@id\":\"https:\/\/www.alpacacamping.de\/content\/obelink-gutschein\/#primaryimage\"},\"datePublished\":\"2026-03-25T13:16:44+00:00\",\"dateModified\":\"2026-03-26T08:44:16+00:00\",\"description\":\"Obelink Gutschein und Rabattcode sichern: Spare 10 \u20ac auf deinen gesamten Warenkorb! Jetzt Rabatt nutze und Vorteile sichern!\",\"breadcrumb\":{\"@id\":\"https:\/\/www.alpacacamping.de\/content\/obelink-gutschein\/#breadcrumb\"},\"mainEntity\":[{\"@id\":\"https:\/\/www.alpacacamping.de\/content\/obelink-gutschein\/#faq-question-1774367399379\"},{\"@id\":\"https:\/\/www.alpacacamping.de\/content\/obelink-gutschein\/#faq-question-1774367483170\"},{\"@id\":\"https:\/\/www.alpacacamping.de\/content\/obelink-gutschein\/#faq-question-1774367500939\"}],\"inLanguage\":\"de\",\"potentialAction\":[{\"@type\":\"ReadAction\",\"target\":[\"https:\/\/www.alpacacamping.de\/content\/obelink-gutschein\/\"]}]},{\"@type\":\"BreadcrumbList\",\"@id\":\"https:\/\/www.alpacacamping.de\/content\/obelink-gutschein\/#breadcrumb\",\"itemListElement\":[{\"@type\":\"ListItem\",\"position\":1,\"name\":\"Home\",\"item\":\"https:\/\/www.alpacacamping.de\/content\/\"},{\"@type\":\"ListItem\",\"position\":2,\"name\":\"Obelink Gutschein\"}]},{\"@type\":\"Question\",\"@id\":\"https:\/\/www.alpacacamping.de\/content\/obelink-gutschein\/#faq-question-1774367399379\",\"position\":1,\"url\":\"https:\/\/www.alpacacamping.de\/content\/obelink-gutschein\/#faq-question-1774367399379\",\"name\":\"Gibt es funktionierende Obelink Gutscheine?\",\"answerCount\":1,\"acceptedAnswer\":{\"@type\":\"Answer\",\"text\":\"Ja, allerdings sind viele \u00f6ffentlich verf\u00fcgbare Codes nicht mehr g\u00fcltig. Mit der Mitgliedschaft im <a href=\\\"http:\/\/www.alpacacamping.de\/club\\\" target=\\\"_blank\\\" rel=\\\"noreferrer noopener\\\">AlpacaClub<\/a>, hast du Zugang zu einem Obelink Rabatt und \u00fcber 50 weiteren Rabattpartnern in der Campingwelt + bekommst einen gratis Camping-Reisef\u00fchrer geschenkt und sparst ordentlich in der Campingwelt. \",\"inLanguage\":\"de\"},\"inLanguage\":\"de\"},{\"@type\":\"Question\",\"@id\":\"https:\/\/www.alpacacamping.de\/content\/obelink-gutschein\/#faq-question-1774367483170\",\"position\":2,\"url\":\"https:\/\/www.alpacacamping.de\/content\/obelink-gutschein\/#faq-question-1774367483170\",\"name\":\"Warum funktionieren viele Codes nicht?\",\"answerCount\":1,\"acceptedAnswer\":{\"@type\":\"Answer\",\"text\":\"Oft handelt es sich um abgelaufene oder nicht offiziell ver\u00f6ffentlichte Gutscheine.\",\"inLanguage\":\"de\"},\"inLanguage\":\"de\"},{\"@type\":\"Question\",\"@id\":\"https:\/\/www.alpacacamping.de\/content\/obelink-gutschein\/#faq-question-1774367500939\",\"position\":3,\"url\":\"https:\/\/www.alpacacamping.de\/content\/obelink-gutschein\/#faq-question-1774367500939\",\"name\":\"Wann sind die besten Angebote verf\u00fcgbar?\",\"answerCount\":1,\"acceptedAnswer\":{\"@type\":\"Answer\",\"text\":\"H\u00e4ufig rund um Saisonwechsel oder gr\u00f6\u00dfere Verkaufsaktionen.\",\"inLanguage\":\"de\"},\"inLanguage\":\"de\"}]}<\/script>\n<!-- \/ Yoast SEO plugin. -->","yoast_head_json":{"title":"Obelink Gutschein & Rabattcode 2026 |\u00a0AlpacaCamping","description":"Obelink Gutschein und Rabattcode sichern: Spare 10 \u20ac auf deinen gesamten Warenkorb! Jetzt Rabatt nutze und Vorteile sichern!","robots":{"index":"index","follow":"follow","max-snippet":"max-snippet:-1","max-image-preview":"max-image-preview:large","max-video-preview":"max-video-preview:-1"},"canonical":"https:\/\/www.alpacacamping.de\/content\/obelink-gutschein\/","og_locale":"de_DE","og_type":"article","og_title":"Obelink Gutschein & Rabattcode 2026 |\u00a0AlpacaCamping","og_description":"Obelink Gutschein und Rabattcode sichern: Spare 10 \u20ac auf deinen gesamten Warenkorb! Jetzt Rabatt nutze und Vorteile sichern!","og_url":"https:\/\/www.alpacacamping.de\/content\/obelink-gutschein\/","og_site_name":"AlpacaCamping","article_modified_time":"2026-03-26T08:44:16+00:00","og_image":[{"url":"https:\/\/www.alpacacamping.de\/content\/wp-content\/uploads\/2026\/03\/Obelink_.png"}],"twitter_card":"summary_large_image","twitter_misc":{"Gesch\u00e4tzte Lesezeit":"3\u00a0Minuten"},"schema":{"@context":"https:\/\/schema.org","@graph":[{"@type":"WebSite","@id":"https:\/\/www.alpacacamping.de\/content\/#website","url":"https:\/\/www.alpacacamping.de\/content\/","name":"AlpacaCamping","description":"Camping Stellpl\u00e4tze \u00fcberall buchen.","potentialAction":[{"@type":"SearchAction","target":{"@type":"EntryPoint","urlTemplate":"https:\/\/www.alpacacamping.de\/content\/?s={search_term_string}"},"query-input":"required name=search_term_string"}],"inLanguage":"de"},{"@type":"ImageObject","inLanguage":"de","@id":"https:\/\/www.alpacacamping.de\/content\/obelink-gutschein\/#primaryimage","url":"https:\/\/www.alpacacamping.de\/content\/wp-content\/uploads\/2026\/03\/Obelink_.png","contentUrl":"https:\/\/www.alpacacamping.de\/content\/wp-content\/uploads\/2026\/03\/Obelink_.png","width":500,"height":500},{"@type":["WebPage","FAQPage"],"@id":"https:\/\/www.alpacacamping.de\/content\/obelink-gutschein\/#webpage","url":"https:\/\/www.alpacacamping.de\/content\/obelink-gutschein\/","name":"Obelink Gutschein & Rabattcode 2026 |\u00a0AlpacaCamping","isPartOf":{"@id":"https:\/\/www.alpacacamping.de\/content\/#website"},"primaryImageOfPage":{"@id":"https:\/\/www.alpacacamping.de\/content\/obelink-gutschein\/#primaryimage"},"datePublished":"2026-03-25T13:16:44+00:00","dateModified":"2026-03-26T08:44:16+00:00","description":"Obelink Gutschein und Rabattcode sichern: Spare 10 \u20ac auf deinen gesamten Warenkorb! Jetzt Rabatt nutze und Vorteile sichern!","breadcrumb":{"@id":"https:\/\/www.alpacacamping.de\/content\/obelink-gutschein\/#breadcrumb"},"mainEntity":[{"@id":"https:\/\/www.alpacacamping.de\/content\/obelink-gutschein\/#faq-question-1774367399379"},{"@id":"https:\/\/www.alpacacamping.de\/content\/obelink-gutschein\/#faq-question-1774367483170"},{"@id":"https:\/\/www.alpacacamping.de\/content\/obelink-gutschein\/#faq-question-1774367500939"}],"inLanguage":"de","potentialAction":[{"@type":"ReadAction","target":["https:\/\/www.alpacacamping.de\/content\/obelink-gutschein\/"]}]},{"@type":"BreadcrumbList","@id":"https:\/\/www.alpacacamping.de\/content\/obelink-gutschein\/#breadcrumb","itemListElement":[{"@type":"ListItem","position":1,"name":"Home","item":"https:\/\/www.alpacacamping.de\/content\/"},{"@type":"ListItem","position":2,"name":"Obelink Gutschein"}]},{"@type":"Question","@id":"https:\/\/www.alpacacamping.de\/content\/obelink-gutschein\/#faq-question-1774367399379","position":1,"url":"https:\/\/www.alpacacamping.de\/content\/obelink-gutschein\/#faq-question-1774367399379","name":"Gibt es funktionierende Obelink Gutscheine?","answerCount":1,"acceptedAnswer":{"@type":"Answer","text":"Ja, allerdings sind viele \u00f6ffentlich verf\u00fcgbare Codes nicht mehr g\u00fcltig. Mit der Mitgliedschaft im <a href=\"http:\/\/www.alpacacamping.de\/club\" target=\"_blank\" rel=\"noreferrer noopener\">AlpacaClub<\/a>, hast du Zugang zu einem Obelink Rabatt und \u00fcber 50 weiteren Rabattpartnern in der Campingwelt + bekommst einen gratis Camping-Reisef\u00fchrer geschenkt und sparst ordentlich in der Campingwelt. ","inLanguage":"de"},"inLanguage":"de"},{"@type":"Question","@id":"https:\/\/www.alpacacamping.de\/content\/obelink-gutschein\/#faq-question-1774367483170","position":2,"url":"https:\/\/www.alpacacamping.de\/content\/obelink-gutschein\/#faq-question-1774367483170","name":"Warum funktionieren viele Codes nicht?","answerCount":1,"acceptedAnswer":{"@type":"Answer","text":"Oft handelt es sich um abgelaufene oder nicht offiziell ver\u00f6ffentlichte Gutscheine.","inLanguage":"de"},"inLanguage":"de"},{"@type":"Question","@id":"https:\/\/www.alpacacamping.de\/content\/obelink-gutschein\/#faq-question-1774367500939","position":3,"url":"https:\/\/www.alpacacamping.de\/content\/obelink-gutschein\/#faq-question-1774367500939","name":"Wann sind die besten Angebote verf\u00fcgbar?","answerCount":1,"acceptedAnswer":{"@type":"Answer","text":"H\u00e4ufig rund um Saisonwechsel oder gr\u00f6\u00dfere Verkaufsaktionen.","inLanguage":"de"},"inLanguage":"de"}]}},"_links":{"self":[{"href":"https:\/\/www.alpacacamping.de\/content\/wp-json\/wp\/v2\/pages\/30508"}],"collection":[{"href":"https:\/\/www.alpacacamping.de\/content\/wp-json\/wp\/v2\/pages"}],"about":[{"href":"https:\/\/www.alpacacamping.de\/content\/wp-json\/wp\/v2\/types\/page"}],"author":[{"embeddable":true,"href":"https:\/\/www.alpacacamping.de\/content\/wp-json\/wp\/v2\/users\/2"}],"replies":[{"embeddable":true,"href":"https:\/\/www.alpacacamping.de\/content\/wp-json\/wp\/v2\/comments?post=30508"}],"version-history":[{"count":15,"href":"https:\/\/www.alpacacamping.de\/content\/wp-json\/wp\/v2\/pages\/30508\/revisions"}],"predecessor-version":[{"id":30570,"href":"https:\/\/www.alpacacamping.de\/content\/wp-json\/wp\/v2\/pages\/30508\/revisions\/30570"}],"wp:attachment":[{"href":"https:\/\/www.alpacacamping.de\/content\/wp-json\/wp\/v2\/media?parent=30508"}],"wp:term":[{"taxonomy":"category","embeddable":true,"href":"https:\/\/www.alpacacamping.de\/content\/wp-json\/wp\/v2\/categories?post=30508"}],"curies":[{"name":"wp","href":"https:\/\/api.w.org\/{rel}","templated":true}]}}