{"id":2871,"date":"2022-03-04T14:33:36","date_gmt":"2022-03-04T13:33:36","guid":{"rendered":"https:\/\/www.alpacacamping.de\/content\/?page_id=2871"},"modified":"2022-03-04T14:33:36","modified_gmt":"2022-03-04T13:33:36","slug":"wildcampen-schweiz","status":"publish","type":"page","link":"https:\/\/www.alpacacamping.de\/content\/wildcampen-schweiz\/","title":{"rendered":"Wildcampen Schweiz"},"content":{"rendered":"\n<div class=\"wp-block-cover alignfull has-background-dim-20 has-background-dim is-position-center-center\" style=\"min-height:648px\"><img loading=\"lazy\" width=\"1920\" height=\"1213\" class=\"wp-block-cover__image-background wp-image-2874\" alt=\"\" src=\"https:\/\/www.alpacacamping.de\/content\/wp-content\/uploads\/2022\/03\/time-g7728d6f9f_1920-min.jpg\" style=\"object-position:42% 73%\" data-object-fit=\"cover\" data-object-position=\"42% 73%\" srcset=\"https:\/\/www.alpacacamping.de\/content\/wp-content\/uploads\/2022\/03\/time-g7728d6f9f_1920-min.jpg 1920w, https:\/\/www.alpacacamping.de\/content\/wp-content\/uploads\/2022\/03\/time-g7728d6f9f_1920-min-300x190.jpg 300w, https:\/\/www.alpacacamping.de\/content\/wp-content\/uploads\/2022\/03\/time-g7728d6f9f_1920-min-1024x647.jpg 1024w, https:\/\/www.alpacacamping.de\/content\/wp-content\/uploads\/2022\/03\/time-g7728d6f9f_1920-min-768x485.jpg 768w, https:\/\/www.alpacacamping.de\/content\/wp-content\/uploads\/2022\/03\/time-g7728d6f9f_1920-min-1536x970.jpg 1536w, https:\/\/www.alpacacamping.de\/content\/wp-content\/uploads\/2022\/03\/time-g7728d6f9f_1920-min-938x593.jpg 938w, https:\/\/www.alpacacamping.de\/content\/wp-content\/uploads\/2022\/03\/time-g7728d6f9f_1920-min-1130x714.jpg 1130w\" sizes=\"(max-width: 1920px) 100vw, 1920px\"><div class=\"wp-block-cover__inner-container\">\n<p class=\"has-text-align-left has-large-font-size\">Wildcampen in der Schweiz<\/p>\n\n\n\n<p>Ist Wildcamping in der Schweiz erlaubt? Welche Gesetze gelten in unserem Nachbarland?<\/p>\n<\/div><\/div>\n\n\n\n<p>Wildcampen ist eine m&ouml;gliche Alternative zum Urlaub auf dem &uuml;berf&uuml;llten Campingplatz. Doch ob es &uuml;berhaupt erlaubt ist und was Du in unserem Nachbarland der Schweiz alles beachten solltest, erf&auml;hrst du hier.<\/p>\n\n\n\n<div style=\"height:17px\" aria-hidden=\"true\" class=\"wp-block-spacer\"><\/div>\n\n\n\n<div class=\"wp-container-1 wp-block-group alignfull\"><div class=\"wp-block-group__inner-container\">\n<h2>Ist Wildcampen in der Schweiz grunds&auml;tzlich erlaubt?<\/h2>\n\n\n\n<p>Ob <strong>Wildcampen in der Schweiz<\/strong> erlaubt ist? Ja und Nein. In der Schweiz gilt das <em>&bdquo;Jedermannsrecht&ldquo;<\/em>. Wildcampen ist nicht durch ein allgemeines Gesetz verboten. Jedoch ist es auch nicht &uuml;berall erlaubt. In Nationalparks, Naturschutzgebieten, eidgen&ouml;ssischen Jagdbanngebiete und Wildruhezonen ist Wildcamping in der Schweiz beispielsweise verboten. Wenn Du Wildcampen m&ouml;chtest, geht das nur unter sehr speziellen Bedingungen. Bevor Du also losziehst, solltest Du dich genau erkundigen, wo, wie lange und ob Du an deinem Zielort n&auml;chtigen darfst. In manchen Gebieten, wie Bern und Glarus, ist Wildcampen generell untersagt und du br&auml;uchtest eine g&uuml;ltige Erlaubnis des Eigent&uuml;mers oder der Gemeinde. Am besten Du informierst dich ausf&uuml;hrlich &uuml;ber die Regelungen der jeweiligen Kantone und St&auml;dte.<\/p>\n<\/div><\/div>\n\n\n\n<h2>Was ist beim Wildcampen in der Schweiz erlaubt?<\/h2>\n\n\n\n<div class=\"wp-block-media-text alignwide is-stacked-on-mobile\" style=\"grid-template-columns:48% auto\"><figure class=\"wp-block-media-text__media\"><img loading=\"lazy\" width=\"683\" height=\"1024\" src=\"https:\/\/www.alpacacamping.de\/content\/wp-content\/uploads\/2022\/03\/ticino-g4019dc802_1920-min-683x1024.jpg\" alt=\"Wildcamping in der Schweiz\" class=\"wp-image-2873 size-full\" srcset=\"https:\/\/www.alpacacamping.de\/content\/wp-content\/uploads\/2022\/03\/ticino-g4019dc802_1920-min-683x1024.jpg 683w, https:\/\/www.alpacacamping.de\/content\/wp-content\/uploads\/2022\/03\/ticino-g4019dc802_1920-min-200x300.jpg 200w, https:\/\/www.alpacacamping.de\/content\/wp-content\/uploads\/2022\/03\/ticino-g4019dc802_1920-min-768x1152.jpg 768w, https:\/\/www.alpacacamping.de\/content\/wp-content\/uploads\/2022\/03\/ticino-g4019dc802_1920-min-1024x1536.jpg 1024w, https:\/\/www.alpacacamping.de\/content\/wp-content\/uploads\/2022\/03\/ticino-g4019dc802_1920-min-938x1407.jpg 938w, https:\/\/www.alpacacamping.de\/content\/wp-content\/uploads\/2022\/03\/ticino-g4019dc802_1920-min-1130x1695.jpg 1130w, https:\/\/www.alpacacamping.de\/content\/wp-content\/uploads\/2022\/03\/ticino-g4019dc802_1920-min.jpg 1280w\" sizes=\"(max-width: 683px) 100vw, 683px\"><\/figure><div class=\"wp-block-media-text__content\">\n<p>Ob <strong>Wildcampen in der Schweiz<\/strong> erlaubt ist, entscheiden die einzelnen Kantone oder Gemeinden selbst. Deswegen solltest Du dich vorher vor Ort und ggf. bei der &ouml;rtlichen Polizei dar&uuml;ber informieren. Hast Du dir eine Genehmigung eingeholt, steht dem Wildcamping nichts mehr im Wege.<\/p>\n\n\n\n<p>Solltest Du unter freiem Himmel, also ohne Zelt, &uuml;bernachten, z&auml;hlt das als Biwakieren. Was in der Schweiz legal ist. Befindest Du dich jedoch in einem der oben genannten gesch&uuml;tzten Gebiete, ist es im ganzen Land verboten und somit strafbar. <\/p>\n\n\n\n<p>Eine weitere Ausnahme kann bei einem Notbiwak gemacht werden. Darunter versteht man das &Uuml;bernachten unter freiem Himmel in gesch&uuml;tzten Gebieten, aufgrund eines Notfalls. Solltest Du verletzt sein, das Wetter schlagartig umschwenken oder ein anderer Notfall eintreten, darfst Du eine Nacht auch in solchen Gebieten campen. <\/p>\n\n\n\n<p>Egal wo Du campst &ndash; auf einem Wohnmobilstellplatz, einem Campingplatz oder in freier Natur: Halte dich an folgende Verhaltensregeln und nimm R&uuml;cksicht auf die Natur, Tiere und Menschen in deiner Umgebung!<\/p>\n\n\n\n<div class=\"wp-container-2 wp-block-buttons\">\n<div class=\"wp-block-button\"><a class=\"wp-block-button__link\" href=\"https:\/\/www.alpacacamping.de\/content\/camping-verhaltensregeln\/\">Verhaltensregeln beim Campen<\/a><\/div>\n<\/div>\n<\/div><\/div>\n\n\n\n<div class=\"wp-block-media-text alignwide has-media-on-the-right is-stacked-on-mobile\" style=\"grid-template-columns:auto 37%\"><figure class=\"wp-block-media-text__media\"><img loading=\"lazy\" width=\"1024\" height=\"1024\" src=\"https:\/\/www.alpacacamping.de\/content\/wp-content\/uploads\/2022\/03\/switzerland-gbd0cffadf_1920-min-1024x1024.png\" alt=\"Wildcamping Schweiz\" class=\"wp-image-2872 size-full\" srcset=\"https:\/\/www.alpacacamping.de\/content\/wp-content\/uploads\/2022\/03\/switzerland-gbd0cffadf_1920-min-1024x1024.png 1024w, https:\/\/www.alpacacamping.de\/content\/wp-content\/uploads\/2022\/03\/switzerland-gbd0cffadf_1920-min-300x300.png 300w, https:\/\/www.alpacacamping.de\/content\/wp-content\/uploads\/2022\/03\/switzerland-gbd0cffadf_1920-min-150x150.png 150w, https:\/\/www.alpacacamping.de\/content\/wp-content\/uploads\/2022\/03\/switzerland-gbd0cffadf_1920-min-768x768.png 768w, https:\/\/www.alpacacamping.de\/content\/wp-content\/uploads\/2022\/03\/switzerland-gbd0cffadf_1920-min-1536x1536.png 1536w, https:\/\/www.alpacacamping.de\/content\/wp-content\/uploads\/2022\/03\/switzerland-gbd0cffadf_1920-min-938x938.png 938w, https:\/\/www.alpacacamping.de\/content\/wp-content\/uploads\/2022\/03\/switzerland-gbd0cffadf_1920-min-1130x1130.png 1130w, https:\/\/www.alpacacamping.de\/content\/wp-content\/uploads\/2022\/03\/switzerland-gbd0cffadf_1920-min.png 1920w\" sizes=\"(max-width: 1024px) 100vw, 1024px\"><\/figure><div class=\"wp-block-media-text__content\">\n<h2>Welche Strafen warten auf Wildcamper in der Schweiz?<\/h2>\n\n\n\n<p>Wirst Du in der Schweiz beim unerlaubten Wildcampen auf einem Privatgrundst&uuml;ck oder &ouml;ffentlichen Grund ertappt, schickt dich der Eigent&uuml;mer im Idealfall einfach weg. Meistens musst du aber mit Bu&szlig;geldern oder sogar einer Strafanzeige wegen Hausfriedensbruch rechnen. Die Strafen variieren je nach Kanton oder Gemeinde und liegen zwischen 200 CHF bis 2000 CHF. <\/p>\n<\/div><\/div>\n","protected":false},"excerpt":{"rendered":"<p>Wildcampen ist eine m\u00f6gliche Alternative zum Urlaub auf dem \u00fcberf\u00fcllten Campingplatz. Doch ob es \u00fcberhaupt erlaubt ist und was Du in unserem Nachbarland der Schweiz [&hellip;]<\/p>\n","protected":false},"author":1,"featured_media":0,"parent":0,"menu_order":0,"comment_status":"closed","ping_status":"closed","template":"","meta":[],"categories":[],"acf":[],"yoast_head":"<!-- This site is optimized with the Yoast SEO plugin v19.1 - https:\/\/yoast.com\/wordpress\/plugins\/seo\/ -->\n<title>Wildcampen Schweiz | AlpacaCamping ?<\/title>\n<meta name=\"description\" content=\"Wildcampen in der Schweiz?? Was ist gesetzlich erlaubt und was verboten? Informiere Dich hier \u00fcber die Regeln! ?\" \/>\n<meta name=\"robots\" content=\"index, follow, max-snippet:-1, max-image-preview:large, max-video-preview:-1\" \/>\n<link rel=\"canonical\" href=\"https:\/\/www.alpacacamping.de\/content\/wildcampen-schweiz\/\" \/>\n<meta property=\"og:locale\" content=\"de_DE\" \/>\n<meta property=\"og:type\" content=\"article\" \/>\n<meta property=\"og:title\" content=\"Wildcampen Schweiz | AlpacaCamping ?\" \/>\n<meta property=\"og:description\" content=\"Wildcampen in der Schweiz?? Was ist gesetzlich erlaubt und was verboten? Informiere Dich hier \u00fcber die Regeln! ?\" \/>\n<meta property=\"og:url\" content=\"https:\/\/www.alpacacamping.de\/content\/wildcampen-schweiz\/\" \/>\n<meta property=\"og:site_name\" content=\"AlpacaCamping\" \/>\n<meta property=\"og:image\" content=\"https:\/\/www.alpacacamping.de\/content\/wp-content\/uploads\/2022\/03\/time-g7728d6f9f_1920-min.jpg\" \/>\n<meta name=\"twitter:card\" content=\"summary_large_image\" \/>\n<meta name=\"twitter:label1\" content=\"Gesch\u00e4tzte Lesezeit\" \/>\n\t<meta name=\"twitter:data1\" content=\"3\u00a0Minuten\" \/>\n<script type=\"application\/ld+json\" class=\"yoast-schema-graph\">{\"@context\":\"https:\/\/schema.org\",\"@graph\":[{\"@type\":\"WebSite\",\"@id\":\"https:\/\/www.alpacacamping.de\/content\/#website\",\"url\":\"https:\/\/www.alpacacamping.de\/content\/\",\"name\":\"AlpacaCamping\",\"description\":\"Camping Stellpl\u00e4tze \u00fcberall buchen.\",\"potentialAction\":[{\"@type\":\"SearchAction\",\"target\":{\"@type\":\"EntryPoint\",\"urlTemplate\":\"https:\/\/www.alpacacamping.de\/content\/?s={search_term_string}\"},\"query-input\":\"required name=search_term_string\"}],\"inLanguage\":\"de\"},{\"@type\":\"ImageObject\",\"inLanguage\":\"de\",\"@id\":\"https:\/\/www.alpacacamping.de\/content\/wildcampen-schweiz\/#primaryimage\",\"url\":\"https:\/\/www.alpacacamping.de\/content\/wp-content\/uploads\/2022\/03\/time-g7728d6f9f_1920-min.jpg\",\"contentUrl\":\"https:\/\/www.alpacacamping.de\/content\/wp-content\/uploads\/2022\/03\/time-g7728d6f9f_1920-min.jpg\",\"width\":1920,\"height\":1213,\"caption\":\"Camping Geheimtipp Schweiz\"},{\"@type\":\"WebPage\",\"@id\":\"https:\/\/www.alpacacamping.de\/content\/wildcampen-schweiz\/#webpage\",\"url\":\"https:\/\/www.alpacacamping.de\/content\/wildcampen-schweiz\/\",\"name\":\"Wildcampen Schweiz | AlpacaCamping ?\",\"isPartOf\":{\"@id\":\"https:\/\/www.alpacacamping.de\/content\/#website\"},\"primaryImageOfPage\":{\"@id\":\"https:\/\/www.alpacacamping.de\/content\/wildcampen-schweiz\/#primaryimage\"},\"datePublished\":\"2022-03-04T13:33:36+00:00\",\"dateModified\":\"2022-03-04T13:33:36+00:00\",\"description\":\"Wildcampen in der Schweiz?? Was ist gesetzlich erlaubt und was verboten? Informiere Dich hier \u00fcber die Regeln! ?\",\"breadcrumb\":{\"@id\":\"https:\/\/www.alpacacamping.de\/content\/wildcampen-schweiz\/#breadcrumb\"},\"inLanguage\":\"de\",\"potentialAction\":[{\"@type\":\"ReadAction\",\"target\":[\"https:\/\/www.alpacacamping.de\/content\/wildcampen-schweiz\/\"]}]},{\"@type\":\"BreadcrumbList\",\"@id\":\"https:\/\/www.alpacacamping.de\/content\/wildcampen-schweiz\/#breadcrumb\",\"itemListElement\":[{\"@type\":\"ListItem\",\"position\":1,\"name\":\"Home\",\"item\":\"https:\/\/www.alpacacamping.de\/content\/\"},{\"@type\":\"ListItem\",\"position\":2,\"name\":\"Wildcampen Schweiz\"}]}]}<\/script>\n<!-- \/ Yoast SEO plugin. -->","yoast_head_json":{"title":"Wildcampen Schweiz | AlpacaCamping ?","description":"Wildcampen in der Schweiz?? Was ist gesetzlich erlaubt und was verboten? Informiere Dich hier \u00fcber die Regeln! ?","robots":{"index":"index","follow":"follow","max-snippet":"max-snippet:-1","max-image-preview":"max-image-preview:large","max-video-preview":"max-video-preview:-1"},"canonical":"https:\/\/www.alpacacamping.de\/content\/wildcampen-schweiz\/","og_locale":"de_DE","og_type":"article","og_title":"Wildcampen Schweiz | AlpacaCamping ?","og_description":"Wildcampen in der Schweiz?? Was ist gesetzlich erlaubt und was verboten? Informiere Dich hier \u00fcber die Regeln! ?","og_url":"https:\/\/www.alpacacamping.de\/content\/wildcampen-schweiz\/","og_site_name":"AlpacaCamping","og_image":[{"url":"https:\/\/www.alpacacamping.de\/content\/wp-content\/uploads\/2022\/03\/time-g7728d6f9f_1920-min.jpg"}],"twitter_card":"summary_large_image","twitter_misc":{"Gesch\u00e4tzte Lesezeit":"3\u00a0Minuten"},"schema":{"@context":"https:\/\/schema.org","@graph":[{"@type":"WebSite","@id":"https:\/\/www.alpacacamping.de\/content\/#website","url":"https:\/\/www.alpacacamping.de\/content\/","name":"AlpacaCamping","description":"Camping Stellpl\u00e4tze \u00fcberall buchen.","potentialAction":[{"@type":"SearchAction","target":{"@type":"EntryPoint","urlTemplate":"https:\/\/www.alpacacamping.de\/content\/?s={search_term_string}"},"query-input":"required name=search_term_string"}],"inLanguage":"de"},{"@type":"ImageObject","inLanguage":"de","@id":"https:\/\/www.alpacacamping.de\/content\/wildcampen-schweiz\/#primaryimage","url":"https:\/\/www.alpacacamping.de\/content\/wp-content\/uploads\/2022\/03\/time-g7728d6f9f_1920-min.jpg","contentUrl":"https:\/\/www.alpacacamping.de\/content\/wp-content\/uploads\/2022\/03\/time-g7728d6f9f_1920-min.jpg","width":1920,"height":1213,"caption":"Camping Geheimtipp Schweiz"},{"@type":"WebPage","@id":"https:\/\/www.alpacacamping.de\/content\/wildcampen-schweiz\/#webpage","url":"https:\/\/www.alpacacamping.de\/content\/wildcampen-schweiz\/","name":"Wildcampen Schweiz | AlpacaCamping ?","isPartOf":{"@id":"https:\/\/www.alpacacamping.de\/content\/#website"},"primaryImageOfPage":{"@id":"https:\/\/www.alpacacamping.de\/content\/wildcampen-schweiz\/#primaryimage"},"datePublished":"2022-03-04T13:33:36+00:00","dateModified":"2022-03-04T13:33:36+00:00","description":"Wildcampen in der Schweiz?? Was ist gesetzlich erlaubt und was verboten? Informiere Dich hier \u00fcber die Regeln! ?","breadcrumb":{"@id":"https:\/\/www.alpacacamping.de\/content\/wildcampen-schweiz\/#breadcrumb"},"inLanguage":"de","potentialAction":[{"@type":"ReadAction","target":["https:\/\/www.alpacacamping.de\/content\/wildcampen-schweiz\/"]}]},{"@type":"BreadcrumbList","@id":"https:\/\/www.alpacacamping.de\/content\/wildcampen-schweiz\/#breadcrumb","itemListElement":[{"@type":"ListItem","position":1,"name":"Home","item":"https:\/\/www.alpacacamping.de\/content\/"},{"@type":"ListItem","position":2,"name":"Wildcampen Schweiz"}]}]}},"_links":{"self":[{"href":"https:\/\/www.alpacacamping.de\/content\/wp-json\/wp\/v2\/pages\/2871"}],"collection":[{"href":"https:\/\/www.alpacacamping.de\/content\/wp-json\/wp\/v2\/pages"}],"about":[{"href":"https:\/\/www.alpacacamping.de\/content\/wp-json\/wp\/v2\/types\/page"}],"author":[{"embeddable":true,"href":"https:\/\/www.alpacacamping.de\/content\/wp-json\/wp\/v2\/users\/1"}],"replies":[{"embeddable":true,"href":"https:\/\/www.alpacacamping.de\/content\/wp-json\/wp\/v2\/comments?post=2871"}],"version-history":[{"count":1,"href":"https:\/\/www.alpacacamping.de\/content\/wp-json\/wp\/v2\/pages\/2871\/revisions"}],"predecessor-version":[{"id":2875,"href":"https:\/\/www.alpacacamping.de\/content\/wp-json\/wp\/v2\/pages\/2871\/revisions\/2875"}],"wp:attachment":[{"href":"https:\/\/www.alpacacamping.de\/content\/wp-json\/wp\/v2\/media?parent=2871"}],"wp:term":[{"taxonomy":"category","embeddable":true,"href":"https:\/\/www.alpacacamping.de\/content\/wp-json\/wp\/v2\/categories?post=2871"}],"curies":[{"name":"wp","href":"https:\/\/api.w.org\/{rel}","templated":true}]}}