{"id":2840,"date":"2022-03-04T11:58:32","date_gmt":"2022-03-04T10:58:32","guid":{"rendered":"https:\/\/www.alpacacamping.de\/content\/?page_id=2840"},"modified":"2025-01-22T09:58:13","modified_gmt":"2025-01-22T08:58:13","slug":"wildcampen-oesterreich","status":"publish","type":"page","link":"https:\/\/www.alpacacamping.de\/content\/wildcampen-oesterreich\/","title":{"rendered":"Wildcampen \u00d6sterreich"},"content":{"rendered":"\n<div class=\"wp-block-cover alignfull is-light is-position-center-center\" style=\"min-height:648px\"><span aria-hidden=\"true\" class=\"wp-block-cover__background has-background-dim-20 has-background-dim\"><\/span><img loading=\"lazy\" width=\"1920\" height=\"1458\" class=\"wp-block-cover__image-background wp-image-2865\" alt=\"\" src=\"https:\/\/www.alpacacamping.de\/content\/wp-content\/uploads\/2022\/03\/adventure-ge50df1c6a_1920-min.jpg\" style=\"object-position:42% 79%\" data-object-fit=\"cover\" data-object-position=\"42% 79%\" srcset=\"https:\/\/www.alpacacamping.de\/content\/wp-content\/uploads\/2022\/03\/adventure-ge50df1c6a_1920-min.jpg 1920w, https:\/\/www.alpacacamping.de\/content\/wp-content\/uploads\/2022\/03\/adventure-ge50df1c6a_1920-min-300x228.jpg 300w, https:\/\/www.alpacacamping.de\/content\/wp-content\/uploads\/2022\/03\/adventure-ge50df1c6a_1920-min-1024x778.jpg 1024w, https:\/\/www.alpacacamping.de\/content\/wp-content\/uploads\/2022\/03\/adventure-ge50df1c6a_1920-min-768x583.jpg 768w, https:\/\/www.alpacacamping.de\/content\/wp-content\/uploads\/2022\/03\/adventure-ge50df1c6a_1920-min-1536x1166.jpg 1536w, https:\/\/www.alpacacamping.de\/content\/wp-content\/uploads\/2022\/03\/adventure-ge50df1c6a_1920-min-938x712.jpg 938w, https:\/\/www.alpacacamping.de\/content\/wp-content\/uploads\/2022\/03\/adventure-ge50df1c6a_1920-min-1130x858.jpg 1130w\" sizes=\"(max-width: 1920px) 100vw, 1920px\"><div class=\"wp-block-cover__inner-container\">\n<h1 class=\"has-light-blue-color has-text-color has-large-font-size\">Wildcampen in &Ouml;sterreich<\/h1>\n\n\n\n<p class=\"has-light-blue-color has-text-color\">Ist Wildcamping in &Ouml;sterreich erlaubt? Welche Gesetze gelten in unserem Nachbarland?<\/p>\n<\/div><\/div>\n\n\n\n<p><strong>Wildcampen in &Ouml;sterreich<\/strong> ist ein Thema, das viele Outdoor-Enthusiasten besch&auml;ftigt. Die rechtlichen Bestimmungen variieren je nach Bundesland und sind oft streng geregelt. In einigen Regionen, wie Tirol, Nieder&ouml;sterreich, K&auml;rnten und dem Burgenland, gelten besonders strikte Vorschriften, w&auml;hrend in Ober&ouml;sterreich, Salzburg, der Steiermark und Vorarlberg die Regelungen etwas offener gestaltet sind.<\/p>\n\n\n\n<p>Generell ist das &Uuml;bernachten im Wald ohne ausdr&uuml;ckliche Genehmigung des Grundst&uuml;ckseigent&uuml;mers untersagt. Zudem k&ouml;nnen Verst&ouml;&szlig;e gegen die Vorschriften mit empfindlichen Geldstrafen geahndet werden. Um rechtliche Konsequenzen zu vermeiden und die Natur zu sch&uuml;tzen, empfiehlt es sich, auf offizielle Campingpl&auml;tze oder ausgewiesene Stellpl&auml;tze zur&uuml;ckzugreifen. Plattformen wie AlpacaCamping bieten eine Vielzahl von naturnahen Stellpl&auml;tzen in &Ouml;sterreich an, die legal genutzt werden k&ouml;nnen.<\/p>\n\n\n\n<h4 class=\"has-large-font-size\" id=\"666bd1659994\">Inhalt <\/h4>\n\n\n\n<div class=\"wp-block-getwid-table-of-contents is-style-default\"><ul class=\"wp-block-getwid-table-of-contents__list\"><li><a href=\"#f3f472c60f4c\">Was ist beim Wildcampen in &Ouml;sterreich erlaubt? <\/a><\/li><li><a href=\"#57a414d3100b\">Die Alternative zum Wildcamping in &Ouml;sterreich<\/a><\/li><\/ul><\/div>\n\n\n\n<div style=\"height:17px\" aria-hidden=\"true\" class=\"wp-block-spacer\"><\/div>\n\n\n\n<div class=\"wp-container-1 wp-block-group alignfull\"><div class=\"wp-block-group__inner-container\">\n<h2>Ist Wildcampen in &Ouml;sterreich grunds&auml;tzlich erlaubt? <\/h2>\n\n\n\n<p><strong>Wildcampen in &Ouml;sterreich<\/strong> ist grunds&auml;tzlich nicht erlaubt. In unserem Nachbarland &Ouml;sterreich sind die Gesetze bez&uuml;glich des Wildcampings sehr &auml;hnlich. Allgemein ist es verboten &bdquo;frei zu stehen&ldquo; und kann im schlimmsten Fall mit hohen Bu&szlig;geldern bestraft werden. Anders sieht es aus, wenn du dir die Zustimmung f&uuml;r deine &Uuml;bernachtung beim zust&auml;ndigen Wald- oder Grundst&uuml;cksbesitzer einholst. <\/p>\n<\/div><\/div>\n\n\n\n<h2 id=\"f3f472c60f4c\">Was ist beim Wildcampen in &Ouml;sterreich erlaubt? <\/h2>\n\n\n\n<div class=\"wp-block-media-text alignwide is-stacked-on-mobile\" style=\"grid-template-columns:47% auto\"><figure class=\"wp-block-media-text__media\"><img loading=\"lazy\" width=\"716\" height=\"1024\" src=\"https:\/\/www.alpacacamping.de\/content\/wp-content\/uploads\/2022\/03\/schrankogel-ge6c8a3f15_1920-min-716x1024.jpg\" alt=\"Wildcamping &Ouml;sterreich\" class=\"wp-image-2866 size-full\" srcset=\"https:\/\/www.alpacacamping.de\/content\/wp-content\/uploads\/2022\/03\/schrankogel-ge6c8a3f15_1920-min-716x1024.jpg 716w, https:\/\/www.alpacacamping.de\/content\/wp-content\/uploads\/2022\/03\/schrankogel-ge6c8a3f15_1920-min-210x300.jpg 210w, https:\/\/www.alpacacamping.de\/content\/wp-content\/uploads\/2022\/03\/schrankogel-ge6c8a3f15_1920-min-768x1099.jpg 768w, https:\/\/www.alpacacamping.de\/content\/wp-content\/uploads\/2022\/03\/schrankogel-ge6c8a3f15_1920-min-1074x1536.jpg 1074w, https:\/\/www.alpacacamping.de\/content\/wp-content\/uploads\/2022\/03\/schrankogel-ge6c8a3f15_1920-min-938x1342.jpg 938w, https:\/\/www.alpacacamping.de\/content\/wp-content\/uploads\/2022\/03\/schrankogel-ge6c8a3f15_1920-min-1130x1617.jpg 1130w, https:\/\/www.alpacacamping.de\/content\/wp-content\/uploads\/2022\/03\/schrankogel-ge6c8a3f15_1920-min.jpg 1342w\" sizes=\"(max-width: 716px) 100vw, 716px\"><\/figure><div class=\"wp-block-media-text__content\">\n<p><strong>Wildcampen in &Ouml;sterreich<\/strong> ist dann erlaubt, wenn du eine Berechtigung des Wald- oder Grundst&uuml;cksbesitzers hast. Dann kannst du auf diesem Gebiet ohne Probleme campen. Auf &ouml;ffentlichen Parkpl&auml;tzen oder am Stra&szlig;enrand ist es teilweise in gewissen Regionen &Ouml;sterreichs gestattet zu campen. Auf den meisten Parkpl&auml;tzen ist dies allerdings nur zum Zweck der Wiederherstellung der Fahrt&uuml;chtigkeit gestattet &ndash;  Dann auch nur maximal f&uuml;r eine Nacht. <\/p>\n\n\n\n<p>Befindest du dich gerade alleine auf einer Wanderung und es kommt zu ungeplanten Geschehnissen, wie einer Verletzung, schlechtes Wetter oder Dunkelheit, ist ein sogenanntes Notbiwak zum Wildcampen in &Ouml;sterreich zugelassen. Aber auch nur dann, wenn es wirklich keine andere M&ouml;glichkeit gibt.<\/p>\n\n\n\n<p>Egal f&uuml;r welche Art von Camping in &Ouml;sterreich und auch anderen L&auml;ndern du dich entscheidest: Respektiere die Natur und die Lebewesen. Hinterlasse keine Abf&auml;lle und besch&auml;dige nichts. Au&szlig;erdem solltest du dich ruhig verhalten und die Tiere in ihrem nat&uuml;rlichen Lebensraum nicht st&ouml;ren.<\/p>\n\n\n\n<div class=\"wp-container-2 wp-block-buttons\"><\/div>\n\n\n\n<div class=\"wp-container-3 wp-block-buttons\">\n<div class=\"wp-block-button\"><a class=\"wp-block-button__link\" href=\"https:\/\/www.alpacacamping.de\/content\/camping-verhaltensregeln\/\">Verhaltensregeln beim Campen<\/a><\/div>\n<\/div>\n<\/div><\/div>\n\n\n\n<div class=\"wp-block-media-text alignwide has-media-on-the-right is-stacked-on-mobile\" style=\"grid-template-columns:auto 23%\"><figure class=\"wp-block-media-text__media\"><img loading=\"lazy\" width=\"1024\" height=\"1024\" src=\"https:\/\/www.alpacacamping.de\/content\/wp-content\/uploads\/2022\/03\/flag-ge45c1640d_1280-min-1024x1024.png\" alt=\"Wildcamping &Ouml;sterreich\" class=\"wp-image-2864 size-full\" srcset=\"https:\/\/www.alpacacamping.de\/content\/wp-content\/uploads\/2022\/03\/flag-ge45c1640d_1280-min-1024x1024.png 1024w, https:\/\/www.alpacacamping.de\/content\/wp-content\/uploads\/2022\/03\/flag-ge45c1640d_1280-min-300x300.png 300w, https:\/\/www.alpacacamping.de\/content\/wp-content\/uploads\/2022\/03\/flag-ge45c1640d_1280-min-150x150.png 150w, https:\/\/www.alpacacamping.de\/content\/wp-content\/uploads\/2022\/03\/flag-ge45c1640d_1280-min-768x768.png 768w, https:\/\/www.alpacacamping.de\/content\/wp-content\/uploads\/2022\/03\/flag-ge45c1640d_1280-min-938x938.png 938w, https:\/\/www.alpacacamping.de\/content\/wp-content\/uploads\/2022\/03\/flag-ge45c1640d_1280-min-1130x1130.png 1130w, https:\/\/www.alpacacamping.de\/content\/wp-content\/uploads\/2022\/03\/flag-ge45c1640d_1280-min.png 1280w\" sizes=\"(max-width: 1024px) 100vw, 1024px\"><\/figure><div class=\"wp-block-media-text__content\">\n<h2>Welche Strafen warten auf Wildcamper in &Ouml;sterreich?<\/h2>\n\n\n\n<p>Solltest du in &Ouml;sterreich unerlaubt in der Wildnis campen und erwischt werden, kann dir im Extremfall sogar dein Zelt konfisziert werden. Meistens bleibt es jedoch bei einer Geldstrafe in H&ouml;he von 5 bis 500 Euro. Wenn du aber in Nationalparks, Natur- oder Sonderschutzgebieten campst, kann es schon einmal vorkommen, dass du bis zu 14.500 Euro Strafe zahlen musst.<br>Dieselbe Maximalsumme kann dir auch bei vors&auml;tzlichem Biwakieren auferlegt werden, da dies gleichgesetzt wird mit dem Zelten. Hier kommt es jedoch auch wieder darauf an, in welchem Bundesland du dich aufh&auml;ltst.<\/p>\n\n\n\n<div class=\"wp-container-4 wp-block-buttons\"><\/div>\n<\/div><\/div>\n\n\n\n<h2 id=\"57a414d3100b\">Die Alternative zum Wildcamping in &Ouml;sterreich<\/h2>\n\n\n\n<p>Auf unserer Buchungsplattform findest du Camperstellpl&auml;tze im Gr&uuml;nen. Auch in unserem Nachbarland &Ouml;sterreich findest du einige Wohnmobilstellpl&auml;tze f&uuml;r dein naturnahes Campingerlebnis. Unsere Anbieter sind Landwirte, Winzer, Privatpersonen und Gemeinden. Auf ihren Grundst&uuml;cken kannst du in nat&uuml;rlicher Umgebung &uuml;bernachten, ohne dabei gegen das Gesetz zu versto&szlig;en! Durch die M&ouml;glichkeit von Sofortbuchungen bleibt maximale Spontanit&auml;t erhalten &ndash; &auml;hnlich wie beim Wildcampen in &Ouml;sterreich. Einzelstellpl&auml;tze bieten dir viel Privatsph&auml;re, w&auml;hrend du auf geteilten Stellpl&auml;tzen mit Freunden anreisen oder neue Camper kennenlernen kannst. Worauf wartest du noch? Finde deinen Wohnmobilstellplatz in &Ouml;sterreich!<\/p>\n\n\n\n<div class=\"wp-container-5 is-horizontal is-content-justification-center wp-block-buttons\">\n<div class=\"wp-block-button\"><a class=\"wp-block-button__link\" href=\"https:\/\/www.alpacacamping.de\/discover\/%C3%B6sterreich\">Wohnmobilstellplatz &Ouml;sterreich<\/a><\/div>\n<\/div>\n\n\n\n<h2>Naturschutz und Verantwortung beim Wildcampen in &Ouml;sterreich<\/h2>\n\n\n\n<p>Wildcampen in &Ouml;sterreich bietet unvergessliche Abenteuer inmitten malerischer Landschaften. Doch gerade in einem Land mit einer so vielf&auml;ltigen und empfindlichen Natur spielt der Schutz der Umwelt eine zentrale Rolle. Wildes Campen ist oft nur in Ausnahmef&auml;llen erlaubt, um Flora und Fauna vor Sch&auml;den zu bewahren. In Nationalparks, Naturreservaten und ausgewiesenen Schutzgebieten ist das &Uuml;bernachten in der Natur in der Regel streng untersagt.<\/p>\n\n\n\n<p>Wer dennoch einen authentischen Aufenthalt in der Wildnis erleben m&ouml;chte, sollte sich an die Grundregeln des Leave-No-Trace-Prinzips halten: Hinterlasse keine Abf&auml;lle, halte dich von sensiblen Bereichen wie Feuchtwiesen oder Brutpl&auml;tzen fern und vermeide offenes Feuer, da dieses vor allem in den Sommermonaten ein gro&szlig;es Risiko f&uuml;r Waldbr&auml;nde darstellt. F&uuml;r ein legales und naturnahes Campingerlebnis empfehlen sich sogenannte Privattcampingpl&auml;tze. Diese bieten oft eine &auml;hnliche N&auml;he zur Natur, ohne dass dabei gegen lokale Vorschriften versto&szlig;en wird. Plattformen wie AlpacaCamping erleichtern es dir, solche Pl&auml;tze zu finden und gleichzeitig einen Beitrag zum Umweltschutz zu leisten.<\/p>\n","protected":false},"excerpt":{"rendered":"<p>Wildcampen in \u00d6sterreich ist ein Thema, das viele Outdoor-Enthusiasten besch\u00e4ftigt. Die rechtlichen Bestimmungen variieren je nach Bundesland und sind oft streng geregelt. In einigen Regionen, [&hellip;]<\/p>\n","protected":false},"author":1,"featured_media":0,"parent":0,"menu_order":0,"comment_status":"closed","ping_status":"closed","template":"","meta":[],"categories":[],"acf":[],"yoast_head":"<!-- This site is optimized with the Yoast SEO plugin v19.1 - https:\/\/yoast.com\/wordpress\/plugins\/seo\/ -->\n<title>Wildcampen \u00d6sterreich | AlpacaCamping ?<\/title>\n<meta name=\"description\" content=\"Wildcampen in \u00d6sterreich?? Was ist gesetzlich erlaubt und was verboten? Informiere Dich hier \u00fcber die Regeln in \u00d6sterreich! ?\" \/>\n<meta name=\"robots\" content=\"index, follow, max-snippet:-1, max-image-preview:large, max-video-preview:-1\" \/>\n<link rel=\"canonical\" href=\"https:\/\/www.alpacacamping.de\/content\/wildcampen-oesterreich\/\" \/>\n<meta property=\"og:locale\" content=\"de_DE\" \/>\n<meta property=\"og:type\" content=\"article\" \/>\n<meta property=\"og:title\" content=\"Wildcampen \u00d6sterreich | AlpacaCamping ?\" \/>\n<meta property=\"og:description\" content=\"Wildcampen in \u00d6sterreich?? Was ist gesetzlich erlaubt und was verboten? Informiere Dich hier \u00fcber die Regeln in \u00d6sterreich! ?\" \/>\n<meta property=\"og:url\" content=\"https:\/\/www.alpacacamping.de\/content\/wildcampen-oesterreich\/\" \/>\n<meta property=\"og:site_name\" content=\"AlpacaCamping\" \/>\n<meta property=\"article:modified_time\" content=\"2025-01-22T08:58:13+00:00\" \/>\n<meta property=\"og:image\" content=\"https:\/\/www.alpacacamping.de\/content\/wp-content\/uploads\/2022\/03\/adventure-ge50df1c6a_1920-min.jpg\" \/>\n<meta name=\"twitter:card\" content=\"summary_large_image\" \/>\n<meta name=\"twitter:label1\" content=\"Gesch\u00e4tzte Lesezeit\" \/>\n\t<meta name=\"twitter:data1\" content=\"5\u00a0Minuten\" \/>\n<script type=\"application\/ld+json\" class=\"yoast-schema-graph\">{\"@context\":\"https:\/\/schema.org\",\"@graph\":[{\"@type\":\"WebSite\",\"@id\":\"https:\/\/www.alpacacamping.de\/content\/#website\",\"url\":\"https:\/\/www.alpacacamping.de\/content\/\",\"name\":\"AlpacaCamping\",\"description\":\"Camping Stellpl\u00e4tze \u00fcberall buchen.\",\"potentialAction\":[{\"@type\":\"SearchAction\",\"target\":{\"@type\":\"EntryPoint\",\"urlTemplate\":\"https:\/\/www.alpacacamping.de\/content\/?s={search_term_string}\"},\"query-input\":\"required name=search_term_string\"}],\"inLanguage\":\"de\"},{\"@type\":\"ImageObject\",\"inLanguage\":\"de\",\"@id\":\"https:\/\/www.alpacacamping.de\/content\/wildcampen-oesterreich\/#primaryimage\",\"url\":\"https:\/\/www.alpacacamping.de\/content\/wp-content\/uploads\/2022\/03\/adventure-ge50df1c6a_1920-min.jpg\",\"contentUrl\":\"https:\/\/www.alpacacamping.de\/content\/wp-content\/uploads\/2022\/03\/adventure-ge50df1c6a_1920-min.jpg\",\"width\":1920,\"height\":1458,\"caption\":\"Wildcampen \u00d6sterreich\"},{\"@type\":\"WebPage\",\"@id\":\"https:\/\/www.alpacacamping.de\/content\/wildcampen-oesterreich\/#webpage\",\"url\":\"https:\/\/www.alpacacamping.de\/content\/wildcampen-oesterreich\/\",\"name\":\"Wildcampen \u00d6sterreich | AlpacaCamping ?\",\"isPartOf\":{\"@id\":\"https:\/\/www.alpacacamping.de\/content\/#website\"},\"primaryImageOfPage\":{\"@id\":\"https:\/\/www.alpacacamping.de\/content\/wildcampen-oesterreich\/#primaryimage\"},\"datePublished\":\"2022-03-04T10:58:32+00:00\",\"dateModified\":\"2025-01-22T08:58:13+00:00\",\"description\":\"Wildcampen in \u00d6sterreich?? Was ist gesetzlich erlaubt und was verboten? Informiere Dich hier \u00fcber die Regeln in \u00d6sterreich! ?\",\"breadcrumb\":{\"@id\":\"https:\/\/www.alpacacamping.de\/content\/wildcampen-oesterreich\/#breadcrumb\"},\"inLanguage\":\"de\",\"potentialAction\":[{\"@type\":\"ReadAction\",\"target\":[\"https:\/\/www.alpacacamping.de\/content\/wildcampen-oesterreich\/\"]}]},{\"@type\":\"BreadcrumbList\",\"@id\":\"https:\/\/www.alpacacamping.de\/content\/wildcampen-oesterreich\/#breadcrumb\",\"itemListElement\":[{\"@type\":\"ListItem\",\"position\":1,\"name\":\"Home\",\"item\":\"https:\/\/www.alpacacamping.de\/content\/\"},{\"@type\":\"ListItem\",\"position\":2,\"name\":\"Wildcampen \u00d6sterreich\"}]}]}<\/script>\n<!-- \/ Yoast SEO plugin. -->","yoast_head_json":{"title":"Wildcampen \u00d6sterreich | AlpacaCamping ?","description":"Wildcampen in \u00d6sterreich?? Was ist gesetzlich erlaubt und was verboten? Informiere Dich hier \u00fcber die Regeln in \u00d6sterreich! ?","robots":{"index":"index","follow":"follow","max-snippet":"max-snippet:-1","max-image-preview":"max-image-preview:large","max-video-preview":"max-video-preview:-1"},"canonical":"https:\/\/www.alpacacamping.de\/content\/wildcampen-oesterreich\/","og_locale":"de_DE","og_type":"article","og_title":"Wildcampen \u00d6sterreich | AlpacaCamping ?","og_description":"Wildcampen in \u00d6sterreich?? Was ist gesetzlich erlaubt und was verboten? Informiere Dich hier \u00fcber die Regeln in \u00d6sterreich! ?","og_url":"https:\/\/www.alpacacamping.de\/content\/wildcampen-oesterreich\/","og_site_name":"AlpacaCamping","article_modified_time":"2025-01-22T08:58:13+00:00","og_image":[{"url":"https:\/\/www.alpacacamping.de\/content\/wp-content\/uploads\/2022\/03\/adventure-ge50df1c6a_1920-min.jpg"}],"twitter_card":"summary_large_image","twitter_misc":{"Gesch\u00e4tzte Lesezeit":"5\u00a0Minuten"},"schema":{"@context":"https:\/\/schema.org","@graph":[{"@type":"WebSite","@id":"https:\/\/www.alpacacamping.de\/content\/#website","url":"https:\/\/www.alpacacamping.de\/content\/","name":"AlpacaCamping","description":"Camping Stellpl\u00e4tze \u00fcberall buchen.","potentialAction":[{"@type":"SearchAction","target":{"@type":"EntryPoint","urlTemplate":"https:\/\/www.alpacacamping.de\/content\/?s={search_term_string}"},"query-input":"required name=search_term_string"}],"inLanguage":"de"},{"@type":"ImageObject","inLanguage":"de","@id":"https:\/\/www.alpacacamping.de\/content\/wildcampen-oesterreich\/#primaryimage","url":"https:\/\/www.alpacacamping.de\/content\/wp-content\/uploads\/2022\/03\/adventure-ge50df1c6a_1920-min.jpg","contentUrl":"https:\/\/www.alpacacamping.de\/content\/wp-content\/uploads\/2022\/03\/adventure-ge50df1c6a_1920-min.jpg","width":1920,"height":1458,"caption":"Wildcampen \u00d6sterreich"},{"@type":"WebPage","@id":"https:\/\/www.alpacacamping.de\/content\/wildcampen-oesterreich\/#webpage","url":"https:\/\/www.alpacacamping.de\/content\/wildcampen-oesterreich\/","name":"Wildcampen \u00d6sterreich | AlpacaCamping ?","isPartOf":{"@id":"https:\/\/www.alpacacamping.de\/content\/#website"},"primaryImageOfPage":{"@id":"https:\/\/www.alpacacamping.de\/content\/wildcampen-oesterreich\/#primaryimage"},"datePublished":"2022-03-04T10:58:32+00:00","dateModified":"2025-01-22T08:58:13+00:00","description":"Wildcampen in \u00d6sterreich?? Was ist gesetzlich erlaubt und was verboten? Informiere Dich hier \u00fcber die Regeln in \u00d6sterreich! ?","breadcrumb":{"@id":"https:\/\/www.alpacacamping.de\/content\/wildcampen-oesterreich\/#breadcrumb"},"inLanguage":"de","potentialAction":[{"@type":"ReadAction","target":["https:\/\/www.alpacacamping.de\/content\/wildcampen-oesterreich\/"]}]},{"@type":"BreadcrumbList","@id":"https:\/\/www.alpacacamping.de\/content\/wildcampen-oesterreich\/#breadcrumb","itemListElement":[{"@type":"ListItem","position":1,"name":"Home","item":"https:\/\/www.alpacacamping.de\/content\/"},{"@type":"ListItem","position":2,"name":"Wildcampen \u00d6sterreich"}]}]}},"_links":{"self":[{"href":"https:\/\/www.alpacacamping.de\/content\/wp-json\/wp\/v2\/pages\/2840"}],"collection":[{"href":"https:\/\/www.alpacacamping.de\/content\/wp-json\/wp\/v2\/pages"}],"about":[{"href":"https:\/\/www.alpacacamping.de\/content\/wp-json\/wp\/v2\/types\/page"}],"author":[{"embeddable":true,"href":"https:\/\/www.alpacacamping.de\/content\/wp-json\/wp\/v2\/users\/1"}],"replies":[{"embeddable":true,"href":"https:\/\/www.alpacacamping.de\/content\/wp-json\/wp\/v2\/comments?post=2840"}],"version-history":[{"count":10,"href":"https:\/\/www.alpacacamping.de\/content\/wp-json\/wp\/v2\/pages\/2840\/revisions"}],"predecessor-version":[{"id":25156,"href":"https:\/\/www.alpacacamping.de\/content\/wp-json\/wp\/v2\/pages\/2840\/revisions\/25156"}],"wp:attachment":[{"href":"https:\/\/www.alpacacamping.de\/content\/wp-json\/wp\/v2\/media?parent=2840"}],"wp:term":[{"taxonomy":"category","embeddable":true,"href":"https:\/\/www.alpacacamping.de\/content\/wp-json\/wp\/v2\/categories?post=2840"}],"curies":[{"name":"wp","href":"https:\/\/api.w.org\/{rel}","templated":true}]}}