{"id":2765,"date":"2022-03-02T11:19:30","date_gmt":"2022-03-02T10:19:30","guid":{"rendered":"https:\/\/www.alpacacamping.de\/content\/?page_id=2765"},"modified":"2022-06-28T11:12:01","modified_gmt":"2022-06-28T09:12:01","slug":"wildcampen-schleswig-holstein","status":"publish","type":"page","link":"https:\/\/www.alpacacamping.de\/content\/wildcampen-schleswig-holstein\/","title":{"rendered":"Wildcampen Schleswig-Holstein"},"content":{"rendered":"\n<div class=\"wp-block-cover alignfull is-light is-position-center-center\" style=\"min-height:375px\"><span aria-hidden=\"true\" class=\"wp-block-cover__background has-background-dim-20 has-background-dim\"><\/span><img loading=\"lazy\" width=\"1920\" height=\"1079\" class=\"wp-block-cover__image-background wp-image-2768\" alt=\"\" src=\"https:\/\/www.alpacacamping.de\/content\/wp-content\/uploads\/2022\/02\/lighthouse-g4dbdb33b7_1920-min.jpg\" style=\"object-position:44% 53%\" data-object-fit=\"cover\" data-object-position=\"44% 53%\" srcset=\"https:\/\/www.alpacacamping.de\/content\/wp-content\/uploads\/2022\/02\/lighthouse-g4dbdb33b7_1920-min.jpg 1920w, https:\/\/www.alpacacamping.de\/content\/wp-content\/uploads\/2022\/02\/lighthouse-g4dbdb33b7_1920-min-300x169.jpg 300w, https:\/\/www.alpacacamping.de\/content\/wp-content\/uploads\/2022\/02\/lighthouse-g4dbdb33b7_1920-min-1024x575.jpg 1024w, https:\/\/www.alpacacamping.de\/content\/wp-content\/uploads\/2022\/02\/lighthouse-g4dbdb33b7_1920-min-768x432.jpg 768w, https:\/\/www.alpacacamping.de\/content\/wp-content\/uploads\/2022\/02\/lighthouse-g4dbdb33b7_1920-min-1536x863.jpg 1536w, https:\/\/www.alpacacamping.de\/content\/wp-content\/uploads\/2022\/02\/lighthouse-g4dbdb33b7_1920-min-938x527.jpg 938w, https:\/\/www.alpacacamping.de\/content\/wp-content\/uploads\/2022\/02\/lighthouse-g4dbdb33b7_1920-min-1130x635.jpg 1130w\" sizes=\"(max-width: 1920px) 100vw, 1920px\"><div class=\"wp-block-cover__inner-container\">\n<p class=\"has-text-align-left has-light-blue-color has-text-color has-large-font-size\">Wildcampen in Schleswig-Holstein<\/p>\n\n\n\n<p class=\"has-light-blue-color has-text-color\">Welche Regelungen Du &uuml;ber das Wildcamping in Schleswig-Holstein wissen musst<\/p>\n<\/div><\/div>\n\n\n\n<div class=\"wp-container-1 wp-block-group alignfull\"><div class=\"wp-block-group__inner-container\">\n<h2>Ist Wildcampen in Schleswig-Holstein erlaubt?<\/h2>\n\n\n\n<p><strong>Wildcampen Schleswig-Holstein<\/strong>: Dank der Aktion &ldquo;Wildes Schleswig-Holstein&rdquo;, von der Stiftung Naturschutz, sind ungef&auml;hr 20 Pl&auml;tze zum &Uuml;bernachten in der freien Wildbahn von Privatpersonen und Institutionen zur Verf&uuml;gung gestellt worden. Das Wildcampen dort verlangt keine Genehmigung, ist also offiziell erlaubt. Besser ist es aber, wenn du dich zuvor bei den Besitzern anmeldest und ihnen Bescheid gibst. Abseits dieser Fl&auml;chen ist das <strong>Wildcampen in Schleswig-Holstein<\/strong> jedoch verboten.<\/p>\n\n\n\n<p>Die &Uuml;bernachtungsm&ouml;glichkeiten &bdquo;Wildes Schleswig-Holstein&ldquo;, sind nur f&uuml;r Fu&szlig;g&auml;nger oder Radfahrer und nicht f&uuml;r Wohnmobile oder Autos gedacht. Au&szlig;erdem darfst Du nur maximal eine Nacht bleiben und h&ouml;chstens ein Drei-Personen-Zelt aufstellen. Verboten ist es au&szlig;erdem, ein Lagerfeuer anzuz&uuml;nden. Deinen M&uuml;ll musst Du wieder mitnehmen &ndash; das sollte aber ohnehin selbstverst&auml;ndlich sein. Du darfst dein Zelt nicht in Fauna-Flora-Habitaten errichten. Auf Weiden und in W&auml;ldern solltest Du sehr vorsichtig sein, hier ist das Campen nicht &uuml;berall gestattet.<\/p>\n<\/div><\/div>\n\n\n\n<div class=\"wp-block-media-text alignwide has-media-on-the-right is-stacked-on-mobile\" style=\"grid-template-columns:auto 24%\"><figure class=\"wp-block-media-text__media\"><img loading=\"lazy\" width=\"1006\" height=\"1024\" src=\"https:\/\/www.alpacacamping.de\/content\/wp-content\/uploads\/2022\/02\/coat-of-arms-gd9abb0679_1280-min-1006x1024.png\" alt=\"Wildcamping in Schleswig-Holstein\" class=\"wp-image-2767 size-full\" srcset=\"https:\/\/www.alpacacamping.de\/content\/wp-content\/uploads\/2022\/02\/coat-of-arms-gd9abb0679_1280-min-1006x1024.png 1006w, https:\/\/www.alpacacamping.de\/content\/wp-content\/uploads\/2022\/02\/coat-of-arms-gd9abb0679_1280-min-295x300.png 295w, https:\/\/www.alpacacamping.de\/content\/wp-content\/uploads\/2022\/02\/coat-of-arms-gd9abb0679_1280-min-768x782.png 768w, https:\/\/www.alpacacamping.de\/content\/wp-content\/uploads\/2022\/02\/coat-of-arms-gd9abb0679_1280-min-938x955.png 938w, https:\/\/www.alpacacamping.de\/content\/wp-content\/uploads\/2022\/02\/coat-of-arms-gd9abb0679_1280-min-1130x1151.png 1130w, https:\/\/www.alpacacamping.de\/content\/wp-content\/uploads\/2022\/02\/coat-of-arms-gd9abb0679_1280-min.png 1257w\" sizes=\"(max-width: 1006px) 100vw, 1006px\"><\/figure><div class=\"wp-block-media-text__content\">\n<h2>Welche Alternativen zum Wildcampen in Schleswig-Holstein gibt es?<\/h2>\n\n\n\n<p>Au&szlig;er der tollen M&ouml;glichkeit durch &bdquo;Wildes Schleswig-Holstein&ldquo; in der freien Natur zu &uuml;bernachten, findest Du tolle Wohnmobilstellpl&auml;tze in Schleswig-Holstein &uuml;ber unsere Buchungsplattform. Hier ist es &auml;hnlich, private Anbieter, Weing&uuml;ter, Landwirte und Kommunen bieten naturnahe Fl&auml;chen zum &Uuml;bernachten f&uuml;r Camper an. Bestimmt findest Du hier eine tolle Alternative zum Wildcamping<\/p>\n\n\n\n<div class=\"wp-container-2 wp-block-buttons\">\n<div class=\"wp-block-button\"><a class=\"wp-block-button__link\" href=\"https:\/\/www.alpacacamping.de\/discover\/schleswig-holstein\" target=\"_blank\" rel=\"noreferrer noopener\">Wohnmobilstellplatz Schleswig-Holstein<\/a><\/div>\n<\/div>\n<\/div><\/div>\n\n\n\n<div style=\"height:33px\" aria-hidden=\"true\" class=\"wp-block-spacer\"><\/div>\n\n\n\n<p>Es ist verboten in Schleswig-Holstein nachts die Wege im Wald zu verlassen. W&uuml;rdest Du also dort Biwakieren wollen &ndash; also unter freiem Himmel, nur mit Isomatte und Schlafsack, schlafen &ndash; musst Du dies auf dem Wanderweg machen. Gem&uuml;tlich geht anders! Befindest Du dich jedoch au&szlig;erhalb des Waldes in der Natur, sollte es keine Probleme beim Biwakieren geben. Es sei denn, Du befindest dich in einem Nationalpark oder Naturschutzgebiet. Hier ist selbst biwakieren nicht gestattet. <\/p>\n\n\n\n<p>Am besten Du nutzt private Wohnmobilstellpl&auml;tze in Schleswig-Holstein oder Du siehst dich nach den &Uuml;bernachtungsm&ouml;glichkeiten der Aktion &bdquo;Wildes Schleswig-Holstein&ldquo; um. Diese beiden Optionen bieten dir die beste Alternative zum <strong>Wildcampen in Schleswig-Holstein<\/strong>.<\/p>\n\n\n\n<h2>Wiederherstellung der Fahrt&uuml;chtigkeit:<\/h2>\n\n\n\n<p>Wenn Du nach einer langen Fahrt von der M&uuml;digkeit eingeholt wirst und kostenlos eine Nacht an einem bestimmten Platz verbringen m&ouml;chtest, &uuml;bernachtest Du gerne mal in deinem Auto? Dabei ist das doch verboten. Oder etwa nicht? Wenn man in der StVO nachliest, kann man in Erfahrung bringen, dass es nicht strafbar ist, bzw. kein Verbot existiert.<\/p>\n\n\n\n<p>Diese Ausnahme wird nur zur Wiederherstellung der Fahrt&uuml;chtigkeit geduldet und darf nicht l&auml;nger als wenige Stunden dauern. Das bedeutet es ist dir erlaubt im Fahrzeug, auf Parkpl&auml;tzen oder am Stra&szlig;en zu n&auml;chtigen, solange dies nicht ausdr&uuml;cklich verboten ist. Hierbei darfst Du allerdings kein Lager aufbauen. Du siehst, diese Option ist keine Alternative zum Wildcamping in Schleswig-Holstein, sondern lediglich eine Notl&ouml;sung auf langen Fahrten.<\/p>\n","protected":false},"excerpt":{"rendered":"<p>Ist Wildcampen in Schleswig-Holstein erlaubt? Wildcampen Schleswig-Holstein: Dank der Aktion \u201cWildes Schleswig-Holstein\u201d, von der Stiftung Naturschutz, sind ungef\u00e4hr 20 Pl\u00e4tze zum \u00dcbernachten in der freien [&hellip;]<\/p>\n","protected":false},"author":1,"featured_media":0,"parent":0,"menu_order":0,"comment_status":"closed","ping_status":"closed","template":"","meta":[],"categories":[],"acf":[],"yoast_head":"<!-- This site is optimized with the Yoast SEO plugin v19.1 - https:\/\/yoast.com\/wordpress\/plugins\/seo\/ -->\n<title>Wildcampen Schleswig-Holstein | AlpacaCamping<\/title>\n<meta name=\"description\" content=\"Wildcampen in Schleswig-Holstein?? Hier erf\u00e4hrst Du, welche Gesetze in diesem Bundesland gelten. Informiere dich jetzt \u00fcber Alternativen! ?\" \/>\n<meta name=\"robots\" content=\"index, follow, max-snippet:-1, max-image-preview:large, max-video-preview:-1\" \/>\n<link rel=\"canonical\" href=\"https:\/\/www.alpacacamping.de\/content\/wildcampen-schleswig-holstein\/\" \/>\n<meta property=\"og:locale\" content=\"de_DE\" \/>\n<meta property=\"og:type\" content=\"article\" \/>\n<meta property=\"og:title\" content=\"Wildcampen Schleswig-Holstein | AlpacaCamping\" \/>\n<meta property=\"og:description\" content=\"Wildcampen in Schleswig-Holstein?? Hier erf\u00e4hrst Du, welche Gesetze in diesem Bundesland gelten. Informiere dich jetzt \u00fcber Alternativen! ?\" \/>\n<meta property=\"og:url\" content=\"https:\/\/www.alpacacamping.de\/content\/wildcampen-schleswig-holstein\/\" \/>\n<meta property=\"og:site_name\" content=\"AlpacaCamping\" \/>\n<meta property=\"article:modified_time\" content=\"2022-06-28T09:12:01+00:00\" \/>\n<meta property=\"og:image\" content=\"https:\/\/www.alpacacamping.de\/content\/wp-content\/uploads\/2022\/02\/lighthouse-g4dbdb33b7_1920-min.jpg\" \/>\n<meta name=\"twitter:card\" content=\"summary_large_image\" \/>\n<meta name=\"twitter:label1\" content=\"Gesch\u00e4tzte Lesezeit\" \/>\n\t<meta name=\"twitter:data1\" content=\"3\u00a0Minuten\" \/>\n<script type=\"application\/ld+json\" class=\"yoast-schema-graph\">{\"@context\":\"https:\/\/schema.org\",\"@graph\":[{\"@type\":\"WebSite\",\"@id\":\"https:\/\/www.alpacacamping.de\/content\/#website\",\"url\":\"https:\/\/www.alpacacamping.de\/content\/\",\"name\":\"AlpacaCamping\",\"description\":\"Camping Stellpl\u00e4tze \u00fcberall buchen.\",\"potentialAction\":[{\"@type\":\"SearchAction\",\"target\":{\"@type\":\"EntryPoint\",\"urlTemplate\":\"https:\/\/www.alpacacamping.de\/content\/?s={search_term_string}\"},\"query-input\":\"required name=search_term_string\"}],\"inLanguage\":\"de\"},{\"@type\":\"ImageObject\",\"inLanguage\":\"de\",\"@id\":\"https:\/\/www.alpacacamping.de\/content\/wildcampen-schleswig-holstein\/#primaryimage\",\"url\":\"https:\/\/www.alpacacamping.de\/content\/wp-content\/uploads\/2022\/02\/lighthouse-g4dbdb33b7_1920-min.jpg\",\"contentUrl\":\"https:\/\/www.alpacacamping.de\/content\/wp-content\/uploads\/2022\/02\/lighthouse-g4dbdb33b7_1920-min.jpg\",\"width\":1920,\"height\":1079,\"caption\":\"Wildcampen Schleswig-Holstein\"},{\"@type\":\"WebPage\",\"@id\":\"https:\/\/www.alpacacamping.de\/content\/wildcampen-schleswig-holstein\/#webpage\",\"url\":\"https:\/\/www.alpacacamping.de\/content\/wildcampen-schleswig-holstein\/\",\"name\":\"Wildcampen Schleswig-Holstein | AlpacaCamping\",\"isPartOf\":{\"@id\":\"https:\/\/www.alpacacamping.de\/content\/#website\"},\"primaryImageOfPage\":{\"@id\":\"https:\/\/www.alpacacamping.de\/content\/wildcampen-schleswig-holstein\/#primaryimage\"},\"datePublished\":\"2022-03-02T10:19:30+00:00\",\"dateModified\":\"2022-06-28T09:12:01+00:00\",\"description\":\"Wildcampen in Schleswig-Holstein?? Hier erf\u00e4hrst Du, welche Gesetze in diesem Bundesland gelten. Informiere dich jetzt \u00fcber Alternativen! ?\",\"breadcrumb\":{\"@id\":\"https:\/\/www.alpacacamping.de\/content\/wildcampen-schleswig-holstein\/#breadcrumb\"},\"inLanguage\":\"de\",\"potentialAction\":[{\"@type\":\"ReadAction\",\"target\":[\"https:\/\/www.alpacacamping.de\/content\/wildcampen-schleswig-holstein\/\"]}]},{\"@type\":\"BreadcrumbList\",\"@id\":\"https:\/\/www.alpacacamping.de\/content\/wildcampen-schleswig-holstein\/#breadcrumb\",\"itemListElement\":[{\"@type\":\"ListItem\",\"position\":1,\"name\":\"Home\",\"item\":\"https:\/\/www.alpacacamping.de\/content\/\"},{\"@type\":\"ListItem\",\"position\":2,\"name\":\"Wildcampen Schleswig-Holstein\"}]}]}<\/script>\n<!-- \/ Yoast SEO plugin. -->","yoast_head_json":{"title":"Wildcampen Schleswig-Holstein | AlpacaCamping","description":"Wildcampen in Schleswig-Holstein?? Hier erf\u00e4hrst Du, welche Gesetze in diesem Bundesland gelten. Informiere dich jetzt \u00fcber Alternativen! ?","robots":{"index":"index","follow":"follow","max-snippet":"max-snippet:-1","max-image-preview":"max-image-preview:large","max-video-preview":"max-video-preview:-1"},"canonical":"https:\/\/www.alpacacamping.de\/content\/wildcampen-schleswig-holstein\/","og_locale":"de_DE","og_type":"article","og_title":"Wildcampen Schleswig-Holstein | AlpacaCamping","og_description":"Wildcampen in Schleswig-Holstein?? Hier erf\u00e4hrst Du, welche Gesetze in diesem Bundesland gelten. Informiere dich jetzt \u00fcber Alternativen! ?","og_url":"https:\/\/www.alpacacamping.de\/content\/wildcampen-schleswig-holstein\/","og_site_name":"AlpacaCamping","article_modified_time":"2022-06-28T09:12:01+00:00","og_image":[{"url":"https:\/\/www.alpacacamping.de\/content\/wp-content\/uploads\/2022\/02\/lighthouse-g4dbdb33b7_1920-min.jpg"}],"twitter_card":"summary_large_image","twitter_misc":{"Gesch\u00e4tzte Lesezeit":"3\u00a0Minuten"},"schema":{"@context":"https:\/\/schema.org","@graph":[{"@type":"WebSite","@id":"https:\/\/www.alpacacamping.de\/content\/#website","url":"https:\/\/www.alpacacamping.de\/content\/","name":"AlpacaCamping","description":"Camping Stellpl\u00e4tze \u00fcberall buchen.","potentialAction":[{"@type":"SearchAction","target":{"@type":"EntryPoint","urlTemplate":"https:\/\/www.alpacacamping.de\/content\/?s={search_term_string}"},"query-input":"required name=search_term_string"}],"inLanguage":"de"},{"@type":"ImageObject","inLanguage":"de","@id":"https:\/\/www.alpacacamping.de\/content\/wildcampen-schleswig-holstein\/#primaryimage","url":"https:\/\/www.alpacacamping.de\/content\/wp-content\/uploads\/2022\/02\/lighthouse-g4dbdb33b7_1920-min.jpg","contentUrl":"https:\/\/www.alpacacamping.de\/content\/wp-content\/uploads\/2022\/02\/lighthouse-g4dbdb33b7_1920-min.jpg","width":1920,"height":1079,"caption":"Wildcampen Schleswig-Holstein"},{"@type":"WebPage","@id":"https:\/\/www.alpacacamping.de\/content\/wildcampen-schleswig-holstein\/#webpage","url":"https:\/\/www.alpacacamping.de\/content\/wildcampen-schleswig-holstein\/","name":"Wildcampen Schleswig-Holstein | AlpacaCamping","isPartOf":{"@id":"https:\/\/www.alpacacamping.de\/content\/#website"},"primaryImageOfPage":{"@id":"https:\/\/www.alpacacamping.de\/content\/wildcampen-schleswig-holstein\/#primaryimage"},"datePublished":"2022-03-02T10:19:30+00:00","dateModified":"2022-06-28T09:12:01+00:00","description":"Wildcampen in Schleswig-Holstein?? Hier erf\u00e4hrst Du, welche Gesetze in diesem Bundesland gelten. Informiere dich jetzt \u00fcber Alternativen! ?","breadcrumb":{"@id":"https:\/\/www.alpacacamping.de\/content\/wildcampen-schleswig-holstein\/#breadcrumb"},"inLanguage":"de","potentialAction":[{"@type":"ReadAction","target":["https:\/\/www.alpacacamping.de\/content\/wildcampen-schleswig-holstein\/"]}]},{"@type":"BreadcrumbList","@id":"https:\/\/www.alpacacamping.de\/content\/wildcampen-schleswig-holstein\/#breadcrumb","itemListElement":[{"@type":"ListItem","position":1,"name":"Home","item":"https:\/\/www.alpacacamping.de\/content\/"},{"@type":"ListItem","position":2,"name":"Wildcampen Schleswig-Holstein"}]}]}},"_links":{"self":[{"href":"https:\/\/www.alpacacamping.de\/content\/wp-json\/wp\/v2\/pages\/2765"}],"collection":[{"href":"https:\/\/www.alpacacamping.de\/content\/wp-json\/wp\/v2\/pages"}],"about":[{"href":"https:\/\/www.alpacacamping.de\/content\/wp-json\/wp\/v2\/types\/page"}],"author":[{"embeddable":true,"href":"https:\/\/www.alpacacamping.de\/content\/wp-json\/wp\/v2\/users\/1"}],"replies":[{"embeddable":true,"href":"https:\/\/www.alpacacamping.de\/content\/wp-json\/wp\/v2\/comments?post=2765"}],"version-history":[{"count":4,"href":"https:\/\/www.alpacacamping.de\/content\/wp-json\/wp\/v2\/pages\/2765\/revisions"}],"predecessor-version":[{"id":3511,"href":"https:\/\/www.alpacacamping.de\/content\/wp-json\/wp\/v2\/pages\/2765\/revisions\/3511"}],"wp:attachment":[{"href":"https:\/\/www.alpacacamping.de\/content\/wp-json\/wp\/v2\/media?parent=2765"}],"wp:term":[{"taxonomy":"category","embeddable":true,"href":"https:\/\/www.alpacacamping.de\/content\/wp-json\/wp\/v2\/categories?post=2765"}],"curies":[{"name":"wp","href":"https:\/\/api.w.org\/{rel}","templated":true}]}}