{"id":2760,"date":"2022-03-02T16:22:03","date_gmt":"2022-03-02T15:22:03","guid":{"rendered":"https:\/\/www.alpacacamping.de\/content\/?page_id=2760"},"modified":"2022-06-28T11:09:22","modified_gmt":"2022-06-28T09:09:22","slug":"wildcamping-baden-wuerttemberg","status":"publish","type":"page","link":"https:\/\/www.alpacacamping.de\/content\/wildcamping-baden-wuerttemberg\/","title":{"rendered":"Wildcampen Baden-W\u00fcrttemberg"},"content":{"rendered":"\n<div class=\"wp-block-cover alignfull is-light is-position-center-center\" style=\"min-height:375px\"><span aria-hidden=\"true\" class=\"wp-block-cover__background has-background-dim-20 has-background-dim\"><\/span><img loading=\"lazy\" width=\"2560\" height=\"1707\" class=\"wp-block-cover__image-background wp-image-2516\" alt=\"\" src=\"https:\/\/www.alpacacamping.de\/content\/wp-content\/uploads\/2021\/10\/pexels-markus-winkler-9862255-1-scaled.jpg\" style=\"object-position:44% 53%\" data-object-fit=\"cover\" data-object-position=\"44% 53%\" srcset=\"https:\/\/www.alpacacamping.de\/content\/wp-content\/uploads\/2021\/10\/pexels-markus-winkler-9862255-1-scaled.jpg 2560w, https:\/\/www.alpacacamping.de\/content\/wp-content\/uploads\/2021\/10\/pexels-markus-winkler-9862255-1-300x200.jpg 300w, https:\/\/www.alpacacamping.de\/content\/wp-content\/uploads\/2021\/10\/pexels-markus-winkler-9862255-1-1024x683.jpg 1024w, https:\/\/www.alpacacamping.de\/content\/wp-content\/uploads\/2021\/10\/pexels-markus-winkler-9862255-1-768x512.jpg 768w, https:\/\/www.alpacacamping.de\/content\/wp-content\/uploads\/2021\/10\/pexels-markus-winkler-9862255-1-1536x1024.jpg 1536w, https:\/\/www.alpacacamping.de\/content\/wp-content\/uploads\/2021\/10\/pexels-markus-winkler-9862255-1-2048x1365.jpg 2048w, https:\/\/www.alpacacamping.de\/content\/wp-content\/uploads\/2021\/10\/pexels-markus-winkler-9862255-1-938x625.jpg 938w, https:\/\/www.alpacacamping.de\/content\/wp-content\/uploads\/2021\/10\/pexels-markus-winkler-9862255-1-1130x753.jpg 1130w\" sizes=\"(max-width: 2560px) 100vw, 2560px\"><div class=\"wp-block-cover__inner-container\">\n<p class=\"has-text-align-left has-light-blue-color has-text-color has-large-font-size\">Wildcampen in Baden-W&uuml;rttemberg<\/p>\n\n\n\n<p class=\"has-light-blue-color has-text-color\">Welche Regelungen Du &uuml;ber das Wildcamping in Baden-W&uuml;rttemberg wissen musst<\/p>\n<\/div><\/div>\n\n\n\n<div class=\"wp-container-1 wp-block-group alignfull\"><div class=\"wp-block-group__inner-container\">\n<h2>Ist Wildcampen in Baden-W&uuml;rttemberg erlaubt?<\/h2>\n\n\n\n<p><strong>Wildcampen Baden-W&uuml;rttemberg<\/strong>: Auch in diesem Bundesland ist Wildcamping nicht erlaubt. &Auml;hnlich wie in anderen deutschen Bundesl&auml;ndern ist in Paragraph 44 des Naturschutzgesetzes des Landes Baden-W&uuml;rttemberg verankert, dass das Betretungsrecht aus dem Bundesnaturschutzgesetz &bdquo;das Fahren mit motorisierten Fahrzeugen, das Abstellen von motorisierten Fahrzeugen und Anh&auml;ngern, sowie das Zelten oder das Feuermachen&ldquo; beinhaltet. Wildcamping in Baden-W&uuml;rttemberg ist also allgemein verboten.<\/p>\n\n\n\n<p>Der Bu&szlig;geldkatalog sieht f&uuml;r widerrechtliches Campen in der Natur Strafen von bis zu 2.500 Euro vor. Dabei kommt es darauf an, ob Du dich in einem Naturschutzgebiet befindest und ob Du mit einem Zelt oder sogar mit einem Campervan &uuml;bernachtest. Du siehst, illegales <strong>Wildcampen in Baden-W&uuml;rttemberg<\/strong> kann hohe Geldstrafen mit sich ziehen, schon alleine deswegen raten wir Dir dringend davon ab.<\/p>\n<\/div><\/div>\n\n\n\n<div class=\"wp-block-media-text alignwide has-media-on-the-right is-stacked-on-mobile\" style=\"grid-template-columns:auto 33%\"><figure class=\"wp-block-media-text__media\"><img loading=\"lazy\" width=\"1024\" height=\"995\" src=\"https:\/\/www.alpacacamping.de\/content\/wp-content\/uploads\/2022\/02\/flag-g1551a38ba_1920-1024x995.png\" alt=\"Wildcamping in Baden-W&uuml;rttemberg\" class=\"wp-image-2729 size-full\" srcset=\"https:\/\/www.alpacacamping.de\/content\/wp-content\/uploads\/2022\/02\/flag-g1551a38ba_1920-1024x995.png 1024w, https:\/\/www.alpacacamping.de\/content\/wp-content\/uploads\/2022\/02\/flag-g1551a38ba_1920-300x292.png 300w, https:\/\/www.alpacacamping.de\/content\/wp-content\/uploads\/2022\/02\/flag-g1551a38ba_1920-768x746.png 768w, https:\/\/www.alpacacamping.de\/content\/wp-content\/uploads\/2022\/02\/flag-g1551a38ba_1920-1536x1493.png 1536w, https:\/\/www.alpacacamping.de\/content\/wp-content\/uploads\/2022\/02\/flag-g1551a38ba_1920-938x912.png 938w, https:\/\/www.alpacacamping.de\/content\/wp-content\/uploads\/2022\/02\/flag-g1551a38ba_1920-1130x1098.png 1130w, https:\/\/www.alpacacamping.de\/content\/wp-content\/uploads\/2022\/02\/flag-g1551a38ba_1920.png 1920w\" sizes=\"(max-width: 1024px) 100vw, 1024px\"><\/figure><div class=\"wp-block-media-text__content\">\n<h2>Welche Alternativen zum Wildcampen in Baden-W&uuml;rttemberg gibt es?<\/h2>\n\n\n\n<p>Die erste und wohl einfachste M&ouml;glichkeit ist, Du siehst dich auf unserer Plattform nach Wohnmobilstellpl&auml;tzen in Baden-W&uuml;rttemberg um. Bei uns findest Du naturnahe Stellpl&auml;tze, auf denen Du gegen eine kleine Geb&uuml;hr campen darfst. Dadurch, dass die Camper-Stellpl&auml;tze bei uns so naturnah wie m&ouml;glich sind und meist einen Weitblick ins Gr&uuml;ne bieten, kommt garantiert kein Campingplatz-Gef&uuml;hl auf! Auch spontane Buchungen, wenige Minuten vor Ankunft am Platz, sind m&ouml;glich &ndash; So bieten wir Dir maximale Spontanit&auml;t. <\/p>\n\n\n\n<div class=\"wp-container-2 wp-block-buttons\">\n<div class=\"wp-block-button\"><a class=\"wp-block-button__link\" href=\"https:\/\/www.alpacacamping.de\/discover\/baden-w%C3%BCrttemberg\" target=\"_blank\" rel=\"noreferrer noopener\">Wohnmobilstellplatz Baden-W&uuml;rttemberg<\/a><\/div>\n<\/div>\n<\/div><\/div>\n\n\n\n<div style=\"height:33px\" aria-hidden=\"true\" class=\"wp-block-spacer\"><\/div>\n\n\n\n<p>Du m&ouml;chtest trotzdem unbedingt Wildcampen? Eine weitere alternative M&ouml;glichkeit zum <strong>Wildcamping Baden-W&uuml;rttemberg<\/strong> bieten Trekkingcamps. F&uuml;r die Monate von Mai bis Oktober &ouml;ffnen neun sch&ouml;ne Trekking Camps ihre Tore. Dort findest Du eine gute Alternative zum Zelten unter freiem Himmel. F&uuml;r eine kleine Geb&uuml;hr kann man dort eine Nacht in der freien Natur verbringen.<\/p>\n\n\n\n<h2>Wiederherstellung der Fahrt&uuml;chtigkeit:<\/h2>\n\n\n\n<p>Es gibt aber noch einige rechtliche Schlupfl&ouml;cher. Erlaubt w&auml;re es beispielsweise ohne Zelt oder Van in der freien Natur zu &uuml;bernachten. Au&szlig;erdem kannst Du eine Nacht am Rand der Stra&szlig;e, im Fahrzeug, verbringen. Dies ist gesetzlich so geregelt, dass diese Erholung nur zur Wiederherstellung der Fahrt&uuml;chtigkeit genutzt werden darf.  Dabei darfst Du also kein Camp mit Vorzelt, Tisch, St&uuml;hlen etc. aufbauen und h&ouml;chstens wenige Stunden in deinem Fahrzeug n&auml;chtigen.<\/p>\n\n\n\n<p><em>Solltest Du widerrechtlich in Naturschutzparks oder Landschaftsschutzgebieten wildcampen, solltest Du dich &uuml;ber die Art und H&ouml;he der Bu&szlig;gelder informieren. Diese findest Du im landesweit verf&uuml;gbaren Bu&szlig;geldkatalog f&uuml;rs Wildcampen in Deutschland.&nbsp;<\/em><\/p>\n","protected":false},"excerpt":{"rendered":"<p>Ist Wildcampen in Baden-W\u00fcrttemberg erlaubt? Wildcampen Baden-W\u00fcrttemberg: Auch in diesem Bundesland ist Wildcamping nicht erlaubt. \u00c4hnlich wie in anderen deutschen Bundesl\u00e4ndern ist in Paragraph 44 [&hellip;]<\/p>\n","protected":false},"author":1,"featured_media":0,"parent":0,"menu_order":0,"comment_status":"closed","ping_status":"closed","template":"","meta":[],"categories":[],"acf":[],"yoast_head":"<!-- This site is optimized with the Yoast SEO plugin v19.1 - https:\/\/yoast.com\/wordpress\/plugins\/seo\/ -->\n<title>Wildcampen Baden-W\u00fcrttemberg | AlpacaCamping<\/title>\n<meta name=\"description\" content=\"Wildcampen in Baden-W\u00fcrttemberg?? Hier erf\u00e4hrst Du, was gesetzlich erlaubt ist und was nicht. Informiere dich jetzt \u00fcber alle Regeln! ?\" \/>\n<meta name=\"robots\" content=\"index, follow, max-snippet:-1, max-image-preview:large, max-video-preview:-1\" \/>\n<link rel=\"canonical\" href=\"https:\/\/www.alpacacamping.de\/content\/wildcamping-baden-wuerttemberg\/\" \/>\n<meta property=\"og:locale\" content=\"de_DE\" \/>\n<meta property=\"og:type\" content=\"article\" \/>\n<meta property=\"og:title\" content=\"Wildcampen Baden-W\u00fcrttemberg | AlpacaCamping\" \/>\n<meta property=\"og:description\" content=\"Wildcampen in Baden-W\u00fcrttemberg?? Hier erf\u00e4hrst Du, was gesetzlich erlaubt ist und was nicht. Informiere dich jetzt \u00fcber alle Regeln! ?\" \/>\n<meta property=\"og:url\" content=\"https:\/\/www.alpacacamping.de\/content\/wildcamping-baden-wuerttemberg\/\" \/>\n<meta property=\"og:site_name\" content=\"AlpacaCamping\" \/>\n<meta property=\"article:modified_time\" content=\"2022-06-28T09:09:22+00:00\" \/>\n<meta property=\"og:image\" content=\"https:\/\/www.alpacacamping.de\/content\/wp-content\/uploads\/2021\/10\/pexels-markus-winkler-9862255-1-scaled.jpg\" \/>\n<meta name=\"twitter:card\" content=\"summary_large_image\" \/>\n<meta name=\"twitter:label1\" content=\"Gesch\u00e4tzte Lesezeit\" \/>\n\t<meta name=\"twitter:data1\" content=\"3\u00a0Minuten\" \/>\n<script type=\"application\/ld+json\" class=\"yoast-schema-graph\">{\"@context\":\"https:\/\/schema.org\",\"@graph\":[{\"@type\":\"WebSite\",\"@id\":\"https:\/\/www.alpacacamping.de\/content\/#website\",\"url\":\"https:\/\/www.alpacacamping.de\/content\/\",\"name\":\"AlpacaCamping\",\"description\":\"Camping Stellpl\u00e4tze \u00fcberall buchen.\",\"potentialAction\":[{\"@type\":\"SearchAction\",\"target\":{\"@type\":\"EntryPoint\",\"urlTemplate\":\"https:\/\/www.alpacacamping.de\/content\/?s={search_term_string}\"},\"query-input\":\"required name=search_term_string\"}],\"inLanguage\":\"de\"},{\"@type\":\"ImageObject\",\"inLanguage\":\"de\",\"@id\":\"https:\/\/www.alpacacamping.de\/content\/wildcamping-baden-wuerttemberg\/#primaryimage\",\"url\":\"https:\/\/www.alpacacamping.de\/content\/wp-content\/uploads\/2021\/10\/pexels-markus-winkler-9862255-1-scaled.jpg\",\"contentUrl\":\"https:\/\/www.alpacacamping.de\/content\/wp-content\/uploads\/2021\/10\/pexels-markus-winkler-9862255-1-scaled.jpg\",\"width\":2560,\"height\":1707,\"caption\":\"Wildcampen Baden-W\u00fcrttemberg\"},{\"@type\":\"WebPage\",\"@id\":\"https:\/\/www.alpacacamping.de\/content\/wildcamping-baden-wuerttemberg\/#webpage\",\"url\":\"https:\/\/www.alpacacamping.de\/content\/wildcamping-baden-wuerttemberg\/\",\"name\":\"Wildcampen Baden-W\u00fcrttemberg | AlpacaCamping\",\"isPartOf\":{\"@id\":\"https:\/\/www.alpacacamping.de\/content\/#website\"},\"primaryImageOfPage\":{\"@id\":\"https:\/\/www.alpacacamping.de\/content\/wildcamping-baden-wuerttemberg\/#primaryimage\"},\"datePublished\":\"2022-03-02T15:22:03+00:00\",\"dateModified\":\"2022-06-28T09:09:22+00:00\",\"description\":\"Wildcampen in Baden-W\u00fcrttemberg?? Hier erf\u00e4hrst Du, was gesetzlich erlaubt ist und was nicht. Informiere dich jetzt \u00fcber alle Regeln! ?\",\"breadcrumb\":{\"@id\":\"https:\/\/www.alpacacamping.de\/content\/wildcamping-baden-wuerttemberg\/#breadcrumb\"},\"inLanguage\":\"de\",\"potentialAction\":[{\"@type\":\"ReadAction\",\"target\":[\"https:\/\/www.alpacacamping.de\/content\/wildcamping-baden-wuerttemberg\/\"]}]},{\"@type\":\"BreadcrumbList\",\"@id\":\"https:\/\/www.alpacacamping.de\/content\/wildcamping-baden-wuerttemberg\/#breadcrumb\",\"itemListElement\":[{\"@type\":\"ListItem\",\"position\":1,\"name\":\"Home\",\"item\":\"https:\/\/www.alpacacamping.de\/content\/\"},{\"@type\":\"ListItem\",\"position\":2,\"name\":\"Wildcampen Baden-W\u00fcrttemberg\"}]}]}<\/script>\n<!-- \/ Yoast SEO plugin. -->","yoast_head_json":{"title":"Wildcampen Baden-W\u00fcrttemberg | AlpacaCamping","description":"Wildcampen in Baden-W\u00fcrttemberg?? Hier erf\u00e4hrst Du, was gesetzlich erlaubt ist und was nicht. Informiere dich jetzt \u00fcber alle Regeln! ?","robots":{"index":"index","follow":"follow","max-snippet":"max-snippet:-1","max-image-preview":"max-image-preview:large","max-video-preview":"max-video-preview:-1"},"canonical":"https:\/\/www.alpacacamping.de\/content\/wildcamping-baden-wuerttemberg\/","og_locale":"de_DE","og_type":"article","og_title":"Wildcampen Baden-W\u00fcrttemberg | AlpacaCamping","og_description":"Wildcampen in Baden-W\u00fcrttemberg?? Hier erf\u00e4hrst Du, was gesetzlich erlaubt ist und was nicht. Informiere dich jetzt \u00fcber alle Regeln! ?","og_url":"https:\/\/www.alpacacamping.de\/content\/wildcamping-baden-wuerttemberg\/","og_site_name":"AlpacaCamping","article_modified_time":"2022-06-28T09:09:22+00:00","og_image":[{"url":"https:\/\/www.alpacacamping.de\/content\/wp-content\/uploads\/2021\/10\/pexels-markus-winkler-9862255-1-scaled.jpg"}],"twitter_card":"summary_large_image","twitter_misc":{"Gesch\u00e4tzte Lesezeit":"3\u00a0Minuten"},"schema":{"@context":"https:\/\/schema.org","@graph":[{"@type":"WebSite","@id":"https:\/\/www.alpacacamping.de\/content\/#website","url":"https:\/\/www.alpacacamping.de\/content\/","name":"AlpacaCamping","description":"Camping Stellpl\u00e4tze \u00fcberall buchen.","potentialAction":[{"@type":"SearchAction","target":{"@type":"EntryPoint","urlTemplate":"https:\/\/www.alpacacamping.de\/content\/?s={search_term_string}"},"query-input":"required name=search_term_string"}],"inLanguage":"de"},{"@type":"ImageObject","inLanguage":"de","@id":"https:\/\/www.alpacacamping.de\/content\/wildcamping-baden-wuerttemberg\/#primaryimage","url":"https:\/\/www.alpacacamping.de\/content\/wp-content\/uploads\/2021\/10\/pexels-markus-winkler-9862255-1-scaled.jpg","contentUrl":"https:\/\/www.alpacacamping.de\/content\/wp-content\/uploads\/2021\/10\/pexels-markus-winkler-9862255-1-scaled.jpg","width":2560,"height":1707,"caption":"Wildcampen Baden-W\u00fcrttemberg"},{"@type":"WebPage","@id":"https:\/\/www.alpacacamping.de\/content\/wildcamping-baden-wuerttemberg\/#webpage","url":"https:\/\/www.alpacacamping.de\/content\/wildcamping-baden-wuerttemberg\/","name":"Wildcampen Baden-W\u00fcrttemberg | AlpacaCamping","isPartOf":{"@id":"https:\/\/www.alpacacamping.de\/content\/#website"},"primaryImageOfPage":{"@id":"https:\/\/www.alpacacamping.de\/content\/wildcamping-baden-wuerttemberg\/#primaryimage"},"datePublished":"2022-03-02T15:22:03+00:00","dateModified":"2022-06-28T09:09:22+00:00","description":"Wildcampen in Baden-W\u00fcrttemberg?? Hier erf\u00e4hrst Du, was gesetzlich erlaubt ist und was nicht. Informiere dich jetzt \u00fcber alle Regeln! ?","breadcrumb":{"@id":"https:\/\/www.alpacacamping.de\/content\/wildcamping-baden-wuerttemberg\/#breadcrumb"},"inLanguage":"de","potentialAction":[{"@type":"ReadAction","target":["https:\/\/www.alpacacamping.de\/content\/wildcamping-baden-wuerttemberg\/"]}]},{"@type":"BreadcrumbList","@id":"https:\/\/www.alpacacamping.de\/content\/wildcamping-baden-wuerttemberg\/#breadcrumb","itemListElement":[{"@type":"ListItem","position":1,"name":"Home","item":"https:\/\/www.alpacacamping.de\/content\/"},{"@type":"ListItem","position":2,"name":"Wildcampen Baden-W\u00fcrttemberg"}]}]}},"_links":{"self":[{"href":"https:\/\/www.alpacacamping.de\/content\/wp-json\/wp\/v2\/pages\/2760"}],"collection":[{"href":"https:\/\/www.alpacacamping.de\/content\/wp-json\/wp\/v2\/pages"}],"about":[{"href":"https:\/\/www.alpacacamping.de\/content\/wp-json\/wp\/v2\/types\/page"}],"author":[{"embeddable":true,"href":"https:\/\/www.alpacacamping.de\/content\/wp-json\/wp\/v2\/users\/1"}],"replies":[{"embeddable":true,"href":"https:\/\/www.alpacacamping.de\/content\/wp-json\/wp\/v2\/comments?post=2760"}],"version-history":[{"count":3,"href":"https:\/\/www.alpacacamping.de\/content\/wp-json\/wp\/v2\/pages\/2760\/revisions"}],"predecessor-version":[{"id":3506,"href":"https:\/\/www.alpacacamping.de\/content\/wp-json\/wp\/v2\/pages\/2760\/revisions\/3506"}],"wp:attachment":[{"href":"https:\/\/www.alpacacamping.de\/content\/wp-json\/wp\/v2\/media?parent=2760"}],"wp:term":[{"taxonomy":"category","embeddable":true,"href":"https:\/\/www.alpacacamping.de\/content\/wp-json\/wp\/v2\/categories?post=2760"}],"curies":[{"name":"wp","href":"https:\/\/api.w.org\/{rel}","templated":true}]}}