{"id":2748,"date":"2022-03-02T11:25:25","date_gmt":"2022-03-02T10:25:25","guid":{"rendered":"https:\/\/www.alpacacamping.de\/content\/?page_id=2748"},"modified":"2022-03-02T11:25:26","modified_gmt":"2022-03-02T10:25:26","slug":"wildcampen-sachsen-anhalt","status":"publish","type":"page","link":"https:\/\/www.alpacacamping.de\/content\/wildcampen-sachsen-anhalt\/","title":{"rendered":"Wildcampen Sachsen-Anhalt"},"content":{"rendered":"\n<div class=\"wp-block-cover alignfull has-background-dim-20 has-background-dim is-position-center-center\" style=\"min-height:375px\"><img loading=\"lazy\" width=\"1920\" height=\"1199\" class=\"wp-block-cover__image-background wp-image-2807\" alt=\"\" src=\"https:\/\/www.alpacacamping.de\/content\/wp-content\/uploads\/2022\/02\/saxony-anhalt-g725b8a50c_1920-min.jpg\" style=\"object-position:41% 48%\" data-object-fit=\"cover\" data-object-position=\"41% 48%\" srcset=\"https:\/\/www.alpacacamping.de\/content\/wp-content\/uploads\/2022\/02\/saxony-anhalt-g725b8a50c_1920-min.jpg 1920w, https:\/\/www.alpacacamping.de\/content\/wp-content\/uploads\/2022\/02\/saxony-anhalt-g725b8a50c_1920-min-300x187.jpg 300w, https:\/\/www.alpacacamping.de\/content\/wp-content\/uploads\/2022\/02\/saxony-anhalt-g725b8a50c_1920-min-1024x639.jpg 1024w, https:\/\/www.alpacacamping.de\/content\/wp-content\/uploads\/2022\/02\/saxony-anhalt-g725b8a50c_1920-min-768x480.jpg 768w, https:\/\/www.alpacacamping.de\/content\/wp-content\/uploads\/2022\/02\/saxony-anhalt-g725b8a50c_1920-min-1536x959.jpg 1536w, https:\/\/www.alpacacamping.de\/content\/wp-content\/uploads\/2022\/02\/saxony-anhalt-g725b8a50c_1920-min-938x586.jpg 938w, https:\/\/www.alpacacamping.de\/content\/wp-content\/uploads\/2022\/02\/saxony-anhalt-g725b8a50c_1920-min-1130x706.jpg 1130w\" sizes=\"(max-width: 1920px) 100vw, 1920px\"><div class=\"wp-block-cover__inner-container\">\n<p class=\"has-text-align-left has-large-font-size\">Wildcampen in Sachsen-Anhalt<\/p>\n\n\n\n<p>Welche Gesetze Du &uuml;ber das Wildcamping in Sachsen-Anhalt beachten musst<\/p>\n<\/div><\/div>\n\n\n\n<div class=\"wp-container-1 wp-block-group alignfull\"><div class=\"wp-block-group__inner-container\">\n<h2>Ist Wildcampen in Sachsen-Anhalt erlaubt?<\/h2>\n\n\n\n<p><strong>Wildcampen Sachsen-Anhalt<\/strong>: Hier ist das Camping in der Natur nur gestattet, wenn Du eine ausdr&uuml;ckliche Erlaubnis des Waldbesitzers oder Grundst&uuml;ckseigent&uuml;mers bekommen hast. Mit einem offiziellen Schreiben des Eigent&uuml;mers darfst Du, laut &sect;22 des Landeswaldgesetzes, mit deinem Zelt oder Wohnwagen in der freien Natur n&auml;chtigen. In bestimmten F&auml;llen ist es dir auch gestattet, ein Lagerfeuer an einer ausgewiesenen Stelle zu machen. Pass aber auf, dass du nicht in Nationalparks oder anderen Schutzgebieten &uuml;bernachtest. Hast du keine Einwilligung des Eigent&uuml;mers eingeholt, ist <strong>Wildcamping in Sachsen-Anhalt<\/strong> untersagt.<\/p>\n<\/div><\/div>\n\n\n\n<h2>Welche Strafen fallen f&uuml;rs Wildcampen in Sachsen-Anhalt an?<\/h2>\n\n\n\n<p>Solltest du unerlaubt auf einem Privatgrund campen, begehst du Hausfriedensbruch und kannst des Grundst&uuml;cks verwiesen werden. Meist ist diese Ordnungswidrigkeit mit einem Bu&szlig;geld abgegolten. Wie man dem landesweiten Bu&szlig;geldkatalog entnehmen kann, drohen Wildcampern, die sich &uuml;ber das Verbot des Wildcampens hinweggesetzt und in gesch&uuml;tzten Gebieten bis zu zehn Tagen &uuml;bernachtet haben, eine Strafe von 100 Euro bis 400 Euro.<\/p>\n\n\n\n<div class=\"wp-block-media-text alignwide has-media-on-the-right is-stacked-on-mobile\" style=\"grid-template-columns:auto 33%\"><figure class=\"wp-block-media-text__media\"><img loading=\"lazy\" width=\"1024\" height=\"995\" src=\"https:\/\/www.alpacacamping.de\/content\/wp-content\/uploads\/2022\/02\/heart-g361a990d5_1920-min-1024x995.png\" alt=\"Wildcamping in Sachsenanhalt\" class=\"wp-image-2749 size-full\" srcset=\"https:\/\/www.alpacacamping.de\/content\/wp-content\/uploads\/2022\/02\/heart-g361a990d5_1920-min-1024x995.png 1024w, https:\/\/www.alpacacamping.de\/content\/wp-content\/uploads\/2022\/02\/heart-g361a990d5_1920-min-300x291.png 300w, https:\/\/www.alpacacamping.de\/content\/wp-content\/uploads\/2022\/02\/heart-g361a990d5_1920-min-768x746.png 768w, https:\/\/www.alpacacamping.de\/content\/wp-content\/uploads\/2022\/02\/heart-g361a990d5_1920-min-1536x1492.png 1536w, https:\/\/www.alpacacamping.de\/content\/wp-content\/uploads\/2022\/02\/heart-g361a990d5_1920-min-938x911.png 938w, https:\/\/www.alpacacamping.de\/content\/wp-content\/uploads\/2022\/02\/heart-g361a990d5_1920-min-1130x1098.png 1130w, https:\/\/www.alpacacamping.de\/content\/wp-content\/uploads\/2022\/02\/heart-g361a990d5_1920-min.png 1920w\" sizes=\"(max-width: 1024px) 100vw, 1024px\"><\/figure><div class=\"wp-block-media-text__content\">\n<h2>Alternativen zum Wildcampen in Sachsen-Anhalt<\/h2>\n\n\n\n<p>Sachsen-Anhalt bietet viele sch&ouml;ne Orte zum Campen. Auf unserer Buchungsplattform findest Du idyllische, naturnahe Wohnmobilstellpl&auml;tze in Sachsen-Anhalt. Durch die M&ouml;glichkeit auf spontane Sofortbuchungen und kleine Stellpl&auml;tze mit viel Privatsph&auml;re, kommst du dem Wildcamping ganz nah, ohne dabei gegen Gesetze zu versto&szlig;en!<\/p>\n\n\n\n<div class=\"wp-container-2 wp-block-buttons\">\n<div class=\"wp-block-button\"><a class=\"wp-block-button__link\" href=\"https:\/\/www.alpacacamping.de\/discover\/sachsen-anhalt\" target=\"_blank\" rel=\"noreferrer noopener\">Wohnmobilstellplatz Sachsen-Anhalt<\/a><\/div>\n<\/div>\n<\/div><\/div>\n\n\n\n<div style=\"height:33px\" aria-hidden=\"true\" class=\"wp-block-spacer\"><\/div>\n\n\n\n<p>In vielen Bundesl&auml;ndern ist das Biwakieren eine willkommene Alternative zum Wildcampen. So auch in Sachsen-Anhalt: Wer eine legale Nacht unter freiem Himmel verbringen m&ouml;chte, kann mit einer Isomatte und Schlafsack oder in einer H&auml;ngematte in der Natur &uuml;bernachten. Dabei ist es wichtig keine privaten Grundst&uuml;cke oder Naturschutzgebiete zu betreten. Solltest Du bei dieser Alternative zum <strong>Wildcamping in Sachsen-Anhalt<\/strong> allerdings   Unrat in der Natur hinterlassen oder gar etwas besch&auml;digen, drohen dennoch Bu&szlig;gelder.<\/p>\n\n\n\n<h2>Grauzone: Im Fahrzeug &uuml;bernachten<\/h2>\n\n\n\n<p>Wenn Du von der M&uuml;digkeit eingeholt wirst und kostenlos eine Nacht an einem bestimmten Platz verbringen m&ouml;chtest, &uuml;bernachtest Du einfach eine Nacht im Fahrzeug. Dabei ist das doch verboten. Oder etwa nicht? Wenn Du in der StVO (Stra&szlig;en-Verkehrsordnung) nachliest, kannst Du in Erfahrung bringen, dass es nicht strafbar ist, bzw. kein direktes Verbot existiert. So auch in Sachsen-Anhalt<\/p>\n\n\n\n<p>In der StVO ist nur festgehalten wo nicht geparkt oder gehalten werden darf (&sect; 12 Abs. 4). Abgesehen von dieser Einschr&auml;nkung spricht aber nichts dagegen, &ouml;ffentliche Fl&auml;chen zu nutzen, um im Auto zu n&auml;chtigen. Man kann also sagen, dass es aus verkehrsrechtlicher Sicht wohl erlaubt ist im eigenen Auto zu n&auml;chtigen, wenn man sich nicht auf einem Privatgrundst&uuml;ck aufh&auml;lt. Dies gilt allerdings nur zur Wiederherstellung der Fahrt&uuml;chtigkeit, Du darfst also kein Lager aufbauen und nur wenige Stunden verweilen.<\/p>\n\n\n\n<p><\/p>\n","protected":false},"excerpt":{"rendered":"<p>Ist Wildcampen in Sachsen-Anhalt erlaubt? Wildcampen Sachsen-Anhalt: Hier ist das Camping in der Natur nur gestattet, wenn Du eine ausdr\u00fcckliche Erlaubnis des Waldbesitzers oder Grundst\u00fcckseigent\u00fcmers [&hellip;]<\/p>\n","protected":false},"author":1,"featured_media":0,"parent":0,"menu_order":0,"comment_status":"closed","ping_status":"closed","template":"","meta":[],"categories":[],"acf":[],"yoast_head":"<!-- This site is optimized with the Yoast SEO plugin v19.1 - https:\/\/yoast.com\/wordpress\/plugins\/seo\/ -->\n<title>Wildcampen Sachsen-Anhalt | AlpacaCamping<\/title>\n<meta name=\"description\" content=\"Wildcampen in Sachsen-Anhalt?? Informiere dich jetzt \u00fcber alle Regeln und entdecke spannende Alternativen zum Wildcamping! ?\" \/>\n<meta name=\"robots\" content=\"index, follow, max-snippet:-1, max-image-preview:large, max-video-preview:-1\" \/>\n<link rel=\"canonical\" href=\"https:\/\/www.alpacacamping.de\/content\/wildcampen-sachsen-anhalt\/\" \/>\n<meta property=\"og:locale\" content=\"de_DE\" \/>\n<meta property=\"og:type\" content=\"article\" \/>\n<meta property=\"og:title\" content=\"Wildcampen Sachsen-Anhalt | AlpacaCamping\" \/>\n<meta property=\"og:description\" content=\"Wildcampen in Sachsen-Anhalt?? Informiere dich jetzt \u00fcber alle Regeln und entdecke spannende Alternativen zum Wildcamping! ?\" \/>\n<meta property=\"og:url\" content=\"https:\/\/www.alpacacamping.de\/content\/wildcampen-sachsen-anhalt\/\" \/>\n<meta property=\"og:site_name\" content=\"AlpacaCamping\" \/>\n<meta property=\"article:modified_time\" content=\"2022-03-02T10:25:26+00:00\" \/>\n<meta property=\"og:image\" content=\"https:\/\/www.alpacacamping.de\/content\/wp-content\/uploads\/2022\/02\/saxony-anhalt-g725b8a50c_1920-min.jpg\" \/>\n<meta name=\"twitter:card\" content=\"summary_large_image\" \/>\n<meta name=\"twitter:label1\" content=\"Gesch\u00e4tzte Lesezeit\" \/>\n\t<meta name=\"twitter:data1\" content=\"3\u00a0Minuten\" \/>\n<script type=\"application\/ld+json\" class=\"yoast-schema-graph\">{\"@context\":\"https:\/\/schema.org\",\"@graph\":[{\"@type\":\"WebSite\",\"@id\":\"https:\/\/www.alpacacamping.de\/content\/#website\",\"url\":\"https:\/\/www.alpacacamping.de\/content\/\",\"name\":\"AlpacaCamping\",\"description\":\"Camping Stellpl\u00e4tze \u00fcberall buchen.\",\"potentialAction\":[{\"@type\":\"SearchAction\",\"target\":{\"@type\":\"EntryPoint\",\"urlTemplate\":\"https:\/\/www.alpacacamping.de\/content\/?s={search_term_string}\"},\"query-input\":\"required name=search_term_string\"}],\"inLanguage\":\"de\"},{\"@type\":\"ImageObject\",\"inLanguage\":\"de\",\"@id\":\"https:\/\/www.alpacacamping.de\/content\/wildcampen-sachsen-anhalt\/#primaryimage\",\"url\":\"https:\/\/www.alpacacamping.de\/content\/wp-content\/uploads\/2022\/02\/saxony-anhalt-g725b8a50c_1920-min.jpg\",\"contentUrl\":\"https:\/\/www.alpacacamping.de\/content\/wp-content\/uploads\/2022\/02\/saxony-anhalt-g725b8a50c_1920-min.jpg\",\"width\":1920,\"height\":1199,\"caption\":\"Wildcampen Sachsen-Anhalt\"},{\"@type\":\"WebPage\",\"@id\":\"https:\/\/www.alpacacamping.de\/content\/wildcampen-sachsen-anhalt\/#webpage\",\"url\":\"https:\/\/www.alpacacamping.de\/content\/wildcampen-sachsen-anhalt\/\",\"name\":\"Wildcampen Sachsen-Anhalt | AlpacaCamping\",\"isPartOf\":{\"@id\":\"https:\/\/www.alpacacamping.de\/content\/#website\"},\"primaryImageOfPage\":{\"@id\":\"https:\/\/www.alpacacamping.de\/content\/wildcampen-sachsen-anhalt\/#primaryimage\"},\"datePublished\":\"2022-03-02T10:25:25+00:00\",\"dateModified\":\"2022-03-02T10:25:26+00:00\",\"description\":\"Wildcampen in Sachsen-Anhalt?? Informiere dich jetzt \u00fcber alle Regeln und entdecke spannende Alternativen zum Wildcamping! ?\",\"breadcrumb\":{\"@id\":\"https:\/\/www.alpacacamping.de\/content\/wildcampen-sachsen-anhalt\/#breadcrumb\"},\"inLanguage\":\"de\",\"potentialAction\":[{\"@type\":\"ReadAction\",\"target\":[\"https:\/\/www.alpacacamping.de\/content\/wildcampen-sachsen-anhalt\/\"]}]},{\"@type\":\"BreadcrumbList\",\"@id\":\"https:\/\/www.alpacacamping.de\/content\/wildcampen-sachsen-anhalt\/#breadcrumb\",\"itemListElement\":[{\"@type\":\"ListItem\",\"position\":1,\"name\":\"Home\",\"item\":\"https:\/\/www.alpacacamping.de\/content\/\"},{\"@type\":\"ListItem\",\"position\":2,\"name\":\"Wildcampen Sachsen-Anhalt\"}]}]}<\/script>\n<!-- \/ Yoast SEO plugin. -->","yoast_head_json":{"title":"Wildcampen Sachsen-Anhalt | AlpacaCamping","description":"Wildcampen in Sachsen-Anhalt?? Informiere dich jetzt \u00fcber alle Regeln und entdecke spannende Alternativen zum Wildcamping! ?","robots":{"index":"index","follow":"follow","max-snippet":"max-snippet:-1","max-image-preview":"max-image-preview:large","max-video-preview":"max-video-preview:-1"},"canonical":"https:\/\/www.alpacacamping.de\/content\/wildcampen-sachsen-anhalt\/","og_locale":"de_DE","og_type":"article","og_title":"Wildcampen Sachsen-Anhalt | AlpacaCamping","og_description":"Wildcampen in Sachsen-Anhalt?? Informiere dich jetzt \u00fcber alle Regeln und entdecke spannende Alternativen zum Wildcamping! ?","og_url":"https:\/\/www.alpacacamping.de\/content\/wildcampen-sachsen-anhalt\/","og_site_name":"AlpacaCamping","article_modified_time":"2022-03-02T10:25:26+00:00","og_image":[{"url":"https:\/\/www.alpacacamping.de\/content\/wp-content\/uploads\/2022\/02\/saxony-anhalt-g725b8a50c_1920-min.jpg"}],"twitter_card":"summary_large_image","twitter_misc":{"Gesch\u00e4tzte Lesezeit":"3\u00a0Minuten"},"schema":{"@context":"https:\/\/schema.org","@graph":[{"@type":"WebSite","@id":"https:\/\/www.alpacacamping.de\/content\/#website","url":"https:\/\/www.alpacacamping.de\/content\/","name":"AlpacaCamping","description":"Camping Stellpl\u00e4tze \u00fcberall buchen.","potentialAction":[{"@type":"SearchAction","target":{"@type":"EntryPoint","urlTemplate":"https:\/\/www.alpacacamping.de\/content\/?s={search_term_string}"},"query-input":"required name=search_term_string"}],"inLanguage":"de"},{"@type":"ImageObject","inLanguage":"de","@id":"https:\/\/www.alpacacamping.de\/content\/wildcampen-sachsen-anhalt\/#primaryimage","url":"https:\/\/www.alpacacamping.de\/content\/wp-content\/uploads\/2022\/02\/saxony-anhalt-g725b8a50c_1920-min.jpg","contentUrl":"https:\/\/www.alpacacamping.de\/content\/wp-content\/uploads\/2022\/02\/saxony-anhalt-g725b8a50c_1920-min.jpg","width":1920,"height":1199,"caption":"Wildcampen Sachsen-Anhalt"},{"@type":"WebPage","@id":"https:\/\/www.alpacacamping.de\/content\/wildcampen-sachsen-anhalt\/#webpage","url":"https:\/\/www.alpacacamping.de\/content\/wildcampen-sachsen-anhalt\/","name":"Wildcampen Sachsen-Anhalt | AlpacaCamping","isPartOf":{"@id":"https:\/\/www.alpacacamping.de\/content\/#website"},"primaryImageOfPage":{"@id":"https:\/\/www.alpacacamping.de\/content\/wildcampen-sachsen-anhalt\/#primaryimage"},"datePublished":"2022-03-02T10:25:25+00:00","dateModified":"2022-03-02T10:25:26+00:00","description":"Wildcampen in Sachsen-Anhalt?? Informiere dich jetzt \u00fcber alle Regeln und entdecke spannende Alternativen zum Wildcamping! ?","breadcrumb":{"@id":"https:\/\/www.alpacacamping.de\/content\/wildcampen-sachsen-anhalt\/#breadcrumb"},"inLanguage":"de","potentialAction":[{"@type":"ReadAction","target":["https:\/\/www.alpacacamping.de\/content\/wildcampen-sachsen-anhalt\/"]}]},{"@type":"BreadcrumbList","@id":"https:\/\/www.alpacacamping.de\/content\/wildcampen-sachsen-anhalt\/#breadcrumb","itemListElement":[{"@type":"ListItem","position":1,"name":"Home","item":"https:\/\/www.alpacacamping.de\/content\/"},{"@type":"ListItem","position":2,"name":"Wildcampen Sachsen-Anhalt"}]}]}},"_links":{"self":[{"href":"https:\/\/www.alpacacamping.de\/content\/wp-json\/wp\/v2\/pages\/2748"}],"collection":[{"href":"https:\/\/www.alpacacamping.de\/content\/wp-json\/wp\/v2\/pages"}],"about":[{"href":"https:\/\/www.alpacacamping.de\/content\/wp-json\/wp\/v2\/types\/page"}],"author":[{"embeddable":true,"href":"https:\/\/www.alpacacamping.de\/content\/wp-json\/wp\/v2\/users\/1"}],"replies":[{"embeddable":true,"href":"https:\/\/www.alpacacamping.de\/content\/wp-json\/wp\/v2\/comments?post=2748"}],"version-history":[{"count":6,"href":"https:\/\/www.alpacacamping.de\/content\/wp-json\/wp\/v2\/pages\/2748\/revisions"}],"predecessor-version":[{"id":2846,"href":"https:\/\/www.alpacacamping.de\/content\/wp-json\/wp\/v2\/pages\/2748\/revisions\/2846"}],"wp:attachment":[{"href":"https:\/\/www.alpacacamping.de\/content\/wp-json\/wp\/v2\/media?parent=2748"}],"wp:term":[{"taxonomy":"category","embeddable":true,"href":"https:\/\/www.alpacacamping.de\/content\/wp-json\/wp\/v2\/categories?post=2748"}],"curies":[{"name":"wp","href":"https:\/\/api.w.org\/{rel}","templated":true}]}}