{"id":2584,"date":"2021-12-03T15:38:26","date_gmt":"2021-12-03T14:38:26","guid":{"rendered":"https:\/\/www.alpacacamping.de\/content\/?page_id=2584"},"modified":"2022-06-28T11:14:05","modified_gmt":"2022-06-28T09:14:05","slug":"wintercamping","status":"publish","type":"page","link":"https:\/\/www.alpacacamping.de\/content\/wintercamping\/","title":{"rendered":"Wintercamping"},"content":{"rendered":"\n<div class=\"wp-block-cover alignfull is-light is-position-center-center\" style=\"min-height:455px\"><span aria-hidden=\"true\" class=\"wp-block-cover__background has-background-dim\"><\/span><img loading=\"lazy\" width=\"2560\" height=\"1616\" class=\"wp-block-cover__image-background wp-image-2585\" alt=\"\" src=\"https:\/\/www.alpacacamping.de\/content\/wp-content\/uploads\/2021\/12\/gloria-cretu-uy6E5mdlLCQ-unsplash-min-scaled.jpg\" style=\"object-position:52% 80%\" data-object-fit=\"cover\" data-object-position=\"52% 80%\" srcset=\"https:\/\/www.alpacacamping.de\/content\/wp-content\/uploads\/2021\/12\/gloria-cretu-uy6E5mdlLCQ-unsplash-min-scaled.jpg 2560w, https:\/\/www.alpacacamping.de\/content\/wp-content\/uploads\/2021\/12\/gloria-cretu-uy6E5mdlLCQ-unsplash-min-300x189.jpg 300w, https:\/\/www.alpacacamping.de\/content\/wp-content\/uploads\/2021\/12\/gloria-cretu-uy6E5mdlLCQ-unsplash-min-1024x646.jpg 1024w, https:\/\/www.alpacacamping.de\/content\/wp-content\/uploads\/2021\/12\/gloria-cretu-uy6E5mdlLCQ-unsplash-min-768x485.jpg 768w, https:\/\/www.alpacacamping.de\/content\/wp-content\/uploads\/2021\/12\/gloria-cretu-uy6E5mdlLCQ-unsplash-min-1536x969.jpg 1536w, https:\/\/www.alpacacamping.de\/content\/wp-content\/uploads\/2021\/12\/gloria-cretu-uy6E5mdlLCQ-unsplash-min-2048x1293.jpg 2048w, https:\/\/www.alpacacamping.de\/content\/wp-content\/uploads\/2021\/12\/gloria-cretu-uy6E5mdlLCQ-unsplash-min-938x592.jpg 938w, https:\/\/www.alpacacamping.de\/content\/wp-content\/uploads\/2021\/12\/gloria-cretu-uy6E5mdlLCQ-unsplash-min-1130x713.jpg 1130w\" sizes=\"(max-width: 2560px) 100vw, 2560px\"><div class=\"wp-block-cover__inner-container\">\n<h1 class=\"has-light-blue-color has-text-color\" style=\"font-size:44px\">Wintercamping<\/h1>\n\n\n\n<h2 class=\"has-light-blue-color has-text-color has-large-font-size\">So klappt das Camping auch bei frostigen Temperaturen<\/h2>\n<\/div><\/div>\n\n\n\n<p>Verschneite Landschaften, herrliches Schneegest&ouml;ber und ganz viel Wintersport: F&uuml;r all das steht <strong>Wintercamping<\/strong>. Wenn Du dar&uuml;ber nachdenkst, w&auml;hrend der kalten Jahreszeit zu campen, musst Du Dir im Vorfeld ein paar Gedanken machen. Damit alles glatt geht, solltest du einige Regeln beachten und eine gewisse Ausr&uuml;stung an Bord haben. Dann wird dein Besuch auf dem Wohnmobilstellplatz auch bei Minustemperaturen zum einzigartigen und unvergesslichen Erlebnis. Wir helfen dir dabei!<\/p>\n\n\n\n<div class=\"wp-block-media-text alignwide is-stacked-on-mobile\" style=\"grid-template-columns:53% auto\"><figure class=\"wp-block-media-text__media\"><img loading=\"lazy\" width=\"1024\" height=\"683\" src=\"https:\/\/www.alpacacamping.de\/content\/wp-content\/uploads\/2021\/12\/pexels-thirdman-6946419-min-1024x683.jpg\" alt=\"\" class=\"wp-image-2588 size-full\" srcset=\"https:\/\/www.alpacacamping.de\/content\/wp-content\/uploads\/2021\/12\/pexels-thirdman-6946419-min-1024x683.jpg 1024w, https:\/\/www.alpacacamping.de\/content\/wp-content\/uploads\/2021\/12\/pexels-thirdman-6946419-min-300x200.jpg 300w, https:\/\/www.alpacacamping.de\/content\/wp-content\/uploads\/2021\/12\/pexels-thirdman-6946419-min-768x512.jpg 768w, https:\/\/www.alpacacamping.de\/content\/wp-content\/uploads\/2021\/12\/pexels-thirdman-6946419-min-1536x1024.jpg 1536w, https:\/\/www.alpacacamping.de\/content\/wp-content\/uploads\/2021\/12\/pexels-thirdman-6946419-min-2048x1365.jpg 2048w, https:\/\/www.alpacacamping.de\/content\/wp-content\/uploads\/2021\/12\/pexels-thirdman-6946419-min-938x625.jpg 938w, https:\/\/www.alpacacamping.de\/content\/wp-content\/uploads\/2021\/12\/pexels-thirdman-6946419-min-1130x753.jpg 1130w\" sizes=\"(max-width: 1024px) 100vw, 1024px\"><\/figure><div class=\"wp-block-media-text__content\">\n<h2>Campen im Winter &ndash; Dein Fahrzeug<\/h2>\n\n\n\n<p>Nat&uuml;rlich sind Winterreifen ein absolutes Muss, so viel ist klar. Aber es gibt weitere Faktoren, die Dir das <strong>Wintercamping<\/strong> vereinfachen k&ouml;nnen. Ein Camper mit hoher Bodenfreiheit macht es beispielsweise leichter durch Schnee und Eis zu kommen. So musst Du Dir keine Sorgen machen, dass Du stecken bleiben k&ouml;nntest. Ein leistungsstarker Motor und idealerweise ein Allradantrieb bringen vor allem im Winter viele Vorteile mit sich. Einige Stellpl&auml;tze sind im Winter oder bei schlechter Witterung nur mit 4&times;4 erreichbar. Bei Glatten Stra&szlig;en ist es ratsam Schneeketten anzubringen. Diese solltest Du bei Minusgraden immer im Gep&auml;ck haben.&nbsp;<\/p>\n<\/div><\/div>\n\n\n\n<h2>Wintercamping &ndash; Heizen ist Pflicht!<\/h2>\n\n\n\n<p>Beim <strong>Wintercamping<\/strong> muss nat&uuml;rlich auch der Innenraum des Reisemobils beheizt werden. Hierf&uuml;r bietet sich ein Fahrzeug mit integrierter Standheizung an. Heutzutage gibt es kaum einen Camper, der nicht &uuml;ber eine Standheizung verf&uuml;gt. <\/p>\n\n\n\n<p>Je besser dein Reisemobil isoliert ist, umso besser! Denn Camping bei Temperaturen unter dem Gefrierpunkt kann sonst schnell sehr ungem&uuml;tlich werden. Bei deiner Wohnmobil-Standheizung kannst du zwischen Gas-, Elektro-, Benzin- und Dieselheizung w&auml;hlen. Um also zu verhindern, dass Du im Kalten sitzt, sollte immer gen&uuml;gend Gas\/Benzin\/Diesel im Tank sein. Dies solltest Du regelm&auml;&szlig;ig kontrollieren, denn wer m&ouml;chte schon, dass mitten in der Nacht die Heizung ausf&auml;llt?!&nbsp;<\/p>\n\n\n\n<h2>Den Wassertrank im Wohnmobil beheizen?<\/h2>\n\n\n\n<p>Ja, das Beheizen des Wohnmobils ist auch wegen des Wassertanks sehr wichtig, da es dazu beitr&auml;gt, dass das Wasser in den kalten Wintermonaten nicht gefriert. Um den Wassertank vor Sch&auml;den durch Frost zu sch&uuml;tzen, ist es ratsam die Standheizung auch dann laufen zu lassen, wenn du unterwegs bist &ndash; So bleibt die frostfreie Wasserversorgung garantiert. Einen einfachen Trick, den viele Camper beim <strong>Wintercamping<\/strong> nutzen, ist es beispielsweise den Abwassertank auf einem Campingplatz komplett zu &ouml;ffnen und einen Eimer darunter zu stellen. So ist kein Wasser im Tank und dieser kann demnach auch nicht auffrieren.<\/p>\n\n\n\n<h2>Stromversorgung im langen Winter<\/h2>\n\n\n\n<p>Wintercamping ohne Stromversorgung ist kaum m&ouml;glich. Wenn drau&szlig;en herrliche Landschaften im wei&szlig;en Schnee versinken, wird es leider sehr fr&uuml;h dunkel.&nbsp;<\/p>\n\n\n\n<p>Gerade im Winter solltest Du darauf achten, dass gen&uuml;gend Energiequellen zur Verf&uuml;gung stehen, damit die Lichter und Ger&auml;te auch nach Sonnenuntergang reibungslos funktionieren. Solltest Du dein Fahrzeug auf dem Stellplatz mit externem Strom verbinden, ben&ouml;tigst Du auf jeden Fall ein frostsicheres Stromkabel.<\/p>\n\n\n\n<h3 class=\"has-text-align-center\">In diesem Artikel findest Du weitere hilfreiche Tipps f&uuml;r deine Stromversorgung auf Campingtrips:<\/h3>\n\n\n\n<div class=\"wp-container-1 is-horizontal is-content-justification-center wp-block-buttons\">\n<div class=\"wp-block-button\"><a class=\"wp-block-button__link\" href=\"https:\/\/www.alpacacamping.de\/content\/campingausruestung\/\" target=\"_blank\" rel=\"noreferrer noopener\">Die perfekte Campingausr&uuml;stung<\/a><\/div>\n<\/div>\n\n\n\n<h2>Wichtiges Werkzeug beim Wintercamping<\/h2>\n\n\n\n<p>Camping im Winter macht Spa&szlig;, denn Du kannst wandern, Ski fahren, snowboarden und eislaufen. <strong>Wintercamping<\/strong> erfordert jedoch viel Vorbereitung, wie den Kauf von Ausr&uuml;stung und die Sicherstellung von wichtigen Werkzeugen f&uuml;r den Notfall.<\/p>\n\n\n\n<p>Neben einem guten Eiskratzer solltest Du gen&uuml;gend Frostschutzmittel und Thermofolien f&uuml;r die Scheiben an Bord haben. Auch ein Handbesen im Inneren ist empfehlenswert &ndash; so kann kein Dreck ins Fahrzeug kommen; einfach die Schuhe vor dem Einsteigen gut abb&uuml;rsten. Nat&uuml;rlich muss auch das gesetzlich festgelegte KFZ-Equipment stets dabei sein. Auch dieses kannst du im oben verlinkten Artikel nachlesen.<\/p>\n\n\n\n<p><\/p>\n\n\n\n<div class=\"wp-block-media-text alignwide has-media-on-the-right is-stacked-on-mobile\" style=\"grid-template-columns:auto 45%\"><figure class=\"wp-block-media-text__media\"><img loading=\"lazy\" width=\"1024\" height=\"683\" src=\"https:\/\/www.alpacacamping.de\/content\/wp-content\/uploads\/2021\/12\/pexels-paige-deasley-9789902-min-1024x683.jpg\" alt=\"\" class=\"wp-image-2586 size-full\" srcset=\"https:\/\/www.alpacacamping.de\/content\/wp-content\/uploads\/2021\/12\/pexels-paige-deasley-9789902-min-1024x683.jpg 1024w, https:\/\/www.alpacacamping.de\/content\/wp-content\/uploads\/2021\/12\/pexels-paige-deasley-9789902-min-300x200.jpg 300w, https:\/\/www.alpacacamping.de\/content\/wp-content\/uploads\/2021\/12\/pexels-paige-deasley-9789902-min-768x512.jpg 768w, https:\/\/www.alpacacamping.de\/content\/wp-content\/uploads\/2021\/12\/pexels-paige-deasley-9789902-min-1536x1024.jpg 1536w, https:\/\/www.alpacacamping.de\/content\/wp-content\/uploads\/2021\/12\/pexels-paige-deasley-9789902-min-2048x1365.jpg 2048w, https:\/\/www.alpacacamping.de\/content\/wp-content\/uploads\/2021\/12\/pexels-paige-deasley-9789902-min-938x625.jpg 938w, https:\/\/www.alpacacamping.de\/content\/wp-content\/uploads\/2021\/12\/pexels-paige-deasley-9789902-min-1130x753.jpg 1130w\" sizes=\"(max-width: 1024px) 100vw, 1024px\"><\/figure><div class=\"wp-block-media-text__content\">\n<h2 style=\"font-size:38px\">Deine pers&ouml;nliche Packliste:<\/h2>\n\n\n\n<div class=\"wp-container-4 wp-block-columns\">\n<div class=\"wp-container-2 wp-block-column\">\n<ul class=\"has-small-font-size\"><li>Warme Socken<\/li><li>Dicke Decke<\/li><li>Dicke Pullis<\/li><li>Festes Schuhwerk<\/li><li>Warme Jacke<\/li><li>Handschuhe &amp; M&uuml;tze<\/li><\/ul>\n<\/div>\n\n\n\n<div class=\"wp-container-3 wp-block-column\">\n<ul class=\"has-small-font-size\"><li>W&auml;rmflasche<\/li><li>Schlitten<\/li><li>Snowboard\/Ski<\/li><li>Thermokleidung<\/li><li>Thermoskanne<\/li><li>Warmer Schal<\/li><\/ul>\n<\/div>\n<\/div>\n\n\n\n<div class=\"wp-container-5 wp-block-buttons\">\n<div class=\"wp-block-button\"><a class=\"wp-block-button__link\" href=\"https:\/\/www.alpacacamping.de\/content\/packliste-camping\/\">Packliste camping<\/a><\/div>\n<\/div>\n<\/div><\/div>\n\n\n\n<h2>H&auml;ufig gestellte Fragen zum Wintercamping:<\/h2>\n\n\n\n<div class=\"schema-faq wp-block-yoast-faq-block\"><div class=\"schema-faq-section\" id=\"faq-question-1638452062377\"><strong class=\"schema-faq-question\">Kann ich im Winter mit einem Zelt campen?<\/strong> <p class=\"schema-faq-answer\">Du kannst im Winter mit dem Zelt campen. Jedoch ist es nicht empfehlenswert mit einem herk&ouml;mmlichen Zelt zu &uuml;bernachten. Bei Bodenfrost und Schneefall kannst Du deiner Gesundheit schaden. Stattdessen k&ouml;nntest Du in einem <a href=\"https:\/\/www.alpacacamping.de\/content\/glamping\/\" target=\"_blank\" rel=\"noreferrer noopener\">Glamping<\/a> Zelt unterkommen, diese haben einen festen Boden und sind somit besser zum Zelten im Winter geeignet. Aber auch hier solltest Du keine Frostbeule sein.<\/p> <\/div> <div class=\"schema-faq-section\" id=\"faq-question-1638452102038\"><strong class=\"schema-faq-question\">Welche Regionen sind zum Wintercamping in Deutschland am besten geeignet?<\/strong> <p class=\"schema-faq-answer\">Folgende Regionen sind zum Wintercamping in Deutschland am besten geeignet: Berchtesgaden, Oberstdorf und die Zugspitzregion. Dort ist es im Winter besonders gro&szlig;artig, weil Du Ski fahren, Snowboarden, Eislaufen und Rodeln gehen kannst. Stellpl&auml;tze in diesen Regionen sind vor allem im Winter sehr begehrt.<\/p> <\/div> <div class=\"schema-faq-section\" id=\"faq-question-1638455058527\"><strong class=\"schema-faq-question\">Wo ist es in Europa im Winter noch warm genug zum Campen?<\/strong> <p class=\"schema-faq-answer\">Im Winter ist es in folgenden Regionen Europas noch warm genug zum Campen: Portugal, Sizilien, Italien und Spanien.&nbsp;Bist Du also kein gro&szlig;er Fan von der K&auml;lte beim Wintercamping, kannst Du Dir &uuml;berlegen in eines dieser L&auml;nder zu reisen, um dort der kalten Jahreszeit zu entfliehen.<br>&nbsp;<\/p> <\/div> <\/div>\n","protected":false},"excerpt":{"rendered":"<p>Verschneite Landschaften, herrliches Schneegest\u00f6ber und ganz viel Wintersport: F\u00fcr all das steht Wintercamping. Wenn Du dar\u00fcber nachdenkst, w\u00e4hrend der kalten Jahreszeit zu campen, musst Du [&hellip;]<\/p>\n","protected":false},"author":1,"featured_media":0,"parent":0,"menu_order":0,"comment_status":"closed","ping_status":"closed","template":"","meta":[],"categories":[],"acf":[],"yoast_head":"<!-- This site is optimized with the Yoast SEO plugin v19.1 - https:\/\/yoast.com\/wordpress\/plugins\/seo\/ -->\n<title>Wintercamping in Deutschland: Was Du wissen musst! - AlpacaCamping<\/title>\n<meta name=\"description\" content=\"Du m\u00f6chtest auch im Winter nicht aufs Campen verzichten? ? Hier erf\u00e4hrst du worauf es beim Wintercamping ankommt und was du beachten musst.\u2744\ufe0f\" \/>\n<meta name=\"robots\" content=\"index, follow, max-snippet:-1, max-image-preview:large, max-video-preview:-1\" \/>\n<link rel=\"canonical\" href=\"https:\/\/www.alpacacamping.de\/content\/wintercamping\/\" \/>\n<meta property=\"og:locale\" content=\"de_DE\" \/>\n<meta property=\"og:type\" content=\"article\" \/>\n<meta property=\"og:title\" content=\"Wintercamping in Deutschland: Was Du wissen musst! - AlpacaCamping\" \/>\n<meta property=\"og:description\" content=\"Du m\u00f6chtest auch im Winter nicht aufs Campen verzichten? ? Hier erf\u00e4hrst du worauf es beim Wintercamping ankommt und was du beachten musst.\u2744\ufe0f\" \/>\n<meta property=\"og:url\" content=\"https:\/\/www.alpacacamping.de\/content\/wintercamping\/\" \/>\n<meta property=\"og:site_name\" content=\"AlpacaCamping\" \/>\n<meta property=\"article:modified_time\" content=\"2022-06-28T09:14:05+00:00\" \/>\n<meta property=\"og:image\" content=\"https:\/\/www.alpacacamping.de\/content\/wp-content\/uploads\/2021\/12\/gloria-cretu-uy6E5mdlLCQ-unsplash-min-scaled.jpg\" \/>\n<meta name=\"twitter:card\" content=\"summary_large_image\" \/>\n<meta name=\"twitter:label1\" content=\"Gesch\u00e4tzte Lesezeit\" \/>\n\t<meta name=\"twitter:data1\" content=\"5\u00a0Minuten\" \/>\n<script type=\"application\/ld+json\" class=\"yoast-schema-graph\">{\"@context\":\"https:\/\/schema.org\",\"@graph\":[{\"@type\":\"WebSite\",\"@id\":\"https:\/\/www.alpacacamping.de\/content\/#website\",\"url\":\"https:\/\/www.alpacacamping.de\/content\/\",\"name\":\"AlpacaCamping\",\"description\":\"Camping Stellpl\u00e4tze \u00fcberall buchen.\",\"potentialAction\":[{\"@type\":\"SearchAction\",\"target\":{\"@type\":\"EntryPoint\",\"urlTemplate\":\"https:\/\/www.alpacacamping.de\/content\/?s={search_term_string}\"},\"query-input\":\"required name=search_term_string\"}],\"inLanguage\":\"de\"},{\"@type\":\"ImageObject\",\"inLanguage\":\"de\",\"@id\":\"https:\/\/www.alpacacamping.de\/content\/wintercamping\/#primaryimage\",\"url\":\"https:\/\/www.alpacacamping.de\/content\/wp-content\/uploads\/2021\/12\/gloria-cretu-uy6E5mdlLCQ-unsplash-min-scaled.jpg\",\"contentUrl\":\"https:\/\/www.alpacacamping.de\/content\/wp-content\/uploads\/2021\/12\/gloria-cretu-uy6E5mdlLCQ-unsplash-min-scaled.jpg\",\"width\":2560,\"height\":1616},{\"@type\":[\"WebPage\",\"FAQPage\"],\"@id\":\"https:\/\/www.alpacacamping.de\/content\/wintercamping\/#webpage\",\"url\":\"https:\/\/www.alpacacamping.de\/content\/wintercamping\/\",\"name\":\"Wintercamping in Deutschland: Was Du wissen musst! - AlpacaCamping\",\"isPartOf\":{\"@id\":\"https:\/\/www.alpacacamping.de\/content\/#website\"},\"primaryImageOfPage\":{\"@id\":\"https:\/\/www.alpacacamping.de\/content\/wintercamping\/#primaryimage\"},\"datePublished\":\"2021-12-03T14:38:26+00:00\",\"dateModified\":\"2022-06-28T09:14:05+00:00\",\"description\":\"Du m\u00f6chtest auch im Winter nicht aufs Campen verzichten? ? Hier erf\u00e4hrst du worauf es beim Wintercamping ankommt und was du beachten musst.\u2744\ufe0f\",\"breadcrumb\":{\"@id\":\"https:\/\/www.alpacacamping.de\/content\/wintercamping\/#breadcrumb\"},\"mainEntity\":[{\"@id\":\"https:\/\/www.alpacacamping.de\/content\/wintercamping\/#faq-question-1638452062377\"},{\"@id\":\"https:\/\/www.alpacacamping.de\/content\/wintercamping\/#faq-question-1638452102038\"},{\"@id\":\"https:\/\/www.alpacacamping.de\/content\/wintercamping\/#faq-question-1638455058527\"}],\"inLanguage\":\"de\",\"potentialAction\":[{\"@type\":\"ReadAction\",\"target\":[\"https:\/\/www.alpacacamping.de\/content\/wintercamping\/\"]}]},{\"@type\":\"BreadcrumbList\",\"@id\":\"https:\/\/www.alpacacamping.de\/content\/wintercamping\/#breadcrumb\",\"itemListElement\":[{\"@type\":\"ListItem\",\"position\":1,\"name\":\"Home\",\"item\":\"https:\/\/www.alpacacamping.de\/content\/\"},{\"@type\":\"ListItem\",\"position\":2,\"name\":\"Wintercamping\"}]},{\"@type\":\"Question\",\"@id\":\"https:\/\/www.alpacacamping.de\/content\/wintercamping\/#faq-question-1638452062377\",\"position\":1,\"url\":\"https:\/\/www.alpacacamping.de\/content\/wintercamping\/#faq-question-1638452062377\",\"name\":\"Kann ich im Winter mit einem Zelt campen?\",\"answerCount\":1,\"acceptedAnswer\":{\"@type\":\"Answer\",\"text\":\"Du kannst im Winter mit dem Zelt campen. Jedoch ist es nicht empfehlenswert mit einem herk\u00f6mmlichen Zelt zu \u00fcbernachten. Bei Bodenfrost und Schneefall kannst Du deiner Gesundheit schaden. Stattdessen k\u00f6nntest Du in einem <a href=\\\"https:\/\/www.alpacacamping.de\/content\/glamping\/\\\" target=\\\"_blank\\\" rel=\\\"noreferrer noopener\\\">Glamping<\/a> Zelt unterkommen, diese haben einen festen Boden und sind somit besser zum Zelten im Winter geeignet. Aber auch hier solltest Du keine Frostbeule sein.\",\"inLanguage\":\"de\"},\"inLanguage\":\"de\"},{\"@type\":\"Question\",\"@id\":\"https:\/\/www.alpacacamping.de\/content\/wintercamping\/#faq-question-1638452102038\",\"position\":2,\"url\":\"https:\/\/www.alpacacamping.de\/content\/wintercamping\/#faq-question-1638452102038\",\"name\":\"Welche Regionen sind zum Wintercamping in Deutschland am besten geeignet?\",\"answerCount\":1,\"acceptedAnswer\":{\"@type\":\"Answer\",\"text\":\"Folgende Regionen sind zum Wintercamping in Deutschland am besten geeignet: Berchtesgaden, Oberstdorf und die Zugspitzregion. Dort ist es im Winter besonders gro\u00dfartig, weil Du Ski fahren, Snowboarden, Eislaufen und Rodeln gehen kannst. Stellpl\u00e4tze in diesen Regionen sind vor allem im Winter sehr begehrt.\",\"inLanguage\":\"de\"},\"inLanguage\":\"de\"},{\"@type\":\"Question\",\"@id\":\"https:\/\/www.alpacacamping.de\/content\/wintercamping\/#faq-question-1638455058527\",\"position\":3,\"url\":\"https:\/\/www.alpacacamping.de\/content\/wintercamping\/#faq-question-1638455058527\",\"name\":\"Wo ist es in Europa im Winter noch warm genug zum Campen?\",\"answerCount\":1,\"acceptedAnswer\":{\"@type\":\"Answer\",\"text\":\"Im Winter ist es in folgenden Regionen Europas noch warm genug zum Campen: Portugal, Sizilien, Italien und Spanien.\u00a0Bist Du also kein gro\u00dfer Fan von der K\u00e4lte beim Wintercamping, kannst Du Dir \u00fcberlegen in eines dieser L\u00e4nder zu reisen, um dort der kalten Jahreszeit zu entfliehen.<br\/>\u00a0\",\"inLanguage\":\"de\"},\"inLanguage\":\"de\"}]}<\/script>\n<!-- \/ Yoast SEO plugin. -->","yoast_head_json":{"title":"Wintercamping in Deutschland: Was Du wissen musst! - AlpacaCamping","description":"Du m\u00f6chtest auch im Winter nicht aufs Campen verzichten? ? Hier erf\u00e4hrst du worauf es beim Wintercamping ankommt und was du beachten musst.\u2744\ufe0f","robots":{"index":"index","follow":"follow","max-snippet":"max-snippet:-1","max-image-preview":"max-image-preview:large","max-video-preview":"max-video-preview:-1"},"canonical":"https:\/\/www.alpacacamping.de\/content\/wintercamping\/","og_locale":"de_DE","og_type":"article","og_title":"Wintercamping in Deutschland: Was Du wissen musst! - AlpacaCamping","og_description":"Du m\u00f6chtest auch im Winter nicht aufs Campen verzichten? ? Hier erf\u00e4hrst du worauf es beim Wintercamping ankommt und was du beachten musst.\u2744\ufe0f","og_url":"https:\/\/www.alpacacamping.de\/content\/wintercamping\/","og_site_name":"AlpacaCamping","article_modified_time":"2022-06-28T09:14:05+00:00","og_image":[{"url":"https:\/\/www.alpacacamping.de\/content\/wp-content\/uploads\/2021\/12\/gloria-cretu-uy6E5mdlLCQ-unsplash-min-scaled.jpg"}],"twitter_card":"summary_large_image","twitter_misc":{"Gesch\u00e4tzte Lesezeit":"5\u00a0Minuten"},"schema":{"@context":"https:\/\/schema.org","@graph":[{"@type":"WebSite","@id":"https:\/\/www.alpacacamping.de\/content\/#website","url":"https:\/\/www.alpacacamping.de\/content\/","name":"AlpacaCamping","description":"Camping Stellpl\u00e4tze \u00fcberall buchen.","potentialAction":[{"@type":"SearchAction","target":{"@type":"EntryPoint","urlTemplate":"https:\/\/www.alpacacamping.de\/content\/?s={search_term_string}"},"query-input":"required name=search_term_string"}],"inLanguage":"de"},{"@type":"ImageObject","inLanguage":"de","@id":"https:\/\/www.alpacacamping.de\/content\/wintercamping\/#primaryimage","url":"https:\/\/www.alpacacamping.de\/content\/wp-content\/uploads\/2021\/12\/gloria-cretu-uy6E5mdlLCQ-unsplash-min-scaled.jpg","contentUrl":"https:\/\/www.alpacacamping.de\/content\/wp-content\/uploads\/2021\/12\/gloria-cretu-uy6E5mdlLCQ-unsplash-min-scaled.jpg","width":2560,"height":1616},{"@type":["WebPage","FAQPage"],"@id":"https:\/\/www.alpacacamping.de\/content\/wintercamping\/#webpage","url":"https:\/\/www.alpacacamping.de\/content\/wintercamping\/","name":"Wintercamping in Deutschland: Was Du wissen musst! - AlpacaCamping","isPartOf":{"@id":"https:\/\/www.alpacacamping.de\/content\/#website"},"primaryImageOfPage":{"@id":"https:\/\/www.alpacacamping.de\/content\/wintercamping\/#primaryimage"},"datePublished":"2021-12-03T14:38:26+00:00","dateModified":"2022-06-28T09:14:05+00:00","description":"Du m\u00f6chtest auch im Winter nicht aufs Campen verzichten? ? Hier erf\u00e4hrst du worauf es beim Wintercamping ankommt und was du beachten musst.\u2744\ufe0f","breadcrumb":{"@id":"https:\/\/www.alpacacamping.de\/content\/wintercamping\/#breadcrumb"},"mainEntity":[{"@id":"https:\/\/www.alpacacamping.de\/content\/wintercamping\/#faq-question-1638452062377"},{"@id":"https:\/\/www.alpacacamping.de\/content\/wintercamping\/#faq-question-1638452102038"},{"@id":"https:\/\/www.alpacacamping.de\/content\/wintercamping\/#faq-question-1638455058527"}],"inLanguage":"de","potentialAction":[{"@type":"ReadAction","target":["https:\/\/www.alpacacamping.de\/content\/wintercamping\/"]}]},{"@type":"BreadcrumbList","@id":"https:\/\/www.alpacacamping.de\/content\/wintercamping\/#breadcrumb","itemListElement":[{"@type":"ListItem","position":1,"name":"Home","item":"https:\/\/www.alpacacamping.de\/content\/"},{"@type":"ListItem","position":2,"name":"Wintercamping"}]},{"@type":"Question","@id":"https:\/\/www.alpacacamping.de\/content\/wintercamping\/#faq-question-1638452062377","position":1,"url":"https:\/\/www.alpacacamping.de\/content\/wintercamping\/#faq-question-1638452062377","name":"Kann ich im Winter mit einem Zelt campen?","answerCount":1,"acceptedAnswer":{"@type":"Answer","text":"Du kannst im Winter mit dem Zelt campen. Jedoch ist es nicht empfehlenswert mit einem herk\u00f6mmlichen Zelt zu \u00fcbernachten. Bei Bodenfrost und Schneefall kannst Du deiner Gesundheit schaden. Stattdessen k\u00f6nntest Du in einem <a href=\"https:\/\/www.alpacacamping.de\/content\/glamping\/\" target=\"_blank\" rel=\"noreferrer noopener\">Glamping<\/a> Zelt unterkommen, diese haben einen festen Boden und sind somit besser zum Zelten im Winter geeignet. Aber auch hier solltest Du keine Frostbeule sein.","inLanguage":"de"},"inLanguage":"de"},{"@type":"Question","@id":"https:\/\/www.alpacacamping.de\/content\/wintercamping\/#faq-question-1638452102038","position":2,"url":"https:\/\/www.alpacacamping.de\/content\/wintercamping\/#faq-question-1638452102038","name":"Welche Regionen sind zum Wintercamping in Deutschland am besten geeignet?","answerCount":1,"acceptedAnswer":{"@type":"Answer","text":"Folgende Regionen sind zum Wintercamping in Deutschland am besten geeignet: Berchtesgaden, Oberstdorf und die Zugspitzregion. Dort ist es im Winter besonders gro\u00dfartig, weil Du Ski fahren, Snowboarden, Eislaufen und Rodeln gehen kannst. Stellpl\u00e4tze in diesen Regionen sind vor allem im Winter sehr begehrt.","inLanguage":"de"},"inLanguage":"de"},{"@type":"Question","@id":"https:\/\/www.alpacacamping.de\/content\/wintercamping\/#faq-question-1638455058527","position":3,"url":"https:\/\/www.alpacacamping.de\/content\/wintercamping\/#faq-question-1638455058527","name":"Wo ist es in Europa im Winter noch warm genug zum Campen?","answerCount":1,"acceptedAnswer":{"@type":"Answer","text":"Im Winter ist es in folgenden Regionen Europas noch warm genug zum Campen: Portugal, Sizilien, Italien und Spanien.\u00a0Bist Du also kein gro\u00dfer Fan von der K\u00e4lte beim Wintercamping, kannst Du Dir \u00fcberlegen in eines dieser L\u00e4nder zu reisen, um dort der kalten Jahreszeit zu entfliehen.<br\/>\u00a0","inLanguage":"de"},"inLanguage":"de"}]}},"_links":{"self":[{"href":"https:\/\/www.alpacacamping.de\/content\/wp-json\/wp\/v2\/pages\/2584"}],"collection":[{"href":"https:\/\/www.alpacacamping.de\/content\/wp-json\/wp\/v2\/pages"}],"about":[{"href":"https:\/\/www.alpacacamping.de\/content\/wp-json\/wp\/v2\/types\/page"}],"author":[{"embeddable":true,"href":"https:\/\/www.alpacacamping.de\/content\/wp-json\/wp\/v2\/users\/1"}],"replies":[{"embeddable":true,"href":"https:\/\/www.alpacacamping.de\/content\/wp-json\/wp\/v2\/comments?post=2584"}],"version-history":[{"count":13,"href":"https:\/\/www.alpacacamping.de\/content\/wp-json\/wp\/v2\/pages\/2584\/revisions"}],"predecessor-version":[{"id":3513,"href":"https:\/\/www.alpacacamping.de\/content\/wp-json\/wp\/v2\/pages\/2584\/revisions\/3513"}],"wp:attachment":[{"href":"https:\/\/www.alpacacamping.de\/content\/wp-json\/wp\/v2\/media?parent=2584"}],"wp:term":[{"taxonomy":"category","embeddable":true,"href":"https:\/\/www.alpacacamping.de\/content\/wp-json\/wp\/v2\/categories?post=2584"}],"curies":[{"name":"wp","href":"https:\/\/api.w.org\/{rel}","templated":true}]}}