{"id":2515,"date":"2022-03-02T11:17:30","date_gmt":"2022-03-02T10:17:30","guid":{"rendered":"https:\/\/www.alpacacamping.de\/content\/?page_id=2515"},"modified":"2022-06-28T11:13:44","modified_gmt":"2022-06-28T09:13:44","slug":"wildcampen-thueringen","status":"publish","type":"page","link":"https:\/\/www.alpacacamping.de\/content\/wildcampen-thueringen\/","title":{"rendered":"Wildcampen Th\u00fcringen"},"content":{"rendered":"\n<div class=\"wp-block-cover alignfull is-light is-position-center-center\" style=\"min-height:505px\"><span aria-hidden=\"true\" class=\"wp-block-cover__background has-background-dim-20 has-background-dim\"><\/span><img loading=\"lazy\" width=\"1920\" height=\"1280\" class=\"wp-block-cover__image-background wp-image-2761\" alt=\"\" src=\"https:\/\/www.alpacacamping.de\/content\/wp-content\/uploads\/2022\/02\/sun-ge899c66a9_1920-min.jpg\" style=\"object-position:45% 77%\" data-object-fit=\"cover\" data-object-position=\"45% 77%\" srcset=\"https:\/\/www.alpacacamping.de\/content\/wp-content\/uploads\/2022\/02\/sun-ge899c66a9_1920-min.jpg 1920w, https:\/\/www.alpacacamping.de\/content\/wp-content\/uploads\/2022\/02\/sun-ge899c66a9_1920-min-300x200.jpg 300w, https:\/\/www.alpacacamping.de\/content\/wp-content\/uploads\/2022\/02\/sun-ge899c66a9_1920-min-1024x683.jpg 1024w, https:\/\/www.alpacacamping.de\/content\/wp-content\/uploads\/2022\/02\/sun-ge899c66a9_1920-min-768x512.jpg 768w, https:\/\/www.alpacacamping.de\/content\/wp-content\/uploads\/2022\/02\/sun-ge899c66a9_1920-min-1536x1024.jpg 1536w, https:\/\/www.alpacacamping.de\/content\/wp-content\/uploads\/2022\/02\/sun-ge899c66a9_1920-min-938x625.jpg 938w, https:\/\/www.alpacacamping.de\/content\/wp-content\/uploads\/2022\/02\/sun-ge899c66a9_1920-min-1130x753.jpg 1130w\" sizes=\"(max-width: 1920px) 100vw, 1920px\"><div class=\"wp-block-cover__inner-container\">\n<p class=\"has-text-align-left has-light-blue-color has-text-color has-large-font-size\">Wildcampen in Th&uuml;ringen<\/p>\n\n\n\n<p class=\"has-light-blue-color has-text-color\">Alles was Du &uuml;ber das Wildcamping in Th&uuml;ringen wissen musst<\/p>\n<\/div><\/div>\n\n\n\n<div class=\"wp-container-1 wp-block-group alignfull\"><div class=\"wp-block-group__inner-container\">\n<h2>Ist Wildcampen in Th&uuml;ringen erlaubt?<\/h2>\n\n\n\n<p>Wildcampen ist in Th&uuml;ringen nicht erlaubt. Laut dem Th&uuml;ringer Waldgesetz &sect;10 ist wildes campen nur unter bestimmten Auflagen zugelassen. Bevor Du dich dazu entscheidest in <strong>Th&uuml;ringen Wildcampen<\/strong> zu gehen, solltest Du dir eine Genehmigung bei der Beh&ouml;rde oder dem Wald- oder Grundst&uuml;cksbesitzer einholen.&nbsp; <\/p>\n\n\n\n<p>Mit einem Camper oder Zelt in der freien Natur zu n&auml;chtigen, ist nur zul&auml;ssig, wenn du eine Genehmigung der Beh&ouml;rde oder des Grundst&uuml;cksbesitzers hast. Im eigenen Auto zu &uuml;bernachten ist in Deutschland grunds&auml;tzlich auch erlaubt, solange Du nicht an gef&auml;hrlichen Orten, wie beispielsweise an der Autobahn, stehst. Beides gilt jedoch nur, wenn es nicht ausdr&uuml;cklich durch Schilder oder m&uuml;ndlich verboten ist und Du am Lagerplatz nicht zu lange bleibst. Wenn du in Th&uuml;ringen also den zust&auml;ndigen Revierf&ouml;rster oder B&uuml;rgermeister kontaktierst, dich informierst und deine Erlaubnis abholst, steht dem Wildcampen nichts mehr im Wege.<br><\/p>\n<\/div><\/div>\n\n\n\n<div class=\"wp-block-media-text alignwide has-media-on-the-right is-stacked-on-mobile\" style=\"grid-template-columns:auto 39%\"><figure class=\"wp-block-media-text__media\"><img loading=\"lazy\" width=\"1024\" height=\"683\" src=\"https:\/\/www.alpacacamping.de\/content\/wp-content\/uploads\/2022\/02\/germany-g9e3961f12_1920-min-1024x683.png\" alt=\"Wildcamping in Th&uuml;ringen\" class=\"wp-image-2762 size-full\" srcset=\"https:\/\/www.alpacacamping.de\/content\/wp-content\/uploads\/2022\/02\/germany-g9e3961f12_1920-min-1024x683.png 1024w, https:\/\/www.alpacacamping.de\/content\/wp-content\/uploads\/2022\/02\/germany-g9e3961f12_1920-min-300x200.png 300w, https:\/\/www.alpacacamping.de\/content\/wp-content\/uploads\/2022\/02\/germany-g9e3961f12_1920-min-768x512.png 768w, https:\/\/www.alpacacamping.de\/content\/wp-content\/uploads\/2022\/02\/germany-g9e3961f12_1920-min-1536x1024.png 1536w, https:\/\/www.alpacacamping.de\/content\/wp-content\/uploads\/2022\/02\/germany-g9e3961f12_1920-min-938x625.png 938w, https:\/\/www.alpacacamping.de\/content\/wp-content\/uploads\/2022\/02\/germany-g9e3961f12_1920-min-1130x753.png 1130w, https:\/\/www.alpacacamping.de\/content\/wp-content\/uploads\/2022\/02\/germany-g9e3961f12_1920-min.png 1920w\" sizes=\"(max-width: 1024px) 100vw, 1024px\"><\/figure><div class=\"wp-block-media-text__content\">\n<h2>Welche Alternativen zum Wildcampen in Baden-W&uuml;rttemberg gibt es?<\/h2>\n\n\n\n<p>Die erste und wohl einfachste M&ouml;glichkeit: Sieh dich einfach mal auf unserer Plattform nach Wohnmobilstellpl&auml;tzen in Th&uuml;ringen um. Bei uns findest Du naturnahe Stellpl&auml;tze, meist mit Weitblick ins Gr&uuml;ne. Da kommt garantiert kein Campingplatz-Gef&uuml;hl auf! Auch spontane Buchungen, wenige Minuten vor Ankunft am Platz, sind m&ouml;glich &ndash; So bieten wir Dir maximale Spontanit&auml;t. <\/p>\n\n\n\n<div class=\"wp-container-2 wp-block-buttons\">\n<div class=\"wp-block-button\"><a class=\"wp-block-button__link\" href=\"https:\/\/www.alpacacamping.de\/discover\/th%C3%BCringen\" target=\"_blank\" rel=\"noreferrer noopener\">Wohnmobilstellpl&auml;tze Th&uuml;ringen<\/a><\/div>\n<\/div>\n<\/div><\/div>\n\n\n\n<div style=\"height:33px\" aria-hidden=\"true\" class=\"wp-block-spacer\"><\/div>\n\n\n\n<p>Das Biwakieren ist rechtlich gesehen zugelassen, solange du nicht in Naturschutzgebieten &uuml;bernachtest. Da dies zum Zwecke der Erholung gilt und nur mit Schlafsack und Isomatte oder einer H&auml;ngematte ausge&uuml;bt wird, brauchst Du hier keine Folgen zu f&uuml;rchten. Solltest du jedoch die Natur zerst&ouml;ren, ein Lagerfeuer entfachen oder deinen Abfall liegen lassen, kann es zu hohen Bu&szlig;geldern kommen. Wie auch in vielen anderen Bundesl&auml;ndern ist  das Biwakieren eine sch&ouml;ne Alternative zum <strong>Wildcamping in Th&uuml;ringen<\/strong>.<\/p>\n\n\n\n<h2>Wie hoch sind die Strafen beim Wildcamping in Th&uuml;ringen?<\/h2>\n\n\n\n<p>Die Strafen beim <strong>Wildcampen in Th&uuml;ringen<\/strong> k&ouml;nnen schnell hoch ausfallen. Wirst Du beim unerlaubten Campen in der Natur erwischt, ist es eine Ordnungswidrigkeit und Du bekommst vorab eine Verwarnung. Solltest Du aber &uuml;ber einen l&auml;ngeren Zeitraum in einem gesch&uuml;tzten Gebiet campen, drohen dir Strafen von 50 bis 500 Euro. Jeder zus&auml;tzliche Tag wird mit 8 bis 100 Euro Bu&szlig;geld berechnet. Entfachst Du  zus&auml;tzlich ein Lagerfeuer an, kann dies mit 50 bis sogar 2.500 Euro Bu&szlig;geld verh&auml;ngt werden.<\/p>\n","protected":false},"excerpt":{"rendered":"<p>Ist Wildcampen in Th\u00fcringen erlaubt? Wildcampen ist in Th\u00fcringen nicht erlaubt. Laut dem Th\u00fcringer Waldgesetz \u00a710 ist wildes campen nur unter bestimmten Auflagen zugelassen. Bevor [&hellip;]<\/p>\n","protected":false},"author":1,"featured_media":0,"parent":0,"menu_order":0,"comment_status":"closed","ping_status":"closed","template":"","meta":[],"categories":[],"acf":[],"yoast_head":"<!-- This site is optimized with the Yoast SEO plugin v19.1 - https:\/\/yoast.com\/wordpress\/plugins\/seo\/ -->\n<title>Wildcampen Th\u00fcringen | AlpacaCamping<\/title>\n<meta name=\"description\" content=\"Wildcampen in Th\u00fcringen?? Hier erf\u00e4hrst Du, was gesetzlich erlaubt und was verboten ist. Informiere dich jetzt \u00fcber alle Regeln! ?\" \/>\n<meta name=\"robots\" content=\"index, follow, max-snippet:-1, max-image-preview:large, max-video-preview:-1\" \/>\n<link rel=\"canonical\" href=\"https:\/\/www.alpacacamping.de\/content\/wildcampen-thueringen\/\" \/>\n<meta property=\"og:locale\" content=\"de_DE\" \/>\n<meta property=\"og:type\" content=\"article\" \/>\n<meta property=\"og:title\" content=\"Wildcampen Th\u00fcringen | AlpacaCamping\" \/>\n<meta property=\"og:description\" content=\"Wildcampen in Th\u00fcringen?? Hier erf\u00e4hrst Du, was gesetzlich erlaubt und was verboten ist. Informiere dich jetzt \u00fcber alle Regeln! ?\" \/>\n<meta property=\"og:url\" content=\"https:\/\/www.alpacacamping.de\/content\/wildcampen-thueringen\/\" \/>\n<meta property=\"og:site_name\" content=\"AlpacaCamping\" \/>\n<meta property=\"article:modified_time\" content=\"2022-06-28T09:13:44+00:00\" \/>\n<meta property=\"og:image\" content=\"https:\/\/www.alpacacamping.de\/content\/wp-content\/uploads\/2022\/02\/sun-ge899c66a9_1920-min.jpg\" \/>\n<meta name=\"twitter:card\" content=\"summary_large_image\" \/>\n<meta name=\"twitter:label1\" content=\"Gesch\u00e4tzte Lesezeit\" \/>\n\t<meta name=\"twitter:data1\" content=\"3\u00a0Minuten\" \/>\n<script type=\"application\/ld+json\" class=\"yoast-schema-graph\">{\"@context\":\"https:\/\/schema.org\",\"@graph\":[{\"@type\":\"WebSite\",\"@id\":\"https:\/\/www.alpacacamping.de\/content\/#website\",\"url\":\"https:\/\/www.alpacacamping.de\/content\/\",\"name\":\"AlpacaCamping\",\"description\":\"Camping Stellpl\u00e4tze \u00fcberall buchen.\",\"potentialAction\":[{\"@type\":\"SearchAction\",\"target\":{\"@type\":\"EntryPoint\",\"urlTemplate\":\"https:\/\/www.alpacacamping.de\/content\/?s={search_term_string}\"},\"query-input\":\"required name=search_term_string\"}],\"inLanguage\":\"de\"},{\"@type\":\"ImageObject\",\"inLanguage\":\"de\",\"@id\":\"https:\/\/www.alpacacamping.de\/content\/wildcampen-thueringen\/#primaryimage\",\"url\":\"https:\/\/www.alpacacamping.de\/content\/wp-content\/uploads\/2022\/02\/sun-ge899c66a9_1920-min.jpg\",\"contentUrl\":\"https:\/\/www.alpacacamping.de\/content\/wp-content\/uploads\/2022\/02\/sun-ge899c66a9_1920-min.jpg\",\"width\":1920,\"height\":1280,\"caption\":\"Wildcampen Th\u00fcringen\"},{\"@type\":\"WebPage\",\"@id\":\"https:\/\/www.alpacacamping.de\/content\/wildcampen-thueringen\/#webpage\",\"url\":\"https:\/\/www.alpacacamping.de\/content\/wildcampen-thueringen\/\",\"name\":\"Wildcampen Th\u00fcringen | AlpacaCamping\",\"isPartOf\":{\"@id\":\"https:\/\/www.alpacacamping.de\/content\/#website\"},\"primaryImageOfPage\":{\"@id\":\"https:\/\/www.alpacacamping.de\/content\/wildcampen-thueringen\/#primaryimage\"},\"datePublished\":\"2022-03-02T10:17:30+00:00\",\"dateModified\":\"2022-06-28T09:13:44+00:00\",\"description\":\"Wildcampen in Th\u00fcringen?? Hier erf\u00e4hrst Du, was gesetzlich erlaubt und was verboten ist. Informiere dich jetzt \u00fcber alle Regeln! ?\",\"breadcrumb\":{\"@id\":\"https:\/\/www.alpacacamping.de\/content\/wildcampen-thueringen\/#breadcrumb\"},\"inLanguage\":\"de\",\"potentialAction\":[{\"@type\":\"ReadAction\",\"target\":[\"https:\/\/www.alpacacamping.de\/content\/wildcampen-thueringen\/\"]}]},{\"@type\":\"BreadcrumbList\",\"@id\":\"https:\/\/www.alpacacamping.de\/content\/wildcampen-thueringen\/#breadcrumb\",\"itemListElement\":[{\"@type\":\"ListItem\",\"position\":1,\"name\":\"Home\",\"item\":\"https:\/\/www.alpacacamping.de\/content\/\"},{\"@type\":\"ListItem\",\"position\":2,\"name\":\"Wildcampen Th\u00fcringen\"}]}]}<\/script>\n<!-- \/ Yoast SEO plugin. -->","yoast_head_json":{"title":"Wildcampen Th\u00fcringen | AlpacaCamping","description":"Wildcampen in Th\u00fcringen?? Hier erf\u00e4hrst Du, was gesetzlich erlaubt und was verboten ist. Informiere dich jetzt \u00fcber alle Regeln! ?","robots":{"index":"index","follow":"follow","max-snippet":"max-snippet:-1","max-image-preview":"max-image-preview:large","max-video-preview":"max-video-preview:-1"},"canonical":"https:\/\/www.alpacacamping.de\/content\/wildcampen-thueringen\/","og_locale":"de_DE","og_type":"article","og_title":"Wildcampen Th\u00fcringen | AlpacaCamping","og_description":"Wildcampen in Th\u00fcringen?? Hier erf\u00e4hrst Du, was gesetzlich erlaubt und was verboten ist. Informiere dich jetzt \u00fcber alle Regeln! ?","og_url":"https:\/\/www.alpacacamping.de\/content\/wildcampen-thueringen\/","og_site_name":"AlpacaCamping","article_modified_time":"2022-06-28T09:13:44+00:00","og_image":[{"url":"https:\/\/www.alpacacamping.de\/content\/wp-content\/uploads\/2022\/02\/sun-ge899c66a9_1920-min.jpg"}],"twitter_card":"summary_large_image","twitter_misc":{"Gesch\u00e4tzte Lesezeit":"3\u00a0Minuten"},"schema":{"@context":"https:\/\/schema.org","@graph":[{"@type":"WebSite","@id":"https:\/\/www.alpacacamping.de\/content\/#website","url":"https:\/\/www.alpacacamping.de\/content\/","name":"AlpacaCamping","description":"Camping Stellpl\u00e4tze \u00fcberall buchen.","potentialAction":[{"@type":"SearchAction","target":{"@type":"EntryPoint","urlTemplate":"https:\/\/www.alpacacamping.de\/content\/?s={search_term_string}"},"query-input":"required name=search_term_string"}],"inLanguage":"de"},{"@type":"ImageObject","inLanguage":"de","@id":"https:\/\/www.alpacacamping.de\/content\/wildcampen-thueringen\/#primaryimage","url":"https:\/\/www.alpacacamping.de\/content\/wp-content\/uploads\/2022\/02\/sun-ge899c66a9_1920-min.jpg","contentUrl":"https:\/\/www.alpacacamping.de\/content\/wp-content\/uploads\/2022\/02\/sun-ge899c66a9_1920-min.jpg","width":1920,"height":1280,"caption":"Wildcampen Th\u00fcringen"},{"@type":"WebPage","@id":"https:\/\/www.alpacacamping.de\/content\/wildcampen-thueringen\/#webpage","url":"https:\/\/www.alpacacamping.de\/content\/wildcampen-thueringen\/","name":"Wildcampen Th\u00fcringen | AlpacaCamping","isPartOf":{"@id":"https:\/\/www.alpacacamping.de\/content\/#website"},"primaryImageOfPage":{"@id":"https:\/\/www.alpacacamping.de\/content\/wildcampen-thueringen\/#primaryimage"},"datePublished":"2022-03-02T10:17:30+00:00","dateModified":"2022-06-28T09:13:44+00:00","description":"Wildcampen in Th\u00fcringen?? Hier erf\u00e4hrst Du, was gesetzlich erlaubt und was verboten ist. Informiere dich jetzt \u00fcber alle Regeln! ?","breadcrumb":{"@id":"https:\/\/www.alpacacamping.de\/content\/wildcampen-thueringen\/#breadcrumb"},"inLanguage":"de","potentialAction":[{"@type":"ReadAction","target":["https:\/\/www.alpacacamping.de\/content\/wildcampen-thueringen\/"]}]},{"@type":"BreadcrumbList","@id":"https:\/\/www.alpacacamping.de\/content\/wildcampen-thueringen\/#breadcrumb","itemListElement":[{"@type":"ListItem","position":1,"name":"Home","item":"https:\/\/www.alpacacamping.de\/content\/"},{"@type":"ListItem","position":2,"name":"Wildcampen Th\u00fcringen"}]}]}},"_links":{"self":[{"href":"https:\/\/www.alpacacamping.de\/content\/wp-json\/wp\/v2\/pages\/2515"}],"collection":[{"href":"https:\/\/www.alpacacamping.de\/content\/wp-json\/wp\/v2\/pages"}],"about":[{"href":"https:\/\/www.alpacacamping.de\/content\/wp-json\/wp\/v2\/types\/page"}],"author":[{"embeddable":true,"href":"https:\/\/www.alpacacamping.de\/content\/wp-json\/wp\/v2\/users\/1"}],"replies":[{"embeddable":true,"href":"https:\/\/www.alpacacamping.de\/content\/wp-json\/wp\/v2\/comments?post=2515"}],"version-history":[{"count":11,"href":"https:\/\/www.alpacacamping.de\/content\/wp-json\/wp\/v2\/pages\/2515\/revisions"}],"predecessor-version":[{"id":3512,"href":"https:\/\/www.alpacacamping.de\/content\/wp-json\/wp\/v2\/pages\/2515\/revisions\/3512"}],"wp:attachment":[{"href":"https:\/\/www.alpacacamping.de\/content\/wp-json\/wp\/v2\/media?parent=2515"}],"wp:term":[{"taxonomy":"category","embeddable":true,"href":"https:\/\/www.alpacacamping.de\/content\/wp-json\/wp\/v2\/categories?post=2515"}],"curies":[{"name":"wp","href":"https:\/\/api.w.org\/{rel}","templated":true}]}}