{"id":2353,"date":"2021-10-14T16:32:00","date_gmt":"2021-10-14T14:32:00","guid":{"rendered":"https:\/\/www.alpacacamping.de\/content\/?page_id=2353"},"modified":"2022-01-25T11:02:50","modified_gmt":"2022-01-25T10:02:50","slug":"stellplatz-von-privat","status":"publish","type":"page","link":"https:\/\/www.alpacacamping.de\/content\/stellplatz-von-privat\/","title":{"rendered":"Stellplatz von Privat"},"content":{"rendered":"\n<div class=\"wp-block-getwid-section alignfull getwid-section-content-full-width\" style=\"margin-bottom:16px\"><div class=\"wp-block-getwid-section__wrapper\" style=\"padding-top:195.996px;padding-bottom:2px\"><div class=\"wp-block-getwid-section__divider is-bottom-divider\"><svg x=\"0px\" y=\"0px\" viewbox=\"0 0 1000 20\" preserveaspectratio=\"xMidYMax slice\" class=\"wp-block-getwid-section__divider-svg\"><path fill=\"white\" class=\"wp-block-getwid-section__divider-svg-fill\" d=\"M0,0v3h484c8.8,0,16,7.2,16,16c0-8.8,7.2-16,16-16h484V0H0z\"><\/path><\/svg><\/div><div class=\"wp-block-getwid-section__inner-wrapper\"><div class=\"wp-block-getwid-section__background-holder\"><div class=\"wp-block-getwid-section__background\" style=\"background-image:url('https:\/\/www.alpacacamping.de\/content\/wp-content\/uploads\/2021\/09\/IMG_1448-1-scaled.jpg')\"><div class=\"wp-block-getwid-section__background-image-wrapper\"><img class=\"wp-block-getwid-section__background-image\" src=\"https:\/\/www.alpacacamping.de\/content\/wp-content\/uploads\/2021\/09\/IMG_1448-1-scaled.jpg\" alt=\"\"><\/div><\/div><div class=\"wp-block-getwid-section__foreground\" style=\"opacity:0.2;background-color:#2c3847\"><\/div><\/div><div class=\"wp-block-getwid-section__content\"><div class=\"wp-block-getwid-section__inner-content\">\n<div class=\"wp-block-getwid-section\"><div class=\"wp-block-getwid-section__wrapper\"><div class=\"wp-block-getwid-section__inner-wrapper\"><div class=\"wp-block-getwid-section__background-holder\"><div class=\"wp-block-getwid-section__background\"><\/div><div class=\"wp-block-getwid-section__foreground\"><\/div><\/div><div class=\"wp-block-getwid-section__content\"><div class=\"wp-block-getwid-section__inner-content\">\n<h1 class=\"has-light-blue-color has-text-color\">Stellplatz von Privat<\/h1>\n\n\n\n<h2 class=\"has-light-blue-color has-text-color\" style=\"font-size:27px\">Bei uns findest Du deinen Traumstellplatz bei Privatpersonen<\/h2>\n<\/div><\/div><\/div><\/div><\/div>\n<\/div><\/div><\/div><\/div><\/div>\n\n\n\n<div class=\"wp-block-getwid-section alignfull alignfull\"><div class=\"wp-block-getwid-section__wrapper\" style=\"padding-top:5px\"><div class=\"wp-block-getwid-section__inner-wrapper\"><div class=\"wp-block-getwid-section__background-holder\"><div class=\"wp-block-getwid-section__background\"><\/div><div class=\"wp-block-getwid-section__foreground\"><\/div><\/div><div class=\"wp-block-getwid-section__content\"><div class=\"wp-block-getwid-section__inner-content\">\n<p class=\"has-medium-font-size\">Du bist auf der Suche nach naturnahen Camperstellpl&auml;tzen auf einem Privatgrundst&uuml;ck? Weit weg vom Massentourismus? Dann solltest du unbedingt einen <strong>Stellplatz von Privat<\/strong> besuchen. Bei AlpacaCamping findest Du deinen Wunschstellplatz ganz unkompliziert. <\/p>\n\n\n\n<div class=\"wp-container-1 wp-block-buttons is-content-justification-center\">\n<div class=\"wp-block-button\"><a class=\"wp-block-button__link\" href=\"https:\/\/www.alpacacamping.de\/\">Stellplatz finden<\/a><\/div>\n<\/div>\n\n\n\n<div class=\"wp-block-media-text alignwide is-stacked-on-mobile\" style=\"grid-template-columns:44% auto\"><figure class=\"wp-block-media-text__media\"><img loading=\"lazy\" width=\"1024\" height=\"947\" src=\"https:\/\/www.alpacacamping.de\/content\/wp-content\/uploads\/2021\/09\/pexels-lilartsy-3050833-scaled-e1632389179410-1024x947.jpg\" alt=\"\" class=\"wp-image-2355 size-full\" srcset=\"https:\/\/www.alpacacamping.de\/content\/wp-content\/uploads\/2021\/09\/pexels-lilartsy-3050833-scaled-e1632389179410-1024x947.jpg 1024w, https:\/\/www.alpacacamping.de\/content\/wp-content\/uploads\/2021\/09\/pexels-lilartsy-3050833-scaled-e1632389179410-300x277.jpg 300w, https:\/\/www.alpacacamping.de\/content\/wp-content\/uploads\/2021\/09\/pexels-lilartsy-3050833-scaled-e1632389179410-768x710.jpg 768w, https:\/\/www.alpacacamping.de\/content\/wp-content\/uploads\/2021\/09\/pexels-lilartsy-3050833-scaled-e1632389179410-1536x1420.jpg 1536w, https:\/\/www.alpacacamping.de\/content\/wp-content\/uploads\/2021\/09\/pexels-lilartsy-3050833-scaled-e1632389179410-2048x1893.jpg 2048w, https:\/\/www.alpacacamping.de\/content\/wp-content\/uploads\/2021\/09\/pexels-lilartsy-3050833-scaled-e1632389179410-938x867.jpg 938w, https:\/\/www.alpacacamping.de\/content\/wp-content\/uploads\/2021\/09\/pexels-lilartsy-3050833-scaled-e1632389179410-1130x1045.jpg 1130w\" sizes=\"(max-width: 1024px) 100vw, 1024px\"><\/figure><div class=\"wp-block-media-text__content\">\n<p class=\"has-large-font-size\">Welcher Platz ist der richtige f&uuml;r Dich?<\/p>\n\n\n\n<p>Wer sich auf eine Camping-Tour begibt, muss sich nat&uuml;rlich vorab Gedanken machen: Womit bin ich unterwegs? Was erwarte ich mir von meinem Stellplatz? Welches Equipment muss ich mitnehmen? Hier geht es vor allem um die Frage: Wie soll der perfekte <strong>Stellplatz von Privat<\/strong> f&uuml;r dich aussehen. Vorab solltest du dir folgende Fragen stellen:<\/p>\n<\/div><\/div>\n<\/div><\/div><\/div><\/div><\/div>\n\n\n\n<p><\/p>\n\n\n\n<div class=\"wp-container-4 wp-block-columns\">\n<div class=\"wp-container-2 wp-block-column\">\n<h2>Wie bin ich ausgestattet?<\/h2>\n\n\n\n<p>Nat&uuml;rlich solltest Du deinen Stellplatz immer so ausw&auml;hlen, dass dir nichts fehlt. Unsere Stellpl&auml;tze reichen von &bdquo;Voll ausgestattet&ldquo; bis &bdquo;Ohne alles&ldquo;. &Uuml;ber die Filtersuche kannst Du die Stellpl&auml;tze so finden, dass sie zur Ausstattung deines Campers passen. Du hast kein WC an Bord? Dann buche einen Stellplatz der dar&uuml;ber verf&uuml;gt! Du m&ouml;chtest gerne eine feste Dusche vor Ort? Kein Problem &ndash; Filtern und Finden!<\/p>\n\n\n\n<h2>Wo will ich stehen?<\/h2>\n\n\n\n<p>Wir stehen f&uuml;r naturnahe Camperstellpl&auml;tze, soviel ist klar. Trotzdem gibt es unterschiedliche Optionen: Wie oben bereits genannt, gibt es bei AlpacaCamping Stellpl&auml;tze auf denen du v&ouml;llig autark stehst und andere mit Ausstattung. Die meisten unausgestatteten Stellpl&auml;tze sind noch &bdquo;Gr&uuml;ner&ldquo; als andere: Auf Gartengrundst&uuml;cken von privaten Stellplatzanbietern oder am Feldrand bei Landwirten. Einige Stellpl&auml;tze liegen direkt am Hof oder Weingut  &ndash; hier ist meist mehr Ausstattung geboten. Es kommt ganz darauf an, was Du dir erwartest!<\/p>\n<\/div>\n\n\n\n<div class=\"wp-container-3 wp-block-column\">\n<h2>Alleine oder mit Freunden?<\/h2>\n\n\n\n<p>Reist du alleine oder als Gruppe? Mit nur einem Camper oder Zelt, kannst du so gut wie jeden Platz unserer Plattform besuchen. Zum Beispiel einen <strong>Stellplatz von Privat<\/strong>. Private Wohnmobilstellpl&auml;tze sind oft ohne Nachbarn, du hast also viel Privatsph&auml;re. Seid Ihr mit mehreren Fahrzeugen oder Zelten unterwegs, m&uuml;sst ihr nach geteilten Stellpl&auml;tzen suchen. &Uuml;brigens: Du zahlst pro Nacht f&uuml;r ein Fahrzeug oder Zelt.<\/p>\n\n\n\n<h2>Was erwarte ich mir?<\/h2>\n\n\n\n<p>M&ouml;chtest Du viel Action oder doch lieber die Ruhe und Natur genie&szlig;en? Bei uns gibt es sch&ouml;ne Stellpl&auml;tze, abgestimmt auf deine  Bed&uuml;rfnisse. Ein Stellplatz am Weingut bietet nat&uuml;rlich mehr M&ouml;glichkeiten als ein Stellplatz von Privat. W&auml;hrend du auf dem einen Stellplatz an F&uuml;hrungen, Weinproben und Wanderungen teilnehmen kannst, ist das <strong>Camping bei Privatleuten<\/strong> oft abgelegener und bietet allgemein mehr Privatsph&auml;re. Dabei kommt es nat&uuml;rlich auch darauf an, ob der Stellplatz geteilt oder ein Einzelstellplatz ist.<\/p>\n<\/div>\n<\/div>\n\n\n\n<div class=\"wp-container-5 wp-block-buttons alignwide is-content-justification-center\">\n<div class=\"wp-block-button\"><a class=\"wp-block-button__link\" href=\"https:\/\/www.alpacacamping.de\/search?location=Deutschland&amp;checkin=&amp;checkout=&amp;guest=1\" target=\"_blank\" rel=\"noreferrer noopener\">Alle Stellpl&auml;tze Entdecken<\/a><\/div>\n<\/div>\n\n\n\n<div style=\"height:40px\" aria-hidden=\"true\" class=\"wp-block-spacer\"><\/div>\n\n\n\n<div class=\"wp-block-getwid-accordion has-icon-left\" data-active-element=\"none\">\n<div class=\"wp-block-getwid-accordion__header-wrapper\"><span class=\"wp-block-getwid-accordion__header\"><a href=\"#\"><span class=\"wp-block-getwid-accordion__header-title\">Weing&uuml;ter als privater Wohnmobilstellplatz<\/span><span class=\"wp-block-getwid-accordion__icon is-active\"><i class=\"fas fa-plus\"><\/i><\/span><span class=\"wp-block-getwid-accordion__icon is-passive\"><i class=\"fas fa-minus\"><\/i><\/span><\/a><\/span><\/div><div class=\"wp-block-getwid-accordion__content-wrapper\"><div class=\"wp-block-getwid-accordion__content\">\n<p>Stellpl&auml;tze auf Weing&uuml;tern bieten sehr viele M&ouml;glichkeiten. Du kannst in den Weinbergen spazieren, die Winzer kennenlernen und von den Angeboten des Gastgebers profitieren und zum Beispiel an einer Weinprobe teilnehmen oder einen Vorrat deines Lieblingsweins einkaufen. Au&szlig;erdem bieten die meisten Weing&uuml;ter ebenfalls eine kleine Spei&szlig;ekarte an oder betreiben ein privates Restaurant.<\/p>\n\n\n\n<p>Die meisten Weing&uuml;ter haben viel Platz und k&ouml;nnen deshalb oft einen geteilten <strong>Stellplatz von Privat<\/strong> anbieten. Perfekt, wenn Du mit einer kleinen Gruppe unterwegs bist!<\/p>\n<\/div><\/div>\n\n\n\n<div class=\"wp-block-getwid-accordion__header-wrapper\"><span class=\"wp-block-getwid-accordion__header\"><a href=\"#\"><span class=\"wp-block-getwid-accordion__header-title\">Bei Landwirten privat unterkommen<\/span><span class=\"wp-block-getwid-accordion__icon is-active\"><i class=\"fas fa-plus\"><\/i><\/span><span class=\"wp-block-getwid-accordion__icon is-passive\"><i class=\"fas fa-minus\"><\/i><\/span><\/a><\/span><\/div><div class=\"wp-block-getwid-accordion__content-wrapper\"><div class=\"wp-block-getwid-accordion__content\">\n<p>Tolle Stellpl&auml;tze bei Landwirten sind meist am Feld gelegen und bieten Dir einen wundersch&ouml;nen Weitblick. Ein weiterer Bonus: Hofl&auml;den, die oft ganz in der N&auml;he der Stellpl&auml;tze zu finden sind. Du kannst dich also w&auml;hrend Deines Aufenthalts mit regionalen Produkten versorgen und gleichzeitig deinen Gastgeber unterst&uuml;tzen. Win-Win!<\/p>\n<\/div><\/div>\n\n\n\n<div class=\"wp-block-getwid-accordion__header-wrapper\"><span class=\"wp-block-getwid-accordion__header\"><a href=\"#\"><span class=\"wp-block-getwid-accordion__header-title\">Camping auf H&ouml;fen<\/span><span class=\"wp-block-getwid-accordion__icon is-active\"><i class=\"fas fa-plus\"><\/i><\/span><span class=\"wp-block-getwid-accordion__icon is-passive\"><i class=\"fas fa-minus\"><\/i><\/span><\/a><\/span><\/div><div class=\"wp-block-getwid-accordion__content-wrapper\"><div class=\"wp-block-getwid-accordion__content\">\n<p>Ob Alpakas, Pferde, Ziegen &ndash; Bei uns findest Du vielseitige H&ouml;fe mit Erlebnisfaktor! Die N&auml;he zum privaten Hof bringt meist auch Sanit&auml;re Anlagen, Strom- und Wasseranschluss mit sich. <\/p>\n\n\n\n<p>Hier bist Du bestens aufgehoben, wenn dein Campingmobil nicht komplett ausgestattet ist. Es besteht die M&ouml;glichkeit nette Stellplatznachbarn kennenzulernen oder am Hof regionale Verpflegung zu besorgen.<\/p>\n<\/div><\/div>\n\n\n\n<div class=\"wp-block-getwid-accordion__header-wrapper\"><span class=\"wp-block-getwid-accordion__header\"><a href=\"#\"><span class=\"wp-block-getwid-accordion__header-title\">Wohnmobilstellpl&auml;tze von Privat<\/span><span class=\"wp-block-getwid-accordion__icon is-active\"><i class=\"fas fa-plus\"><\/i><\/span><span class=\"wp-block-getwid-accordion__icon is-passive\"><i class=\"fas fa-minus\"><\/i><\/span><\/a><\/span><\/div><div class=\"wp-block-getwid-accordion__content-wrapper\"><div class=\"wp-block-getwid-accordion__content\">\n<p>Private Stellpl&auml;tze sind oft sehr klein und perfekt f&uuml;r romantische Abende zu zweit. Hier kannst du Entspannen und die Natur voll und ganz genie&szlig;en. <\/p>\n\n\n\n<p>Finde deinen <strong>Stellplatz von Privat<\/strong>: Das <strong>Camping bei Privatleuten<\/strong> ist meist sehr exklusiv und du wirst dort nur selten Stellplatznachbarn haben. <\/p>\n<\/div><\/div>\n<\/div>\n\n\n\n<div style=\"height:62px\" aria-hidden=\"true\" class=\"wp-block-spacer\"><\/div>\n\n\n\n<p class=\"has-text-align-center has-medium-font-size\"><strong>Du bist garnicht auf dieser Seite gelandet, um einen Stellplatz von Privat zu entdecken, sondern um selbst einen Stellplatz anzubieten?<\/strong><\/p>\n\n\n\n<div class=\"wp-container-6 wp-block-buttons is-content-justification-center\">\n<div class=\"wp-block-button\"><a class=\"wp-block-button__link\" href=\"https:\/\/www.alpacacamping.de\/content\/faqs-anbieter\/\" target=\"_blank\" rel=\"noreferrer noopener\">Informationen f&uuml;r Anbieter<\/a><\/div>\n<\/div>\n","protected":false},"excerpt":{"rendered":"<p>Wie bin ich ausgestattet? Nat\u00fcrlich solltest Du deinen Stellplatz immer so ausw\u00e4hlen, dass dir nichts fehlt. Unsere Stellpl\u00e4tze reichen von &#8222;Voll ausgestattet&#8220; bis &#8222;Ohne alles&#8220;. [&hellip;]<\/p>\n","protected":false},"author":1,"featured_media":0,"parent":0,"menu_order":0,"comment_status":"closed","ping_status":"closed","template":"","meta":[],"categories":[],"acf":[],"yoast_head":"<!-- This site is optimized with the Yoast SEO plugin v19.1 - https:\/\/yoast.com\/wordpress\/plugins\/seo\/ -->\n<title>Stellplatz von Privat bei AlpacaCamping finden<\/title>\n<meta name=\"description\" content=\"Finde einen Stellplatz von Privat: Schnuckelig auf einem Weingut oder einem Stellplatz auf einem Hof. ?\ufe0f Bei uns findest du ihn!\" \/>\n<meta name=\"robots\" content=\"index, follow, max-snippet:-1, max-image-preview:large, max-video-preview:-1\" \/>\n<link rel=\"canonical\" href=\"https:\/\/www.alpacacamping.de\/content\/stellplatz-von-privat\/\" \/>\n<meta property=\"og:locale\" content=\"de_DE\" \/>\n<meta property=\"og:type\" content=\"article\" \/>\n<meta property=\"og:title\" content=\"Stellplatz von Privat bei AlpacaCamping finden\" \/>\n<meta property=\"og:description\" content=\"Finde einen Stellplatz von Privat: Schnuckelig auf einem Weingut oder einem Stellplatz auf einem Hof. ?\ufe0f Bei uns findest du ihn!\" \/>\n<meta property=\"og:url\" content=\"https:\/\/www.alpacacamping.de\/content\/stellplatz-von-privat\/\" \/>\n<meta property=\"og:site_name\" content=\"AlpacaCamping\" \/>\n<meta property=\"article:modified_time\" content=\"2022-01-25T10:02:50+00:00\" \/>\n<meta property=\"og:image\" content=\"https:\/\/www.alpacacamping.de\/content\/wp-content\/uploads\/2021\/09\/IMG_1448-1-scaled.jpg\" \/>\n<meta name=\"twitter:card\" content=\"summary_large_image\" \/>\n<meta name=\"twitter:label1\" content=\"Gesch\u00e4tzte Lesezeit\" \/>\n\t<meta name=\"twitter:data1\" content=\"4\u00a0Minuten\" \/>\n<script type=\"application\/ld+json\" class=\"yoast-schema-graph\">{\"@context\":\"https:\/\/schema.org\",\"@graph\":[{\"@type\":\"WebSite\",\"@id\":\"https:\/\/www.alpacacamping.de\/content\/#website\",\"url\":\"https:\/\/www.alpacacamping.de\/content\/\",\"name\":\"AlpacaCamping\",\"description\":\"Camping Stellpl\u00e4tze \u00fcberall buchen.\",\"potentialAction\":[{\"@type\":\"SearchAction\",\"target\":{\"@type\":\"EntryPoint\",\"urlTemplate\":\"https:\/\/www.alpacacamping.de\/content\/?s={search_term_string}\"},\"query-input\":\"required name=search_term_string\"}],\"inLanguage\":\"de\"},{\"@type\":\"ImageObject\",\"inLanguage\":\"de\",\"@id\":\"https:\/\/www.alpacacamping.de\/content\/stellplatz-von-privat\/#primaryimage\",\"url\":\"https:\/\/www.alpacacamping.de\/content\/wp-content\/uploads\/2021\/09\/IMG_1448-1-scaled.jpg\",\"contentUrl\":\"https:\/\/www.alpacacamping.de\/content\/wp-content\/uploads\/2021\/09\/IMG_1448-1-scaled.jpg\",\"width\":2560,\"height\":1920,\"caption\":\"Natur Stellplatz\"},{\"@type\":\"WebPage\",\"@id\":\"https:\/\/www.alpacacamping.de\/content\/stellplatz-von-privat\/#webpage\",\"url\":\"https:\/\/www.alpacacamping.de\/content\/stellplatz-von-privat\/\",\"name\":\"Stellplatz von Privat bei AlpacaCamping finden\",\"isPartOf\":{\"@id\":\"https:\/\/www.alpacacamping.de\/content\/#website\"},\"primaryImageOfPage\":{\"@id\":\"https:\/\/www.alpacacamping.de\/content\/stellplatz-von-privat\/#primaryimage\"},\"datePublished\":\"2021-10-14T14:32:00+00:00\",\"dateModified\":\"2022-01-25T10:02:50+00:00\",\"description\":\"Finde einen Stellplatz von Privat: Schnuckelig auf einem Weingut oder einem Stellplatz auf einem Hof. ?\ufe0f Bei uns findest du ihn!\",\"breadcrumb\":{\"@id\":\"https:\/\/www.alpacacamping.de\/content\/stellplatz-von-privat\/#breadcrumb\"},\"inLanguage\":\"de\",\"potentialAction\":[{\"@type\":\"ReadAction\",\"target\":[\"https:\/\/www.alpacacamping.de\/content\/stellplatz-von-privat\/\"]}]},{\"@type\":\"BreadcrumbList\",\"@id\":\"https:\/\/www.alpacacamping.de\/content\/stellplatz-von-privat\/#breadcrumb\",\"itemListElement\":[{\"@type\":\"ListItem\",\"position\":1,\"name\":\"Home\",\"item\":\"https:\/\/www.alpacacamping.de\/content\/\"},{\"@type\":\"ListItem\",\"position\":2,\"name\":\"Stellplatz von Privat\"}]}]}<\/script>\n<!-- \/ Yoast SEO plugin. -->","yoast_head_json":{"title":"Stellplatz von Privat bei AlpacaCamping finden","description":"Finde einen Stellplatz von Privat: Schnuckelig auf einem Weingut oder einem Stellplatz auf einem Hof. ?\ufe0f Bei uns findest du ihn!","robots":{"index":"index","follow":"follow","max-snippet":"max-snippet:-1","max-image-preview":"max-image-preview:large","max-video-preview":"max-video-preview:-1"},"canonical":"https:\/\/www.alpacacamping.de\/content\/stellplatz-von-privat\/","og_locale":"de_DE","og_type":"article","og_title":"Stellplatz von Privat bei AlpacaCamping finden","og_description":"Finde einen Stellplatz von Privat: Schnuckelig auf einem Weingut oder einem Stellplatz auf einem Hof. ?\ufe0f Bei uns findest du ihn!","og_url":"https:\/\/www.alpacacamping.de\/content\/stellplatz-von-privat\/","og_site_name":"AlpacaCamping","article_modified_time":"2022-01-25T10:02:50+00:00","og_image":[{"url":"https:\/\/www.alpacacamping.de\/content\/wp-content\/uploads\/2021\/09\/IMG_1448-1-scaled.jpg"}],"twitter_card":"summary_large_image","twitter_misc":{"Gesch\u00e4tzte Lesezeit":"4\u00a0Minuten"},"schema":{"@context":"https:\/\/schema.org","@graph":[{"@type":"WebSite","@id":"https:\/\/www.alpacacamping.de\/content\/#website","url":"https:\/\/www.alpacacamping.de\/content\/","name":"AlpacaCamping","description":"Camping Stellpl\u00e4tze \u00fcberall buchen.","potentialAction":[{"@type":"SearchAction","target":{"@type":"EntryPoint","urlTemplate":"https:\/\/www.alpacacamping.de\/content\/?s={search_term_string}"},"query-input":"required name=search_term_string"}],"inLanguage":"de"},{"@type":"ImageObject","inLanguage":"de","@id":"https:\/\/www.alpacacamping.de\/content\/stellplatz-von-privat\/#primaryimage","url":"https:\/\/www.alpacacamping.de\/content\/wp-content\/uploads\/2021\/09\/IMG_1448-1-scaled.jpg","contentUrl":"https:\/\/www.alpacacamping.de\/content\/wp-content\/uploads\/2021\/09\/IMG_1448-1-scaled.jpg","width":2560,"height":1920,"caption":"Natur Stellplatz"},{"@type":"WebPage","@id":"https:\/\/www.alpacacamping.de\/content\/stellplatz-von-privat\/#webpage","url":"https:\/\/www.alpacacamping.de\/content\/stellplatz-von-privat\/","name":"Stellplatz von Privat bei AlpacaCamping finden","isPartOf":{"@id":"https:\/\/www.alpacacamping.de\/content\/#website"},"primaryImageOfPage":{"@id":"https:\/\/www.alpacacamping.de\/content\/stellplatz-von-privat\/#primaryimage"},"datePublished":"2021-10-14T14:32:00+00:00","dateModified":"2022-01-25T10:02:50+00:00","description":"Finde einen Stellplatz von Privat: Schnuckelig auf einem Weingut oder einem Stellplatz auf einem Hof. ?\ufe0f Bei uns findest du ihn!","breadcrumb":{"@id":"https:\/\/www.alpacacamping.de\/content\/stellplatz-von-privat\/#breadcrumb"},"inLanguage":"de","potentialAction":[{"@type":"ReadAction","target":["https:\/\/www.alpacacamping.de\/content\/stellplatz-von-privat\/"]}]},{"@type":"BreadcrumbList","@id":"https:\/\/www.alpacacamping.de\/content\/stellplatz-von-privat\/#breadcrumb","itemListElement":[{"@type":"ListItem","position":1,"name":"Home","item":"https:\/\/www.alpacacamping.de\/content\/"},{"@type":"ListItem","position":2,"name":"Stellplatz von Privat"}]}]}},"_links":{"self":[{"href":"https:\/\/www.alpacacamping.de\/content\/wp-json\/wp\/v2\/pages\/2353"}],"collection":[{"href":"https:\/\/www.alpacacamping.de\/content\/wp-json\/wp\/v2\/pages"}],"about":[{"href":"https:\/\/www.alpacacamping.de\/content\/wp-json\/wp\/v2\/types\/page"}],"author":[{"embeddable":true,"href":"https:\/\/www.alpacacamping.de\/content\/wp-json\/wp\/v2\/users\/1"}],"replies":[{"embeddable":true,"href":"https:\/\/www.alpacacamping.de\/content\/wp-json\/wp\/v2\/comments?post=2353"}],"version-history":[{"count":23,"href":"https:\/\/www.alpacacamping.de\/content\/wp-json\/wp\/v2\/pages\/2353\/revisions"}],"predecessor-version":[{"id":2678,"href":"https:\/\/www.alpacacamping.de\/content\/wp-json\/wp\/v2\/pages\/2353\/revisions\/2678"}],"wp:attachment":[{"href":"https:\/\/www.alpacacamping.de\/content\/wp-json\/wp\/v2\/media?parent=2353"}],"wp:term":[{"taxonomy":"category","embeddable":true,"href":"https:\/\/www.alpacacamping.de\/content\/wp-json\/wp\/v2\/categories?post=2353"}],"curies":[{"name":"wp","href":"https:\/\/api.w.org\/{rel}","templated":true}]}}