{"id":18515,"date":"2024-03-05T16:37:12","date_gmt":"2024-03-05T15:37:12","guid":{"rendered":"https:\/\/www.alpacacamping.de\/content\/?page_id=18515"},"modified":"2025-02-12T10:21:56","modified_gmt":"2025-02-12T09:21:56","slug":"wohnwagen-stellplatzfuhrer-updates","status":"publish","type":"page","link":"https:\/\/www.alpacacamping.de\/content\/wohnwagen-stellplatzfuhrer-updates\/","title":{"rendered":"Wohnwagen Stellplatzf\u00fchrer Updates"},"content":{"rendered":"\n<div class=\"wp-block-getwid-section alignfull alignfull getwid-section-content-full-width\" style=\"margin-top:1px;margin-bottom:100px\"><div class=\"wp-block-getwid-section__wrapper getwid-align-items-mobile-center getwid-justify-content-mobile-center\" style=\"padding-top:50px;padding-bottom:26px\"><div class=\"wp-block-getwid-section__divider is-bottom-divider\"><svg x=\"0px\" y=\"0px\" viewbox=\"0 0 1000 20\" preserveaspectratio=\"xMidYMax slice\" class=\"wp-block-getwid-section__divider-svg\"><path fill=\"white\" class=\"wp-block-getwid-section__divider-svg-fill\" d=\"M0,0v3h484c8.8,0,16,7.2,16,16c0-8.8,7.2-16,16-16h484V0H0z\"><\/path><\/svg><\/div><div class=\"wp-block-getwid-section__inner-wrapper\"><div class=\"wp-block-getwid-section__background-holder\"><div class=\"wp-block-getwid-section__background has-background has-primary-background-color\"><\/div><div class=\"wp-block-getwid-section__foreground\" style=\"opacity:0.2;background-color:#2c3847\"><\/div><\/div><div class=\"wp-block-getwid-section__content\"><div class=\"wp-block-getwid-section__inner-content\">\n<div class=\"wp-block-getwid-section\"><div class=\"wp-block-getwid-section__wrapper\"><div class=\"wp-block-getwid-section__inner-wrapper\"><div class=\"wp-block-getwid-section__background-holder\"><div class=\"wp-block-getwid-section__background\"><\/div><div class=\"wp-block-getwid-section__foreground\"><\/div><\/div><div class=\"wp-block-getwid-section__content\"><div class=\"wp-block-getwid-section__inner-content\">\n<h1 class=\"has-light-blue-color has-text-color\" style=\"font-size:40px\">Wohnwagen Stellplatzf&uuml;hrer Updates <\/h1>\n\n\n\n<h2 class=\"has-light-blue-color has-text-color\" style=\"font-size:28px\">Hier findest du alle Updates der Stellpl&auml;tze aus deinem Wohnwagen Stellplatzf&uuml;hrer ?<\/h2>\n<\/div><\/div><\/div><\/div><\/div>\n<\/div><\/div><\/div><\/div><\/div>\n\n\n\n<p><strong>Ein QR-Code in deinem Wohnwagen Stellplatzf&uuml;hrer funktioniert nicht, f&uuml;hrt dich zu einem 404-Error oder dein Wunschstellplatz l&auml;sst sich nicht buchen?<\/strong> <\/p>\n\n\n\n<p>Es kann sein, dass wir den Stellplatz aus unterschiedlichen Gr&uuml;nden l&ouml;schen oder f&uuml;r einen bestimmten Zeitraum deaktivieren mussten. Leider k&ouml;nnen wir im Buch die Aktualit&auml;t der Pl&auml;tze nicht aufrechterhalten. Deshalb gibt es diese Updates Seite f&uuml;r deinen Wohnwagen Stellplatzf&uuml;hrer, damit du immer auf dem aktuellen Stand bist. Hier findest du alle aktuellen Informationen zu &Auml;nderungen rund ums Buch. Informiere dich hier, ob dein Platz f&uuml;r einen bestimmten Zeitraum nicht mehr zur Verf&uuml;gung steht oder wir ihn bedauerlicherweise ganz l&ouml;schen mussten. <\/p>\n\n\n\n<h3>Diese Pl&auml;tze sind f&uuml;r einen bestimmten Zeitraum nicht buchbar:<\/h3>\n\n\n\n<p class=\"has-light-blue-background-color has-background\"><strong>&#10060; Einzelstellplatz in K&uuml;hlungsborn<\/strong> in 18225 K&uuml;hlungsborn <em>(ID 295)<\/em> &ndash;&gt; auf unbestimmte Zeit deaktiviert<\/p>\n\n\n\n<h3>Diese Pl&auml;tze mussten wir leider komplett l&ouml;schen:<\/h3>\n\n\n\n<p class=\"has-light-blue-background-color has-background\">&#10060; <strong>Ponys, Alpakas und Minischweine<\/strong> in 99334 Elleben <em>(ID 6857)<\/em><br>&#10060; <strong>Sonnenverw&ouml;hntes Markgr&auml;flerland<\/strong> in 79426 Buggingen <em>(ID 2080)<\/em> &ndash;&gt; <a href=\"https:\/\/www.alpacacamping.de\/properties\/1695\" target=\"_blank\" rel=\"noreferrer noopener\">Alternativer Stellplatz <\/a>am selben Ort<br>&#10060; <strong>Im Allg&auml;u Nahe dem Bodensee<\/strong> in 88239 Wangen im Allg&auml;u <em>(ID 6868)<\/em> <br>&#10060; <strong>Auf dem Pferdehof der Oberlausitz<\/strong> in 02627 Wei&szlig;enberg <em>(ID 2170)<\/em> <br><\/p>\n","protected":false},"excerpt":{"rendered":"<p>Ein QR-Code in deinem Wohnwagen Stellplatzf\u00fchrer funktioniert nicht, f\u00fchrt dich zu einem 404-Error oder dein Wunschstellplatz l\u00e4sst sich nicht buchen? Es kann sein, dass wir [&hellip;]<\/p>\n","protected":false},"author":2,"featured_media":0,"parent":0,"menu_order":0,"comment_status":"closed","ping_status":"closed","template":"","meta":[],"categories":[],"acf":[],"yoast_head":"<!-- This site is optimized with the Yoast SEO plugin v19.1 - https:\/\/yoast.com\/wordpress\/plugins\/seo\/ -->\n<title>AlpacaCaming - Campingplatz Auszeichnung Siegel<\/title>\n<meta name=\"description\" content=\"AlpacaCamping zeichnet 2023 erstmalig Campingpl\u00e4tze mit einem Siegel aus. Wir sind dabei das Siegel stetig weiter zu entwickeln.\" \/>\n<meta name=\"robots\" content=\"index, follow, max-snippet:-1, max-image-preview:large, max-video-preview:-1\" \/>\n<link rel=\"canonical\" href=\"https:\/\/www.alpacacamping.de\/content\/wohnwagen-stellplatzfuhrer-updates\/\" \/>\n<meta property=\"og:locale\" content=\"de_DE\" \/>\n<meta property=\"og:type\" content=\"article\" \/>\n<meta property=\"og:title\" content=\"AlpacaCaming - Campingplatz Auszeichnung Siegel\" \/>\n<meta property=\"og:description\" content=\"AlpacaCamping zeichnet 2023 erstmalig Campingpl\u00e4tze mit einem Siegel aus. Wir sind dabei das Siegel stetig weiter zu entwickeln.\" \/>\n<meta property=\"og:url\" content=\"https:\/\/www.alpacacamping.de\/content\/wohnwagen-stellplatzfuhrer-updates\/\" \/>\n<meta property=\"og:site_name\" content=\"AlpacaCamping\" \/>\n<meta property=\"article:modified_time\" content=\"2025-02-12T09:21:56+00:00\" \/>\n<meta name=\"twitter:card\" content=\"summary_large_image\" \/>\n<meta name=\"twitter:label1\" content=\"Gesch\u00e4tzte Lesezeit\" \/>\n\t<meta name=\"twitter:data1\" content=\"2\u00a0Minuten\" \/>\n<script type=\"application\/ld+json\" class=\"yoast-schema-graph\">{\"@context\":\"https:\/\/schema.org\",\"@graph\":[{\"@type\":\"WebSite\",\"@id\":\"https:\/\/www.alpacacamping.de\/content\/#website\",\"url\":\"https:\/\/www.alpacacamping.de\/content\/\",\"name\":\"AlpacaCamping\",\"description\":\"Camping Stellpl\u00e4tze \u00fcberall buchen.\",\"potentialAction\":[{\"@type\":\"SearchAction\",\"target\":{\"@type\":\"EntryPoint\",\"urlTemplate\":\"https:\/\/www.alpacacamping.de\/content\/?s={search_term_string}\"},\"query-input\":\"required name=search_term_string\"}],\"inLanguage\":\"de\"},{\"@type\":\"WebPage\",\"@id\":\"https:\/\/www.alpacacamping.de\/content\/wohnwagen-stellplatzfuhrer-updates\/#webpage\",\"url\":\"https:\/\/www.alpacacamping.de\/content\/wohnwagen-stellplatzfuhrer-updates\/\",\"name\":\"AlpacaCaming - Campingplatz Auszeichnung Siegel\",\"isPartOf\":{\"@id\":\"https:\/\/www.alpacacamping.de\/content\/#website\"},\"datePublished\":\"2024-03-05T15:37:12+00:00\",\"dateModified\":\"2025-02-12T09:21:56+00:00\",\"description\":\"AlpacaCamping zeichnet 2023 erstmalig Campingpl\u00e4tze mit einem Siegel aus. Wir sind dabei das Siegel stetig weiter zu entwickeln.\",\"breadcrumb\":{\"@id\":\"https:\/\/www.alpacacamping.de\/content\/wohnwagen-stellplatzfuhrer-updates\/#breadcrumb\"},\"inLanguage\":\"de\",\"potentialAction\":[{\"@type\":\"ReadAction\",\"target\":[\"https:\/\/www.alpacacamping.de\/content\/wohnwagen-stellplatzfuhrer-updates\/\"]}]},{\"@type\":\"BreadcrumbList\",\"@id\":\"https:\/\/www.alpacacamping.de\/content\/wohnwagen-stellplatzfuhrer-updates\/#breadcrumb\",\"itemListElement\":[{\"@type\":\"ListItem\",\"position\":1,\"name\":\"Home\",\"item\":\"https:\/\/www.alpacacamping.de\/content\/\"},{\"@type\":\"ListItem\",\"position\":2,\"name\":\"Wohnwagen Stellplatzf\u00fchrer Updates\"}]}]}<\/script>\n<!-- \/ Yoast SEO plugin. -->","yoast_head_json":{"title":"AlpacaCaming - Campingplatz Auszeichnung Siegel","description":"AlpacaCamping zeichnet 2023 erstmalig Campingpl\u00e4tze mit einem Siegel aus. Wir sind dabei das Siegel stetig weiter zu entwickeln.","robots":{"index":"index","follow":"follow","max-snippet":"max-snippet:-1","max-image-preview":"max-image-preview:large","max-video-preview":"max-video-preview:-1"},"canonical":"https:\/\/www.alpacacamping.de\/content\/wohnwagen-stellplatzfuhrer-updates\/","og_locale":"de_DE","og_type":"article","og_title":"AlpacaCaming - Campingplatz Auszeichnung Siegel","og_description":"AlpacaCamping zeichnet 2023 erstmalig Campingpl\u00e4tze mit einem Siegel aus. Wir sind dabei das Siegel stetig weiter zu entwickeln.","og_url":"https:\/\/www.alpacacamping.de\/content\/wohnwagen-stellplatzfuhrer-updates\/","og_site_name":"AlpacaCamping","article_modified_time":"2025-02-12T09:21:56+00:00","twitter_card":"summary_large_image","twitter_misc":{"Gesch\u00e4tzte Lesezeit":"2\u00a0Minuten"},"schema":{"@context":"https:\/\/schema.org","@graph":[{"@type":"WebSite","@id":"https:\/\/www.alpacacamping.de\/content\/#website","url":"https:\/\/www.alpacacamping.de\/content\/","name":"AlpacaCamping","description":"Camping Stellpl\u00e4tze \u00fcberall buchen.","potentialAction":[{"@type":"SearchAction","target":{"@type":"EntryPoint","urlTemplate":"https:\/\/www.alpacacamping.de\/content\/?s={search_term_string}"},"query-input":"required name=search_term_string"}],"inLanguage":"de"},{"@type":"WebPage","@id":"https:\/\/www.alpacacamping.de\/content\/wohnwagen-stellplatzfuhrer-updates\/#webpage","url":"https:\/\/www.alpacacamping.de\/content\/wohnwagen-stellplatzfuhrer-updates\/","name":"AlpacaCaming - Campingplatz Auszeichnung Siegel","isPartOf":{"@id":"https:\/\/www.alpacacamping.de\/content\/#website"},"datePublished":"2024-03-05T15:37:12+00:00","dateModified":"2025-02-12T09:21:56+00:00","description":"AlpacaCamping zeichnet 2023 erstmalig Campingpl\u00e4tze mit einem Siegel aus. Wir sind dabei das Siegel stetig weiter zu entwickeln.","breadcrumb":{"@id":"https:\/\/www.alpacacamping.de\/content\/wohnwagen-stellplatzfuhrer-updates\/#breadcrumb"},"inLanguage":"de","potentialAction":[{"@type":"ReadAction","target":["https:\/\/www.alpacacamping.de\/content\/wohnwagen-stellplatzfuhrer-updates\/"]}]},{"@type":"BreadcrumbList","@id":"https:\/\/www.alpacacamping.de\/content\/wohnwagen-stellplatzfuhrer-updates\/#breadcrumb","itemListElement":[{"@type":"ListItem","position":1,"name":"Home","item":"https:\/\/www.alpacacamping.de\/content\/"},{"@type":"ListItem","position":2,"name":"Wohnwagen Stellplatzf\u00fchrer Updates"}]}]}},"_links":{"self":[{"href":"https:\/\/www.alpacacamping.de\/content\/wp-json\/wp\/v2\/pages\/18515"}],"collection":[{"href":"https:\/\/www.alpacacamping.de\/content\/wp-json\/wp\/v2\/pages"}],"about":[{"href":"https:\/\/www.alpacacamping.de\/content\/wp-json\/wp\/v2\/types\/page"}],"author":[{"embeddable":true,"href":"https:\/\/www.alpacacamping.de\/content\/wp-json\/wp\/v2\/users\/2"}],"replies":[{"embeddable":true,"href":"https:\/\/www.alpacacamping.de\/content\/wp-json\/wp\/v2\/comments?post=18515"}],"version-history":[{"count":20,"href":"https:\/\/www.alpacacamping.de\/content\/wp-json\/wp\/v2\/pages\/18515\/revisions"}],"predecessor-version":[{"id":25549,"href":"https:\/\/www.alpacacamping.de\/content\/wp-json\/wp\/v2\/pages\/18515\/revisions\/25549"}],"wp:attachment":[{"href":"https:\/\/www.alpacacamping.de\/content\/wp-json\/wp\/v2\/media?parent=18515"}],"wp:term":[{"taxonomy":"category","embeddable":true,"href":"https:\/\/www.alpacacamping.de\/content\/wp-json\/wp\/v2\/categories?post=18515"}],"curies":[{"name":"wp","href":"https:\/\/api.w.org\/{rel}","templated":true}]}}