{"id":1731,"date":"2021-01-28T18:39:39","date_gmt":"2021-01-28T17:39:39","guid":{"rendered":"https:\/\/www.alpacacamping.de\/content\/?page_id=1731"},"modified":"2023-02-15T15:14:09","modified_gmt":"2023-02-15T14:14:09","slug":"vereine","status":"publish","type":"page","link":"https:\/\/www.alpacacamping.de\/content\/vereine\/","title":{"rendered":"Vereine"},"content":{"rendered":"\n<div class=\"wp-block-getwid-section alignfull getwid-section-content-full-width\"><div class=\"wp-block-getwid-section__wrapper getwid-align-items-mobile-center getwid-justify-content-mobile-center\" style=\"padding-top:59px;padding-bottom:100px\"><div class=\"wp-block-getwid-section__divider is-bottom-divider\"><svg x=\"0px\" y=\"0px\" viewbox=\"0 0 1000 20\" preserveaspectratio=\"xMidYMax slice\" class=\"wp-block-getwid-section__divider-svg\"><path fill=\"white\" class=\"wp-block-getwid-section__divider-svg-fill\" d=\"M0,0v3h484c8.8,0,16,7.2,16,16c0-8.8,7.2-16,16-16h484V0H0z\"><\/path><\/svg><\/div><div class=\"wp-block-getwid-section__inner-wrapper\"><div class=\"wp-block-getwid-section__background-holder\"><div class=\"wp-block-getwid-section__background\" style=\"background-image:url('https:\/\/www.alpacacamping.de\/content\/wp-content\/uploads\/2021\/01\/pexels-markus-spiske-114296-scaled.jpg')\"><div class=\"wp-block-getwid-section__background-image-wrapper\"><img class=\"wp-block-getwid-section__background-image\" src=\"https:\/\/www.alpacacamping.de\/content\/wp-content\/uploads\/2021\/01\/pexels-markus-spiske-114296-scaled.jpg\" alt=\"Camping f&uuml;r Fu&szlig;ballverein\"><\/div><\/div><div class=\"wp-block-getwid-section__foreground\" style=\"opacity:0.2;background-color:#2c3847\"><\/div><\/div><div class=\"wp-block-getwid-section__content\"><div class=\"wp-block-getwid-section__inner-content\">\n<div class=\"wp-block-getwid-section\"><div class=\"wp-block-getwid-section__wrapper\"><div class=\"wp-block-getwid-section__inner-wrapper\"><div class=\"wp-block-getwid-section__background-holder\"><div class=\"wp-block-getwid-section__background\"><\/div><div class=\"wp-block-getwid-section__foreground\"><\/div><\/div><div class=\"wp-block-getwid-section__content\"><div class=\"wp-block-getwid-section__inner-content\">\n<h1 class=\"has-light-blue-color has-text-color\" style=\"font-size:32px\">Verein im Gr&uuml;nen?<br>Kleiner Gr&uuml;nstreifen zur Hand?<\/h1>\n\n\n\n<h2 class=\"has-light-blue-color has-text-color\" style=\"font-size:28px\">Zus&auml;tzliche Einnahmen f&uuml;r Vereine<\/h2>\n<\/div><\/div><\/div><\/div><\/div>\n<\/div><\/div><\/div><\/div><\/div>\n\n\n\n<h2 class=\"has-text-align-center\">AlpacaCamping<\/h2>\n\n\n\n<h2 class=\"has-text-align-center\" style=\"font-size:32px\">Einnahmen durch tempor&auml;re Stellpl&auml;tze f&uuml;r Camper:<\/h2>\n\n\n\n<h2 class=\"has-text-align-center\" style=\"font-size:32px\">Endlich ein Plus in der Vereinskasse!<\/h2>\n\n\n\n<p class=\"has-text-align-center\">Sie bestimmen v&ouml;llig frei, wann Ihre Fl&auml;chen genutzt werden k&ouml;nnen sowie die H&ouml;he der Geb&uuml;hr.<\/p>\n\n\n\n<div class=\"wp-block-getwid-section alignfull alignfull\" style=\"margin-bottom:16px\"><div class=\"wp-block-getwid-section__wrapper\" style=\"padding-top:3px;padding-bottom:1px\"><div class=\"wp-block-getwid-section__inner-wrapper\"><div class=\"wp-block-getwid-section__background-holder\"><div class=\"wp-block-getwid-section__background\"><\/div><div class=\"wp-block-getwid-section__foreground\"><\/div><\/div><div class=\"wp-block-getwid-section__content\"><div class=\"wp-block-getwid-section__inner-content\">\n<div class=\"wp-block-getwid-image-box has-image-right has-text-center has-mobile-layout-column has-mobile-alignment-center\"><div class=\"wp-block-getwid-image-box__image-container is-position-middle\"><div class=\"wp-block-getwid-image-box__image-wrapper\"><img loading=\"lazy\" width=\"1920\" height=\"1280\" src=\"https:\/\/www.alpacacamping.de\/content\/wp-content\/uploads\/2021\/01\/artem-kniaz-DqgMHzeio7g-unsplash.jpg\" alt=\"Vereine Kinder Camping\" class=\"wp-block-getwid-image-box__image wp-image-1736\" srcset=\"https:\/\/www.alpacacamping.de\/content\/wp-content\/uploads\/2021\/01\/artem-kniaz-DqgMHzeio7g-unsplash.jpg 1920w, https:\/\/www.alpacacamping.de\/content\/wp-content\/uploads\/2021\/01\/artem-kniaz-DqgMHzeio7g-unsplash-300x200.jpg 300w, https:\/\/www.alpacacamping.de\/content\/wp-content\/uploads\/2021\/01\/artem-kniaz-DqgMHzeio7g-unsplash-1024x683.jpg 1024w, https:\/\/www.alpacacamping.de\/content\/wp-content\/uploads\/2021\/01\/artem-kniaz-DqgMHzeio7g-unsplash-768x512.jpg 768w, https:\/\/www.alpacacamping.de\/content\/wp-content\/uploads\/2021\/01\/artem-kniaz-DqgMHzeio7g-unsplash-1536x1024.jpg 1536w, https:\/\/www.alpacacamping.de\/content\/wp-content\/uploads\/2021\/01\/artem-kniaz-DqgMHzeio7g-unsplash-938x625.jpg 938w, https:\/\/www.alpacacamping.de\/content\/wp-content\/uploads\/2021\/01\/artem-kniaz-DqgMHzeio7g-unsplash-1130x753.jpg 1130w\" sizes=\"(max-width: 1920px) 100vw, 1920px\"><\/div><\/div><div class=\"wp-block-getwid-image-box__content\">\n<h3 class=\"has-text-align-center\"><strong>Vereinskasse aufbessern<\/strong><\/h3>\n\n\n\n<p class=\"has-text-align-left\">Vereinen f&auml;llt es immer schwerer ihre laufenden Kosten zu decken. <\/p>\n\n\n\n<p class=\"has-text-align-left\">Zus&auml;tzliche Ausgaben f&uuml;r Modernisierungsma&szlig;nahmen oder Ausr&uuml;stungen aller Art, stellen die Gemeinschaften vor immer gr&ouml;&szlig;ere H&uuml;rden.<\/p>\n\n\n\n<p class=\"has-text-align-left\">Bieten Sie einfach eine kleine ungenutzte Randfl&auml;che, dauerhaft oder zu bestimmten Zeiten, unseren Campern als Stellfl&auml;che zum &uuml;bernachten an. Sie profitieren hier von Stellplatzeinnahmen ohne gro&szlig;en Aufwand.<\/p>\n\n\n\n<div class=\"wp-container-1 wp-block-buttons\">\n<div class=\"wp-block-button\"><a class=\"wp-block-button__link\" href=\"\/content\/kontakt\/\">informationen anfordern<\/a><\/div>\n<\/div>\n<\/div><\/div>\n<\/div><\/div><\/div><\/div><\/div>\n\n\n\n<div class=\"wp-block-getwid-section alignfull alignfull\"><div class=\"wp-block-getwid-section__wrapper\"><div class=\"wp-block-getwid-section__inner-wrapper\"><div class=\"wp-block-getwid-section__background-holder\"><div class=\"wp-block-getwid-section__background\"><\/div><div class=\"wp-block-getwid-section__foreground\"><\/div><\/div><div class=\"wp-block-getwid-section__content\"><div class=\"wp-block-getwid-section__inner-content\">\n<div class=\"wp-block-getwid-image-box has-image-left has-text-center has-mobile-layout-column has-mobile-alignment-left\"><div class=\"wp-block-getwid-image-box__image-container is-position-top\"><div class=\"wp-block-getwid-image-box__image-wrapper\"><img loading=\"lazy\" width=\"1000\" height=\"666\" src=\"https:\/\/www.alpacacamping.de\/content\/wp-content\/uploads\/2020\/12\/CamperStellplatzBauernhof.jpg\" alt=\"\" class=\"wp-block-getwid-image-box__image wp-image-1380\" srcset=\"https:\/\/www.alpacacamping.de\/content\/wp-content\/uploads\/2020\/12\/CamperStellplatzBauernhof.jpg 1000w, https:\/\/www.alpacacamping.de\/content\/wp-content\/uploads\/2020\/12\/CamperStellplatzBauernhof-300x200.jpg 300w, https:\/\/www.alpacacamping.de\/content\/wp-content\/uploads\/2020\/12\/CamperStellplatzBauernhof-768x511.jpg 768w, https:\/\/www.alpacacamping.de\/content\/wp-content\/uploads\/2020\/12\/CamperStellplatzBauernhof-938x625.jpg 938w\" sizes=\"(max-width: 1000px) 100vw, 1000px\"><\/div><\/div><div class=\"wp-block-getwid-image-box__content\">\n<h3><strong>Zus&auml;tzliche Einnahmen durch Stellfl&auml;chen<\/strong><\/h3>\n\n\n\n<p class=\"has-text-align-left\">Ist Ihre Fl&auml;che erst einmal kostenlos bei AlpacaCamping inseriert, m&uuml;ssen Sie nichts mehr tun. Unser Buchungssystem k&uuml;mmert sich um den Rest und das v&ouml;llig automatisch. Kein einweisen oder telefonische Absprachen notwendig. (Nat&uuml;rlich k&ouml;nnen Sie Zeitr&auml;ume festlegen, an denen Sie keine G&auml;ste empfangen m&ouml;chten.)<\/p>\n\n\n\n<p class=\"has-text-align-left\">So k&ouml;nnen Sie auch von bisher ungenutzten Fl&auml;chen profitieren.<\/p>\n<\/div><\/div>\n<\/div><\/div><\/div><\/div><\/div>\n\n\n\n<div class=\"wp-block-getwid-section alignfull alignfull\"><div class=\"wp-block-getwid-section__wrapper\"><div class=\"wp-block-getwid-section__inner-wrapper\"><div class=\"wp-block-getwid-section__background-holder\"><div class=\"wp-block-getwid-section__background\"><\/div><div class=\"wp-block-getwid-section__foreground\"><\/div><\/div><div class=\"wp-block-getwid-section__content\"><div class=\"wp-block-getwid-section__inner-content\">\n<h3>Ihr Inserat auf unserer Plattform ist f&uuml;r Vereine <strong>komplett kostenlos<\/strong>.<\/h3>\n\n\n\n<p><strong>Sie legen den Preis pro Nacht f&uuml;r Ihre Stellfl&auml;che selbst fest. Wir empfehlen einen Rahmen von 10&euro; &ndash; 20&euro;.<\/strong> <br>Ist das rechtlich erlaubt? Ja!<\/p>\n\n\n\n<div class=\"wp-container-6 wp-block-columns\">\n<div class=\"wp-container-3 wp-block-column\">\n<div class=\"wp-container-2 wp-block-buttons\">\n<div class=\"wp-block-button is-style-outline\"><a class=\"wp-block-button__link\" href=\"https:\/\/www.alpacacamping.de\/content\/rechtliches-landwirte\/\" rel=\"\/content\/rechtliches-landwirte\/\">Rechtliche Hinweise<\/a><\/div>\n<\/div>\n<\/div>\n\n\n\n<div class=\"wp-container-5 wp-block-column\">\n<div class=\"wp-container-4 wp-block-buttons\">\n<div class=\"wp-block-button\"><a class=\"wp-block-button__link\" href=\"\/property\/create\" rel=\"\/property\/create\">Eigenen Stellplatz anbieten<\/a><\/div>\n<\/div>\n<\/div>\n<\/div>\n<\/div><\/div><\/div><\/div><\/div>\n\n\n\n<div class=\"wp-block-getwid-section alignfull getwid-section-content-full-width\"><div class=\"wp-block-getwid-section__wrapper getwid-padding-top-large getwid-padding-bottom-large\"><div class=\"wp-block-getwid-section__inner-wrapper\"><div class=\"wp-block-getwid-section__background-holder\"><div class=\"wp-block-getwid-section__background\" style=\"background-image:url('https:\/\/www.alpacacamping.de\/content\/wp-content\/uploads\/2021\/01\/pexels-tomasz-filipek-1630039.jpg')\"><div class=\"wp-block-getwid-section__background-image-wrapper\"><img class=\"wp-block-getwid-section__background-image\" src=\"https:\/\/www.alpacacamping.de\/content\/wp-content\/uploads\/2021\/01\/pexels-tomasz-filipek-1630039.jpg\" alt=\"AngelCamping\"><\/div><\/div><div class=\"wp-block-getwid-section__foreground\" style=\"opacity:0.3;background-color:#2c3847\"><\/div><\/div><div class=\"wp-block-getwid-section__content\"><div class=\"wp-block-getwid-section__inner-content\">\n<div class=\"wp-block-getwid-section\"><div class=\"wp-block-getwid-section__wrapper\"><div class=\"wp-block-getwid-section__inner-wrapper\"><div class=\"wp-block-getwid-section__background-holder\"><div class=\"wp-block-getwid-section__background\"><\/div><div class=\"wp-block-getwid-section__foreground\"><\/div><\/div><div class=\"wp-block-getwid-section__content\"><div class=\"wp-block-getwid-section__inner-content\">\n<p class=\"has-light-gray-color has-text-color\" style=\"font-size:25px\"><strong>Wir selbst haben schon Fu&szlig;ball gespielt, im Verein geangelt oder haben Kinder im Sportverein, daher kennen wir die Probleme nur zu gut.<\/strong><\/p>\n\n\n\n<p class=\"has-light-gray-color has-text-color\" style=\"font-size:25px\"><strong>Mit AlpacaCamping m&ouml;chten wir dem Vereinswesen helfen und einen positiven Beitrag zur Gesellschaft leisten.<\/strong><\/p>\n\n\n\n<p class=\"has-light-gray-color has-text-color has-medium-font-size\">Die Gr&uuml;nder von AlpacaCamping:<br>Steffen, Christopher, Simon und Dominik.<\/p>\n<\/div><\/div><\/div><\/div><\/div>\n<\/div><\/div><\/div><\/div><\/div>\n","protected":false},"excerpt":{"rendered":"<p>AlpacaCamping Einnahmen durch tempor\u00e4re Stellpl\u00e4tze f\u00fcr Camper: Endlich ein Plus in der Vereinskasse! Sie bestimmen v\u00f6llig frei, wann Ihre Fl\u00e4chen genutzt werden k\u00f6nnen sowie die [&hellip;]<\/p>\n","protected":false},"author":1,"featured_media":0,"parent":0,"menu_order":0,"comment_status":"closed","ping_status":"closed","template":"","meta":[],"categories":[],"acf":[],"yoast_head":"<!-- This site is optimized with the Yoast SEO plugin v19.1 - https:\/\/yoast.com\/wordpress\/plugins\/seo\/ -->\n<title>Einnahmen durch Campingfl\u00e4chen bei Vereinen - AlpacaCamping<\/title>\n<meta name=\"description\" content=\"Einnahmen f\u00fcr die Vereinskasse: Bieten Sie ?\ufe0f Campern einen Stellplatz zur \u00dcbernachtung! \u26bd Sportvereine ? Angelvereine \u2708\ufe0f Flugschulen etc.\" \/>\n<meta name=\"robots\" content=\"index, follow, max-snippet:-1, max-image-preview:large, max-video-preview:-1\" \/>\n<link rel=\"canonical\" href=\"https:\/\/www.alpacacamping.de\/content\/vereine\/\" \/>\n<meta property=\"og:locale\" content=\"de_DE\" \/>\n<meta property=\"og:type\" content=\"article\" \/>\n<meta property=\"og:title\" content=\"Einnahmen durch Campingfl\u00e4chen bei Vereinen - AlpacaCamping\" \/>\n<meta property=\"og:description\" content=\"Einnahmen f\u00fcr die Vereinskasse: Bieten Sie ?\ufe0f Campern einen Stellplatz zur \u00dcbernachtung! \u26bd Sportvereine ? Angelvereine \u2708\ufe0f Flugschulen etc.\" \/>\n<meta property=\"og:url\" content=\"https:\/\/www.alpacacamping.de\/content\/vereine\/\" \/>\n<meta property=\"og:site_name\" content=\"AlpacaCamping\" \/>\n<meta property=\"article:modified_time\" content=\"2023-02-15T14:14:09+00:00\" \/>\n<meta property=\"og:image\" content=\"https:\/\/www.alpacacamping.de\/content\/wp-content\/uploads\/2021\/01\/pexels-markus-spiske-114296-scaled.jpg\" \/>\n<meta name=\"twitter:card\" content=\"summary_large_image\" \/>\n<meta name=\"twitter:label1\" content=\"Gesch\u00e4tzte Lesezeit\" \/>\n\t<meta name=\"twitter:data1\" content=\"3\u00a0Minuten\" \/>\n<script type=\"application\/ld+json\" class=\"yoast-schema-graph\">{\"@context\":\"https:\/\/schema.org\",\"@graph\":[{\"@type\":\"WebSite\",\"@id\":\"https:\/\/www.alpacacamping.de\/content\/#website\",\"url\":\"https:\/\/www.alpacacamping.de\/content\/\",\"name\":\"AlpacaCamping\",\"description\":\"Camping Stellpl\u00e4tze \u00fcberall buchen.\",\"potentialAction\":[{\"@type\":\"SearchAction\",\"target\":{\"@type\":\"EntryPoint\",\"urlTemplate\":\"https:\/\/www.alpacacamping.de\/content\/?s={search_term_string}\"},\"query-input\":\"required name=search_term_string\"}],\"inLanguage\":\"de\"},{\"@type\":\"ImageObject\",\"inLanguage\":\"de\",\"@id\":\"https:\/\/www.alpacacamping.de\/content\/vereine\/#primaryimage\",\"url\":\"https:\/\/www.alpacacamping.de\/content\/wp-content\/uploads\/2021\/01\/pexels-markus-spiske-114296-scaled.jpg\",\"contentUrl\":\"https:\/\/www.alpacacamping.de\/content\/wp-content\/uploads\/2021\/01\/pexels-markus-spiske-114296-scaled.jpg\",\"width\":2560,\"height\":1633,\"caption\":\"Camping f\u00fcr Fu\u00dfballverein\"},{\"@type\":\"WebPage\",\"@id\":\"https:\/\/www.alpacacamping.de\/content\/vereine\/#webpage\",\"url\":\"https:\/\/www.alpacacamping.de\/content\/vereine\/\",\"name\":\"Einnahmen durch Campingfl\u00e4chen bei Vereinen - AlpacaCamping\",\"isPartOf\":{\"@id\":\"https:\/\/www.alpacacamping.de\/content\/#website\"},\"primaryImageOfPage\":{\"@id\":\"https:\/\/www.alpacacamping.de\/content\/vereine\/#primaryimage\"},\"datePublished\":\"2021-01-28T17:39:39+00:00\",\"dateModified\":\"2023-02-15T14:14:09+00:00\",\"description\":\"Einnahmen f\u00fcr die Vereinskasse: Bieten Sie ?\ufe0f Campern einen Stellplatz zur \u00dcbernachtung! \u26bd Sportvereine ? Angelvereine \u2708\ufe0f Flugschulen etc.\",\"breadcrumb\":{\"@id\":\"https:\/\/www.alpacacamping.de\/content\/vereine\/#breadcrumb\"},\"inLanguage\":\"de\",\"potentialAction\":[{\"@type\":\"ReadAction\",\"target\":[\"https:\/\/www.alpacacamping.de\/content\/vereine\/\"]}]},{\"@type\":\"BreadcrumbList\",\"@id\":\"https:\/\/www.alpacacamping.de\/content\/vereine\/#breadcrumb\",\"itemListElement\":[{\"@type\":\"ListItem\",\"position\":1,\"name\":\"Home\",\"item\":\"https:\/\/www.alpacacamping.de\/content\/\"},{\"@type\":\"ListItem\",\"position\":2,\"name\":\"Vereine\"}]}]}<\/script>\n<!-- \/ Yoast SEO plugin. -->","yoast_head_json":{"title":"Einnahmen durch Campingfl\u00e4chen bei Vereinen - AlpacaCamping","description":"Einnahmen f\u00fcr die Vereinskasse: Bieten Sie ?\ufe0f Campern einen Stellplatz zur \u00dcbernachtung! \u26bd Sportvereine ? Angelvereine \u2708\ufe0f Flugschulen etc.","robots":{"index":"index","follow":"follow","max-snippet":"max-snippet:-1","max-image-preview":"max-image-preview:large","max-video-preview":"max-video-preview:-1"},"canonical":"https:\/\/www.alpacacamping.de\/content\/vereine\/","og_locale":"de_DE","og_type":"article","og_title":"Einnahmen durch Campingfl\u00e4chen bei Vereinen - AlpacaCamping","og_description":"Einnahmen f\u00fcr die Vereinskasse: Bieten Sie ?\ufe0f Campern einen Stellplatz zur \u00dcbernachtung! \u26bd Sportvereine ? Angelvereine \u2708\ufe0f Flugschulen etc.","og_url":"https:\/\/www.alpacacamping.de\/content\/vereine\/","og_site_name":"AlpacaCamping","article_modified_time":"2023-02-15T14:14:09+00:00","og_image":[{"url":"https:\/\/www.alpacacamping.de\/content\/wp-content\/uploads\/2021\/01\/pexels-markus-spiske-114296-scaled.jpg"}],"twitter_card":"summary_large_image","twitter_misc":{"Gesch\u00e4tzte Lesezeit":"3\u00a0Minuten"},"schema":{"@context":"https:\/\/schema.org","@graph":[{"@type":"WebSite","@id":"https:\/\/www.alpacacamping.de\/content\/#website","url":"https:\/\/www.alpacacamping.de\/content\/","name":"AlpacaCamping","description":"Camping Stellpl\u00e4tze \u00fcberall buchen.","potentialAction":[{"@type":"SearchAction","target":{"@type":"EntryPoint","urlTemplate":"https:\/\/www.alpacacamping.de\/content\/?s={search_term_string}"},"query-input":"required name=search_term_string"}],"inLanguage":"de"},{"@type":"ImageObject","inLanguage":"de","@id":"https:\/\/www.alpacacamping.de\/content\/vereine\/#primaryimage","url":"https:\/\/www.alpacacamping.de\/content\/wp-content\/uploads\/2021\/01\/pexels-markus-spiske-114296-scaled.jpg","contentUrl":"https:\/\/www.alpacacamping.de\/content\/wp-content\/uploads\/2021\/01\/pexels-markus-spiske-114296-scaled.jpg","width":2560,"height":1633,"caption":"Camping f\u00fcr Fu\u00dfballverein"},{"@type":"WebPage","@id":"https:\/\/www.alpacacamping.de\/content\/vereine\/#webpage","url":"https:\/\/www.alpacacamping.de\/content\/vereine\/","name":"Einnahmen durch Campingfl\u00e4chen bei Vereinen - AlpacaCamping","isPartOf":{"@id":"https:\/\/www.alpacacamping.de\/content\/#website"},"primaryImageOfPage":{"@id":"https:\/\/www.alpacacamping.de\/content\/vereine\/#primaryimage"},"datePublished":"2021-01-28T17:39:39+00:00","dateModified":"2023-02-15T14:14:09+00:00","description":"Einnahmen f\u00fcr die Vereinskasse: Bieten Sie ?\ufe0f Campern einen Stellplatz zur \u00dcbernachtung! \u26bd Sportvereine ? Angelvereine \u2708\ufe0f Flugschulen etc.","breadcrumb":{"@id":"https:\/\/www.alpacacamping.de\/content\/vereine\/#breadcrumb"},"inLanguage":"de","potentialAction":[{"@type":"ReadAction","target":["https:\/\/www.alpacacamping.de\/content\/vereine\/"]}]},{"@type":"BreadcrumbList","@id":"https:\/\/www.alpacacamping.de\/content\/vereine\/#breadcrumb","itemListElement":[{"@type":"ListItem","position":1,"name":"Home","item":"https:\/\/www.alpacacamping.de\/content\/"},{"@type":"ListItem","position":2,"name":"Vereine"}]}]}},"_links":{"self":[{"href":"https:\/\/www.alpacacamping.de\/content\/wp-json\/wp\/v2\/pages\/1731"}],"collection":[{"href":"https:\/\/www.alpacacamping.de\/content\/wp-json\/wp\/v2\/pages"}],"about":[{"href":"https:\/\/www.alpacacamping.de\/content\/wp-json\/wp\/v2\/types\/page"}],"author":[{"embeddable":true,"href":"https:\/\/www.alpacacamping.de\/content\/wp-json\/wp\/v2\/users\/1"}],"replies":[{"embeddable":true,"href":"https:\/\/www.alpacacamping.de\/content\/wp-json\/wp\/v2\/comments?post=1731"}],"version-history":[{"count":6,"href":"https:\/\/www.alpacacamping.de\/content\/wp-json\/wp\/v2\/pages\/1731\/revisions"}],"predecessor-version":[{"id":8737,"href":"https:\/\/www.alpacacamping.de\/content\/wp-json\/wp\/v2\/pages\/1731\/revisions\/8737"}],"wp:attachment":[{"href":"https:\/\/www.alpacacamping.de\/content\/wp-json\/wp\/v2\/media?parent=1731"}],"wp:term":[{"taxonomy":"category","embeddable":true,"href":"https:\/\/www.alpacacamping.de\/content\/wp-json\/wp\/v2\/categories?post=1731"}],"curies":[{"name":"wp","href":"https:\/\/api.w.org\/{rel}","templated":true}]}}