{"id":1525,"date":"2020-12-10T14:45:17","date_gmt":"2020-12-10T13:45:17","guid":{"rendered":"http:\/\/app.alpacacamping.de\/content\/?page_id=1525"},"modified":"2022-10-15T22:28:28","modified_gmt":"2022-10-15T20:28:28","slug":"gemeinden-und-kommunen","status":"publish","type":"page","link":"https:\/\/www.alpacacamping.de\/content\/gemeinden-und-kommunen\/","title":{"rendered":"Wohnmobilstellpl\u00e4tze f\u00fcr Gemeinden und Kommunen"},"content":{"rendered":"\n<div class=\"wp-block-getwid-section alignfull getwid-section-content-full-width\" style=\"margin-bottom:24px\"><div class=\"wp-block-getwid-section__wrapper getwid-padding-top-large\" style=\"padding-bottom:73px\"><div class=\"wp-block-getwid-section__divider is-bottom-divider\"><svg x=\"0px\" y=\"0px\" viewbox=\"0 0 1000 20\" preserveaspectratio=\"xMidYMax slice\" class=\"wp-block-getwid-section__divider-svg\"><path fill=\"white\" class=\"wp-block-getwid-section__divider-svg-fill\" d=\"M0,0v3h484c8.8,0,16,7.2,16,16c0-8.8,7.2-16,16-16h484V0H0z\"><\/path><\/svg><\/div><div class=\"wp-block-getwid-section__inner-wrapper\"><div class=\"wp-block-getwid-section__background-holder\"><div class=\"wp-block-getwid-section__background\" style=\"background-image:url('https:\/\/www.alpacacamping.de\/content\/wp-content\/uploads\/2020\/12\/fuer-gemeinden-min-scaled.jpg')\"><div class=\"wp-block-getwid-section__background-image-wrapper\"><img class=\"wp-block-getwid-section__background-image\" src=\"https:\/\/www.alpacacamping.de\/content\/wp-content\/uploads\/2020\/12\/fuer-gemeinden-min-scaled.jpg\" alt=\"gemeinden und kommunen\"><\/div><\/div><div class=\"wp-block-getwid-section__foreground\" style=\"opacity:0.2;background-color:#2c3847\"><\/div><\/div><div class=\"wp-block-getwid-section__content\"><div class=\"wp-block-getwid-section__inner-content\">\n<div class=\"wp-block-getwid-section\"><div class=\"wp-block-getwid-section__wrapper\"><div class=\"wp-block-getwid-section__inner-wrapper\"><div class=\"wp-block-getwid-section__background-holder\"><div class=\"wp-block-getwid-section__background\"><\/div><div class=\"wp-block-getwid-section__foreground\"><\/div><\/div><div class=\"wp-block-getwid-section__content\"><div class=\"wp-block-getwid-section__inner-content\">\n<h1 class=\"has-light-blue-color has-text-color has-huge-font-size\">Camping f&uuml;r Gemeinde oder Kommune?<\/h1>\n\n\n\n<h2 class=\"has-light-blue-color has-text-color\" style=\"font-size:32px\">AlpacaCamping bietet: kostenneutrale Stellpl&auml;tze, Tourismus, Naturschutz  und Digitalisierung.<\/h2>\n<\/div><\/div><\/div><\/div><\/div>\n<\/div><\/div><\/div><\/div><\/div>\n\n\n\n<h2 style=\"font-size:32px\">AlpacaCamping f&uuml;r Kommunen: im Bayerischen Fernsehen<\/h2>\n\n\n\n<figure class=\"wp-block-embed is-type-video is-provider-youtube wp-block-embed-youtube wp-embed-aspect-16-9 wp-has-aspect-ratio\"><div class=\"wp-block-embed__wrapper\">\n<iframe loading=\"lazy\" title=\"Naturnahes Camping: Oberschwarzach ist die erste Camping-Gemeinde Deutschlands | Doku | BR\" width=\"1130\" height=\"636\" src=\"https:\/\/www.youtube.com\/embed\/PZaPTR4idtc?feature=oembed\" frameborder=\"0\" allow=\"accelerometer; autoplay; clipboard-write; encrypted-media; gyroscope; picture-in-picture\" allowfullscreen><\/iframe>\n<\/div><\/figure>\n\n\n\n<div class=\"wp-block-getwid-section alignfull alignfull\" style=\"margin-bottom:1px\"><div class=\"wp-block-getwid-section__wrapper\" style=\"padding-bottom:0px\"><div class=\"wp-block-getwid-section__inner-wrapper\"><div class=\"wp-block-getwid-section__background-holder\"><div class=\"wp-block-getwid-section__background\"><\/div><div class=\"wp-block-getwid-section__foreground\"><\/div><\/div><div class=\"wp-block-getwid-section__content\"><div class=\"wp-block-getwid-section__inner-content\">\n<div class=\"wp-block-getwid-image-box has-image-left has-text-center has-mobile-layout-column has-mobile-alignment-center\"><div class=\"wp-block-getwid-image-box__image-container is-position-top\"><div class=\"wp-block-getwid-image-box__image-wrapper\"><img loading=\"lazy\" width=\"1200\" height=\"1200\" src=\"https:\/\/www.alpacacamping.de\/content\/wp-content\/uploads\/2020\/12\/u%CC%88bernachtungen-auf-campingpla%CC%88tzen.jpg\" alt=\"\" class=\"wp-block-getwid-image-box__image wp-image-1534\" srcset=\"https:\/\/www.alpacacamping.de\/content\/wp-content\/uploads\/2020\/12\/u&#776;bernachtungen-auf-campingpla&#776;tzen.jpg 1200w, https:\/\/www.alpacacamping.de\/content\/wp-content\/uploads\/2020\/12\/u&#776;bernachtungen-auf-campingpla&#776;tzen-300x300.jpg 300w, https:\/\/www.alpacacamping.de\/content\/wp-content\/uploads\/2020\/12\/u&#776;bernachtungen-auf-campingpla&#776;tzen-1024x1024.jpg 1024w, https:\/\/www.alpacacamping.de\/content\/wp-content\/uploads\/2020\/12\/u&#776;bernachtungen-auf-campingpla&#776;tzen-150x150.jpg 150w, https:\/\/www.alpacacamping.de\/content\/wp-content\/uploads\/2020\/12\/u&#776;bernachtungen-auf-campingpla&#776;tzen-768x768.jpg 768w, https:\/\/www.alpacacamping.de\/content\/wp-content\/uploads\/2020\/12\/u&#776;bernachtungen-auf-campingpla&#776;tzen-938x938.jpg 938w, https:\/\/www.alpacacamping.de\/content\/wp-content\/uploads\/2020\/12\/u&#776;bernachtungen-auf-campingpla&#776;tzen-1130x1130.jpg 1130w\" sizes=\"(max-width: 1200px) 100vw, 1200px\"><\/div><\/div><div class=\"wp-block-getwid-image-box__content\">\n<h3>Auch als kleinere Gemeinde vom riesigen Campingmarkt profitieren<\/h3>\n\n\n\n<p class=\"has-text-align-left\">1,2 Millionen* in Deutschland zugelassene Campingfahrzeuge waren 2018 auf Deutschlands Stra&szlig;en unterwegs. (*Statista)<\/p>\n\n\n\n<p class=\"has-text-align-left\">Camping liegt voll im Trend, dies best&auml;tigen die j&auml;hrlich steigenden Zulassungszahlen, die zuletzt durch die Corona Pandemie, nochmals einen ordentlichen Wachstumsschub erhielten.<\/p>\n\n\n\n<p class=\"has-text-align-left\">35,8 Millionen &Uuml;bernachtungen von G&auml;sten aus Nah und Fern, z&auml;hlen deutsche Campingpl&auml;tze. Wildcampen und private Stellpl&auml;tze nicht inkludiert.<\/p>\n<\/div><\/div>\n<\/div><\/div><\/div><\/div><\/div>\n\n\n\n<div class=\"wp-block-getwid-section alignfull alignfull\"><div class=\"wp-block-getwid-section__wrapper\" style=\"padding-bottom:1px\"><div class=\"wp-block-getwid-section__inner-wrapper\"><div class=\"wp-block-getwid-section__background-holder\"><div class=\"wp-block-getwid-section__background\"><\/div><div class=\"wp-block-getwid-section__foreground\"><\/div><\/div><div class=\"wp-block-getwid-section__content\"><div class=\"wp-block-getwid-section__inner-content\">\n<h2>Mehr Kunden f&uuml;r den lokalen Einzelhandel und Gastronomie<\/h2>\n\n\n\n<div class=\"wp-block-getwid-image-box has-image-right has-text-center has-mobile-layout-column has-mobile-alignment-center\"><div class=\"wp-block-getwid-image-box__image-container is-position-top\"><div class=\"wp-block-getwid-image-box__image-wrapper\"><img loading=\"lazy\" width=\"754\" height=\"526\" src=\"https:\/\/www.alpacacamping.de\/content\/wp-content\/uploads\/2020\/12\/Camper-Ausgaben-vor-Ort.png\" alt=\"\" class=\"wp-block-getwid-image-box__image wp-image-1541\" srcset=\"https:\/\/www.alpacacamping.de\/content\/wp-content\/uploads\/2020\/12\/Camper-Ausgaben-vor-Ort.png 754w, https:\/\/www.alpacacamping.de\/content\/wp-content\/uploads\/2020\/12\/Camper-Ausgaben-vor-Ort-300x209.png 300w\" sizes=\"(max-width: 754px) 100vw, 754px\"><\/div><\/div><div class=\"wp-block-getwid-image-box__content\">\n<h3>Camper &ndash; nicht immer nur Selbstversorger:<\/h3>\n\n\n\n<p class=\"has-text-align-left\">Anders als es die allgemeine Meinung vermuten l&auml;sst, sind Touristikcamper im Vergleich zu Dauercampern keine reinen Selbstversorger. <\/p>\n\n\n\n<p class=\"has-text-align-left\">Laut einer, 2010 vom Bundesministerium f&uuml;r Wirtschaft und Energie <em>(damals Wirtschaft und Technologie)<\/em> in Auftrag gegebenen <a rel=\"noreferrer noopener\" href=\"https:\/\/www.bmwi.de\/Redaktion\/DE\/Parlamentarische-Anfragen\/2017\/18-10703.pdf?__blob=publicationFile&amp;v=14\" target=\"_blank\">Studie <em>(Nr. 587)<\/em><\/a>, betragen die <strong>t&auml;glichen Ausgaben pro Kopf <span style=\"text-decoration: underline;\">46&euro; am Zielort<\/span>.<\/strong> Der L&ouml;wenanteil flie&szlig;t hierbei in die Verpflegung durch das <strong>lokale Gastgewerbe<\/strong>. Ein weiterer Gro&szlig;teil wird vor Ort in <strong>Lebensmitteleink&auml;ufe, Freizeit und Unterhaltung<\/strong> sowie sonstige Dienstleistungen, investiert.<\/p>\n<\/div><\/div>\n<\/div><\/div><\/div><\/div><\/div>\n\n\n\n<div class=\"wp-block-getwid-section alignfull alignfull\"><div class=\"wp-block-getwid-section__wrapper\" style=\"padding-bottom:1px\"><div class=\"wp-block-getwid-section__inner-wrapper\"><div class=\"wp-block-getwid-section__background-holder\"><div class=\"wp-block-getwid-section__background\"><\/div><div class=\"wp-block-getwid-section__foreground\"><\/div><\/div><div class=\"wp-block-getwid-section__content\"><div class=\"wp-block-getwid-section__inner-content\">\n<h2 style=\"font-size:28px\">Mit AlpacaCamping und Allg&auml;u TV: Mehr Naturschutz durch Regulierung von Wildcamping <\/h2>\n\n\n\n<figure class=\"wp-block-embed is-type-video is-provider-youtube wp-block-embed-youtube wp-embed-aspect-16-9 wp-has-aspect-ratio\"><div class=\"wp-block-embed__wrapper\">\n<iframe loading=\"lazy\" title=\"Wildcamping und die Folgen - Eine L&ouml;sung: AlpacaCamping\" width=\"1130\" height=\"636\" src=\"https:\/\/www.youtube.com\/embed\/u_c4crOASMI?feature=oembed\" frameborder=\"0\" allow=\"accelerometer; autoplay; clipboard-write; encrypted-media; gyroscope; picture-in-picture\" allowfullscreen><\/iframe>\n<\/div><\/figure>\n\n\n\n<h2>Gemeinsam mit und f&uuml;r die Natur.<\/h2>\n\n\n\n<p>Gerade im Voralpenraum nahm Wildcamping derart &Uuml;berhand, dass verschiedene Gemeinden sich gezwungen sahen, eigens daf&uuml;r abgestellte Rancher in den betroffenen Gebiete auf Patrouille zu schicken. Einen weiteren Schritt unternahm bspw. die bayer. Gemeinde am <em>Kochel am See<\/em> und blockierte Gr&uuml;nstreifen indem Baumst&auml;mme darauf abgelegt wurden.<\/p>\n\n\n\n<p>Laut Statista (2018) gaben zudem 20% aller Camper an, dass diese gerne wildcampen. Wobei hier aufgrund des Verbots, die Grauziffer deutlich h&ouml;her liegen d&uuml;rfte.<\/p>\n\n\n\n<div class=\"wp-block-getwid-icon is-aligned-center\"><div class=\"wp-block-getwid-icon__wrapper has-text-color has-primary-color\"><i class=\"fas fa-map-marked-alt\"><\/i><\/div><\/div>\n\n\n\n<p>Der Wunsch vieler Wildcamper, sind N&auml;he zur Natur und Ferne zum Campingplatz zu finden. Also bleibt als L&ouml;sung oftmals nur der Weg des Wildcampens. Zu oft Parken Camper jedoch, meist unwissentlich, in Naturschutzgebieten oder zu nah an Brut- und Nistst&auml;tten heimischer und gesch&uuml;tzter Tierarten. Dies kann leicht umgangen werden indem man ausgewiesene Stellfl&auml;chen bietet, die im Gr&uuml;nen liegen und zugleich fern von den Ruhezonen unserer tierischen Nachbarn.<\/p>\n<\/div><\/div><\/div><\/div><\/div>\n\n\n\n<div class=\"wp-block-getwid-section alignfull alignfull\" style=\"margin-bottom:2px\"><div class=\"wp-block-getwid-section__wrapper\" style=\"padding-bottom:1px\"><div class=\"wp-block-getwid-section__inner-wrapper\"><div class=\"wp-block-getwid-section__background-holder\"><div class=\"wp-block-getwid-section__background\"><\/div><div class=\"wp-block-getwid-section__foreground\"><\/div><\/div><div class=\"wp-block-getwid-section__content\"><div class=\"wp-block-getwid-section__inner-content\">\n<h2>F&ouml;rderung von lokalem und nachhaltigem Tourismus im l&auml;ndlichen Raum<\/h2>\n\n\n\n<div class=\"wp-block-getwid-image-box has-image-right has-text-center has-mobile-layout-column has-mobile-alignment-center\"><div class=\"wp-block-getwid-image-box__image-container is-position-top\"><div class=\"wp-block-getwid-image-box__image-wrapper\"><img loading=\"lazy\" width=\"890\" height=\"844\" src=\"https:\/\/www.alpacacamping.de\/content\/wp-content\/uploads\/2020\/12\/campingruppe.png\" alt=\"\" class=\"wp-block-getwid-image-box__image wp-image-1656\" srcset=\"https:\/\/www.alpacacamping.de\/content\/wp-content\/uploads\/2020\/12\/campingruppe.png 890w, https:\/\/www.alpacacamping.de\/content\/wp-content\/uploads\/2020\/12\/campingruppe-300x284.png 300w, https:\/\/www.alpacacamping.de\/content\/wp-content\/uploads\/2020\/12\/campingruppe-768x728.png 768w\" sizes=\"(max-width: 890px) 100vw, 890px\"><\/div><\/div><div class=\"wp-block-getwid-image-box__content\">\n<h3>Pr&auml;sentieren Sie sich einer riesigen Camper-Gemeinschaft!<\/h3>\n\n\n\n<p class=\"has-text-align-left\">Bisher kamen kleinere Regionen ohne landesweit bekannte Sehensw&uuml;rdigekeiten, im &uuml;berregionalen Tourismus eher zu kurz oder blieben ganz auf der Strecke. <\/p>\n\n\n\n<p class=\"has-text-align-left\">Und das obwohl sicher jede Region in Deutschland sch&ouml;ne Flecken und ruhige Naturlagen bietet.<\/p>\n\n\n\n<p class=\"has-text-align-left\">AlpacaCamping behandelt alle Regionen und Stellfl&auml;chen gleich. Keine Algorithmen die Suchergebnisse auf Gr&ouml;&szlig;e der Nachfrage zuschneiden oder &auml;hnliches. Jede Region bzw. Gemeinde bekommt hier einen Platz sich der Campingwelt zu pr&auml;sentieren und ihre Attraktivit&auml;t als Reiseziel zu positionieren. <\/p>\n<\/div><\/div>\n\n\n\n<div class=\"wp-block-getwid-icon is-aligned-center\"><div class=\"wp-block-getwid-icon__wrapper has-text-color has-primary-color\"><i class=\"fas fa-arrow-circle-down\"><\/i><\/div><\/div>\n<\/div><\/div><\/div><\/div><\/div>\n\n\n\n<div class=\"wp-block-getwid-section alignfull alignfull\"><div class=\"wp-block-getwid-section__wrapper\"><div class=\"wp-block-getwid-section__inner-wrapper\"><div class=\"wp-block-getwid-section__background-holder\"><div class=\"wp-block-getwid-section__background\"><\/div><div class=\"wp-block-getwid-section__foreground\"><\/div><\/div><div class=\"wp-block-getwid-section__content\"><div class=\"wp-block-getwid-section__inner-content\">\n<h3>Werden Sie aktiv!<\/h3>\n\n\n\n<p>Sicher befindet sich auch in Ihrer Gemeinde die ein oder andere Gr&uuml;nfl&auml;che, die als Stellfl&auml;che genutzt werden kann. Oder es sind bereits Stellpl&auml;tze vorhanden die direkt bei AlpacaCamping integriert werden k&ouml;nnen.<\/p>\n\n\n\n<p><strong>Was ist AlpacaCamping?<\/strong><\/p>\n\n\n\n<p>Eine Online Buchungsplattform auf der lokale Stellplatzanbieter (wie Landbesitzer, Landwirte, Vereine etc.) auf Stellplatz suchende Camper, aus aller Welt treffen. Darauf aufbauend bietet AlpacaCamping eine ma&szlig;geschneiderte L&ouml;sung f&uuml;r Kommunen und Gemeinden. Unsere attraktiven Preismodelle passen sicher auch zur Gemeinde Ihrer Gr&ouml;&szlig;e. Fordern Sie einfach Infomaterial sowie ein unverbindliches und kostenloses Beratungsgespr&auml;ch an:<\/p>\n\n\n\n<div class=\"wp-container-3 wp-block-columns\">\n<div class=\"wp-container-1 wp-block-column\">\n<script charset=\"utf-8\" type=\"text\/javascript\" src=\"\/\/js.hsforms.net\/forms\/shell.js\"><\/script>\n<script>\n  hbspt.forms.create({\n\tportalId: \"8821733\",\n\tformId: \"cb4dc0e5-dcd5-4acc-9670-10a1838efa94\"\n});\n<\/script>\n<\/div>\n\n\n\n<div class=\"wp-container-2 wp-block-column\"><\/div>\n<\/div>\n<\/div><\/div><\/div><\/div><\/div>\n\n\n\n<div class=\"wp-block-getwid-section alignfull alignfull\"><div class=\"wp-block-getwid-section__wrapper\" style=\"padding-bottom:1px\"><div class=\"wp-block-getwid-section__inner-wrapper\"><div class=\"wp-block-getwid-section__background-holder\"><div class=\"wp-block-getwid-section__background\"><\/div><div class=\"wp-block-getwid-section__foreground\"><\/div><\/div><div class=\"wp-block-getwid-section__content\"><div class=\"wp-block-getwid-section__inner-content\">\n<h2 style=\"font-size:32px\">Digitalisierung bestehender Wohnmobilstellpl&auml;tze<\/h2>\n\n\n\n<div class=\"wp-block-getwid-image-box has-image-right has-text-center has-mobile-layout-column has-mobile-alignment-center\"><div class=\"wp-block-getwid-image-box__image-container is-position-top\"><div class=\"wp-block-getwid-image-box__image-wrapper\"><img loading=\"lazy\" width=\"1325\" height=\"870\" src=\"https:\/\/www.alpacacamping.de\/content\/wp-content\/uploads\/2020\/12\/digitales-stellplatz-buchen.png\" alt=\"\" class=\"wp-block-getwid-image-box__image wp-image-1535\" srcset=\"https:\/\/www.alpacacamping.de\/content\/wp-content\/uploads\/2020\/12\/digitales-stellplatz-buchen.png 1325w, https:\/\/www.alpacacamping.de\/content\/wp-content\/uploads\/2020\/12\/digitales-stellplatz-buchen-300x197.png 300w, https:\/\/www.alpacacamping.de\/content\/wp-content\/uploads\/2020\/12\/digitales-stellplatz-buchen-1024x672.png 1024w, https:\/\/www.alpacacamping.de\/content\/wp-content\/uploads\/2020\/12\/digitales-stellplatz-buchen-768x504.png 768w, https:\/\/www.alpacacamping.de\/content\/wp-content\/uploads\/2020\/12\/digitales-stellplatz-buchen-938x616.png 938w, https:\/\/www.alpacacamping.de\/content\/wp-content\/uploads\/2020\/12\/digitales-stellplatz-buchen-1130x742.png 1130w\" sizes=\"(max-width: 1325px) 100vw, 1325px\"><\/div><\/div><div class=\"wp-block-getwid-image-box__content\">\n<h3>Katalogisierung und online Buchung:<\/h3>\n\n\n\n<p class=\"has-text-align-left\">Bestehende Stellpl&auml;tze werden durch AlpacaCamping digitalisiert. <\/p>\n\n\n\n<p class=\"has-text-align-left\">Das bedeutet: Stellpl&auml;tze k&ouml;nnen <strong>digital erfasst, katalogisiert<\/strong> und <strong>online f&uuml;r die gesamte Camping-Gemeinschaft sichtbar <\/strong>gemacht werden. Zudem wird eine online Buchung vor ab aus der Ferne, sowie eine kurzfristige bargeldlose Zahlung, direkt vor Ort erm&ouml;glicht. <\/p>\n<\/div><\/div>\n<\/div><\/div><\/div><\/div><\/div>\n\n\n\n<p><\/p>\n","protected":false},"excerpt":{"rendered":"<p>AlpacaCamping f\u00fcr Kommunen: im Bayerischen Fernsehen<\/p>\n","protected":false},"author":1,"featured_media":0,"parent":0,"menu_order":0,"comment_status":"closed","ping_status":"closed","template":"","meta":[],"categories":[],"acf":[],"yoast_head":"<!-- This site is optimized with the Yoast SEO plugin v19.1 - https:\/\/yoast.com\/wordpress\/plugins\/seo\/ -->\n<title>Wohnmobilstellpl\u00e4tze f\u00fcr Gemeinden und Kommunen - AlpacaCamping<\/title>\n<meta name=\"robots\" content=\"index, follow, max-snippet:-1, max-image-preview:large, max-video-preview:-1\" \/>\n<link rel=\"canonical\" href=\"https:\/\/www.alpacacamping.de\/content\/gemeinden-und-kommunen\/\" \/>\n<meta property=\"og:locale\" content=\"de_DE\" \/>\n<meta property=\"og:type\" content=\"article\" \/>\n<meta property=\"og:title\" content=\"Wohnmobilstellpl\u00e4tze f\u00fcr Gemeinden und Kommunen - AlpacaCamping\" \/>\n<meta property=\"og:description\" content=\"AlpacaCamping f\u00fcr Kommunen: im Bayerischen Fernsehen\" \/>\n<meta property=\"og:url\" content=\"https:\/\/www.alpacacamping.de\/content\/gemeinden-und-kommunen\/\" \/>\n<meta property=\"og:site_name\" content=\"AlpacaCamping\" \/>\n<meta property=\"article:modified_time\" content=\"2022-10-15T20:28:28+00:00\" \/>\n<meta property=\"og:image\" content=\"https:\/\/www.alpacacamping.de\/content\/wp-content\/uploads\/2020\/12\/fuer-gemeinden-min-scaled.jpg\" \/>\n<meta name=\"twitter:card\" content=\"summary_large_image\" \/>\n<meta name=\"twitter:label1\" content=\"Gesch\u00e4tzte Lesezeit\" \/>\n\t<meta name=\"twitter:data1\" content=\"5\u00a0Minuten\" \/>\n<script type=\"application\/ld+json\" class=\"yoast-schema-graph\">{\"@context\":\"https:\/\/schema.org\",\"@graph\":[{\"@type\":\"WebSite\",\"@id\":\"https:\/\/www.alpacacamping.de\/content\/#website\",\"url\":\"https:\/\/www.alpacacamping.de\/content\/\",\"name\":\"AlpacaCamping\",\"description\":\"Camping Stellpl\u00e4tze \u00fcberall buchen.\",\"potentialAction\":[{\"@type\":\"SearchAction\",\"target\":{\"@type\":\"EntryPoint\",\"urlTemplate\":\"https:\/\/www.alpacacamping.de\/content\/?s={search_term_string}\"},\"query-input\":\"required name=search_term_string\"}],\"inLanguage\":\"de\"},{\"@type\":\"ImageObject\",\"inLanguage\":\"de\",\"@id\":\"https:\/\/www.alpacacamping.de\/content\/gemeinden-und-kommunen\/#primaryimage\",\"url\":\"https:\/\/www.alpacacamping.de\/content\/wp-content\/uploads\/2020\/12\/fuer-gemeinden-min-scaled.jpg\",\"contentUrl\":\"https:\/\/www.alpacacamping.de\/content\/wp-content\/uploads\/2020\/12\/fuer-gemeinden-min-scaled.jpg\",\"width\":2560,\"height\":1707,\"caption\":\"gemeinden und kommunen\"},{\"@type\":\"WebPage\",\"@id\":\"https:\/\/www.alpacacamping.de\/content\/gemeinden-und-kommunen\/#webpage\",\"url\":\"https:\/\/www.alpacacamping.de\/content\/gemeinden-und-kommunen\/\",\"name\":\"Wohnmobilstellpl\u00e4tze f\u00fcr Gemeinden und Kommunen - AlpacaCamping\",\"isPartOf\":{\"@id\":\"https:\/\/www.alpacacamping.de\/content\/#website\"},\"primaryImageOfPage\":{\"@id\":\"https:\/\/www.alpacacamping.de\/content\/gemeinden-und-kommunen\/#primaryimage\"},\"datePublished\":\"2020-12-10T13:45:17+00:00\",\"dateModified\":\"2022-10-15T20:28:28+00:00\",\"breadcrumb\":{\"@id\":\"https:\/\/www.alpacacamping.de\/content\/gemeinden-und-kommunen\/#breadcrumb\"},\"inLanguage\":\"de\",\"potentialAction\":[{\"@type\":\"ReadAction\",\"target\":[\"https:\/\/www.alpacacamping.de\/content\/gemeinden-und-kommunen\/\"]}]},{\"@type\":\"BreadcrumbList\",\"@id\":\"https:\/\/www.alpacacamping.de\/content\/gemeinden-und-kommunen\/#breadcrumb\",\"itemListElement\":[{\"@type\":\"ListItem\",\"position\":1,\"name\":\"Home\",\"item\":\"https:\/\/www.alpacacamping.de\/content\/\"},{\"@type\":\"ListItem\",\"position\":2,\"name\":\"Wohnmobilstellpl\u00e4tze f\u00fcr Gemeinden und Kommunen\"}]}]}<\/script>\n<!-- \/ Yoast SEO plugin. -->","yoast_head_json":{"title":"Wohnmobilstellpl\u00e4tze f\u00fcr Gemeinden und Kommunen - AlpacaCamping","robots":{"index":"index","follow":"follow","max-snippet":"max-snippet:-1","max-image-preview":"max-image-preview:large","max-video-preview":"max-video-preview:-1"},"canonical":"https:\/\/www.alpacacamping.de\/content\/gemeinden-und-kommunen\/","og_locale":"de_DE","og_type":"article","og_title":"Wohnmobilstellpl\u00e4tze f\u00fcr Gemeinden und Kommunen - AlpacaCamping","og_description":"AlpacaCamping f\u00fcr Kommunen: im Bayerischen Fernsehen","og_url":"https:\/\/www.alpacacamping.de\/content\/gemeinden-und-kommunen\/","og_site_name":"AlpacaCamping","article_modified_time":"2022-10-15T20:28:28+00:00","og_image":[{"url":"https:\/\/www.alpacacamping.de\/content\/wp-content\/uploads\/2020\/12\/fuer-gemeinden-min-scaled.jpg"}],"twitter_card":"summary_large_image","twitter_misc":{"Gesch\u00e4tzte Lesezeit":"5\u00a0Minuten"},"schema":{"@context":"https:\/\/schema.org","@graph":[{"@type":"WebSite","@id":"https:\/\/www.alpacacamping.de\/content\/#website","url":"https:\/\/www.alpacacamping.de\/content\/","name":"AlpacaCamping","description":"Camping Stellpl\u00e4tze \u00fcberall buchen.","potentialAction":[{"@type":"SearchAction","target":{"@type":"EntryPoint","urlTemplate":"https:\/\/www.alpacacamping.de\/content\/?s={search_term_string}"},"query-input":"required name=search_term_string"}],"inLanguage":"de"},{"@type":"ImageObject","inLanguage":"de","@id":"https:\/\/www.alpacacamping.de\/content\/gemeinden-und-kommunen\/#primaryimage","url":"https:\/\/www.alpacacamping.de\/content\/wp-content\/uploads\/2020\/12\/fuer-gemeinden-min-scaled.jpg","contentUrl":"https:\/\/www.alpacacamping.de\/content\/wp-content\/uploads\/2020\/12\/fuer-gemeinden-min-scaled.jpg","width":2560,"height":1707,"caption":"gemeinden und kommunen"},{"@type":"WebPage","@id":"https:\/\/www.alpacacamping.de\/content\/gemeinden-und-kommunen\/#webpage","url":"https:\/\/www.alpacacamping.de\/content\/gemeinden-und-kommunen\/","name":"Wohnmobilstellpl\u00e4tze f\u00fcr Gemeinden und Kommunen - AlpacaCamping","isPartOf":{"@id":"https:\/\/www.alpacacamping.de\/content\/#website"},"primaryImageOfPage":{"@id":"https:\/\/www.alpacacamping.de\/content\/gemeinden-und-kommunen\/#primaryimage"},"datePublished":"2020-12-10T13:45:17+00:00","dateModified":"2022-10-15T20:28:28+00:00","breadcrumb":{"@id":"https:\/\/www.alpacacamping.de\/content\/gemeinden-und-kommunen\/#breadcrumb"},"inLanguage":"de","potentialAction":[{"@type":"ReadAction","target":["https:\/\/www.alpacacamping.de\/content\/gemeinden-und-kommunen\/"]}]},{"@type":"BreadcrumbList","@id":"https:\/\/www.alpacacamping.de\/content\/gemeinden-und-kommunen\/#breadcrumb","itemListElement":[{"@type":"ListItem","position":1,"name":"Home","item":"https:\/\/www.alpacacamping.de\/content\/"},{"@type":"ListItem","position":2,"name":"Wohnmobilstellpl\u00e4tze f\u00fcr Gemeinden und Kommunen"}]}]}},"_links":{"self":[{"href":"https:\/\/www.alpacacamping.de\/content\/wp-json\/wp\/v2\/pages\/1525"}],"collection":[{"href":"https:\/\/www.alpacacamping.de\/content\/wp-json\/wp\/v2\/pages"}],"about":[{"href":"https:\/\/www.alpacacamping.de\/content\/wp-json\/wp\/v2\/types\/page"}],"author":[{"embeddable":true,"href":"https:\/\/www.alpacacamping.de\/content\/wp-json\/wp\/v2\/users\/1"}],"replies":[{"embeddable":true,"href":"https:\/\/www.alpacacamping.de\/content\/wp-json\/wp\/v2\/comments?post=1525"}],"version-history":[{"count":28,"href":"https:\/\/www.alpacacamping.de\/content\/wp-json\/wp\/v2\/pages\/1525\/revisions"}],"predecessor-version":[{"id":3778,"href":"https:\/\/www.alpacacamping.de\/content\/wp-json\/wp\/v2\/pages\/1525\/revisions\/3778"}],"wp:attachment":[{"href":"https:\/\/www.alpacacamping.de\/content\/wp-json\/wp\/v2\/media?parent=1525"}],"wp:term":[{"taxonomy":"category","embeddable":true,"href":"https:\/\/www.alpacacamping.de\/content\/wp-json\/wp\/v2\/categories?post=1525"}],"curies":[{"name":"wp","href":"https:\/\/api.w.org\/{rel}","templated":true}]}}