{"id":1523,"date":"2020-12-10T12:06:19","date_gmt":"2020-12-10T11:06:19","guid":{"rendered":"http:\/\/app.alpacacamping.de\/content\/?page_id=1523"},"modified":"2026-03-02T14:44:11","modified_gmt":"2026-03-02T13:44:11","slug":"stornierungsbedingungen","status":"publish","type":"page","link":"https:\/\/www.alpacacamping.de\/content\/stornierungsbedingungen\/","title":{"rendered":"Stornierungsbedingungen"},"content":{"rendered":"\n<div class=\"wp-block-getwid-image-box has-text-center has-mobile-layout-default has-mobile-alignment-default\"><div class=\"wp-block-getwid-image-box__image-container is-position-top\"><div class=\"wp-block-getwid-image-box__image-wrapper\"><img src=\"https:\/\/www.alpacacamping.de\/content\/wp-content\/uploads\/2020\/12\/output-onlinepngtools28229.png\" alt=\"\" class=\"wp-block-getwid-image-box__image wp-image-1223\"><\/div><\/div><div class=\"wp-block-getwid-image-box__content\">\n<h3>Du willst deine Buchung <strong>stornieren<\/strong>? <br>Hier kannst du das <strong>ganz einfach selbst <\/strong>tun: <\/h3>\n\n\n\n<p><em>*Stornierungsbedingungen weiter unten<\/em><\/p>\n\n\n\n<div class=\"wp-container-1 is-content-justification-center wp-block-buttons\">\n<div class=\"wp-block-button\"><a class=\"wp-block-button__link\" href=\"https:\/\/www.alpacacamping.de\/trips\/active\" target=\"_blank\" rel=\"noreferrer noopener\">jetzt Buchung stornieren<\/a><\/div>\n<\/div>\n\n\n\n<p class=\"has-light-blue-background-color has-background\"><strong>So geht&rsquo;s: <br><\/strong>1. Lila Button: &bdquo;Jetzt Buchung Stornieren&ldquo; anklicken<br>2. schon bist du in deinem Nutzerkonto (falls n&ouml;tig, mit deinen Kontaktdaten bitte einloggen)<br>3. unter &bdquo;Deine Buchungen&ldquo; findest du einen Button zum Stornieren <br>4. Draufklicken &amp; Fertig!<\/p>\n\n\n\n<div class=\"wp-container-2 is-content-justification-center wp-block-buttons\">\n<div class=\"wp-block-button\"><a class=\"wp-block-button__link\" href=\"https:\/\/www.alpacacamping.de\/trips\/active\" target=\"_blank\" rel=\"noreferrer noopener\">jetzt Buchung stornieren<\/a><\/div>\n<\/div>\n\n\n\n<p class=\"has-light-violet-background-color has-background\"><strong>Keinen Button zum Stornieren gefunden? <\/strong><br>Dann ist laut den Stornierungsbedingungen (*s. unten) eine Stornierung nicht mehr m&ouml;glich! Du bist der Meinung, dir steht dennoch eine Stornierung im Ausnahmefall zu? Dann schilder uns die Lage &uuml;ber das folgende Formular und wir nehmen uns deinem Fall an. Bitte beachte, dass die Bearbeitungszeit 3-5 Tage dauern kann.<\/p>\n<\/div><\/div>\n\n\n\n<h4>Stornierungsbedingungen Stellpl&auml;tze<\/h4>\n\n\n\n<p>(1)&nbsp;Reisen k&ouml;nnen grunds&auml;tzlich bis zum Vortag (12:00 Uhr CET) storniert werden. Danach wird der volle Preis f&auml;llig.<\/p>\n\n\n\n<p>(2)&nbsp;Regelungen zur Ab- und Anreise trifft der Gastgeber und kommuniziert diese im Rahmen seines Angebotes auf der Buchungsplattform.<\/p>\n\n\n\n<p>(3)&nbsp;Bei rechtzeitiger Stornierung erh&auml;lt der Gast 80% seiner Reisekosten zur&uuml;ck. Es wird jedoch mindestens die Servicegeb&uuml;hr von AlpacaCamping f&auml;llig. Rechtzeitig bedeutet bis 12:00 Uhr CET am Vortag der Anreise.<\/p>\n\n\n\n<h4>Stornierungsbedingungen Ab-\/Unterstellpl&auml;tze<\/h4>\n\n\n\n<p>(1)&nbsp;Sollte der Ab-\/Unterstellplatz wider Erwarten nicht den Beschreibungen aus dem Inserat entsprechen, solltest du dich umgehend mit unserem AlpacaCamping Kundensupport in Verbindung setzen.<\/p>\n\n\n\n<p>(2) Der gebuchte Mietzeitraum ist bindend, das bedeutet es kann nicht storniert werden. Dein Widerrufsrecht bleibt davon unber&uuml;hrt.<\/p>\n\n\n\n<p>(3) Der &uuml;ber AlpacaCamping gebuchte Mietzeitraum ist bindend. Er kann nicht gek&uuml;ndigt werden.<\/p>\n\n\n\n<p>(4) Wenn eine Buchung vom Anbieter storniert wird, erfolgt die Erstattung der nicht genutzten Mietzahlung durch den Anbieter.<\/p>\n\n\n\n<h4>Stornierungsbedingungen Mietfahrzeuge<\/h4>\n\n\n\n<p>(1) Fahrzeug Anmietungen k&ouml;nnen grunds&auml;tzlich bis einen (1) Tag vor Abholung (bis 12:00 Uhr CET am Vortag) vom Mieter storniert werden. Danach wird der volle Preis f&auml;llig. Die Stornierungsgeb&uuml;hren sind wie folgt verteilt:<\/p>\n\n\n\n<ul><li>Mehr als 60 Tage vor Abholung fallen 30% Stornierungsgeb&uuml;hren vom Gesamtpreis an, davon gehen 10% an den Vermieter.<\/li><li>Mehr als 30 Tage vor Abholung fallen 50% Stornierungsgeb&uuml;hren vom Gesamtpreis an, davon gehen 35% an den Vermieter.<\/li><li>Mehr als 14 Tage vor Abholung fallen 85% Stornierungsgeb&uuml;hren vom Gesamtpreis an, davon gehen 75% an den Vermieter.<\/li><li>Ab 13 Tage bis 1 Tag vor Abholung fallen 90% Stornierungsgeb&uuml;hren vom Gesamtpreis an, davon gehen 80% an den Vermieter.<\/li><\/ul>\n\n\n\n<p>Wird ein Fahrzeug nach 12 Uhr CET am Vortag der Abholung storniert, so fallen 100% Stornierungsgeb&uuml;hren an, diese erh&auml;lt der Vermieter.<\/p>\n\n\n\n<p>(2) Wird ein angemietetes Fahrzeug vom Vermieter storniert, so bekommt der Mieter den vollst&auml;ndigen Betrag zur&uuml;ckerstattet. Der Vermieter ist dem Betreiber zu 10% Stornierungsgeb&uuml;hren verpflichtet.<\/p>\n\n\n\n<h4>Stornierungsbedingungen f&uuml;r den AlpacaCamping Club \/ Campingplatz Listical<\/h4>\n\n\n\n<ol><li><strong>K&uuml;ndigung des Abonnements<br><\/strong><ul><li>Das Club-Abonnement \/ Listical Campingplatz kann jederzeit &uuml;ber das Kundenkonto oder per E-Mail an unser Support-Team gek&uuml;ndigt werden.<\/li><li>Die K&uuml;ndigung tritt zum Ende der aktuellen Abrechnungsperiode in Kraft.<\/li><\/ul><\/li><\/ol>\n\n\n\n<ol start=\"2\"><li><strong>Erstattungen &amp; Widerrufsrecht<\/strong><strong><br><\/strong><ul><li>Gesetzlich besteht ein 14-t&auml;giges Widerrufsrecht nach Abschluss des Abonnements.<\/li><li><strong>Ausnahme:<\/strong> Das Widerrufsrecht erlischt vorzeitig, wenn innerhalb der 14 Tage ein Club-Vorteil (z. B. ein Rabatt) genutzt wurde. In diesem Fall ist keine Erstattung mehr m&ouml;glich.<\/li><li>Bereits gezahlte Mitgliedsbeitr&auml;ge werden nach Ablauf der Widerrufsfrist nicht erstattet.<\/li><\/ul><\/li><\/ol>\n\n\n\n<ol start=\"3\"><li><strong>Automatische Verl&auml;ngerung<br><\/strong><ul><li>Das Abonnement verl&auml;ngert sich automatisch um die gew&auml;hlte Laufzeit (monatlich oder j&auml;hrlich), sofern es nicht vor Ablauf der aktuellen Periode gek&uuml;ndigt wird.<\/li><\/ul><\/li><\/ol>\n\n\n\n<div class=\"wp-container-3 is-content-justification-center wp-block-buttons\">\n<div class=\"wp-block-button\"><a class=\"wp-block-button__link\" href=\"https:\/\/www.alpacacamping.de\/trips\/active\" target=\"_blank\" rel=\"noreferrer noopener\">Jetzt Buchung Stornieren<\/a><\/div>\n<\/div>\n\n\n\n<h3><\/h3>\n\n\n\n<script charset=\"utf-8\" type=\"text\/javascript\" src=\"\/\/js.hsforms.net\/forms\/shell.js\"><\/script>\n<script>\n  hbspt.forms.create({\n\tregion: \"na1\",\n\tportalId: \"8821733\",\n\tformId: \"e5136035-f9fb-43b3-a3e1-7e174c903a0b\"\n});\n<\/script>\n\n\n\n<p><\/p>\n","protected":false},"excerpt":{"rendered":"<p>Stornierungsbedingungen Stellpl\u00e4tze (1)&nbsp;Reisen k\u00f6nnen grunds\u00e4tzlich bis zum Vortag (12:00 Uhr CET) storniert werden. Danach wird der volle Preis f\u00e4llig. (2)&nbsp;Regelungen zur Ab- und Anreise trifft [&hellip;]<\/p>\n","protected":false},"author":1,"featured_media":0,"parent":0,"menu_order":0,"comment_status":"closed","ping_status":"closed","template":"","meta":[],"categories":[],"acf":[],"yoast_head":"<!-- This site is optimized with the Yoast SEO plugin v19.1 - https:\/\/yoast.com\/wordpress\/plugins\/seo\/ -->\n<title>Stornierungsbedingungen - AlpacaCamping<\/title>\n<meta name=\"robots\" content=\"index, follow, max-snippet:-1, max-image-preview:large, max-video-preview:-1\" \/>\n<link rel=\"canonical\" href=\"https:\/\/www.alpacacamping.de\/content\/stornierungsbedingungen\/\" \/>\n<meta property=\"og:locale\" content=\"de_DE\" \/>\n<meta property=\"og:type\" content=\"article\" \/>\n<meta property=\"og:title\" content=\"Stornierungsbedingungen - AlpacaCamping\" \/>\n<meta property=\"og:description\" content=\"Stornierungsbedingungen Stellpl\u00e4tze (1)&nbsp;Reisen k\u00f6nnen grunds\u00e4tzlich bis zum Vortag (12:00 Uhr CET) storniert werden. Danach wird der volle Preis f\u00e4llig. (2)&nbsp;Regelungen zur Ab- und Anreise trifft [&hellip;]\" \/>\n<meta property=\"og:url\" content=\"https:\/\/www.alpacacamping.de\/content\/stornierungsbedingungen\/\" \/>\n<meta property=\"og:site_name\" content=\"AlpacaCamping\" \/>\n<meta property=\"article:modified_time\" content=\"2026-03-02T13:44:11+00:00\" \/>\n<meta property=\"og:image\" content=\"https:\/\/www.alpacacamping.de\/content\/wp-content\/uploads\/2020\/12\/output-onlinepngtools28229.png\" \/>\n<meta name=\"twitter:card\" content=\"summary_large_image\" \/>\n<meta name=\"twitter:label1\" content=\"Gesch\u00e4tzte Lesezeit\" \/>\n\t<meta name=\"twitter:data1\" content=\"4\u00a0Minuten\" \/>\n<script type=\"application\/ld+json\" class=\"yoast-schema-graph\">{\"@context\":\"https:\/\/schema.org\",\"@graph\":[{\"@type\":\"WebSite\",\"@id\":\"https:\/\/www.alpacacamping.de\/content\/#website\",\"url\":\"https:\/\/www.alpacacamping.de\/content\/\",\"name\":\"AlpacaCamping\",\"description\":\"Camping Stellpl\u00e4tze \u00fcberall buchen.\",\"potentialAction\":[{\"@type\":\"SearchAction\",\"target\":{\"@type\":\"EntryPoint\",\"urlTemplate\":\"https:\/\/www.alpacacamping.de\/content\/?s={search_term_string}\"},\"query-input\":\"required name=search_term_string\"}],\"inLanguage\":\"de\"},{\"@type\":\"ImageObject\",\"inLanguage\":\"de\",\"@id\":\"https:\/\/www.alpacacamping.de\/content\/stornierungsbedingungen\/#primaryimage\",\"url\":\"https:\/\/www.alpacacamping.de\/content\/wp-content\/uploads\/2020\/12\/output-onlinepngtools28229.png\",\"contentUrl\":\"https:\/\/www.alpacacamping.de\/content\/wp-content\/uploads\/2020\/12\/output-onlinepngtools28229.png\",\"width\":420,\"height\":420},{\"@type\":\"WebPage\",\"@id\":\"https:\/\/www.alpacacamping.de\/content\/stornierungsbedingungen\/#webpage\",\"url\":\"https:\/\/www.alpacacamping.de\/content\/stornierungsbedingungen\/\",\"name\":\"Stornierungsbedingungen - AlpacaCamping\",\"isPartOf\":{\"@id\":\"https:\/\/www.alpacacamping.de\/content\/#website\"},\"primaryImageOfPage\":{\"@id\":\"https:\/\/www.alpacacamping.de\/content\/stornierungsbedingungen\/#primaryimage\"},\"datePublished\":\"2020-12-10T11:06:19+00:00\",\"dateModified\":\"2026-03-02T13:44:11+00:00\",\"breadcrumb\":{\"@id\":\"https:\/\/www.alpacacamping.de\/content\/stornierungsbedingungen\/#breadcrumb\"},\"inLanguage\":\"de\",\"potentialAction\":[{\"@type\":\"ReadAction\",\"target\":[\"https:\/\/www.alpacacamping.de\/content\/stornierungsbedingungen\/\"]}]},{\"@type\":\"BreadcrumbList\",\"@id\":\"https:\/\/www.alpacacamping.de\/content\/stornierungsbedingungen\/#breadcrumb\",\"itemListElement\":[{\"@type\":\"ListItem\",\"position\":1,\"name\":\"Home\",\"item\":\"https:\/\/www.alpacacamping.de\/content\/\"},{\"@type\":\"ListItem\",\"position\":2,\"name\":\"Stornierungsbedingungen\"}]}]}<\/script>\n<!-- \/ Yoast SEO plugin. -->","yoast_head_json":{"title":"Stornierungsbedingungen - AlpacaCamping","robots":{"index":"index","follow":"follow","max-snippet":"max-snippet:-1","max-image-preview":"max-image-preview:large","max-video-preview":"max-video-preview:-1"},"canonical":"https:\/\/www.alpacacamping.de\/content\/stornierungsbedingungen\/","og_locale":"de_DE","og_type":"article","og_title":"Stornierungsbedingungen - AlpacaCamping","og_description":"Stornierungsbedingungen Stellpl\u00e4tze (1)&nbsp;Reisen k\u00f6nnen grunds\u00e4tzlich bis zum Vortag (12:00 Uhr CET) storniert werden. Danach wird der volle Preis f\u00e4llig. (2)&nbsp;Regelungen zur Ab- und Anreise trifft [&hellip;]","og_url":"https:\/\/www.alpacacamping.de\/content\/stornierungsbedingungen\/","og_site_name":"AlpacaCamping","article_modified_time":"2026-03-02T13:44:11+00:00","og_image":[{"url":"https:\/\/www.alpacacamping.de\/content\/wp-content\/uploads\/2020\/12\/output-onlinepngtools28229.png"}],"twitter_card":"summary_large_image","twitter_misc":{"Gesch\u00e4tzte Lesezeit":"4\u00a0Minuten"},"schema":{"@context":"https:\/\/schema.org","@graph":[{"@type":"WebSite","@id":"https:\/\/www.alpacacamping.de\/content\/#website","url":"https:\/\/www.alpacacamping.de\/content\/","name":"AlpacaCamping","description":"Camping Stellpl\u00e4tze \u00fcberall buchen.","potentialAction":[{"@type":"SearchAction","target":{"@type":"EntryPoint","urlTemplate":"https:\/\/www.alpacacamping.de\/content\/?s={search_term_string}"},"query-input":"required name=search_term_string"}],"inLanguage":"de"},{"@type":"ImageObject","inLanguage":"de","@id":"https:\/\/www.alpacacamping.de\/content\/stornierungsbedingungen\/#primaryimage","url":"https:\/\/www.alpacacamping.de\/content\/wp-content\/uploads\/2020\/12\/output-onlinepngtools28229.png","contentUrl":"https:\/\/www.alpacacamping.de\/content\/wp-content\/uploads\/2020\/12\/output-onlinepngtools28229.png","width":420,"height":420},{"@type":"WebPage","@id":"https:\/\/www.alpacacamping.de\/content\/stornierungsbedingungen\/#webpage","url":"https:\/\/www.alpacacamping.de\/content\/stornierungsbedingungen\/","name":"Stornierungsbedingungen - AlpacaCamping","isPartOf":{"@id":"https:\/\/www.alpacacamping.de\/content\/#website"},"primaryImageOfPage":{"@id":"https:\/\/www.alpacacamping.de\/content\/stornierungsbedingungen\/#primaryimage"},"datePublished":"2020-12-10T11:06:19+00:00","dateModified":"2026-03-02T13:44:11+00:00","breadcrumb":{"@id":"https:\/\/www.alpacacamping.de\/content\/stornierungsbedingungen\/#breadcrumb"},"inLanguage":"de","potentialAction":[{"@type":"ReadAction","target":["https:\/\/www.alpacacamping.de\/content\/stornierungsbedingungen\/"]}]},{"@type":"BreadcrumbList","@id":"https:\/\/www.alpacacamping.de\/content\/stornierungsbedingungen\/#breadcrumb","itemListElement":[{"@type":"ListItem","position":1,"name":"Home","item":"https:\/\/www.alpacacamping.de\/content\/"},{"@type":"ListItem","position":2,"name":"Stornierungsbedingungen"}]}]}},"_links":{"self":[{"href":"https:\/\/www.alpacacamping.de\/content\/wp-json\/wp\/v2\/pages\/1523"}],"collection":[{"href":"https:\/\/www.alpacacamping.de\/content\/wp-json\/wp\/v2\/pages"}],"about":[{"href":"https:\/\/www.alpacacamping.de\/content\/wp-json\/wp\/v2\/types\/page"}],"author":[{"embeddable":true,"href":"https:\/\/www.alpacacamping.de\/content\/wp-json\/wp\/v2\/users\/1"}],"replies":[{"embeddable":true,"href":"https:\/\/www.alpacacamping.de\/content\/wp-json\/wp\/v2\/comments?post=1523"}],"version-history":[{"count":27,"href":"https:\/\/www.alpacacamping.de\/content\/wp-json\/wp\/v2\/pages\/1523\/revisions"}],"predecessor-version":[{"id":29341,"href":"https:\/\/www.alpacacamping.de\/content\/wp-json\/wp\/v2\/pages\/1523\/revisions\/29341"}],"wp:attachment":[{"href":"https:\/\/www.alpacacamping.de\/content\/wp-json\/wp\/v2\/media?parent=1523"}],"wp:term":[{"taxonomy":"category","embeddable":true,"href":"https:\/\/www.alpacacamping.de\/content\/wp-json\/wp\/v2\/categories?post=1523"}],"curies":[{"name":"wp","href":"https:\/\/api.w.org\/{rel}","templated":true}]}}