{"id":14078,"date":"2023-06-29T13:21:38","date_gmt":"2023-06-29T11:21:38","guid":{"rendered":"https:\/\/www.alpacacamping.de\/content\/?page_id=14078"},"modified":"2023-06-30T11:44:04","modified_gmt":"2023-06-30T09:44:04","slug":"wohnmobil-haendler-in-der-naehe","status":"publish","type":"page","link":"https:\/\/www.alpacacamping.de\/content\/wohnmobil-haendler-in-der-naehe\/","title":{"rendered":"Wohnmobil H\u00e4ndler in der N\u00e4he"},"content":{"rendered":"\n<div class=\"wp-block-getwid-section alignfull getwid-section-content-full-width\"><div class=\"wp-block-getwid-section__wrapper getwid-padding-left-large getwid-padding-right-large getwid-padding-mobile-left-medium getwid-padding-mobile-right-medium\" style=\"padding-top:173.984px;padding-bottom:101.962px\"><div class=\"wp-block-getwid-section__inner-wrapper\"><div class=\"wp-block-getwid-section__background-holder\"><div class=\"wp-block-getwid-section__background\" style=\"background-image:url('https:\/\/www.alpacacamping.de\/content\/wp-content\/uploads\/2023\/06\/Wohnmobilha&#776;ndler-in-der-Na&#776;he-scaled.jpg')\"><div class=\"wp-block-getwid-section__background-image-wrapper\"><img class=\"wp-block-getwid-section__background-image\" src=\"https:\/\/www.alpacacamping.de\/content\/wp-content\/uploads\/2023\/06\/Wohnmobilha%CC%88ndler-in-der-Na%CC%88he-scaled.jpg\" alt=\"Wohnmobilha&#776;ndler in der Na&#776;he\"><\/div><\/div><div class=\"wp-block-getwid-section__foreground\" style=\"opacity:0.5;background-color:#2c3847\"><\/div><\/div><div class=\"wp-block-getwid-section__content\"><div class=\"wp-block-getwid-section__inner-content\">\n<h2 class=\"has-text-align-center has-light-blue-color has-text-color\">Wohnmobil H&auml;ndler in der N&auml;he<\/h2>\n\n\n\n<h2 class=\"has-text-align-center has-light-gray-color has-text-color\" style=\"font-size:29px\">Finde Partner H&auml;ndler von AlpacaCamping &ndash; auch f&uuml;r Wohnwagen<\/h2>\n<\/div><\/div><\/div><\/div><\/div>\n\n\n<div id=\"footable_parent_14080\" class=\"footable_parent ninja_table_wrapper loading_ninja_table wp_table_data_press_parent semantic_ui \">\n                <table data-ninja_table_instance=\"ninja_table_instance_0\" data-footable_id=\"14080\" data-filter-delay=\"1000\" aria-label=\"Wohnmobil H&auml;ndler\" id=\"footable_14080\" data-unique_identifier=\"ninja_table_unique_id_1007987276_14080\" class=\" foo-table ninja_footable foo_table_14080 ninja_table_unique_id_1007987276_14080 ui table  nt_type_legacy_table selectable striped vertical_centered  footable-paging-right ninja_table_pro\">\n                <colgroup>\n                            <col class=\"ninja_column_0 \">\n                            <col class=\"ninja_column_1 \">\n                            <col class=\"ninja_column_2 \">\n                            <col class=\"ninja_column_3 \">\n                            <col class=\"ninja_column_4 \">\n                    <\/colgroup>\n        <thead>\n<tr class=\"footable-header\">\n                                                                                        <th scope=\"col\" class=\"ninja_column_0 ninja_clmn_nm_plz \">PLZ<\/th><th scope=\"col\" class=\"ninja_column_1 ninja_clmn_nm_ort \">Ort<\/th><th scope=\"col\" class=\"ninja_column_2 ninja_clmn_nm_werkstatt \">H&auml;ndler<\/th><th scope=\"col\" class=\"ninja_column_3 ninja_clmn_nm_fahrzeugtypen \">Fahrzeugtypen<\/th><th scope=\"col\" class=\"ninja_column_4 ninja_clmn_nm_marken \">Marken<\/th><\/tr>\n<\/thead>\n<tbody>\n\n        <tr data-row_id=\"4143\" class=\"ninja_table_row_0 nt_row_id_4143\">\n            <td>88326<\/td><td>Aulendorf<\/td><td>Malibu GmbH &amp; Co. KG <br>\n+49 7525 92000 <br>\n<a href=\"http:\/\/www.malibu-carthago.com\/\/\">www.malibu-carthago.com\/<\/a>\n<\/td><td>Wohnwagen, Wohnmobil<\/td><td>Cartago<\/td>        <\/tr>\n            <tr data-row_id=\"4144\" class=\"ninja_table_row_1 nt_row_id_4144\">\n            <td>85254<\/td><td>Sulzemoos<\/td><td>CRM caravan and mobile home market <br>\n+49 8135 937400 <br>\n<a href=\"hhttp:\/\/www.crm-sulzemoos.de\/\">www.crm-sulzemoos.de\/<\/a><\/td><td>Wohnmobil, Wohnwagen<\/td><td>Knaus, B&uuml;rstner<\/td>        <\/tr>\n            <tr data-row_id=\"4145\" class=\"ninja_table_row_2 nt_row_id_4145\">\n            <td>96132<\/td><td>Schl&uuml;sselfeld<\/td><td>Morelo Reisemobile GmbH <br>\n+49 9552 929600 <br>\n<a href=\"http:\/\/www.morelo-reisemobile.de\/\">www.morelo-reisemobile.de\/<\/a><\/td><td>Wohnmobil<\/td><td>Morelo<\/td>        <\/tr>\n            <tr data-row_id=\"4146\" class=\"ninja_table_row_3 nt_row_id_4146\">\n            <td>88450<\/td><td>Berkheim<\/td><td>Caravan Maier <br>\n+49 8395 912506 <br>\n<a href=\"http:\/\/www.caravan-maier.de\/\/\">www.caravan-maier.de\/<\/a><\/td><td>Wohnwagen<\/td><td>B&uuml;rstner<\/td>        <\/tr>\n            <tr data-row_id=\"4147\" class=\"ninja_table_row_4 nt_row_id_4147\">\n            <td>10317<\/td><td>Berlin<\/td><td>#camperliebe Wohnmobil Werkstatt und Manufaktur <br>\n+49 173 9113289 <br>\n<a href=\"https:\/\/camperliebe.com\/\">camperliebe.com\/<\/a><\/td><td>Wohnmobil, Wohnwagen<\/td><td>Fendt, Knaus<\/td>        <\/tr>\n            <tr data-row_id=\"4148\" class=\"ninja_table_row_5 nt_row_id_4148\">\n            <td>54595<\/td><td>Pr&uuml;m<\/td><td>Camperlust \"F&uuml;r jeden das passende Wohnmobil\" <br>\n01709694949 <br>\n<a href=\"https:\/\/www.camperlust.info\/galerie\/\">www.camperlust.info\/<\/a> <\/td><td>Wohnmobil<\/td><td>alle Marken<\/td>        <\/tr>\n            <tr data-row_id=\"4150\" class=\"ninja_table_row_6 nt_row_id_4150\">\n            <td>85254<\/td><td>Sulzemoos<\/td><td>CRM caravan and mobile home market <br>\n+49 8135 937400 <br>\n<a href=\"http:\/\/www.crm-sulzemoos.de\/\">www.crm-sulzemoos.de\/<\/a><\/td><td>Wohnmobil, Wohnwagen<\/td><td>B&uuml;rstner, Kabe, Roadcar<\/td>        <\/tr>\n            <tr data-row_id=\"4151\" class=\"ninja_table_row_7 nt_row_id_4151\">\n            <td>85254<\/td><td>Sulzemoos<\/td><td>Caravan Zellerer <br>\n+49 8135 937300 <br>\n<a href=\"http:\/\/www.caravan-zellerer.de\/\">www.caravan-zellerer.de\/<\/a><\/td><td>Wohnmobil, Wohnwagen<\/td><td>Fendt, Laika, Globecar<\/td>        <\/tr>\n            <tr data-row_id=\"4166\" class=\"ninja_table_row_8 nt_row_id_4166\">\n            <td>82291<\/td><td>Mammendorf<\/td><td>Camperia GmbH <br>\n49 176 434 66 393 <br>\n<a href=\"https:\/\/\" www.camperia-gmbh.de>www.camperia-gmbh.de<\/a> <\/td><td>Kastenw&auml;gen<\/td><td>Fiat Ducato,  Peugot Boxer, Opel Movano, <br>  Citroen Jumper,  Renault Trafic,  Opel Vivaro, <br>  Fiat Talento, Peugeot Partner,  Citroen Berlingo, <br>  Fiat Doblo, Opel Combo<\/td>        <\/tr>\n            <tr data-row_id=\"4167\" class=\"ninja_table_row_9 nt_row_id_4167\">\n            <td>63776 <\/td><td>M&ouml;mbris<\/td><td>CAMPING ADVENTURE <br>\n+49 170 4908194 <br>\n<a href=\"https:\/\/www.camping-adventure.eu\/\">www.camping-adventure.eu\/<\/a> <\/td><td>Wohnwagen, Dachzelte<\/td><td>Patakam, LifestyleCamper, Kulba<\/td>        <\/tr>\n            <tr data-row_id=\"4168\" class=\"ninja_table_row_10 nt_row_id_4168\">\n            <td>04442<\/td><td>Zwenkau<\/td><td>Neuseenland Caravaning <br>\n+4934203-433540 <br>\n<a href=\"https:\/\/neuseenlandcaravaning.de\/index.php\">www.neuseenlandcaravaning.de<\/a><\/td><td>Teilintegriert, Van, Wohnwagen<\/td><td>Sterckeman, Chausson, La Strada, Malibu, LMC, Panama, Stema Lastenanh&auml;nger<\/td>        <\/tr>\n    <\/tbody><!--ninja_tobody_rendering_done-->\n    <\/table>\n                    <style type=\"text\/css\" id=\"ninja_table_custom_css_14080\">\n                        #footable_14080  {\n        font-family: inherit;\n        font-size: 14px;\n    }\n\n                <\/style>\n                \n    \n    \n<\/div>\n\n\n\n\n<h2>Du bist auf der Suche nach einem H&auml;ndler f&uuml;r Wohnwagen oder Wohnmobile?<\/h2>\n\n\n\n<h3 class=\"has-medium-font-size\">Wohnmobil-H&auml;ndler Verzeichnis<\/h3>\n\n\n\n<p>Willkommen beim Wohnmobil-H&auml;ndler Verzeichnis! Hier findest du eine umfassende Liste von Wohnmobil-H&auml;ndlern in deiner Region, die dir bei der Erf&uuml;llung Ihrer Wohnmobil-Tr&auml;ume behilflich sein k&ouml;nnen.<\/p>\n\n\n\n<p>Unser Verzeichnis enth&auml;lt eine Vielzahl von Wohnmobil-H&auml;ndlern, die dir eine breite Auswahl an Wohnmobilen, Zubeh&ouml;r und Dienstleistungen bieten. Egal, ob du ein kompaktes Wohnmobil f&uuml;r ein romantisches Wochenende zu zweit suchen oder ein ger&auml;umiges Fahrzeug f&uuml;r den Familienurlaub ben&ouml;tigen, hier wirst du f&uuml;ndig.<\/p>\n\n\n\n<p>Jeder Eintrag in unserem Verzeichnis enth&auml;lt detaillierte Informationen &uuml;ber den H&auml;ndler, darunter:<\/p>\n\n\n\n<ul><li>Name<\/li><li>Adresse <\/li><li>Kontaktinformationen<\/li><\/ul>\n\n\n\n<figure class=\"wp-block-image size-large\"><img loading=\"lazy\" width=\"1024\" height=\"683\" src=\"https:\/\/www.alpacacamping.de\/content\/wp-content\/uploads\/2023\/06\/Wohnmobilha%CC%88ndler-1024x683.jpg\" alt=\"Wohnmobil H&auml;ndler in der N&auml;he\" class=\"wp-image-14084\" title=\"Wohnmobil Werkstatt in der N&auml;he\" srcset=\"https:\/\/www.alpacacamping.de\/content\/wp-content\/uploads\/2023\/06\/Wohnmobilha&#776;ndler-1024x683.jpg 1024w, https:\/\/www.alpacacamping.de\/content\/wp-content\/uploads\/2023\/06\/Wohnmobilha&#776;ndler-300x200.jpg 300w, https:\/\/www.alpacacamping.de\/content\/wp-content\/uploads\/2023\/06\/Wohnmobilha&#776;ndler-768x512.jpg 768w, https:\/\/www.alpacacamping.de\/content\/wp-content\/uploads\/2023\/06\/Wohnmobilha&#776;ndler-1536x1024.jpg 1536w, https:\/\/www.alpacacamping.de\/content\/wp-content\/uploads\/2023\/06\/Wohnmobilha&#776;ndler-2048x1365.jpg 2048w, https:\/\/www.alpacacamping.de\/content\/wp-content\/uploads\/2023\/06\/Wohnmobilha&#776;ndler-938x625.jpg 938w, https:\/\/www.alpacacamping.de\/content\/wp-content\/uploads\/2023\/06\/Wohnmobilha&#776;ndler-1130x753.jpg 1130w\" sizes=\"(max-width: 1024px) 100vw, 1024px\"><\/figure>\n\n\n\n<p>Unsere Wohnmobil-H&auml;ndler sind Experten auf ihrem Gebiet und bieten eine pers&ouml;nliche Beratung, um sicherzustellen, dass du das perfekte Wohnmobil f&uuml;r deine Bed&uuml;rfnisse findest. Sie helfen dir gerne bei der Auswahl eines Fahrzeugs, geben dir Informationen zu technischen Details und Ausstattungsmerkmalen und stehen dir bei allen Fragen zur Verf&uuml;gung, die Sie m&ouml;glicherweise haben.<\/p>\n\n\n\n<p>Dar&uuml;ber hinaus bieten viele der H&auml;ndler auch zus&auml;tzliche Dienstleistungen an, wie beispielsweise die Vermietung von Wohnmobilen, den Verkauf von Ersatzteilen und Zubeh&ouml;r, sowie Wartungs- und Reparaturarbeiten. Sie sorgen daf&uuml;r, dass dein Wohnmobil immer in bestem Zustand ist und garantieren dir ein sorgenfreies Reiseerlebnis. Tauche ein in die Welt der Wohnmobile und finde den perfekten Wohnmobil-H&auml;ndler f&uuml;r deine Bed&uuml;rfnisse. Beginne jetzt deine Reise und mache deinen Wohnmobil-Traum wahr!<\/p>\n","protected":false},"excerpt":{"rendered":"<p>Du bist auf der Suche nach einem H\u00e4ndler f\u00fcr Wohnwagen oder Wohnmobile? Wohnmobil-H\u00e4ndler Verzeichnis Willkommen beim Wohnmobil-H\u00e4ndler Verzeichnis! Hier findest du eine umfassende Liste von [&hellip;]<\/p>\n","protected":false},"author":1,"featured_media":0,"parent":0,"menu_order":0,"comment_status":"closed","ping_status":"closed","template":"","meta":[],"categories":[],"acf":[],"yoast_head":"<!-- This site is optimized with the Yoast SEO plugin v19.1 - https:\/\/yoast.com\/wordpress\/plugins\/seo\/ -->\n<title>Wohnmobil H\u00e4ndler in der N\u00e4he finden - AlpacaCamping<\/title>\n<meta name=\"description\" content=\"Wohnmobil H\u00e4ndler: Finde offizielle Partner H\u00e4ndler in ganz Deutschland. Die offiziellen Partner von AlpacaCamping. Fair und zuverl\u00e4ssig!\" \/>\n<meta name=\"robots\" content=\"index, follow, max-snippet:-1, max-image-preview:large, max-video-preview:-1\" \/>\n<link rel=\"canonical\" href=\"https:\/\/www.alpacacamping.de\/content\/wohnmobil-haendler-in-der-naehe\/\" \/>\n<meta property=\"og:locale\" content=\"de_DE\" \/>\n<meta property=\"og:type\" content=\"article\" \/>\n<meta property=\"og:title\" content=\"Wohnmobil H\u00e4ndler in der N\u00e4he finden - AlpacaCamping\" \/>\n<meta property=\"og:description\" content=\"Wohnmobil H\u00e4ndler: Finde offizielle Partner H\u00e4ndler in ganz Deutschland. Die offiziellen Partner von AlpacaCamping. Fair und zuverl\u00e4ssig!\" \/>\n<meta property=\"og:url\" content=\"https:\/\/www.alpacacamping.de\/content\/wohnmobil-haendler-in-der-naehe\/\" \/>\n<meta property=\"og:site_name\" content=\"AlpacaCamping\" \/>\n<meta property=\"article:modified_time\" content=\"2023-06-30T09:44:04+00:00\" \/>\n<meta name=\"twitter:card\" content=\"summary_large_image\" \/>\n<meta name=\"twitter:label1\" content=\"Gesch\u00e4tzte Lesezeit\" \/>\n\t<meta name=\"twitter:data1\" content=\"2\u00a0Minuten\" \/>\n<script type=\"application\/ld+json\" class=\"yoast-schema-graph\">{\"@context\":\"https:\/\/schema.org\",\"@graph\":[{\"@type\":\"WebSite\",\"@id\":\"https:\/\/www.alpacacamping.de\/content\/#website\",\"url\":\"https:\/\/www.alpacacamping.de\/content\/\",\"name\":\"AlpacaCamping\",\"description\":\"Camping Stellpl\u00e4tze \u00fcberall buchen.\",\"potentialAction\":[{\"@type\":\"SearchAction\",\"target\":{\"@type\":\"EntryPoint\",\"urlTemplate\":\"https:\/\/www.alpacacamping.de\/content\/?s={search_term_string}\"},\"query-input\":\"required name=search_term_string\"}],\"inLanguage\":\"de\"},{\"@type\":\"WebPage\",\"@id\":\"https:\/\/www.alpacacamping.de\/content\/wohnmobil-haendler-in-der-naehe\/#webpage\",\"url\":\"https:\/\/www.alpacacamping.de\/content\/wohnmobil-haendler-in-der-naehe\/\",\"name\":\"Wohnmobil H\u00e4ndler in der N\u00e4he finden - AlpacaCamping\",\"isPartOf\":{\"@id\":\"https:\/\/www.alpacacamping.de\/content\/#website\"},\"datePublished\":\"2023-06-29T11:21:38+00:00\",\"dateModified\":\"2023-06-30T09:44:04+00:00\",\"description\":\"Wohnmobil H\u00e4ndler: Finde offizielle Partner H\u00e4ndler in ganz Deutschland. Die offiziellen Partner von AlpacaCamping. Fair und zuverl\u00e4ssig!\",\"breadcrumb\":{\"@id\":\"https:\/\/www.alpacacamping.de\/content\/wohnmobil-haendler-in-der-naehe\/#breadcrumb\"},\"inLanguage\":\"de\",\"potentialAction\":[{\"@type\":\"ReadAction\",\"target\":[\"https:\/\/www.alpacacamping.de\/content\/wohnmobil-haendler-in-der-naehe\/\"]}]},{\"@type\":\"BreadcrumbList\",\"@id\":\"https:\/\/www.alpacacamping.de\/content\/wohnmobil-haendler-in-der-naehe\/#breadcrumb\",\"itemListElement\":[{\"@type\":\"ListItem\",\"position\":1,\"name\":\"Home\",\"item\":\"https:\/\/www.alpacacamping.de\/content\/\"},{\"@type\":\"ListItem\",\"position\":2,\"name\":\"Wohnmobil H\u00e4ndler in der N\u00e4he\"}]}]}<\/script>\n<!-- \/ Yoast SEO plugin. -->","yoast_head_json":{"title":"Wohnmobil H\u00e4ndler in der N\u00e4he finden - AlpacaCamping","description":"Wohnmobil H\u00e4ndler: Finde offizielle Partner H\u00e4ndler in ganz Deutschland. Die offiziellen Partner von AlpacaCamping. Fair und zuverl\u00e4ssig!","robots":{"index":"index","follow":"follow","max-snippet":"max-snippet:-1","max-image-preview":"max-image-preview:large","max-video-preview":"max-video-preview:-1"},"canonical":"https:\/\/www.alpacacamping.de\/content\/wohnmobil-haendler-in-der-naehe\/","og_locale":"de_DE","og_type":"article","og_title":"Wohnmobil H\u00e4ndler in der N\u00e4he finden - AlpacaCamping","og_description":"Wohnmobil H\u00e4ndler: Finde offizielle Partner H\u00e4ndler in ganz Deutschland. Die offiziellen Partner von AlpacaCamping. Fair und zuverl\u00e4ssig!","og_url":"https:\/\/www.alpacacamping.de\/content\/wohnmobil-haendler-in-der-naehe\/","og_site_name":"AlpacaCamping","article_modified_time":"2023-06-30T09:44:04+00:00","twitter_card":"summary_large_image","twitter_misc":{"Gesch\u00e4tzte Lesezeit":"2\u00a0Minuten"},"schema":{"@context":"https:\/\/schema.org","@graph":[{"@type":"WebSite","@id":"https:\/\/www.alpacacamping.de\/content\/#website","url":"https:\/\/www.alpacacamping.de\/content\/","name":"AlpacaCamping","description":"Camping Stellpl\u00e4tze \u00fcberall buchen.","potentialAction":[{"@type":"SearchAction","target":{"@type":"EntryPoint","urlTemplate":"https:\/\/www.alpacacamping.de\/content\/?s={search_term_string}"},"query-input":"required name=search_term_string"}],"inLanguage":"de"},{"@type":"WebPage","@id":"https:\/\/www.alpacacamping.de\/content\/wohnmobil-haendler-in-der-naehe\/#webpage","url":"https:\/\/www.alpacacamping.de\/content\/wohnmobil-haendler-in-der-naehe\/","name":"Wohnmobil H\u00e4ndler in der N\u00e4he finden - AlpacaCamping","isPartOf":{"@id":"https:\/\/www.alpacacamping.de\/content\/#website"},"datePublished":"2023-06-29T11:21:38+00:00","dateModified":"2023-06-30T09:44:04+00:00","description":"Wohnmobil H\u00e4ndler: Finde offizielle Partner H\u00e4ndler in ganz Deutschland. Die offiziellen Partner von AlpacaCamping. Fair und zuverl\u00e4ssig!","breadcrumb":{"@id":"https:\/\/www.alpacacamping.de\/content\/wohnmobil-haendler-in-der-naehe\/#breadcrumb"},"inLanguage":"de","potentialAction":[{"@type":"ReadAction","target":["https:\/\/www.alpacacamping.de\/content\/wohnmobil-haendler-in-der-naehe\/"]}]},{"@type":"BreadcrumbList","@id":"https:\/\/www.alpacacamping.de\/content\/wohnmobil-haendler-in-der-naehe\/#breadcrumb","itemListElement":[{"@type":"ListItem","position":1,"name":"Home","item":"https:\/\/www.alpacacamping.de\/content\/"},{"@type":"ListItem","position":2,"name":"Wohnmobil H\u00e4ndler in der N\u00e4he"}]}]}},"_links":{"self":[{"href":"https:\/\/www.alpacacamping.de\/content\/wp-json\/wp\/v2\/pages\/14078"}],"collection":[{"href":"https:\/\/www.alpacacamping.de\/content\/wp-json\/wp\/v2\/pages"}],"about":[{"href":"https:\/\/www.alpacacamping.de\/content\/wp-json\/wp\/v2\/types\/page"}],"author":[{"embeddable":true,"href":"https:\/\/www.alpacacamping.de\/content\/wp-json\/wp\/v2\/users\/1"}],"replies":[{"embeddable":true,"href":"https:\/\/www.alpacacamping.de\/content\/wp-json\/wp\/v2\/comments?post=14078"}],"version-history":[{"count":13,"href":"https:\/\/www.alpacacamping.de\/content\/wp-json\/wp\/v2\/pages\/14078\/revisions"}],"predecessor-version":[{"id":14141,"href":"https:\/\/www.alpacacamping.de\/content\/wp-json\/wp\/v2\/pages\/14078\/revisions\/14141"}],"wp:attachment":[{"href":"https:\/\/www.alpacacamping.de\/content\/wp-json\/wp\/v2\/media?parent=14078"}],"wp:term":[{"taxonomy":"category","embeddable":true,"href":"https:\/\/www.alpacacamping.de\/content\/wp-json\/wp\/v2\/categories?post=14078"}],"curies":[{"name":"wp","href":"https:\/\/api.w.org\/{rel}","templated":true}]}}