{"id":1199,"date":"2020-11-28T12:05:47","date_gmt":"2020-11-28T11:05:47","guid":{"rendered":"http:\/\/dominik-quambusch.de\/wordpress\/index.php\/winzer\/"},"modified":"2021-07-21T19:18:44","modified_gmt":"2021-07-21T17:18:44","slug":"winzer","status":"publish","type":"page","link":"https:\/\/www.alpacacamping.de\/content\/winzer\/","title":{"rendered":"Winzer &#038; Weing\u00fcter"},"content":{"rendered":"\n<div class=\"wp-block-getwid-section alignfull getwid-section-content-full-width\" style=\"margin-bottom:32px\"><div class=\"wp-block-getwid-section__wrapper getwid-padding-top-large getwid-padding-bottom-large\"><div class=\"wp-block-getwid-section__divider is-bottom-divider\"><svg x=\"0px\" y=\"0px\" viewbox=\"0 0 1000 20\" preserveaspectratio=\"xMidYMax slice\" class=\"wp-block-getwid-section__divider-svg\"><path fill=\"white\" class=\"wp-block-getwid-section__divider-svg-fill\" d=\"M0,0v3h484c8.8,0,16,7.2,16,16c0-8.8,7.2-16,16-16h484V0H0z\"><\/path><\/svg><\/div><div class=\"wp-block-getwid-section__inner-wrapper\"><div class=\"wp-block-getwid-section__background-holder\"><div class=\"wp-block-getwid-section__background\" style=\"background-image:url('https:\/\/www.alpacacamping.de\/content\/wp-content\/uploads\/2020\/12\/pexels-quynh-tran-5800949.jpg')\"><div class=\"wp-block-getwid-section__background-image-wrapper\"><img class=\"wp-block-getwid-section__background-image\" src=\"https:\/\/www.alpacacamping.de\/content\/wp-content\/uploads\/2020\/12\/pexels-quynh-tran-5800949.jpg\" alt=\"\"><\/div><\/div><div class=\"wp-block-getwid-section__foreground\" style=\"opacity:0.2;background-color:#2c3847\"><\/div><\/div><div class=\"wp-block-getwid-section__content\"><div class=\"wp-block-getwid-section__inner-content\">\n<div class=\"wp-block-getwid-section\"><div class=\"wp-block-getwid-section__wrapper\"><div class=\"wp-block-getwid-section__inner-wrapper\"><div class=\"wp-block-getwid-section__background-holder\"><div class=\"wp-block-getwid-section__background\"><\/div><div class=\"wp-block-getwid-section__foreground\"><\/div><\/div><div class=\"wp-block-getwid-section__content\"><div class=\"wp-block-getwid-section__inner-content\">\n<h1 class=\"has-light-gray-color has-text-color\">Winzer oder Weingut?<br>Mach mit!<\/h1>\n\n\n\n<h2 class=\"has-light-gray-color has-text-color\">Warum sollten Sie Gastgeber werden?<\/h2>\n<\/div><\/div><\/div><\/div><\/div>\n<\/div><\/div><\/div><\/div><\/div>\n\n\n\n<h2 class=\"alignfull has-text-align-center\">AlpacaCamping<\/h2>\n\n\n\n<h2 class=\"alignwide has-text-align-center\" style=\"font-size:32px\">Einnahmen durch Stellplatzvermietung.<\/h2>\n\n\n\n<h2 class=\"alignfull has-text-align-center\" style=\"font-size:29px\">Verkauf Ihrer Weine an Camper.<\/h2>\n\n\n\n<p class=\"has-text-align-center\">Sie bestimmen v&ouml;llig frei, wann Ihre Fl&auml;chen genutzt werden k&ouml;nnen, sowie die H&ouml;he der Geb&uuml;hr.<\/p>\n\n\n\n<div class=\"wp-block-getwid-section alignfull alignfull\"><div class=\"wp-block-getwid-section__wrapper\" style=\"margin-left:13px;padding-bottom:1px;padding-left:0px\"><div class=\"wp-block-getwid-section__inner-wrapper\"><div class=\"wp-block-getwid-section__background-holder\"><div class=\"wp-block-getwid-section__background\"><\/div><div class=\"wp-block-getwid-section__foreground\"><\/div><\/div><div class=\"wp-block-getwid-section__content\"><div class=\"wp-block-getwid-section__inner-content\">\n<div class=\"wp-block-getwid-image-box alignfull has-image-right has-text-center has-mobile-layout-column has-mobile-alignment-center\"><div class=\"wp-block-getwid-image-box__image-container is-position-middle\"><div class=\"wp-block-getwid-image-box__image-wrapper\"><img loading=\"lazy\" width=\"1000\" height=\"667\" src=\"https:\/\/www.alpacacamping.de\/content\/wp-content\/uploads\/2020\/12\/pexels-zen-chung-5529576.jpg\" alt=\"\" class=\"wp-block-getwid-image-box__image wp-image-1377\" srcset=\"https:\/\/www.alpacacamping.de\/content\/wp-content\/uploads\/2020\/12\/pexels-zen-chung-5529576.jpg 1000w, https:\/\/www.alpacacamping.de\/content\/wp-content\/uploads\/2020\/12\/pexels-zen-chung-5529576-300x200.jpg 300w, https:\/\/www.alpacacamping.de\/content\/wp-content\/uploads\/2020\/12\/pexels-zen-chung-5529576-768x512.jpg 768w, https:\/\/www.alpacacamping.de\/content\/wp-content\/uploads\/2020\/12\/pexels-zen-chung-5529576-938x626.jpg 938w\" sizes=\"(max-width: 1000px) 100vw, 1000px\"><\/div><\/div><div class=\"wp-block-getwid-image-box__content\">\n<h3><strong><br>Wein-Verk&auml;ufe steigern<\/strong><\/h3>\n\n\n\n<p class=\"has-text-align-left\">Wenn Sie sich f&uuml;r die Teilnahme bei AlpacaCamping entscheiden, profitieren Sie nicht nur von lukrativen Stellplatzgeb&uuml;hren.<\/p>\n\n\n\n<p class=\"has-text-align-left\">Durch unsere Camper, die wir an Ihren Stellplatz vermitteln, kommen gleichzeitig Kunden auf Ihren Hof. Denn auch Camper sind hungrig und gerade diese Zielgruppe erfreut sich, direkt beim Erzeuger einzukaufen.<\/p>\n\n\n\n<p class=\"has-text-align-left\">Ganz gleich ob Sie Obst, K&auml;se, Wurst oder Gem&uuml;se anbieten &ndash; bei uns ist jeder gern gesehen.<\/p>\n\n\n\n<div class=\"wp-container-1 wp-block-buttons\">\n<div class=\"wp-block-button\"><a class=\"wp-block-button__link\" href=\"\/signup\">Eigenen Stellplatz Anbieten<\/a><\/div>\n<\/div>\n\n\n\n<p><\/p>\n<\/div><\/div>\n\n\n\n<h2>Das sagen unsere Gastgeber<\/h2>\n\n\n\n<div class=\"wp-container-5 wp-block-columns\">\n<div class=\"wp-container-2 wp-block-column\">\n<div class=\"wp-block-getwid-testimonial has-image\"><div class=\"wp-block-getwid-testimonial__wrapper\"><div class=\"wp-block-getwid-testimonial__content-wrapper\"><p class=\"wp-block-getwid-testimonial__content\"> <em>Jeder Gast wird bei Ankunft auf ein Glas Wein eingeladen, meistens wird dann auch gekauft.<\/em><\/p><\/div><div class=\"wp-block-getwid-testimonial__header\"><div class=\"wp-block-getwid-testimonial__image-wrapper\"><div class=\"wp-block-getwid-testimonial__image\"><img loading=\"lazy\" width=\"150\" height=\"150\" src=\"https:\/\/www.alpacacamping.de\/content\/wp-content\/uploads\/2021\/07\/9aef6a8f-e776-4e65-b7ac-ab6ced64100f-150x150.jpg\" alt=\"\" class=\"wp-image-2079\"><\/div><\/div><div class=\"wp-block-getwid-testimonial__heading\"><span class=\"wp-block-getwid-testimonial__title\">Silke &amp; Andr&eacute;<\/span><span class=\"wp-block-getwid-testimonial__subtitle\">Weingut Meyer<\/span><\/div><\/div><\/div><\/div>\n<\/div>\n\n\n\n<div class=\"wp-container-3 wp-block-column\">\n<div class=\"wp-block-getwid-testimonial has-image\"><div class=\"wp-block-getwid-testimonial__wrapper\"><div class=\"wp-block-getwid-testimonial__content-wrapper\"><p class=\"wp-block-getwid-testimonial__content\"><em>Mit AlpacaCamping kann ich zus&auml;tzlich meine Bollerwagentour durch den Weinberg vertreiben.<\/em><\/p><\/div><div class=\"wp-block-getwid-testimonial__header\"><div class=\"wp-block-getwid-testimonial__image-wrapper\"><div class=\"wp-block-getwid-testimonial__image\"><img loading=\"lazy\" width=\"150\" height=\"150\" src=\"https:\/\/www.alpacacamping.de\/content\/wp-content\/uploads\/2021\/07\/1012989_832180300188772_8992671305143059425_n-150x150.jpg\" alt=\"\" class=\"wp-image-2080\" srcset=\"https:\/\/www.alpacacamping.de\/content\/wp-content\/uploads\/2021\/07\/1012989_832180300188772_8992671305143059425_n-150x150.jpg 150w, https:\/\/www.alpacacamping.de\/content\/wp-content\/uploads\/2021\/07\/1012989_832180300188772_8992671305143059425_n-300x300.jpg 300w, https:\/\/www.alpacacamping.de\/content\/wp-content\/uploads\/2021\/07\/1012989_832180300188772_8992671305143059425_n-768x768.jpg 768w, https:\/\/www.alpacacamping.de\/content\/wp-content\/uploads\/2021\/07\/1012989_832180300188772_8992671305143059425_n.jpg 918w\" sizes=\"(max-width: 150px) 100vw, 150px\"><\/div><\/div><div class=\"wp-block-getwid-testimonial__heading\"><span class=\"wp-block-getwid-testimonial__title\">Hermann Ebert<\/span><span class=\"wp-block-getwid-testimonial__subtitle\">Weingut Ebert<\/span><\/div><\/div><\/div><\/div>\n<\/div>\n\n\n\n<div class=\"wp-container-4 wp-block-column\">\n<div class=\"wp-block-getwid-testimonial has-image\"><div class=\"wp-block-getwid-testimonial__wrapper\"><div class=\"wp-block-getwid-testimonial__content-wrapper\"><p class=\"wp-block-getwid-testimonial__content\"><em>Ich habe G&auml;ste aus ganz Deutschland, denen ich meine Erzeugnisse pr&auml;sentieren kann.<\/em><\/p><\/div><div class=\"wp-block-getwid-testimonial__header\"><div class=\"wp-block-getwid-testimonial__image-wrapper\"><div class=\"wp-block-getwid-testimonial__image\"><img loading=\"lazy\" width=\"150\" height=\"150\" src=\"https:\/\/www.alpacacamping.de\/content\/wp-content\/uploads\/2021\/07\/pexels-juan-pablo-serrano-arenas-1139743-150x150.jpg\" alt=\"\" class=\"wp-image-2081\"><\/div><\/div><div class=\"wp-block-getwid-testimonial__heading\"><span class=\"wp-block-getwid-testimonial__title\">Daniel Ehinger<\/span><span class=\"wp-block-getwid-testimonial__subtitle\">Streuobst Ehinger<\/span><\/div><\/div><\/div><\/div>\n<\/div>\n<\/div>\n\n\n\n<h4>Noch mehr Vorteile f&uuml;r Ihr Weingut:<\/h4>\n\n\n\n<div class=\"wp-container-6 wp-block-group\"><div class=\"wp-block-group__inner-container\">\n<ul><li><strong>Neue Kunden und Kundengruppen<\/strong> gewinnen: Durch AlpacaCamper kommen <strong>junge neue Leute<\/strong> mit Ihrem Wein in Ber&uuml;hrung.<\/li><li><strong>Geografische Verbreitung Ihres Weins<\/strong> und Ihrer Marke durch G&auml;ste aus nah und fern. Gerne bringt man doch ein Fl&auml;schchen von seiner &Uuml;bernachtung auf einem Weingut mit nach Hause und l&auml;sst Freunde und Familie bei den Erz&auml;hlungen kulinarisch am Urlaub teilhaben.<\/li><li><strong>Steigerung des Direktvertriebes.<\/strong> Durch den Einbruch von Bestellungen aus Hotel und Gastronomie, in Zeiten von Corona ist es umso wichtiger dieses Kundensegment zu erweitern.<\/li><li><strong>Vermarktung weiterer Dienstleistungen:<\/strong> Weinproben, E-Bikeverleih, Planwagenfahrten, Mitarbeit auf dem Weingut&hellip;<\/li><\/ul>\n<\/div><\/div>\n<\/div><\/div><\/div><\/div><\/div>\n\n\n\n<div class=\"wp-block-getwid-section alignfull alignfull\" style=\"margin-bottom:1px\"><div class=\"wp-block-getwid-section__wrapper\" style=\"padding-bottom:0px\"><div class=\"wp-block-getwid-section__inner-wrapper\"><div class=\"wp-block-getwid-section__background-holder\"><div class=\"wp-block-getwid-section__background\"><\/div><div class=\"wp-block-getwid-section__foreground\"><\/div><\/div><div class=\"wp-block-getwid-section__content\"><div class=\"wp-block-getwid-section__inner-content\">\n<div class=\"wp-block-getwid-image-box has-image-left has-text-center has-mobile-layout-column has-mobile-alignment-center\"><div class=\"wp-block-getwid-image-box__image-container is-position-top\"><div class=\"wp-block-getwid-image-box__image-wrapper\"><img loading=\"lazy\" width=\"1000\" height=\"666\" src=\"https:\/\/www.alpacacamping.de\/content\/wp-content\/uploads\/2020\/12\/CamperStellplatzBauernhof.jpg\" alt=\"\" class=\"wp-block-getwid-image-box__image wp-image-1388\" srcset=\"https:\/\/www.alpacacamping.de\/content\/wp-content\/uploads\/2020\/12\/CamperStellplatzBauernhof.jpg 1000w, https:\/\/www.alpacacamping.de\/content\/wp-content\/uploads\/2020\/12\/CamperStellplatzBauernhof-300x200.jpg 300w, https:\/\/www.alpacacamping.de\/content\/wp-content\/uploads\/2020\/12\/CamperStellplatzBauernhof-768x511.jpg 768w, https:\/\/www.alpacacamping.de\/content\/wp-content\/uploads\/2020\/12\/CamperStellplatzBauernhof-938x625.jpg 938w\" sizes=\"(max-width: 1000px) 100vw, 1000px\"><\/div><\/div><div class=\"wp-block-getwid-image-box__content\">\n<h3>Zus&auml;tzliche Einnahmen durch Stellfl&auml;chen<\/h3>\n\n\n\n<p class=\"has-text-align-left\">Ist Ihre Fl&auml;che erst einmal kostenlos bei AlpacaCamping inseriert, m&uuml;ssen Sie nichts mehr tun. Unser Buchungssystem k&uuml;mmert sich um den Rest und das v&ouml;llig automatisch. (Nat&uuml;rlich k&ouml;nnen Sie Zeitr&auml;ume festlegen, an denen Sie keine G&auml;ste empfangen m&ouml;chten.)<\/p>\n\n\n\n<p class=\"has-text-align-left\">So k&ouml;nnen Sie auch von bisher ungenutzten Fl&auml;chen profitieren.<\/p>\n<\/div><\/div>\n<\/div><\/div><\/div><\/div><\/div>\n\n\n\n<div class=\"wp-block-getwid-section alignfull alignfull\"><div class=\"wp-block-getwid-section__wrapper\"><div class=\"wp-block-getwid-section__inner-wrapper\"><div class=\"wp-block-getwid-section__background-holder\"><div class=\"wp-block-getwid-section__background\"><\/div><div class=\"wp-block-getwid-section__foreground\"><\/div><\/div><div class=\"wp-block-getwid-section__content\"><div class=\"wp-block-getwid-section__inner-content\">\n<h3>Ihr Inserat auf unserer Plattform ist f&uuml;r Sie <strong>komplett kostenlos<\/strong>.<\/h3>\n\n\n\n<p>F&uuml;r Camper erheben wir auf get&auml;tigte Buchungen 15% oder mindestens 2,50&euro; Servicegeb&uuml;hr f&uuml;r den Betrieb unserer Plattform. <br><strong>Sie legen den Preis pro Nacht f&uuml;r Ihre Stellfl&auml;che selbst fest. Wir empfehlen einen Rahmen von 10&euro; &ndash; 20&euro;.<\/strong><br>Ist das rechtlich erlaubt? Ja!<\/p>\n\n\n\n<div class=\"wp-container-11 wp-block-columns\">\n<div class=\"wp-container-8 wp-block-column\">\n<div class=\"wp-container-7 wp-block-buttons\">\n<div class=\"wp-block-button\"><a class=\"wp-block-button__link\" href=\"\/property\/create\" rel=\"\/property\/create\">Eigenen Stellplatz anbieten<\/a><\/div>\n<\/div>\n<\/div>\n\n\n\n<div class=\"wp-container-10 wp-block-column is-vertically-aligned-center\">\n<div class=\"wp-container-9 wp-block-buttons\">\n<div class=\"wp-block-button is-style-outline\"><a class=\"wp-block-button__link\" href=\"https:\/\/www.alpacacamping.de\/content\/rechtliches-landwirte\/\" rel=\"\">Rechtliche Hinweise<\/a><\/div>\n<\/div>\n<\/div>\n<\/div>\n<\/div><\/div><\/div><\/div><\/div>\n\n\n\n<div class=\"wp-block-getwid-section alignfull getwid-section-content-full-width\" style=\"margin-bottom:18px\"><div class=\"wp-block-getwid-section__wrapper getwid-padding-top-large getwid-align-items-mobile-center getwid-justify-content-mobile-center\" style=\"margin-left:0px;padding-bottom:27px;padding-left:0px;padding-right:13px\"><div class=\"wp-block-getwid-section__inner-wrapper\"><div class=\"wp-block-getwid-section__background-holder\"><div class=\"wp-block-getwid-section__background\" style=\"background-image:url('https:\/\/www.alpacacamping.de\/content\/wp-content\/uploads\/2020\/12\/pexels-pixabay-51947.jpg')\"><div class=\"wp-block-getwid-section__background-image-wrapper\"><img class=\"wp-block-getwid-section__background-image\" src=\"https:\/\/www.alpacacamping.de\/content\/wp-content\/uploads\/2020\/12\/pexels-pixabay-51947.jpg\" alt=\"\"><\/div><\/div><div class=\"wp-block-getwid-section__foreground\" style=\"opacity:0.3;background-color:#2c3847\"><\/div><\/div><div class=\"wp-block-getwid-section__content\"><div class=\"wp-block-getwid-section__inner-content\">\n<div class=\"wp-block-getwid-section alignfull alignfull\"><div class=\"wp-block-getwid-section__wrapper\"><div class=\"wp-block-getwid-section__inner-wrapper\"><div class=\"wp-block-getwid-section__background-holder\"><div class=\"wp-block-getwid-section__background\"><\/div><div class=\"wp-block-getwid-section__foreground\"><\/div><\/div><div class=\"wp-block-getwid-section__content\"><div class=\"wp-block-getwid-section__inner-content\">\n<p class=\"has-light-gray-color has-text-color\" style=\"font-size:25px\"><strong>Wir selbst stammen aus l&auml;ndlichen Regionen und wissen, wie schwer es die konventionelle Landwirtschaft heutzutage hat.<\/strong><\/p>\n\n\n\n<p class=\"has-light-gray-color has-text-color\" style=\"font-size:25px\"><strong>Mit AlpacaCamping m&ouml;chten wir dem H&ouml;festerben entgegenwirken und landwirtschaftliche Betriebe wirtschaftlicher machen.<\/strong><\/p>\n\n\n\n<p class=\"has-light-gray-color has-text-color has-medium-font-size\">Die Gr&uuml;nder von AlpacaCamping:<br>Steffen, Christopher, Simon und Dominik.<\/p>\n<\/div><\/div><\/div><\/div><\/div>\n<\/div><\/div><\/div><\/div><\/div>\n","protected":false},"excerpt":{"rendered":"<p>AlpacaCamping Einnahmen durch Stellplatzvermietung. Verkauf Ihrer Weine an Camper. Sie bestimmen v\u00f6llig frei, wann Ihre Fl\u00e4chen genutzt werden k\u00f6nnen, sowie die H\u00f6he der Geb\u00fchr.<\/p>\n","protected":false},"author":1,"featured_media":0,"parent":0,"menu_order":0,"comment_status":"closed","ping_status":"closed","template":"","meta":[],"categories":[],"acf":[],"yoast_head":"<!-- This site is optimized with the Yoast SEO plugin v19.1 - https:\/\/yoast.com\/wordpress\/plugins\/seo\/ -->\n<title>Campingpl\u00e4tze auf dem Weingut anbieten - AlpacaCamping<\/title>\n<meta name=\"description\" content=\"Bieten Sie Campern ?\ufe0f einen Stellplatz zur \u00dcbernachtung auf Ihrem Weingut oder im Weinberg. \u25ba Hier erfahren Sie wie es geht!\" \/>\n<meta name=\"robots\" content=\"index, follow, max-snippet:-1, max-image-preview:large, max-video-preview:-1\" \/>\n<link rel=\"canonical\" href=\"https:\/\/www.alpacacamping.de\/content\/winzer\/\" \/>\n<meta property=\"og:locale\" content=\"de_DE\" \/>\n<meta property=\"og:type\" content=\"article\" \/>\n<meta property=\"og:title\" content=\"Campingpl\u00e4tze auf dem Weingut anbieten - AlpacaCamping\" \/>\n<meta property=\"og:description\" content=\"Bieten Sie Campern ?\ufe0f einen Stellplatz zur \u00dcbernachtung auf Ihrem Weingut oder im Weinberg. \u25ba Hier erfahren Sie wie es geht!\" \/>\n<meta property=\"og:url\" content=\"https:\/\/www.alpacacamping.de\/content\/winzer\/\" \/>\n<meta property=\"og:site_name\" content=\"AlpacaCamping\" \/>\n<meta property=\"article:modified_time\" content=\"2021-07-21T17:18:44+00:00\" \/>\n<meta property=\"og:image\" content=\"https:\/\/www.alpacacamping.de\/content\/wp-content\/uploads\/2020\/12\/pexels-quynh-tran-5800949.jpg\" \/>\n<meta name=\"twitter:card\" content=\"summary_large_image\" \/>\n<meta name=\"twitter:label1\" content=\"Gesch\u00e4tzte Lesezeit\" \/>\n\t<meta name=\"twitter:data1\" content=\"4\u00a0Minuten\" \/>\n<script type=\"application\/ld+json\" class=\"yoast-schema-graph\">{\"@context\":\"https:\/\/schema.org\",\"@graph\":[{\"@type\":\"WebSite\",\"@id\":\"https:\/\/www.alpacacamping.de\/content\/#website\",\"url\":\"https:\/\/www.alpacacamping.de\/content\/\",\"name\":\"AlpacaCamping\",\"description\":\"Camping Stellpl\u00e4tze \u00fcberall buchen.\",\"potentialAction\":[{\"@type\":\"SearchAction\",\"target\":{\"@type\":\"EntryPoint\",\"urlTemplate\":\"https:\/\/www.alpacacamping.de\/content\/?s={search_term_string}\"},\"query-input\":\"required name=search_term_string\"}],\"inLanguage\":\"de\"},{\"@type\":\"ImageObject\",\"inLanguage\":\"de\",\"@id\":\"https:\/\/www.alpacacamping.de\/content\/winzer\/#primaryimage\",\"url\":\"https:\/\/www.alpacacamping.de\/content\/wp-content\/uploads\/2020\/12\/pexels-quynh-tran-5800949.jpg\",\"contentUrl\":\"https:\/\/www.alpacacamping.de\/content\/wp-content\/uploads\/2020\/12\/pexels-quynh-tran-5800949.jpg\",\"width\":1000,\"height\":665},{\"@type\":\"WebPage\",\"@id\":\"https:\/\/www.alpacacamping.de\/content\/winzer\/#webpage\",\"url\":\"https:\/\/www.alpacacamping.de\/content\/winzer\/\",\"name\":\"Campingpl\u00e4tze auf dem Weingut anbieten - AlpacaCamping\",\"isPartOf\":{\"@id\":\"https:\/\/www.alpacacamping.de\/content\/#website\"},\"primaryImageOfPage\":{\"@id\":\"https:\/\/www.alpacacamping.de\/content\/winzer\/#primaryimage\"},\"datePublished\":\"2020-11-28T11:05:47+00:00\",\"dateModified\":\"2021-07-21T17:18:44+00:00\",\"description\":\"Bieten Sie Campern ?\ufe0f einen Stellplatz zur \u00dcbernachtung auf Ihrem Weingut oder im Weinberg. \u25ba Hier erfahren Sie wie es geht!\",\"breadcrumb\":{\"@id\":\"https:\/\/www.alpacacamping.de\/content\/winzer\/#breadcrumb\"},\"inLanguage\":\"de\",\"potentialAction\":[{\"@type\":\"ReadAction\",\"target\":[\"https:\/\/www.alpacacamping.de\/content\/winzer\/\"]}]},{\"@type\":\"BreadcrumbList\",\"@id\":\"https:\/\/www.alpacacamping.de\/content\/winzer\/#breadcrumb\",\"itemListElement\":[{\"@type\":\"ListItem\",\"position\":1,\"name\":\"Home\",\"item\":\"https:\/\/www.alpacacamping.de\/content\/\"},{\"@type\":\"ListItem\",\"position\":2,\"name\":\"Winzer &#038; Weing\u00fcter\"}]}]}<\/script>\n<!-- \/ Yoast SEO plugin. -->","yoast_head_json":{"title":"Campingpl\u00e4tze auf dem Weingut anbieten - AlpacaCamping","description":"Bieten Sie Campern ?\ufe0f einen Stellplatz zur \u00dcbernachtung auf Ihrem Weingut oder im Weinberg. \u25ba Hier erfahren Sie wie es geht!","robots":{"index":"index","follow":"follow","max-snippet":"max-snippet:-1","max-image-preview":"max-image-preview:large","max-video-preview":"max-video-preview:-1"},"canonical":"https:\/\/www.alpacacamping.de\/content\/winzer\/","og_locale":"de_DE","og_type":"article","og_title":"Campingpl\u00e4tze auf dem Weingut anbieten - AlpacaCamping","og_description":"Bieten Sie Campern ?\ufe0f einen Stellplatz zur \u00dcbernachtung auf Ihrem Weingut oder im Weinberg. \u25ba Hier erfahren Sie wie es geht!","og_url":"https:\/\/www.alpacacamping.de\/content\/winzer\/","og_site_name":"AlpacaCamping","article_modified_time":"2021-07-21T17:18:44+00:00","og_image":[{"url":"https:\/\/www.alpacacamping.de\/content\/wp-content\/uploads\/2020\/12\/pexels-quynh-tran-5800949.jpg"}],"twitter_card":"summary_large_image","twitter_misc":{"Gesch\u00e4tzte Lesezeit":"4\u00a0Minuten"},"schema":{"@context":"https:\/\/schema.org","@graph":[{"@type":"WebSite","@id":"https:\/\/www.alpacacamping.de\/content\/#website","url":"https:\/\/www.alpacacamping.de\/content\/","name":"AlpacaCamping","description":"Camping Stellpl\u00e4tze \u00fcberall buchen.","potentialAction":[{"@type":"SearchAction","target":{"@type":"EntryPoint","urlTemplate":"https:\/\/www.alpacacamping.de\/content\/?s={search_term_string}"},"query-input":"required name=search_term_string"}],"inLanguage":"de"},{"@type":"ImageObject","inLanguage":"de","@id":"https:\/\/www.alpacacamping.de\/content\/winzer\/#primaryimage","url":"https:\/\/www.alpacacamping.de\/content\/wp-content\/uploads\/2020\/12\/pexels-quynh-tran-5800949.jpg","contentUrl":"https:\/\/www.alpacacamping.de\/content\/wp-content\/uploads\/2020\/12\/pexels-quynh-tran-5800949.jpg","width":1000,"height":665},{"@type":"WebPage","@id":"https:\/\/www.alpacacamping.de\/content\/winzer\/#webpage","url":"https:\/\/www.alpacacamping.de\/content\/winzer\/","name":"Campingpl\u00e4tze auf dem Weingut anbieten - AlpacaCamping","isPartOf":{"@id":"https:\/\/www.alpacacamping.de\/content\/#website"},"primaryImageOfPage":{"@id":"https:\/\/www.alpacacamping.de\/content\/winzer\/#primaryimage"},"datePublished":"2020-11-28T11:05:47+00:00","dateModified":"2021-07-21T17:18:44+00:00","description":"Bieten Sie Campern ?\ufe0f einen Stellplatz zur \u00dcbernachtung auf Ihrem Weingut oder im Weinberg. \u25ba Hier erfahren Sie wie es geht!","breadcrumb":{"@id":"https:\/\/www.alpacacamping.de\/content\/winzer\/#breadcrumb"},"inLanguage":"de","potentialAction":[{"@type":"ReadAction","target":["https:\/\/www.alpacacamping.de\/content\/winzer\/"]}]},{"@type":"BreadcrumbList","@id":"https:\/\/www.alpacacamping.de\/content\/winzer\/#breadcrumb","itemListElement":[{"@type":"ListItem","position":1,"name":"Home","item":"https:\/\/www.alpacacamping.de\/content\/"},{"@type":"ListItem","position":2,"name":"Winzer &#038; Weing\u00fcter"}]}]}},"_links":{"self":[{"href":"https:\/\/www.alpacacamping.de\/content\/wp-json\/wp\/v2\/pages\/1199"}],"collection":[{"href":"https:\/\/www.alpacacamping.de\/content\/wp-json\/wp\/v2\/pages"}],"about":[{"href":"https:\/\/www.alpacacamping.de\/content\/wp-json\/wp\/v2\/types\/page"}],"author":[{"embeddable":true,"href":"https:\/\/www.alpacacamping.de\/content\/wp-json\/wp\/v2\/users\/1"}],"replies":[{"embeddable":true,"href":"https:\/\/www.alpacacamping.de\/content\/wp-json\/wp\/v2\/comments?post=1199"}],"version-history":[{"count":42,"href":"https:\/\/www.alpacacamping.de\/content\/wp-json\/wp\/v2\/pages\/1199\/revisions"}],"predecessor-version":[{"id":2086,"href":"https:\/\/www.alpacacamping.de\/content\/wp-json\/wp\/v2\/pages\/1199\/revisions\/2086"}],"wp:attachment":[{"href":"https:\/\/www.alpacacamping.de\/content\/wp-json\/wp\/v2\/media?parent=1199"}],"wp:term":[{"taxonomy":"category","embeddable":true,"href":"https:\/\/www.alpacacamping.de\/content\/wp-json\/wp\/v2\/categories?post=1199"}],"curies":[{"name":"wp","href":"https:\/\/api.w.org\/{rel}","templated":true}]}}