{"id":1196,"date":"2020-11-28T12:05:47","date_gmt":"2020-11-28T11:05:47","guid":{"rendered":"http:\/\/dominik-quambusch.de\/wordpress\/index.php\/rechtliches-landwirte\/"},"modified":"2025-11-05T16:03:54","modified_gmt":"2025-11-05T15:03:54","slug":"rechtliches-landwirte","status":"publish","type":"page","link":"https:\/\/www.alpacacamping.de\/content\/rechtliches-landwirte\/","title":{"rendered":"Rechtliches f\u00fcr Landwirte"},"content":{"rendered":"\n<div class=\"wp-block-getwid-section alignfull getwid-section-content-full-width\"><div class=\"wp-block-getwid-section__wrapper getwid-padding-left-large getwid-padding-right-large getwid-padding-mobile-left-medium getwid-padding-mobile-right-medium\"><div class=\"wp-block-getwid-section__inner-wrapper\"><div class=\"wp-block-getwid-section__background-holder\"><div class=\"wp-block-getwid-section__background\" style=\"background-image:url('https:\/\/www.alpacacamping.de\/content\/wp-content\/uploads\/2020\/12\/20140301_Trade-151_0124-copy.jpg')\"><div class=\"wp-block-getwid-section__background-image-wrapper\"><img class=\"wp-block-getwid-section__background-image\" src=\"https:\/\/www.alpacacamping.de\/content\/wp-content\/uploads\/2020\/12\/20140301_Trade-151_0124-copy.jpg\" alt=\"\"><\/div><\/div><div class=\"wp-block-getwid-section__foreground\" style=\"background-color:#9ea6ac;mix-blend-mode:darken\"><\/div><\/div><div class=\"wp-block-getwid-section__content\"><div class=\"wp-block-getwid-section__inner-content\">\n<div class=\"wp-block-getwid-image-box has-image-left has-text-left has-mobile-layout-column has-mobile-alignment-center\"><div style=\"margin-right:70px\" class=\"wp-block-getwid-image-box__image-container is-position-top\"><div class=\"wp-block-getwid-image-box__image-wrapper\"><img src=\"http:\/\/dominik-quambusch.de\/wordpress\/wp-content\/uploads\/2020\/12\/output-onlinepngtools28229.png\" alt=\"\" class=\"wp-block-getwid-image-box__image wp-image-1223\"><\/div><\/div><div class=\"wp-block-getwid-image-box__content\">\n<div class=\"wp-block-getwid-advanced-heading has-custom-font-size\" style=\"font-size:48px;margin-bottom:30px\"><h2 class=\"wp-block-getwid-advanced-heading__content has-text-color has-light-gray-color\" style='text-align:center;font-family:\"Work Sans\";font-weight:600;line-height:1em'>Als Bauernhof, Landwirt oder landwirtschaftlicher Betrieb einen <a href=\"https:\/\/www.alpacacamping.de\/content\/campingplatz-eroeffnen\/\">Campingplatz er&ouml;ffnen<\/a><br><\/h2><\/div>\n\n\n\n<p class=\"has-text-align-center has-light-blue-color has-text-color\">Rechtliche Fragen f&uuml;r Stellpl&auml;tze und Camping der einzelnen Bundesl&auml;nder gekl&auml;rt.<\/p>\n<\/div><\/div>\n<\/div><\/div><\/div><\/div><\/div>\n\n\n\n<h4>Darf ich auf meiner Fl&auml;che Stellfl&auml;chen anbieten?<\/h4>\n\n\n\n<p>In der Regel sind <strong>3 Stellpl&auml;tze auf dem selben Grundst&uuml;ck<\/strong> f&uuml;r einen kurzen Zeitraum (je Fahrzeug, also kein Dauercamping) genehmigungsfrei. Hierbei gilt zu beachten, dass die Fl&auml;chen nicht in freier Natur oder Natur-, Landschaftsschutzgebieten, FFH-Zonen, Biosph&auml;ren etc. liegen d&uuml;rfen. Dies solltest du bei der Bereitstellung deiner Fl&auml;che unbedingt beachten.<\/p>\n\n\n\n<p>Ob deine Wunschfl&auml;che in einer Schutzzone liegt kannst du in Bayern z.B. im Bayernatlas nachsehen:<\/p>\n\n\n\n<p><a href=\"https:\/\/www.umweltatlas.bayern.de\/startseite\/\">https:\/\/www.umweltatlas.bayern.de\/startseite\/<\/a><\/p>\n\n\n\n<p>In Baden-W&uuml;rttemberg pr&uuml;fst du unter<\/p>\n\n\n\n<p><a href=\"https:\/\/udo.lubw.baden-wuerttemberg.de\/public\/pages\/map\/command\/index.xhtml;jsessionid=378DEF7824C7364359227972B7469A6F?mapId=c875ad36-ab23-4156-b673-554b546abb06&amp;mapSrs=EPSG%3A25832&amp;mapExtent=212706.79928315413%2C5240158%2C785699.2007168459%2C5525631\">https:\/\/udo.lubw.baden-wuerttemberg.de\/public\/pages\/map\/default\/index.xhtml<\/a><\/p>\n\n\n\n<p>Im Grunde soll deine kleine Fl&auml;che nicht den Anschein erwecken, dass du versuchst einen Campingplatz ohne Genehmigung zu errichten. (Wenn du mehr Stellpl&auml;tze anbieten m&ouml;chtest kannst du meist ohne gro&szlig;e H&uuml;rden dies bei Ihrer verwaltenden Beh&ouml;rde beantragen.)<\/p>\n\n\n\n<p>Die Campingverordnung beschreibt die jeweiligen Regelungen pro Bundesland. Wir haben nachfolgend die offizielle Quelle Ihrer zust&auml;ndigen Beh&ouml;rde verlinkt:<\/p>\n\n\n\n<div class=\"wp-container-1 wp-block-buttons\">\n<div class=\"wp-block-button\"><a class=\"wp-block-button__link\" href=\"https:\/\/www.alpacacamping.de\/\">zur kostenlosen anmeldung<\/a><\/div>\n<\/div>\n\n\n\n<div class=\"wp-container-2 wp-block-group\"><div class=\"wp-block-group__inner-container\">\n<p class=\"has-text-align-center\">Links zu den Campingverordnungen deutscher Bundesl&auml;nder:<\/p>\n\n\n\n<ul><li><a href=\"https:\/\/www.landesrecht-bw.de\/jportal\/?quelle=jlink&amp;query=CPlV+BW&amp;psml=bsbawueprod.psml&amp;max=true&amp;aiz=true\">Baden-W&uuml;rttemberg<\/a><\/li><li><a href=\"https:\/\/www.gesetze-bayern.de\/Content\/Document\/BayVwV96517-114\">Bayern<\/a> plus <a href=\"https:\/\/www.gesetze-bayern.de\/Content\/Document\/BayVV_2130_0_B_12236-12#BayVV_2130_0_B_12236-20\" target=\"_blank\" rel=\"noreferrer noopener\">Bekanntmachung Bauen im Rahmen land- und forstwirtschaftlicher Betriebe<\/a><\/li><li><a href=\"http:\/\/gesetze.berlin.de\/jportal\/?aiz=true&amp;max=true&amp;psml=bsbeprod.psml&amp;quelle=jlink&amp;query=BauO%20BE\">Berlin<\/a><\/li><li><a href=\"https:\/\/bravors.brandenburg.de\/de\/verordnungen-212086\">Brandenburg<\/a><\/li><li>Bremen<\/li><li><a href=\"https:\/\/www.hamburg.de\/contentblob\/153090\/d2899a035fac4271db3f6ead050681c2\/data\/bpd-3-1990-campingplaetze.pdf\">Hamburg<\/a><\/li><li>Hessen<\/li><li><a href=\"http:\/\/www.landesrecht-mv.de\/jportal\/portal\/page\/bsmvprod.psml?doc.id=jlr-CPLVMVrahmen&amp;doc.origin=bs&amp;doc.part=X&amp;showdoccase=1&amp;st=lr\">Mecklenburg-Vorpommern<\/a><\/li><li><a href=\"https:\/\/voris.wolterskluwer-online.de\/browse\/document\/dual\/e4654dbe-876b-3a0e-83f8-50583ca5a6df\/7117a5e5-6e42-3a9f-b48c-0591f1385cbe\">Niedersachsen<\/a><\/li><li><a href=\"https:\/\/recht.nrw.de\/lmi\/owa\/br_text_anzeigen?v_id=3520121029130246955\">Nordrhein-Westfalen<\/a><\/li><li><a href=\"https:\/\/camping-sw.de\/images\/files\/Campingplatzverordnung-rlp.pdf\">Rheinland-Pfalz<\/a><\/li><li><a href=\"https:\/\/www.saarland.de\/SharedDocs\/Downloads\/DE\/mibs\/tp_bauen_und_wohnen\/ba_bt_gesetze\/sonderbauten_feuerungsanlagen\/VO_Campingh%C3%A4user.html\">Saarland<\/a><\/li><li>Sachsen<\/li><li><a href=\"https:\/\/www.umwelt-online.de\/recht\/bau\/laender\/lsa\/camp_ges.htm\">Sachsen-Anhalt<\/a><\/li><li><a href=\"https:\/\/www.gesetze-rechtsprechung.sh.juris.de\/jportal\/?quelle=jlink&amp;query=CPlV+SH&amp;psml=bsshoprod.psml&amp;max=true&amp;aiz=true\">Schleswig-Holstein<\/a><\/li><li>Th&uuml;ringen<\/li><\/ul>\n<\/div><\/div>\n","protected":false},"excerpt":{"rendered":"<p>Darf ich auf meiner Fl\u00e4che Stellfl\u00e4chen anbieten? In der Regel sind 3 Stellpl\u00e4tze auf dem selben Grundst\u00fcck f\u00fcr einen kurzen Zeitraum (je Fahrzeug, also kein [&hellip;]<\/p>\n","protected":false},"author":1,"featured_media":0,"parent":0,"menu_order":0,"comment_status":"closed","ping_status":"closed","template":"","meta":[],"categories":[],"acf":[],"yoast_head":"<!-- This site is optimized with the Yoast SEO plugin v19.1 - https:\/\/yoast.com\/wordpress\/plugins\/seo\/ -->\n<title>Rechtliches f\u00fcr Landwirte - AlpacaCamping<\/title>\n<meta name=\"robots\" content=\"index, follow, max-snippet:-1, max-image-preview:large, max-video-preview:-1\" \/>\n<link rel=\"canonical\" href=\"https:\/\/www.alpacacamping.de\/content\/rechtliches-landwirte\/\" \/>\n<meta property=\"og:locale\" content=\"de_DE\" \/>\n<meta property=\"og:type\" content=\"article\" \/>\n<meta property=\"og:title\" content=\"Rechtliches f\u00fcr Landwirte - AlpacaCamping\" \/>\n<meta property=\"og:description\" content=\"Darf ich auf meiner Fl\u00e4che Stellfl\u00e4chen anbieten? In der Regel sind 3 Stellpl\u00e4tze auf dem selben Grundst\u00fcck f\u00fcr einen kurzen Zeitraum (je Fahrzeug, also kein [&hellip;]\" \/>\n<meta property=\"og:url\" content=\"https:\/\/www.alpacacamping.de\/content\/rechtliches-landwirte\/\" \/>\n<meta property=\"og:site_name\" content=\"AlpacaCamping\" \/>\n<meta property=\"article:modified_time\" content=\"2025-11-05T15:03:54+00:00\" \/>\n<meta property=\"og:image\" content=\"https:\/\/www.alpacacamping.de\/content\/wp-content\/uploads\/2020\/12\/20140301_Trade-151_0124-copy.jpg\" \/>\n<meta name=\"twitter:card\" content=\"summary_large_image\" \/>\n<meta name=\"twitter:label1\" content=\"Gesch\u00e4tzte Lesezeit\" \/>\n\t<meta name=\"twitter:data1\" content=\"2\u00a0Minuten\" \/>\n<script type=\"application\/ld+json\" class=\"yoast-schema-graph\">{\"@context\":\"https:\/\/schema.org\",\"@graph\":[{\"@type\":\"WebSite\",\"@id\":\"https:\/\/www.alpacacamping.de\/content\/#website\",\"url\":\"https:\/\/www.alpacacamping.de\/content\/\",\"name\":\"AlpacaCamping\",\"description\":\"Camping Stellpl\u00e4tze \u00fcberall buchen.\",\"potentialAction\":[{\"@type\":\"SearchAction\",\"target\":{\"@type\":\"EntryPoint\",\"urlTemplate\":\"https:\/\/www.alpacacamping.de\/content\/?s={search_term_string}\"},\"query-input\":\"required name=search_term_string\"}],\"inLanguage\":\"de\"},{\"@type\":\"ImageObject\",\"inLanguage\":\"de\",\"@id\":\"https:\/\/www.alpacacamping.de\/content\/rechtliches-landwirte\/#primaryimage\",\"url\":\"https:\/\/www.alpacacamping.de\/content\/wp-content\/uploads\/2020\/12\/20140301_Trade-151_0124-copy.jpg\",\"contentUrl\":\"https:\/\/www.alpacacamping.de\/content\/wp-content\/uploads\/2020\/12\/20140301_Trade-151_0124-copy.jpg\",\"width\":1000,\"height\":636},{\"@type\":\"WebPage\",\"@id\":\"https:\/\/www.alpacacamping.de\/content\/rechtliches-landwirte\/#webpage\",\"url\":\"https:\/\/www.alpacacamping.de\/content\/rechtliches-landwirte\/\",\"name\":\"Rechtliches f\u00fcr Landwirte - AlpacaCamping\",\"isPartOf\":{\"@id\":\"https:\/\/www.alpacacamping.de\/content\/#website\"},\"primaryImageOfPage\":{\"@id\":\"https:\/\/www.alpacacamping.de\/content\/rechtliches-landwirte\/#primaryimage\"},\"datePublished\":\"2020-11-28T11:05:47+00:00\",\"dateModified\":\"2025-11-05T15:03:54+00:00\",\"breadcrumb\":{\"@id\":\"https:\/\/www.alpacacamping.de\/content\/rechtliches-landwirte\/#breadcrumb\"},\"inLanguage\":\"de\",\"potentialAction\":[{\"@type\":\"ReadAction\",\"target\":[\"https:\/\/www.alpacacamping.de\/content\/rechtliches-landwirte\/\"]}]},{\"@type\":\"BreadcrumbList\",\"@id\":\"https:\/\/www.alpacacamping.de\/content\/rechtliches-landwirte\/#breadcrumb\",\"itemListElement\":[{\"@type\":\"ListItem\",\"position\":1,\"name\":\"Home\",\"item\":\"https:\/\/www.alpacacamping.de\/content\/\"},{\"@type\":\"ListItem\",\"position\":2,\"name\":\"Rechtliches f\u00fcr Landwirte\"}]}]}<\/script>\n<!-- \/ Yoast SEO plugin. -->","yoast_head_json":{"title":"Rechtliches f\u00fcr Landwirte - AlpacaCamping","robots":{"index":"index","follow":"follow","max-snippet":"max-snippet:-1","max-image-preview":"max-image-preview:large","max-video-preview":"max-video-preview:-1"},"canonical":"https:\/\/www.alpacacamping.de\/content\/rechtliches-landwirte\/","og_locale":"de_DE","og_type":"article","og_title":"Rechtliches f\u00fcr Landwirte - AlpacaCamping","og_description":"Darf ich auf meiner Fl\u00e4che Stellfl\u00e4chen anbieten? In der Regel sind 3 Stellpl\u00e4tze auf dem selben Grundst\u00fcck f\u00fcr einen kurzen Zeitraum (je Fahrzeug, also kein [&hellip;]","og_url":"https:\/\/www.alpacacamping.de\/content\/rechtliches-landwirte\/","og_site_name":"AlpacaCamping","article_modified_time":"2025-11-05T15:03:54+00:00","og_image":[{"url":"https:\/\/www.alpacacamping.de\/content\/wp-content\/uploads\/2020\/12\/20140301_Trade-151_0124-copy.jpg"}],"twitter_card":"summary_large_image","twitter_misc":{"Gesch\u00e4tzte Lesezeit":"2\u00a0Minuten"},"schema":{"@context":"https:\/\/schema.org","@graph":[{"@type":"WebSite","@id":"https:\/\/www.alpacacamping.de\/content\/#website","url":"https:\/\/www.alpacacamping.de\/content\/","name":"AlpacaCamping","description":"Camping Stellpl\u00e4tze \u00fcberall buchen.","potentialAction":[{"@type":"SearchAction","target":{"@type":"EntryPoint","urlTemplate":"https:\/\/www.alpacacamping.de\/content\/?s={search_term_string}"},"query-input":"required name=search_term_string"}],"inLanguage":"de"},{"@type":"ImageObject","inLanguage":"de","@id":"https:\/\/www.alpacacamping.de\/content\/rechtliches-landwirte\/#primaryimage","url":"https:\/\/www.alpacacamping.de\/content\/wp-content\/uploads\/2020\/12\/20140301_Trade-151_0124-copy.jpg","contentUrl":"https:\/\/www.alpacacamping.de\/content\/wp-content\/uploads\/2020\/12\/20140301_Trade-151_0124-copy.jpg","width":1000,"height":636},{"@type":"WebPage","@id":"https:\/\/www.alpacacamping.de\/content\/rechtliches-landwirte\/#webpage","url":"https:\/\/www.alpacacamping.de\/content\/rechtliches-landwirte\/","name":"Rechtliches f\u00fcr Landwirte - AlpacaCamping","isPartOf":{"@id":"https:\/\/www.alpacacamping.de\/content\/#website"},"primaryImageOfPage":{"@id":"https:\/\/www.alpacacamping.de\/content\/rechtliches-landwirte\/#primaryimage"},"datePublished":"2020-11-28T11:05:47+00:00","dateModified":"2025-11-05T15:03:54+00:00","breadcrumb":{"@id":"https:\/\/www.alpacacamping.de\/content\/rechtliches-landwirte\/#breadcrumb"},"inLanguage":"de","potentialAction":[{"@type":"ReadAction","target":["https:\/\/www.alpacacamping.de\/content\/rechtliches-landwirte\/"]}]},{"@type":"BreadcrumbList","@id":"https:\/\/www.alpacacamping.de\/content\/rechtliches-landwirte\/#breadcrumb","itemListElement":[{"@type":"ListItem","position":1,"name":"Home","item":"https:\/\/www.alpacacamping.de\/content\/"},{"@type":"ListItem","position":2,"name":"Rechtliches f\u00fcr Landwirte"}]}]}},"_links":{"self":[{"href":"https:\/\/www.alpacacamping.de\/content\/wp-json\/wp\/v2\/pages\/1196"}],"collection":[{"href":"https:\/\/www.alpacacamping.de\/content\/wp-json\/wp\/v2\/pages"}],"about":[{"href":"https:\/\/www.alpacacamping.de\/content\/wp-json\/wp\/v2\/types\/page"}],"author":[{"embeddable":true,"href":"https:\/\/www.alpacacamping.de\/content\/wp-json\/wp\/v2\/users\/1"}],"replies":[{"embeddable":true,"href":"https:\/\/www.alpacacamping.de\/content\/wp-json\/wp\/v2\/comments?post=1196"}],"version-history":[{"count":20,"href":"https:\/\/www.alpacacamping.de\/content\/wp-json\/wp\/v2\/pages\/1196\/revisions"}],"predecessor-version":[{"id":27145,"href":"https:\/\/www.alpacacamping.de\/content\/wp-json\/wp\/v2\/pages\/1196\/revisions\/27145"}],"wp:attachment":[{"href":"https:\/\/www.alpacacamping.de\/content\/wp-json\/wp\/v2\/media?parent=1196"}],"wp:term":[{"taxonomy":"category","embeddable":true,"href":"https:\/\/www.alpacacamping.de\/content\/wp-json\/wp\/v2\/categories?post=1196"}],"curies":[{"name":"wp","href":"https:\/\/api.w.org\/{rel}","templated":true}]}}