{"id":11,"date":"2020-11-28T12:05:47","date_gmt":"2020-11-28T11:05:47","guid":{"rendered":"http:\/\/dominik-quambusch.de\/wordpress\/index.php\/gastgeber-werden\/"},"modified":"2022-09-26T19:16:12","modified_gmt":"2022-09-26T17:16:12","slug":"camping-verhaltensregeln","status":"publish","type":"page","link":"https:\/\/www.alpacacamping.de\/content\/camping-verhaltensregeln\/","title":{"rendered":"Verhaltensregeln f\u00fcr Camping-G\u00e4ste"},"content":{"rendered":"\n<div class=\"wp-block-getwid-section alignfull getwid-section-content-full-width\" style=\"margin-top:91.9965px;margin-bottom:115.99px\"><div class=\"wp-block-getwid-section__wrapper getwid-padding-left-large getwid-padding-right-large getwid-padding-mobile-left-medium getwid-padding-mobile-right-medium getwid-reset-min-height-mobile\"><div class=\"wp-block-getwid-section__inner-wrapper\"><div class=\"wp-block-getwid-section__background-holder\"><div class=\"wp-block-getwid-section__background has-background has-light-gray-background-color\" style=\"background-image:url('https:\/\/www.alpacacamping.de\/content\/wp-content\/uploads\/2021\/09\/pexels-kamaji-ogino-5065316-scaled-e1630915134220.jpg')\"><div class=\"wp-block-getwid-section__background-image-wrapper\"><img class=\"wp-block-getwid-section__background-image\" src=\"https:\/\/www.alpacacamping.de\/content\/wp-content\/uploads\/2021\/09\/pexels-kamaji-ogino-5065316-scaled-e1630915134220.jpg\" alt=\"\"><\/div><\/div><div class=\"wp-block-getwid-section__foreground\" style=\"opacity:0.46;background-color:#2c3847;mix-blend-mode:darken\"><\/div><\/div><div class=\"wp-block-getwid-section__content\"><div class=\"wp-block-getwid-section__inner-content\">\n<h1 class=\"has-light-gray-color has-text-color\">Was du als Camping-Gast beachten solltest<\/h1>\n\n\n\n<p class=\"has-light-gray-color has-text-color has-medium-font-size\">Befolge diese Regeln damit sich jeder Gastgeber &uuml;ber deinen Besuch freut<\/p>\n<\/div><\/div><\/div><\/div><\/div>\n\n\n\n<h2>So wirst Du zum Liebling deines Gastgebers:<\/h2>\n\n\n\n<div class=\"wp-block-getwid-accordion has-icon-left\" data-active-element=\"none\">\n<div class=\"wp-block-getwid-accordion__header-wrapper\"><span class=\"wp-block-getwid-accordion__header\"><a href=\"#\"><span class=\"wp-block-getwid-accordion__header-title\">Grundregeln des Gastgebers befolgen<\/span><span class=\"wp-block-getwid-accordion__icon is-active\"><i class=\"fas fa-plus\"><\/i><\/span><span class=\"wp-block-getwid-accordion__icon is-passive\"><i class=\"fas fa-minus\"><\/i><\/span><\/a><\/span><\/div><div class=\"wp-block-getwid-accordion__content-wrapper\"><div class=\"wp-block-getwid-accordion__content\">\n<p>In der Stellplatz-Beschreibung k&ouml;nnen die Gastgeber ausw&auml;hlen, was erlaubt und was unerw&uuml;nscht ist. Zum Beispiel ist es an manchen Pl&auml;tzen nicht gestattet Feuer zu machen, Fr&uuml;chte zu ernten oder Hunde mitzubringen. Halte dich unbedingt an diese Angaben!<\/p>\n<\/div><\/div>\n\n\n\n<div class=\"wp-block-getwid-accordion__header-wrapper\"><span class=\"wp-block-getwid-accordion__header\"><a href=\"#\"><span class=\"wp-block-getwid-accordion__header-title\">Behandle den Stellplatz, als w&auml;re es Dein eigener<\/span><span class=\"wp-block-getwid-accordion__icon is-active\"><i class=\"fas fa-plus\"><\/i><\/span><span class=\"wp-block-getwid-accordion__icon is-passive\"><i class=\"fas fa-minus\"><\/i><\/span><\/a><\/span><\/div><div class=\"wp-block-getwid-accordion__content-wrapper\"><div class=\"wp-block-getwid-accordion__content\">\n<p>Dieser Punkt sollte eigentlich jedem begeisterten Camper klar sein: Hinterlasse Deinen Stellplatz immer so, wie Du ihn vorgefunden hast oder besser noch sauberer als zuvor! Entsorge Deinen M&uuml;ll an daf&uuml;r vorgesehenen Stellen und verschmutze auf keinen Fall den Stellplatz Deines Gastgebers.<\/p>\n<\/div><\/div>\n\n\n\n<div class=\"wp-block-getwid-accordion__header-wrapper\"><span class=\"wp-block-getwid-accordion__header\"><a href=\"#\"><span class=\"wp-block-getwid-accordion__header-title\">WC an Bord?<\/span><span class=\"wp-block-getwid-accordion__icon is-active\"><i class=\"fas fa-plus\"><\/i><\/span><span class=\"wp-block-getwid-accordion__icon is-passive\"><i class=\"fas fa-minus\"><\/i><\/span><\/a><\/span><\/div><div class=\"wp-block-getwid-accordion__content-wrapper\"><div class=\"wp-block-getwid-accordion__content\">\n<p>Bitte erkundige dich in der Stellplatz-Beschreibung &uuml;ber die Dusch- und WC-M&ouml;glichkeiten vor Ort. Du solltest Pl&auml;tze ohne WC nur dann nutzen, wenn Du dementsprechend ausgestattet bist und Dein eigenes WC an Bord hast. So Autark wie m&ouml;glich ist am Besten.<\/p>\n<\/div><\/div>\n\n\n\n<div class=\"wp-block-getwid-accordion__header-wrapper\"><span class=\"wp-block-getwid-accordion__header\"><a href=\"#\"><span class=\"wp-block-getwid-accordion__header-title\">Respektiere das private Eigentum deines Gastgebers<\/span><span class=\"wp-block-getwid-accordion__icon is-active\"><i class=\"fas fa-plus\"><\/i><\/span><span class=\"wp-block-getwid-accordion__icon is-passive\"><i class=\"fas fa-minus\"><\/i><\/span><\/a><\/span><\/div><div class=\"wp-block-getwid-accordion__content-wrapper\"><div class=\"wp-block-getwid-accordion__content\">\n<p>Du solltest dich nur an dem Dir zugewiesen Stellplatz und den vom Gastgeber freigegebenen Fl&auml;chen aufhalten. Bitte betrete nicht unerlaubt die Ackerfl&auml;chen, St&auml;lle etc. Wenn Du dich f&uuml;r die Umgebung interessierst, wende dich einfach an Deinen Gastgeber &ndash; Sicherlich zeigt er Dir gerne sein Anwesen oder informiert dich &uuml;ber die M&ouml;glichkeiten vor Ort.<\/p>\n<\/div><\/div>\n\n\n\n<div class=\"wp-block-getwid-accordion__header-wrapper\"><span class=\"wp-block-getwid-accordion__header\"><a href=\"#\"><span class=\"wp-block-getwid-accordion__header-title\">Hunde als Reisebegleiter<\/span><span class=\"wp-block-getwid-accordion__icon is-active\"><i class=\"fas fa-plus\"><\/i><\/span><span class=\"wp-block-getwid-accordion__icon is-passive\"><i class=\"fas fa-minus\"><\/i><\/span><\/a><\/span><\/div><div class=\"wp-block-getwid-accordion__content-wrapper\"><div class=\"wp-block-getwid-accordion__content\">\n<p>Wenn Du deinen Hund mitbringen m&ouml;chtest, sieh Dir vorab die Regeln des Gastgebers an. Sind keine Hunde erlaubt, musst du Dir einen anderen Stellplatz aussuchen. Prinzipiell gilt: Erst mal anleinen! Dein Gastgeber wird dich dar&uuml;ber informieren, wo sich Dein Hund austoben darf.<\/p>\n<\/div><\/div>\n\n\n\n<div class=\"wp-block-getwid-accordion__header-wrapper\"><span class=\"wp-block-getwid-accordion__header\"><a href=\"#\"><span class=\"wp-block-getwid-accordion__header-title\">R&uuml;cksicht auf Natur und Tiere<\/span><span class=\"wp-block-getwid-accordion__icon is-active\"><i class=\"fas fa-plus\"><\/i><\/span><span class=\"wp-block-getwid-accordion__icon is-passive\"><i class=\"fas fa-minus\"><\/i><\/span><\/a><\/span><\/div><div class=\"wp-block-getwid-accordion__content-wrapper\"><div class=\"wp-block-getwid-accordion__content\">\n<p>Es ist besonders wichtig, das zu sch&uuml;tzen, was wir als Camper lieben: Die Natur. Deshalb solltest Du keine Pflanzen besch&auml;digen oder pfl&uuml;cken. Auch die Verschmutzung von Wasserstellen (Meer, Bach, See etc.) ist verboten. Aus R&uuml;cksicht solltest Du deinen Ger&auml;uschpegel anpassen, also keine Parties veranstalten und keine Tiere f&uuml;ttern. <\/p>\n<\/div><\/div>\n\n\n\n<div class=\"wp-block-getwid-accordion__header-wrapper\"><span class=\"wp-block-getwid-accordion__header\"><a href=\"#\"><span class=\"wp-block-getwid-accordion__header-title\">Gesetze beachten<\/span><span class=\"wp-block-getwid-accordion__icon is-active\"><i class=\"fas fa-plus\"><\/i><\/span><span class=\"wp-block-getwid-accordion__icon is-passive\"><i class=\"fas fa-minus\"><\/i><\/span><\/a><\/span><\/div><div class=\"wp-block-getwid-accordion__content-wrapper\"><div class=\"wp-block-getwid-accordion__content\">\n<p>Dein Aufenthalt als Camper &ndash; egal wo du bist &ndash; ist an Gesetze gebunden. Informiere dich &uuml;ber die geltenden Regelungen f&uuml;r das entsprechende Bundesland. Du kannst online einfach nachlesen, woran Du dich unbedingt halten musst und welche Gesetze gelten.<\/p>\n<\/div><\/div>\n<\/div>\n\n\n\n<h2>Wir lieben die Natur und alles, was sie f&uuml;r uns bereith&auml;lt!<\/h2>\n\n\n\n<p>Hier ein zus&auml;tzlicher &Uuml;berblick, wie richtiges Campen in der Natur aussehen sollte:<\/p>\n\n\n\n<div class=\"wp-block-media-text alignwide is-stacked-on-mobile\"><figure class=\"wp-block-media-text__media\"><img loading=\"lazy\" width=\"1024\" height=\"678\" src=\"https:\/\/www.alpacacamping.de\/content\/wp-content\/uploads\/2021\/07\/pexels-laura-reed-6026774-1024x678.jpg\" alt=\"Verhaltensregeln beim Camping\" class=\"wp-image-2045 size-full\" srcset=\"https:\/\/www.alpacacamping.de\/content\/wp-content\/uploads\/2021\/07\/pexels-laura-reed-6026774-1024x678.jpg 1024w, https:\/\/www.alpacacamping.de\/content\/wp-content\/uploads\/2021\/07\/pexels-laura-reed-6026774-300x199.jpg 300w, https:\/\/www.alpacacamping.de\/content\/wp-content\/uploads\/2021\/07\/pexels-laura-reed-6026774-768x509.jpg 768w, https:\/\/www.alpacacamping.de\/content\/wp-content\/uploads\/2021\/07\/pexels-laura-reed-6026774-1536x1017.jpg 1536w, https:\/\/www.alpacacamping.de\/content\/wp-content\/uploads\/2021\/07\/pexels-laura-reed-6026774-2048x1356.jpg 2048w, https:\/\/www.alpacacamping.de\/content\/wp-content\/uploads\/2021\/07\/pexels-laura-reed-6026774-938x621.jpg 938w, https:\/\/www.alpacacamping.de\/content\/wp-content\/uploads\/2021\/07\/pexels-laura-reed-6026774-1130x748.jpg 1130w\" sizes=\"(max-width: 1024px) 100vw, 1024px\"><\/figure><div class=\"wp-block-media-text__content\">\n<p class=\"has-primary-color has-text-color has-large-font-size\">Respektiere Tiere und deren nat&uuml;rlichen Lebensraum. <\/p>\n\n\n\n<p>Beobachten &ndash; kein Problem. Dabei sollte es aber auch bleiben! Wilde Tiere bitte nicht f&uuml;ttern oder deren Lebensraum besch&auml;digen.<\/p>\n\n\n\n<p>Zus&auml;tzlich kannst Du dich &uuml;ber Brut- und Setzzeiten informieren.<\/p>\n\n\n\n<div class=\"wp-container-1 wp-block-buttons\">\n<div class=\"wp-block-button\"><a class=\"wp-block-button__link\" href=\"\" target=\"_blank\" rel=\"noreferrer noopener\">Informiere dich<\/a><\/div>\n<\/div>\n<\/div><\/div>\n\n\n\n<div class=\"wp-block-media-text alignwide is-stacked-on-mobile\"><figure class=\"wp-block-media-text__media\"><img loading=\"lazy\" width=\"1024\" height=\"683\" src=\"https:\/\/www.alpacacamping.de\/content\/wp-content\/uploads\/2021\/07\/pexels-kamaji-ogino-5065317-1024x683.jpg\" alt=\"Camping an gekennzeichneten Fl&auml;chen\" class=\"wp-image-2048 size-full\" srcset=\"https:\/\/www.alpacacamping.de\/content\/wp-content\/uploads\/2021\/07\/pexels-kamaji-ogino-5065317-1024x683.jpg 1024w, https:\/\/www.alpacacamping.de\/content\/wp-content\/uploads\/2021\/07\/pexels-kamaji-ogino-5065317-300x200.jpg 300w, https:\/\/www.alpacacamping.de\/content\/wp-content\/uploads\/2021\/07\/pexels-kamaji-ogino-5065317-768x512.jpg 768w, https:\/\/www.alpacacamping.de\/content\/wp-content\/uploads\/2021\/07\/pexels-kamaji-ogino-5065317-1536x1024.jpg 1536w\" sizes=\"(max-width: 1024px) 100vw, 1024px\"><\/figure><div class=\"wp-block-media-text__content\">\n<p class=\"has-primary-color has-text-color has-large-font-size\">Campe nur auf gekennzeichneten Fl&auml;chen.<\/p>\n\n\n\n<p>Einfach irgendwo im Wald &uuml;bernachten ist gegen das Gesetz.  Campe immer nur an den daf&uuml;r vorgesehenen Pl&auml;tzen.<\/p>\n<\/div><\/div>\n\n\n\n<div class=\"wp-block-media-text alignwide is-stacked-on-mobile\"><figure class=\"wp-block-media-text__media\"><img loading=\"lazy\" width=\"1024\" height=\"683\" src=\"https:\/\/www.alpacacamping.de\/content\/wp-content\/uploads\/2021\/07\/pexels-david-alberto-carmona-coto-1151418-1024x683.jpg\" alt=\"Richtige M&uuml;llentsorgung Camping\" class=\"wp-image-2046 size-full\" srcset=\"https:\/\/www.alpacacamping.de\/content\/wp-content\/uploads\/2021\/07\/pexels-david-alberto-carmona-coto-1151418-1024x683.jpg 1024w, https:\/\/www.alpacacamping.de\/content\/wp-content\/uploads\/2021\/07\/pexels-david-alberto-carmona-coto-1151418-300x200.jpg 300w, https:\/\/www.alpacacamping.de\/content\/wp-content\/uploads\/2021\/07\/pexels-david-alberto-carmona-coto-1151418-768x512.jpg 768w, https:\/\/www.alpacacamping.de\/content\/wp-content\/uploads\/2021\/07\/pexels-david-alberto-carmona-coto-1151418-1536x1024.jpg 1536w, https:\/\/www.alpacacamping.de\/content\/wp-content\/uploads\/2021\/07\/pexels-david-alberto-carmona-coto-1151418-2048x1365.jpg 2048w, https:\/\/www.alpacacamping.de\/content\/wp-content\/uploads\/2021\/07\/pexels-david-alberto-carmona-coto-1151418-938x625.jpg 938w, https:\/\/www.alpacacamping.de\/content\/wp-content\/uploads\/2021\/07\/pexels-david-alberto-carmona-coto-1151418-1130x753.jpg 1130w\" sizes=\"(max-width: 1024px) 100vw, 1024px\"><\/figure><div class=\"wp-block-media-text__content\">\n<p class=\"has-primary-color has-text-color has-large-font-size\">M&uuml;ll vermeiden und richtig entsorgen<\/p>\n\n\n\n<p>Damit uns die Natur erhalten bleibt, gilt es M&uuml;ll zu vermeiden. Halte deinen Stellplatz sauber und entsorge &Uuml;berreste ordnungsgem&auml;&szlig;. Finde eine geeignete Entsorgungsstation in Deiner N&auml;he:<\/p>\n\n\n\n<div class=\"wp-container-2 wp-block-buttons\">\n<div class=\"wp-block-button\"><a class=\"wp-block-button__link\" href=\"https:\/\/www.alpacacamping.de\/entsorgungsstationen\">Entsorgungsstationen Finden<\/a><\/div>\n<\/div>\n<\/div><\/div>\n\n\n\n<div class=\"wp-block-media-text alignwide is-stacked-on-mobile\"><figure class=\"wp-block-media-text__media\"><img loading=\"lazy\" width=\"1024\" height=\"683\" src=\"https:\/\/www.alpacacamping.de\/content\/wp-content\/uploads\/2021\/07\/pexels-pixabay-164168-1024x683.jpg\" alt=\"Verhaltensregeln beim Camping\" class=\"wp-image-2049 size-full\" srcset=\"https:\/\/www.alpacacamping.de\/content\/wp-content\/uploads\/2021\/07\/pexels-pixabay-164168-1024x683.jpg 1024w, https:\/\/www.alpacacamping.de\/content\/wp-content\/uploads\/2021\/07\/pexels-pixabay-164168-300x200.jpg 300w, https:\/\/www.alpacacamping.de\/content\/wp-content\/uploads\/2021\/07\/pexels-pixabay-164168-768x512.jpg 768w, https:\/\/www.alpacacamping.de\/content\/wp-content\/uploads\/2021\/07\/pexels-pixabay-164168-1536x1024.jpg 1536w, https:\/\/www.alpacacamping.de\/content\/wp-content\/uploads\/2021\/07\/pexels-pixabay-164168-2048x1365.jpg 2048w, https:\/\/www.alpacacamping.de\/content\/wp-content\/uploads\/2021\/07\/pexels-pixabay-164168-938x625.jpg 938w, https:\/\/www.alpacacamping.de\/content\/wp-content\/uploads\/2021\/07\/pexels-pixabay-164168-1130x753.jpg 1130w\" sizes=\"(max-width: 1024px) 100vw, 1024px\"><\/figure><div class=\"wp-block-media-text__content\">\n<p class=\"has-primary-color has-text-color has-large-font-size\">Lagerfeuer immer nur unter bestimmten Bedingungen<\/p>\n\n\n\n<p>Gerade im Sommer sind Wald, Wiesen und Felder oft sehr trocken. &Uuml;ber Funkenflug oder das Wurzelwerk breitet sich Feuer schnell aus. <\/p>\n\n\n\n<p>Achte auf geltende Regeln und suche daf&uuml;r vorgesehene Lagerfeuerstellen auf.<\/p>\n<\/div><\/div>\n\n\n\n<div class=\"wp-block-getwid-banner has-animation-style4 has-text-animation-opacity-bottom has-foreground-25 alignfull\"><a href=\"https:\/\/www.alpacacamping.de\/content\/faqs-camper\/\" target=\"_blank\" rel=\"noreferrer noopener\" class=\"wp-block-getwid-banner__link\"><div class=\"wp-block-getwid-banner__wrapper\"><img loading=\"lazy\" width=\"2560\" height=\"1707\" src=\"https:\/\/www.alpacacamping.de\/content\/wp-content\/uploads\/2021\/07\/pexels-nicky-pe-7320984-scaled.jpg\" alt=\"\" class=\"wp-block-getwid-banner__image wp-block-getwid-banner__source wp-image-2038\" srcset=\"https:\/\/www.alpacacamping.de\/content\/wp-content\/uploads\/2021\/07\/pexels-nicky-pe-7320984-scaled.jpg 2560w, https:\/\/www.alpacacamping.de\/content\/wp-content\/uploads\/2021\/07\/pexels-nicky-pe-7320984-300x200.jpg 300w, https:\/\/www.alpacacamping.de\/content\/wp-content\/uploads\/2021\/07\/pexels-nicky-pe-7320984-1024x683.jpg 1024w, https:\/\/www.alpacacamping.de\/content\/wp-content\/uploads\/2021\/07\/pexels-nicky-pe-7320984-768x512.jpg 768w, https:\/\/www.alpacacamping.de\/content\/wp-content\/uploads\/2021\/07\/pexels-nicky-pe-7320984-1536x1024.jpg 1536w, https:\/\/www.alpacacamping.de\/content\/wp-content\/uploads\/2021\/07\/pexels-nicky-pe-7320984-2048x1365.jpg 2048w, https:\/\/www.alpacacamping.de\/content\/wp-content\/uploads\/2021\/07\/pexels-nicky-pe-7320984-938x625.jpg 938w, https:\/\/www.alpacacamping.de\/content\/wp-content\/uploads\/2021\/07\/pexels-nicky-pe-7320984-1130x753.jpg 1130w\" sizes=\"(max-width: 2560px) 100vw, 2560px\"><div class=\"wp-block-getwid-banner__caption\"><div class=\"wp-block-getwid-banner__caption-wrapper\"><span class=\"wp-block-getwid-banner__title\">Hast Du noch weitere Fragen?<\/span><p class=\"wp-block-getwid-banner__text\">Hier geht&rsquo;s zu den FAQ&rsquo;s f&uuml;r Camper<\/p><\/div><\/div><\/div><\/a><\/div>\n\n\n\n<p><\/p>\n","protected":false},"excerpt":{"rendered":"<p>So wirst Du zum Liebling deines Gastgebers: Wir lieben die Natur und alles, was sie f\u00fcr uns bereith\u00e4lt! Hier ein zus\u00e4tzlicher \u00dcberblick, wie richtiges Campen [&hellip;]<\/p>\n","protected":false},"author":1,"featured_media":0,"parent":0,"menu_order":0,"comment_status":"closed","ping_status":"closed","template":"","meta":[],"categories":[],"acf":[],"yoast_head":"<!-- This site is optimized with the Yoast SEO plugin v19.1 - https:\/\/yoast.com\/wordpress\/plugins\/seo\/ -->\n<title>Verhaltensregeln f\u00fcr Camping-G\u00e4ste - AlpacaCamping<\/title>\n<meta name=\"description\" content=\"Wie wirst Du zum perfekten Gast? Informiere dich hier \u00fcber die wichtigsten Verhaltensregeln beim Camping ?\" \/>\n<meta name=\"robots\" content=\"index, follow, max-snippet:-1, max-image-preview:large, max-video-preview:-1\" \/>\n<link rel=\"canonical\" href=\"https:\/\/www.alpacacamping.de\/content\/camping-verhaltensregeln\/\" \/>\n<meta property=\"og:locale\" content=\"de_DE\" \/>\n<meta property=\"og:type\" content=\"article\" \/>\n<meta property=\"og:title\" content=\"Verhaltensregeln f\u00fcr Camping-G\u00e4ste - AlpacaCamping\" \/>\n<meta property=\"og:description\" content=\"Wie wirst Du zum perfekten Gast? Informiere dich hier \u00fcber die wichtigsten Verhaltensregeln beim Camping ?\" \/>\n<meta property=\"og:url\" content=\"https:\/\/www.alpacacamping.de\/content\/camping-verhaltensregeln\/\" \/>\n<meta property=\"og:site_name\" content=\"AlpacaCamping\" \/>\n<meta property=\"article:modified_time\" content=\"2022-09-26T17:16:12+00:00\" \/>\n<meta property=\"og:image\" content=\"https:\/\/www.alpacacamping.de\/content\/wp-content\/uploads\/2021\/09\/pexels-kamaji-ogino-5065316-scaled-e1630915134220.jpg\" \/>\n<meta name=\"twitter:card\" content=\"summary_large_image\" \/>\n<meta name=\"twitter:label1\" content=\"Gesch\u00e4tzte Lesezeit\" \/>\n\t<meta name=\"twitter:data1\" content=\"5\u00a0Minuten\" \/>\n<script type=\"application\/ld+json\" class=\"yoast-schema-graph\">{\"@context\":\"https:\/\/schema.org\",\"@graph\":[{\"@type\":\"WebSite\",\"@id\":\"https:\/\/www.alpacacamping.de\/content\/#website\",\"url\":\"https:\/\/www.alpacacamping.de\/content\/\",\"name\":\"AlpacaCamping\",\"description\":\"Camping Stellpl\u00e4tze \u00fcberall buchen.\",\"potentialAction\":[{\"@type\":\"SearchAction\",\"target\":{\"@type\":\"EntryPoint\",\"urlTemplate\":\"https:\/\/www.alpacacamping.de\/content\/?s={search_term_string}\"},\"query-input\":\"required name=search_term_string\"}],\"inLanguage\":\"de\"},{\"@type\":\"ImageObject\",\"inLanguage\":\"de\",\"@id\":\"https:\/\/www.alpacacamping.de\/content\/camping-verhaltensregeln\/#primaryimage\",\"url\":\"https:\/\/www.alpacacamping.de\/content\/wp-content\/uploads\/2021\/09\/pexels-kamaji-ogino-5065316-scaled-e1630915134220.jpg\",\"contentUrl\":\"https:\/\/www.alpacacamping.de\/content\/wp-content\/uploads\/2021\/09\/pexels-kamaji-ogino-5065316-scaled-e1630915134220.jpg\",\"width\":2246,\"height\":1163,\"caption\":\"Verhaltensregeln\"},{\"@type\":\"WebPage\",\"@id\":\"https:\/\/www.alpacacamping.de\/content\/camping-verhaltensregeln\/#webpage\",\"url\":\"https:\/\/www.alpacacamping.de\/content\/camping-verhaltensregeln\/\",\"name\":\"Verhaltensregeln f\u00fcr Camping-G\u00e4ste - AlpacaCamping\",\"isPartOf\":{\"@id\":\"https:\/\/www.alpacacamping.de\/content\/#website\"},\"primaryImageOfPage\":{\"@id\":\"https:\/\/www.alpacacamping.de\/content\/camping-verhaltensregeln\/#primaryimage\"},\"datePublished\":\"2020-11-28T11:05:47+00:00\",\"dateModified\":\"2022-09-26T17:16:12+00:00\",\"description\":\"Wie wirst Du zum perfekten Gast? Informiere dich hier \u00fcber die wichtigsten Verhaltensregeln beim Camping ?\",\"breadcrumb\":{\"@id\":\"https:\/\/www.alpacacamping.de\/content\/camping-verhaltensregeln\/#breadcrumb\"},\"inLanguage\":\"de\",\"potentialAction\":[{\"@type\":\"ReadAction\",\"target\":[\"https:\/\/www.alpacacamping.de\/content\/camping-verhaltensregeln\/\"]}]},{\"@type\":\"BreadcrumbList\",\"@id\":\"https:\/\/www.alpacacamping.de\/content\/camping-verhaltensregeln\/#breadcrumb\",\"itemListElement\":[{\"@type\":\"ListItem\",\"position\":1,\"name\":\"Home\",\"item\":\"https:\/\/www.alpacacamping.de\/content\/\"},{\"@type\":\"ListItem\",\"position\":2,\"name\":\"Verhaltensregeln f\u00fcr Camping-G\u00e4ste\"}]}]}<\/script>\n<!-- \/ Yoast SEO plugin. -->","yoast_head_json":{"title":"Verhaltensregeln f\u00fcr Camping-G\u00e4ste - AlpacaCamping","description":"Wie wirst Du zum perfekten Gast? Informiere dich hier \u00fcber die wichtigsten Verhaltensregeln beim Camping ?","robots":{"index":"index","follow":"follow","max-snippet":"max-snippet:-1","max-image-preview":"max-image-preview:large","max-video-preview":"max-video-preview:-1"},"canonical":"https:\/\/www.alpacacamping.de\/content\/camping-verhaltensregeln\/","og_locale":"de_DE","og_type":"article","og_title":"Verhaltensregeln f\u00fcr Camping-G\u00e4ste - AlpacaCamping","og_description":"Wie wirst Du zum perfekten Gast? Informiere dich hier \u00fcber die wichtigsten Verhaltensregeln beim Camping ?","og_url":"https:\/\/www.alpacacamping.de\/content\/camping-verhaltensregeln\/","og_site_name":"AlpacaCamping","article_modified_time":"2022-09-26T17:16:12+00:00","og_image":[{"url":"https:\/\/www.alpacacamping.de\/content\/wp-content\/uploads\/2021\/09\/pexels-kamaji-ogino-5065316-scaled-e1630915134220.jpg"}],"twitter_card":"summary_large_image","twitter_misc":{"Gesch\u00e4tzte Lesezeit":"5\u00a0Minuten"},"schema":{"@context":"https:\/\/schema.org","@graph":[{"@type":"WebSite","@id":"https:\/\/www.alpacacamping.de\/content\/#website","url":"https:\/\/www.alpacacamping.de\/content\/","name":"AlpacaCamping","description":"Camping Stellpl\u00e4tze \u00fcberall buchen.","potentialAction":[{"@type":"SearchAction","target":{"@type":"EntryPoint","urlTemplate":"https:\/\/www.alpacacamping.de\/content\/?s={search_term_string}"},"query-input":"required name=search_term_string"}],"inLanguage":"de"},{"@type":"ImageObject","inLanguage":"de","@id":"https:\/\/www.alpacacamping.de\/content\/camping-verhaltensregeln\/#primaryimage","url":"https:\/\/www.alpacacamping.de\/content\/wp-content\/uploads\/2021\/09\/pexels-kamaji-ogino-5065316-scaled-e1630915134220.jpg","contentUrl":"https:\/\/www.alpacacamping.de\/content\/wp-content\/uploads\/2021\/09\/pexels-kamaji-ogino-5065316-scaled-e1630915134220.jpg","width":2246,"height":1163,"caption":"Verhaltensregeln"},{"@type":"WebPage","@id":"https:\/\/www.alpacacamping.de\/content\/camping-verhaltensregeln\/#webpage","url":"https:\/\/www.alpacacamping.de\/content\/camping-verhaltensregeln\/","name":"Verhaltensregeln f\u00fcr Camping-G\u00e4ste - AlpacaCamping","isPartOf":{"@id":"https:\/\/www.alpacacamping.de\/content\/#website"},"primaryImageOfPage":{"@id":"https:\/\/www.alpacacamping.de\/content\/camping-verhaltensregeln\/#primaryimage"},"datePublished":"2020-11-28T11:05:47+00:00","dateModified":"2022-09-26T17:16:12+00:00","description":"Wie wirst Du zum perfekten Gast? Informiere dich hier \u00fcber die wichtigsten Verhaltensregeln beim Camping ?","breadcrumb":{"@id":"https:\/\/www.alpacacamping.de\/content\/camping-verhaltensregeln\/#breadcrumb"},"inLanguage":"de","potentialAction":[{"@type":"ReadAction","target":["https:\/\/www.alpacacamping.de\/content\/camping-verhaltensregeln\/"]}]},{"@type":"BreadcrumbList","@id":"https:\/\/www.alpacacamping.de\/content\/camping-verhaltensregeln\/#breadcrumb","itemListElement":[{"@type":"ListItem","position":1,"name":"Home","item":"https:\/\/www.alpacacamping.de\/content\/"},{"@type":"ListItem","position":2,"name":"Verhaltensregeln f\u00fcr Camping-G\u00e4ste"}]}]}},"_links":{"self":[{"href":"https:\/\/www.alpacacamping.de\/content\/wp-json\/wp\/v2\/pages\/11"}],"collection":[{"href":"https:\/\/www.alpacacamping.de\/content\/wp-json\/wp\/v2\/pages"}],"about":[{"href":"https:\/\/www.alpacacamping.de\/content\/wp-json\/wp\/v2\/types\/page"}],"author":[{"embeddable":true,"href":"https:\/\/www.alpacacamping.de\/content\/wp-json\/wp\/v2\/users\/1"}],"replies":[{"embeddable":true,"href":"https:\/\/www.alpacacamping.de\/content\/wp-json\/wp\/v2\/comments?post=11"}],"version-history":[{"count":29,"href":"https:\/\/www.alpacacamping.de\/content\/wp-json\/wp\/v2\/pages\/11\/revisions"}],"predecessor-version":[{"id":3749,"href":"https:\/\/www.alpacacamping.de\/content\/wp-json\/wp\/v2\/pages\/11\/revisions\/3749"}],"wp:attachment":[{"href":"https:\/\/www.alpacacamping.de\/content\/wp-json\/wp\/v2\/media?parent=11"}],"wp:term":[{"taxonomy":"category","embeddable":true,"href":"https:\/\/www.alpacacamping.de\/content\/wp-json\/wp\/v2\/categories?post=11"}],"curies":[{"name":"wp","href":"https:\/\/api.w.org\/{rel}","templated":true}]}}